{"id":14719,"date":"2025-05-14T06:26:36","date_gmt":"2025-05-14T06:26:36","guid":{"rendered":"https:\/\/fumot-vaping.de\/?post_type=product&#038;p=14719"},"modified":"2025-07-18T01:31:27","modified_gmt":"2025-07-18T01:31:27","slug":"randm-tornado-10000-puffs-stylo-a-vape-puissantdisposable","status":"publish","type":"product","link":"https:\/\/fumot-vaping.de\/fr\/product\/randm-tornado-10000-puffs-stylo-a-vape-puissantdisposable\/","title":{"rendered":"RandM Tornado 10000 Puffs - Puissant,Disposable Vape Pen"},"content":{"rendered":"<h2 data-start=\"169\" data-end=\"260\"><strong data-start=\"169\" data-end=\"260\">Rand M Tornado 10000 Puffs, Vape Disposable, 20ml E-liquide, 5% nicotine, Mesh Coil<\/strong><\/h2>\n<p class=\"\" data-start=\"262\" data-end=\"607\">Le site <strong data-start=\"266\" data-end=\"307\">RandM Tornado 10000 Puffs Vape jetable<\/strong>\u00a0est - comment dire - un v\u00e9ritable miracle de la vapeur. Si vous recherchez un go\u00fbt riche, une longue dur\u00e9e d'utilisation et un look cool, vous \u00eates au bon endroit. Avec jusqu'\u00e0 10.000 bouff\u00e9es, cette vape n'est pas un poids plume, mais un vrai coureur de fond. Ou plut\u00f4t : un coureur de fond qui a du style.<\/p>\n<p class=\"\" data-start=\"609\" data-end=\"1011\">Le tout est aliment\u00e9 par une batterie rechargeable. <strong data-start=\"664\" data-end=\"679\">batterie 850mAh<\/strong>qui, avec la <strong data-start=\"702\" data-end=\"715\">Bobine de maille<\/strong> assure des nuages de vapeur r\u00e9guliers - ni trop, ni trop peu, juste ce qu'il faut. Le site <strong data-start=\"811\" data-end=\"833\">Technologie de tirage MTL<\/strong> (Mouth to Lung) rend le tirage particuli\u00e8rement agr\u00e9able - presque comme avec une cigarette classique, mais en plus moderne. (Je me disais justement que c'\u00e9tait pratique pour les personnes qui changent d'activit\u00e9).<\/p>\n<p class=\"\" data-start=\"1013\" data-end=\"1304\">Le site <strong data-start=\"1017\" data-end=\"1051\">r\u00e9servoir d'e-liquide pr\u00e9-rempli de 20ml<\/strong> en combinaison avec <strong data-start=\"1071\" data-end=\"1089\">5% Sel de nicotine<\/strong> assure un go\u00fbt intense et des bouff\u00e9es satisfaisantes - m\u00eame si tu ne tires dessus qu'occasionnellement. Et comme tous les jours ne se ressemblent pas, tu peux utiliser le <strong data-start=\"1242\" data-end=\"1276\">Adapter individuellement le flux d'air<\/strong> - parfois plus ferme, parfois plus l\u00e9ger.<\/p>\n<p class=\"\" data-start=\"1306\" data-end=\"1517\">Un vrai point fort ? Sans aucun doute le <strong data-start=\"1342\" data-end=\"1364\">Lumi\u00e8re RVB 6 couleurs<\/strong>. \u00c0 chaque train, il s'illumine de toutes les couleurs - presque comme un mini-feux d'artifice au format de poche. (Je me suis soudain souvenu que dans l'obscurit\u00e9, c'est tout simplement cool !)<\/p>\n<h2 data-start=\"1524\" data-end=\"1591\"><strong data-start=\"1524\" data-end=\"1591\">RandM Tornado 10000 Puffs - D\u00e9tails techniques en un coup d'\u0153il :<\/strong><\/h2>\n<ul data-start=\"1593\" data-end=\"1914\">\n<li class=\"\" data-start=\"1593\" data-end=\"1629\">\n<p class=\"\" data-start=\"1595\" data-end=\"1629\">Nombre de tampons : Jusqu'\u00e0 <strong data-start=\"1614\" data-end=\"1629\">10000 bouff\u00e9es<\/strong><\/p>\n<\/li>\n<li class=\"\" data-start=\"1630\" data-end=\"1662\">\n<p class=\"\" data-start=\"1632\" data-end=\"1662\"><strong data-start=\"1632\" data-end=\"1640\">20 ml<\/strong> E-liquide pr\u00e9-rempli<\/p>\n<\/li>\n<li class=\"\" data-start=\"1663\" data-end=\"1702\">\n<p class=\"\" data-start=\"1665\" data-end=\"1702\"><strong data-start=\"1665\" data-end=\"1683\">5% Sel de nicotine<\/strong> pour des tubes intenses<\/p>\n<\/li>\n<li class=\"\" data-start=\"1703\" data-end=\"1738\">\n<p class=\"\" data-start=\"1705\" data-end=\"1738\">Rechargeable <strong data-start=\"1723\" data-end=\"1738\">batterie 850mAh<\/strong><\/p>\n<\/li>\n<li class=\"\" data-start=\"1739\" data-end=\"1765\">\n<p class=\"\" data-start=\"1741\" data-end=\"1765\"><strong data-start=\"1741\" data-end=\"1751\">Type-C<\/strong> Prise de charge<\/p>\n<\/li>\n<li class=\"\" data-start=\"1766\" data-end=\"1801\">\n<p class=\"\" data-start=\"1768\" data-end=\"1801\"><strong data-start=\"1768\" data-end=\"1781\">Bobine de maille<\/strong>id\u00e9al pour les bouff\u00e9es MTL<\/p>\n<\/li>\n<li class=\"\" data-start=\"1802\" data-end=\"1849\">\n<p class=\"\" data-start=\"1804\" data-end=\"1849\"><strong data-start=\"1804\" data-end=\"1823\">Contr\u00f4le du flux d'air<\/strong> - r\u00e9glable individuellement<\/p>\n<\/li>\n<li class=\"\" data-start=\"1850\" data-end=\"1874\">\n<p class=\"\" data-start=\"1852\" data-end=\"1874\"><strong data-start=\"1852\" data-end=\"1874\">6 couleurs d'\u00e9clairage RGB<\/strong><\/p>\n<\/li>\n<li class=\"\" data-start=\"1875\" data-end=\"1914\">\n<p class=\"\" data-start=\"1877\" data-end=\"1914\"><strong data-start=\"1877\" data-end=\"1895\">Activation du train<\/strong> - pas besoin de bouton<\/p>\n<\/li>\n<\/ul>\n<h2 data-start=\"1921\" data-end=\"1967\"><strong data-start=\"1921\" data-end=\"1967\">Saveurs disponibles (s\u00e9lection) :<\/strong><\/h2>\n<ul data-start=\"1969\" data-end=\"2304\">\n<li class=\"\" data-start=\"1969\" data-end=\"1992\">\n<p class=\"\" data-start=\"1971\" data-end=\"1992\">Fruit de la passion \u00e0 la mangue<\/p>\n<\/li>\n<li class=\"\" data-start=\"1993\" data-end=\"2021\">\n<p class=\"\" data-start=\"1995\" data-end=\"2021\">Blueberry Sour Raspberry<\/p>\n<\/li>\n<li class=\"\" data-start=\"2022\" data-end=\"2036\">\n<p class=\"\" data-start=\"2024\" data-end=\"2036\">Goutte de gomme<\/p>\n<\/li>\n<li class=\"\" data-start=\"2037\" data-end=\"2061\">\n<p class=\"\" data-start=\"2039\" data-end=\"2061\">Framboise \u00e0 l'orange<\/p>\n<\/li>\n<li class=\"\" data-start=\"2062\" data-end=\"2086\">\n<p class=\"\" data-start=\"2064\" data-end=\"2086\">Cocktail \u00e0 l'orange et au citron vert<\/p>\n<\/li>\n<li class=\"\" data-start=\"2087\" data-end=\"2107\">\n<p class=\"\" data-start=\"2089\" data-end=\"2107\">D\u00e9lice tropical<\/p>\n<\/li>\n<li class=\"\" data-start=\"2108\" data-end=\"2121\">\n<p class=\"\" data-start=\"2110\" data-end=\"2121\">Glace au raisin<\/p>\n<\/li>\n<li class=\"\" data-start=\"2122\" data-end=\"2135\">\n<p class=\"\" data-start=\"2124\" data-end=\"2135\">Blue Razz<\/p>\n<\/li>\n<li class=\"\" data-start=\"2136\" data-end=\"2161\">\n<p class=\"\" data-start=\"2138\" data-end=\"2161\">Past\u00e8que \u00e0 la fraise<\/p>\n<\/li>\n<li class=\"\" data-start=\"2162\" data-end=\"2178\">\n<p class=\"\" data-start=\"2164\" data-end=\"2178\">Menthe menthol\u00e9e<\/p>\n<\/li>\n<li class=\"\" data-start=\"2179\" data-end=\"2202\">\n<p class=\"\" data-start=\"2181\" data-end=\"2202\">Lemonade \u00e0 la past\u00e8que<\/p>\n<\/li>\n<li class=\"\" data-start=\"2203\" data-end=\"2218\">\n<p class=\"\" data-start=\"2205\" data-end=\"2218\">Mixed Berry<\/p>\n<\/li>\n<li class=\"\" data-start=\"2219\" data-end=\"2239\">\n<p class=\"\" data-start=\"2221\" data-end=\"2239\">Donut \u00e0 la fraise<\/p>\n<\/li>\n<li class=\"\" data-start=\"2240\" data-end=\"2259\">\n<p class=\"\" data-start=\"2242\" data-end=\"2259\">Kiwi \u00e0 la fraise<\/p>\n<\/li>\n<li class=\"\" data-start=\"2260\" data-end=\"2280\">\n<p class=\"\" data-start=\"2262\" data-end=\"2280\">Blueberry Cherry<\/p>\n<\/li>\n<li class=\"\" data-start=\"2281\" data-end=\"2304\">\n<p class=\"\" data-start=\"2283\" data-end=\"2304\">Glace \u00e0 la framboise et \u00e0 la p\u00eache<\/p>\n<\/li>\n<\/ul>\n<p class=\"\" data-start=\"2311\" data-end=\"2554\">Le site <strong data-start=\"2328\" data-end=\"2351\">RandM Tornado 10000<\/strong> n'est pas une simple vape - c'est une exp\u00e9rience. Un plaisir prolong\u00e9, un look color\u00e9, un go\u00fbt fort. Si tu cherches quelque chose qui attire l'attention, qui est performant et qui en plus est amusant - tu viens de le trouver.<\/p>","protected":false},"excerpt":{"rendered":"<p><span class=\"trx_addons_accent\"><strong>RandM Tornado 10000 bouff\u00e9es<\/strong> <\/span>- Batterie de 850mAh, coil en maille, nicotine 5% et 16 vari\u00e9t\u00e9s fruit\u00e9es comme Gummy Drop &amp; Blue Razz.<\/p>","protected":false},"featured_media":14768,"comment_status":"open","ping_status":"closed","template":"","meta":[],"product_brand":[],"product_cat":[18,100],"product_tag":[93,94,99,95,96,97,98],"class_list":{"0":"post-14719","1":"product","2":"type-product","3":"status-publish","4":"has-post-thumbnail","6":"product_cat-randm-fumot-einweg-vape","7":"product_cat-randm-tornado-10000","8":"product_tag-10000-puffs-disposable-vape","9":"product_tag-big-puffs-vape","10":"product_tag-crystal-vape","11":"product_tag-low-nicotine-vape","12":"product_tag-nicotine-free-vape","13":"product_tag-rechargeable-vape","14":"product_tag-rgb-light-vape","16":"first","17":"outofstock","18":"shipping-taxable","19":"purchasable","20":"product-type-variable"},"_links":{"self":[{"href":"https:\/\/fumot-vaping.de\/fr\/wp-json\/wp\/v2\/product\/14719","targetHints":{"allow":["GET"]}}],"collection":[{"href":"https:\/\/fumot-vaping.de\/fr\/wp-json\/wp\/v2\/product"}],"about":[{"href":"https:\/\/fumot-vaping.de\/fr\/wp-json\/wp\/v2\/types\/product"}],"replies":[{"embeddable":true,"href":"https:\/\/fumot-vaping.de\/fr\/wp-json\/wp\/v2\/comments?post=14719"}],"version-history":[{"count":3,"href":"https:\/\/fumot-vaping.de\/fr\/wp-json\/wp\/v2\/product\/14719\/revisions"}],"predecessor-version":[{"id":15143,"href":"https:\/\/fumot-vaping.de\/fr\/wp-json\/wp\/v2\/product\/14719\/revisions\/15143"}],"wp:featuredmedia":[{"embeddable":true,"href":"https:\/\/fumot-vaping.de\/fr\/wp-json\/wp\/v2\/media\/14768"}],"wp:attachment":[{"href":"https:\/\/fumot-vaping.de\/fr\/wp-json\/wp\/v2\/media?parent=14719"}],"wp:term":[{"taxonomy":"product_brand","embeddable":true,"href":"https:\/\/fumot-vaping.de\/fr\/wp-json\/wp\/v2\/product_brand?post=14719"},{"taxonomy":"product_cat","embeddable":true,"href":"https:\/\/fumot-vaping.de\/fr\/wp-json\/wp\/v2\/product_cat?post=14719"},{"taxonomy":"product_tag","embeddable":true,"href":"https:\/\/fumot-vaping.de\/fr\/wp-json\/wp\/v2\/product_tag?post=14719"}],"curies":[{"name":"wp","href":"https:\/\/api.w.org\/{rel}","templated":true}]}}