{"id":14672,"date":"2025-05-14T06:39:17","date_gmt":"2025-05-14T06:39:17","guid":{"rendered":"https:\/\/fumot-vaping.de\/?post_type=product&#038;p=14672"},"modified":"2025-07-18T01:54:31","modified_gmt":"2025-07-18T01:54:31","slug":"randm-fumot-9000-puffs-gout-mr-blue","status":"publish","type":"product","link":"https:\/\/fumot-vaping.de\/fr\/product\/randm-fumot-9000-puffs-gout-mr-blue\/","title":{"rendered":"RandM Fumot 9000 Puffs, go\u00fbt Mr Blue"},"content":{"rendered":"<h2 data-start=\"164\" data-end=\"243\"><strong>RandM Fumot 9000 Puffs, saveur Mr Blue, jetable Vape, 9000 bouff\u00e9es<\/strong><\/h2>\n<p class=\"\" data-start=\"245\" data-end=\"664\"><span class=\"trx_addons_accent\"><strong data-start=\"245\" data-end=\"279\">RandM Fumot 9000 Puffs Mr Blue<\/strong><\/span> a \u00e9t\u00e9 con\u00e7u pour tous ceux qui aiment les ar\u00f4mes intenses de baies avec une touche de fra\u00eecheur. Le go\u00fbt <strong data-start=\"380\" data-end=\"391\">Monsieur Bleu<\/strong> - un classique cool avec du caract\u00e8re - combine des baies des bois fonc\u00e9es avec un arri\u00e8re-go\u00fbt rafra\u00eechissant et l\u00e9g\u00e8rement glac\u00e9. Au d\u00e9but, je pensais qu'il s'agissait d'un simple m\u00e9lange de baies - jusqu'\u00e0 ce que la note fra\u00eeche arrive. Soudain, le \"fruit\u00e9\" s'est transform\u00e9 en une exp\u00e9rience gustative vraiment vivante.<\/p>\n<p class=\"\" data-start=\"666\" data-end=\"1032\">L'appareil lui-m\u00eame ? Plus que fonctionnel. Le site <span class=\"trx_addons_accent\"><strong data-start=\"713\" data-end=\"733\">RandM Fumot 9000<\/strong><\/span> offre jusqu'\u00e0 <strong data-start=\"748\" data-end=\"761\">9000 trains<\/strong> gr\u00e2ce \u00e0 un syst\u00e8me rechargeable <span class=\"trx_addons_accent\"><strong data-start=\"787\" data-end=\"821\">Syst\u00e8me conforme \u00e0 la TPD de 2ml+10ml<\/strong>.<\/span> Le syst\u00e8me int\u00e9gr\u00e9 <span class=\"trx_addons_accent\"><strong data-start=\"839\" data-end=\"854\">Batterie de 600mAh<\/strong><\/span> est via <span class=\"trx_addons_accent\"><strong data-start=\"863\" data-end=\"872\">USB-C<\/strong><\/span> recharg\u00e9 en un clin d'\u0153il. A cela s'ajoute un <span class=\"trx_addons_accent\"><strong data-start=\"920\" data-end=\"941\">Coil maill\u00e9 de 0,8 ohm<\/strong><\/span>La vapeur de Mr Blue est tr\u00e8s dense et le tirage est r\u00e9gulier.<\/p>\n<p class=\"\" data-start=\"1034\" data-end=\"1229\">Et puis, il y a le design : <strong data-start=\"1067\" data-end=\"1086\">\u00c9clairage RGB<\/strong>L'appareil s'allume \u00e0 chaque bouff\u00e9e - presque comme un petit spectacle \u00e0 chaque inhalation. Activation de la bouff\u00e9e incluse - donc pas de bouton, pas d'effort.<\/p>\n<h2 data-start=\"164\" data-end=\"243\"><strong>RandM Fumot 9000 Puffs Caract\u00e9ristiques techniques en un coup d'\u0153il :<\/strong><\/h2>\n<ul data-start=\"1270\" data-end=\"1563\">\n<li class=\"\" data-start=\"1270\" data-end=\"1301\">\n<p class=\"\" data-start=\"1272\" data-end=\"1301\"><strong data-start=\"1272\" data-end=\"1281\">Trains :<\/strong> Jusqu'\u00e0 <span class=\"trx_addons_accent\"><strong>9000 bouff\u00e9es<\/strong><\/span><\/p>\n<\/li>\n<li class=\"\" data-start=\"1302\" data-end=\"1365\">\n<p class=\"\" data-start=\"1304\" data-end=\"1365\"><strong data-start=\"1304\" data-end=\"1325\">Capacit\u00e9 en liquide :<\/strong> 2ml pr\u00e9-rempli + 10ml cartouche de rechange<\/p>\n<\/li>\n<li class=\"\" data-start=\"1366\" data-end=\"1420\">\n<p class=\"\" data-start=\"1368\" data-end=\"1420\"><strong data-start=\"1368\" data-end=\"1386\">Teneur en nicotine :<\/strong> Choix entre <span class=\"trx_addons_accent\"><strong>0%, 2%, 3%, 5%<\/strong><\/span><\/p>\n<\/li>\n<li class=\"\" data-start=\"1421\" data-end=\"1468\">\n<p class=\"\" data-start=\"1423\" data-end=\"1468\"><strong data-start=\"1423\" data-end=\"1432\">Batterie rechargeable :<\/strong> 600mAh, rechargeable via USB-C<\/p>\n<\/li>\n<li class=\"\" data-start=\"1469\" data-end=\"1500\">\n<p class=\"\" data-start=\"1471\" data-end=\"1500\"><strong data-start=\"1471\" data-end=\"1480\">Coil :<\/strong> Bobine maill\u00e9e de 0,8 ohm<\/p>\n<\/li>\n<li class=\"\" data-start=\"1501\" data-end=\"1563\">\n<p class=\"\" data-start=\"1503\" data-end=\"1563\"><strong data-start=\"1503\" data-end=\"1522\">Particularit\u00e9s :<\/strong> Lumi\u00e8re RGB, activation du tirage, conforme \u00e0 la TPD<\/p>\n<\/li>\n<\/ul>\n<p class=\"\" data-start=\"1565\" data-end=\"1771\"><br data-start=\"1575\" data-end=\"1578\" \/><strong data-start=\"1578\" data-end=\"1589\">Monsieur Bleu<\/strong> sur le site <span class=\"trx_addons_accent\"><strong>RandM Fumot 9000<\/strong> <\/span>est comme un cocktail de fruits froids lors d'une chaude journ\u00e9e d'\u00e9t\u00e9 - surprenant, rafra\u00eechissant et tout simplement inoubliable. Un must pour tous les fans de vape qui ont du go\u00fbt.<\/p>","protected":false},"excerpt":{"rendered":"<p><span class=\"trx_addons_accent\"><strong>RandM Fumot 9000 Puffs<\/strong><\/span> - jusqu'\u00e0 9000 bouff\u00e9es, Mr Blue fra\u00eecheur des baies, Mesh Coil, 2% nicotine, lumi\u00e8re RGB &amp; fonction de chargement Type-C.<\/p>","protected":false},"featured_media":14692,"comment_status":"open","ping_status":"closed","template":"","meta":[],"product_brand":[],"product_cat":[18,102],"product_tag":[94,103,99,84,95,96,97],"class_list":{"0":"post-14672","1":"product","2":"type-product","3":"status-publish","4":"has-post-thumbnail","6":"product_cat-randm-fumot-einweg-vape","7":"product_cat-randm-tornado9000","8":"product_tag-big-puffs-vape","9":"product_tag-boost-mode-vape","10":"product_tag-crystal-vape","11":"product_tag-fumot-9000-puffs","12":"product_tag-low-nicotine-vape","13":"product_tag-nicotine-free-vape","14":"product_tag-rechargeable-vape","16":"first","17":"outofstock","18":"shipping-taxable","19":"purchasable","20":"product-type-variable"},"_links":{"self":[{"href":"https:\/\/fumot-vaping.de\/fr\/wp-json\/wp\/v2\/product\/14672","targetHints":{"allow":["GET"]}}],"collection":[{"href":"https:\/\/fumot-vaping.de\/fr\/wp-json\/wp\/v2\/product"}],"about":[{"href":"https:\/\/fumot-vaping.de\/fr\/wp-json\/wp\/v2\/types\/product"}],"replies":[{"embeddable":true,"href":"https:\/\/fumot-vaping.de\/fr\/wp-json\/wp\/v2\/comments?post=14672"}],"version-history":[{"count":3,"href":"https:\/\/fumot-vaping.de\/fr\/wp-json\/wp\/v2\/product\/14672\/revisions"}],"predecessor-version":[{"id":15149,"href":"https:\/\/fumot-vaping.de\/fr\/wp-json\/wp\/v2\/product\/14672\/revisions\/15149"}],"wp:featuredmedia":[{"embeddable":true,"href":"https:\/\/fumot-vaping.de\/fr\/wp-json\/wp\/v2\/media\/14692"}],"wp:attachment":[{"href":"https:\/\/fumot-vaping.de\/fr\/wp-json\/wp\/v2\/media?parent=14672"}],"wp:term":[{"taxonomy":"product_brand","embeddable":true,"href":"https:\/\/fumot-vaping.de\/fr\/wp-json\/wp\/v2\/product_brand?post=14672"},{"taxonomy":"product_cat","embeddable":true,"href":"https:\/\/fumot-vaping.de\/fr\/wp-json\/wp\/v2\/product_cat?post=14672"},{"taxonomy":"product_tag","embeddable":true,"href":"https:\/\/fumot-vaping.de\/fr\/wp-json\/wp\/v2\/product_tag?post=14672"}],"curies":[{"name":"wp","href":"https:\/\/api.w.org\/{rel}","templated":true}]}}