{"id":14634,"date":"2025-05-14T06:35:02","date_gmt":"2025-05-14T06:35:02","guid":{"rendered":"https:\/\/fumot-vaping.de\/?post_type=product&#038;p=14634"},"modified":"2025-07-18T01:29:00","modified_gmt":"2025-07-18T01:29:00","slug":"randm-fumot-9000-puffs-2","status":"publish","type":"product","link":"https:\/\/fumot-vaping.de\/fr\/product\/randm-fumot-9000-puffs-2\/","title":{"rendered":"RandM Fumot 9000 Puffs - Plus de puissance, plus de go\u00fbt\u00a0"},"content":{"rendered":"<h2 data-start=\"136\" data-end=\"221\"><strong>RandM Fumot 9000 Puffs, vape jetable, 9000 bouff\u00e9es, lumi\u00e8re RGB, mesh coil<\/strong><\/h2>\n<p class=\"\" data-start=\"223\" data-end=\"523\">Le site <span class=\"trx_addons_accent\"><strong>RandM Fumot 9000 Puffs<\/strong><\/span> n'est pas un simple vaporisateur jetable - c'est ton compagnon styl\u00e9 pour un plaisir de vapotage durable. Avec <span class=\"trx_addons_accent\"><strong data-start=\"357\" data-end=\"378\">jusqu'\u00e0 9000 trains<\/strong><\/span>, un <span class=\"trx_addons_accent\"><strong data-start=\"386\" data-end=\"401\">batterie 850mAh<\/strong><\/span> et <span class=\"trx_addons_accent\"><strong data-start=\"406\" data-end=\"429\">Charge rapide USB-C<\/strong><\/span> tu es pr\u00eat \u00e0 partir \u00e0 tout moment. Et soudain, je me suis dit : pourquoi se contenter de moins ?<\/p>\n<p class=\"\" data-start=\"525\" data-end=\"809\">Gr\u00e2ce \u00e0 <span class=\"trx_addons_accent\"><strong data-start=\"530\" data-end=\"548\">0,8\u03a9 Bobine maill\u00e9e<\/strong><\/span> chaque bouff\u00e9e a un go\u00fbt plus intense, plus dense, plus frais - peu importe si tu pr\u00e9f\u00e8res le sucr\u00e9 ou le fruit\u00e9. De plus, l'effet lumineux RGB \u00e0 chaque bouff\u00e9e est non seulement remarquable, mais aussi tr\u00e8s amusant. (Je n'ai pas pu m'emp\u00eacher de sourire - c'est plut\u00f4t cool la nuit).<\/p>\n<p class=\"\" data-start=\"811\" data-end=\"944\">Avec <span class=\"trx_addons_accent\"><strong data-start=\"815\" data-end=\"830\">18ml de liquide<\/strong><\/span> et <span class=\"trx_addons_accent\"><strong data-start=\"835\" data-end=\"858\">quatre taux de nicotine<\/strong> 2%,<\/span>\u00a0 tu es flexible dans tes d\u00e9placements - que ce soit en douceur ou en force, c'est toi qui d\u00e9cides.<\/p>\n<h2 data-start=\"951\" data-end=\"977\"><strong data-start=\"951\" data-end=\"977\">RandM Fumot 9000 Puffs Points forts techniques :<\/strong><\/h2>\n<ul data-start=\"979\" data-end=\"1254\">\n<li class=\"\" data-start=\"979\" data-end=\"1002\">\n<p class=\"\" data-start=\"981\" data-end=\"1002\">Jusqu'\u00e0 <strong data-start=\"988\" data-end=\"1002\">9000 bouff\u00e9es<\/strong><\/p>\n<\/li>\n<li class=\"\" data-start=\"1003\" data-end=\"1038\">\n<p class=\"\" data-start=\"1005\" data-end=\"1038\"><strong data-start=\"1005\" data-end=\"1015\">850mAh<\/strong> batterie rechargeable<\/p>\n<\/li>\n<li class=\"\" data-start=\"1039\" data-end=\"1065\">\n<p class=\"\" data-start=\"1041\" data-end=\"1065\"><strong data-start=\"1041\" data-end=\"1051\">Type-C<\/strong> Prise de charge<\/p>\n<\/li>\n<li class=\"\" data-start=\"1066\" data-end=\"1095\">\n<p class=\"\" data-start=\"1068\" data-end=\"1095\"><strong data-start=\"1068\" data-end=\"1076\">18 ml<\/strong> Quantit\u00e9 de remplissage d'e-liquide<\/p>\n<\/li>\n<li class=\"\" data-start=\"1096\" data-end=\"1143\">\n<p class=\"\" data-start=\"1098\" data-end=\"1143\"><strong data-start=\"1098\" data-end=\"1116\">0,8\u03a9 Bobine maill\u00e9e<\/strong> pour un go\u00fbt plus intense<\/p>\n<\/li>\n<li class=\"\" data-start=\"1144\" data-end=\"1173\">\n<p class=\"\" data-start=\"1146\" data-end=\"1173\"><strong data-start=\"1146\" data-end=\"1159\">Lumi\u00e8re RGB<\/strong> \u00e0 chaque coup<\/p>\n<\/li>\n<li class=\"\" data-start=\"1174\" data-end=\"1217\">\n<p class=\"\" data-start=\"1176\" data-end=\"1217\"><strong data-start=\"1176\" data-end=\"1194\">Activation du train<\/strong> - pas de bouton n\u00e9cessaire<\/p>\n<\/li>\n<li class=\"\" data-start=\"1218\" data-end=\"1254\">\n<p class=\"\" data-start=\"1220\" data-end=\"1254\"><strong data-start=\"1220\" data-end=\"1239\">Taux de nicotine :<\/strong> 0%, 2%, 3%, 5%<\/p>\n<\/li>\n<\/ul>\n<h2 data-start=\"1261\" data-end=\"1297\"><strong data-start=\"1261\" data-end=\"1297\">RandM Fumot 9000 Puffs Saveurs disponibles :<\/strong><\/h2>\n<ul data-start=\"1299\" data-end=\"1653\">\n<li class=\"\" data-start=\"1299\" data-end=\"1316\">\n<p class=\"\" data-start=\"1301\" data-end=\"1316\">Blue Razz Ice<\/p>\n<\/li>\n<li class=\"\" data-start=\"1317\" data-end=\"1339\">\n<p class=\"\" data-start=\"1319\" data-end=\"1339\">Myrtille-framboise<\/p>\n<\/li>\n<li class=\"\" data-start=\"1340\" data-end=\"1363\">\n<p class=\"\" data-start=\"1342\" data-end=\"1363\">Kiwi-Maracuja-Guave<\/p>\n<\/li>\n<li class=\"\" data-start=\"1364\" data-end=\"1376\">\n<p class=\"\" data-start=\"1366\" data-end=\"1376\">Mr. Blue<\/p>\n<\/li>\n<li class=\"\" data-start=\"1377\" data-end=\"1395\">\n<p class=\"\" data-start=\"1379\" data-end=\"1395\">P\u00eache-Baie<\/p>\n<\/li>\n<li class=\"\" data-start=\"1396\" data-end=\"1421\">\n<p class=\"\" data-start=\"1398\" data-end=\"1421\">P\u00eache-mangue-ananas<\/p>\n<\/li>\n<li class=\"\" data-start=\"1422\" data-end=\"1447\">\n<p class=\"\" data-start=\"1424\" data-end=\"1447\">Framboise-past\u00e8que<\/p>\n<\/li>\n<li class=\"\" data-start=\"1448\" data-end=\"1473\">\n<p class=\"\" data-start=\"1450\" data-end=\"1473\">Fraise-past\u00e8que<\/p>\n<\/li>\n<li class=\"\" data-start=\"1474\" data-end=\"1500\">\n<p class=\"\" data-start=\"1476\" data-end=\"1500\">Chewing-gum \u00e0 la past\u00e8que<\/p>\n<\/li>\n<li class=\"\" data-start=\"1501\" data-end=\"1532\">\n<p class=\"\" data-start=\"1503\" data-end=\"1532\">Myrtille-cerise-canneberge<\/p>\n<\/li>\n<li class=\"\" data-start=\"1533\" data-end=\"1546\">\n<p class=\"\" data-start=\"1535\" data-end=\"1546\">Glace \u00e0 la cerise<\/p>\n<\/li>\n<li class=\"\" data-start=\"1547\" data-end=\"1560\">\n<p class=\"\" data-start=\"1549\" data-end=\"1560\">M\u00e9lange de baies<\/p>\n<\/li>\n<li class=\"\" data-start=\"1561\" data-end=\"1582\">\n<p class=\"\" data-start=\"1563\" data-end=\"1582\">Limonade \u00e0 la p\u00eache<\/p>\n<\/li>\n<li class=\"\" data-start=\"1583\" data-end=\"1603\">\n<p class=\"\" data-start=\"1585\" data-end=\"1603\">Limonade \u00e0 la fraise<\/p>\n<\/li>\n<li class=\"\" data-start=\"1604\" data-end=\"1631\">\n<p class=\"\" data-start=\"1606\" data-end=\"1631\">Glace \u00e0 la past\u00e8que et au brazz<\/p>\n<\/li>\n<li class=\"\" data-start=\"1632\" data-end=\"1653\">\n<p class=\"\" data-start=\"1634\" data-end=\"1653\">Glace \u00e0 la past\u00e8que<\/p>\n<\/li>\n<\/ul>\n<p class=\"\" data-start=\"1660\" data-end=\"1819\">Le site <span class=\"trx_addons_accent\"><strong>RandM Fumot 9000 Puffs<\/strong><\/span> est ta configuration tout-en-un pour le go\u00fbt, la technologie et le style. Il suffit de le d\u00e9baller, de le tirer et de l'appr\u00e9cier - sans aucun compromis.<\/p>","protected":false},"excerpt":{"rendered":"<p class=\"\" data-start=\"85\" data-end=\"204\"><span class=\"trx_addons_accent\"><strong>RandM Fumot 9000 Puffs<\/strong><\/span> Puissante vape jetable avec connecteur de charge de type C, 4 niveaux de nicotine et des vari\u00e9t\u00e9s comme Strawberry Watermelon.<\/p>","protected":false},"featured_media":14700,"comment_status":"open","ping_status":"closed","template":"","meta":[],"product_brand":[],"product_cat":[18],"product_tag":[94,99,84,96,97,98],"class_list":{"0":"post-14634","1":"product","2":"type-product","3":"status-publish","4":"has-post-thumbnail","6":"product_cat-randm-fumot-einweg-vape","7":"product_tag-big-puffs-vape","8":"product_tag-crystal-vape","9":"product_tag-fumot-9000-puffs","10":"product_tag-nicotine-free-vape","11":"product_tag-rechargeable-vape","12":"product_tag-rgb-light-vape","14":"first","15":"outofstock","16":"shipping-taxable","17":"purchasable","18":"product-type-variable"},"_links":{"self":[{"href":"https:\/\/fumot-vaping.de\/fr\/wp-json\/wp\/v2\/product\/14634","targetHints":{"allow":["GET"]}}],"collection":[{"href":"https:\/\/fumot-vaping.de\/fr\/wp-json\/wp\/v2\/product"}],"about":[{"href":"https:\/\/fumot-vaping.de\/fr\/wp-json\/wp\/v2\/types\/product"}],"replies":[{"embeddable":true,"href":"https:\/\/fumot-vaping.de\/fr\/wp-json\/wp\/v2\/comments?post=14634"}],"version-history":[{"count":4,"href":"https:\/\/fumot-vaping.de\/fr\/wp-json\/wp\/v2\/product\/14634\/revisions"}],"predecessor-version":[{"id":15147,"href":"https:\/\/fumot-vaping.de\/fr\/wp-json\/wp\/v2\/product\/14634\/revisions\/15147"}],"wp:featuredmedia":[{"embeddable":true,"href":"https:\/\/fumot-vaping.de\/fr\/wp-json\/wp\/v2\/media\/14700"}],"wp:attachment":[{"href":"https:\/\/fumot-vaping.de\/fr\/wp-json\/wp\/v2\/media?parent=14634"}],"wp:term":[{"taxonomy":"product_brand","embeddable":true,"href":"https:\/\/fumot-vaping.de\/fr\/wp-json\/wp\/v2\/product_brand?post=14634"},{"taxonomy":"product_cat","embeddable":true,"href":"https:\/\/fumot-vaping.de\/fr\/wp-json\/wp\/v2\/product_cat?post=14634"},{"taxonomy":"product_tag","embeddable":true,"href":"https:\/\/fumot-vaping.de\/fr\/wp-json\/wp\/v2\/product_tag?post=14634"}],"curies":[{"name":"wp","href":"https:\/\/api.w.org\/{rel}","templated":true}]}}