{"id":14169,"date":"2025-07-06T06:31:21","date_gmt":"2025-07-06T06:31:21","guid":{"rendered":"https:\/\/fumot-vaping.de\/?post_type=product&#038;p=14169"},"modified":"2025-07-06T06:31:22","modified_gmt":"2025-07-06T06:31:22","slug":"randm-tornado-15000-puffs-blue-razz-lemonade","status":"publish","type":"product","link":"https:\/\/fumot-vaping.de\/fr\/product\/randm-tornado-15000-puffs-blue-razz-lemonade\/","title":{"rendered":"RandM Tornado 15000 Puffs - Blue Razz Lemonade"},"content":{"rendered":"<h2 data-start=\"102\" data-end=\"155\"><strong data-start=\"105\" data-end=\"155\">RandM Tornado 15000 Puffs - Blue Razz Lemonade<\/strong><\/h2>\n<p data-start=\"157\" data-end=\"1000\">Le site <strong data-start=\"161\" data-end=\"190\">RandM Tornado 15000 Puffs<\/strong> est le choix id\u00e9al pour les vapoteurs \u00e0 la recherche d'une <strong data-start=\"253\" data-end=\"272\">de longue dur\u00e9e<\/strong> et <strong data-start=\"277\" data-end=\"312\">exp\u00e9rience de la vapeur puissante<\/strong> sont des personnes. Avec <strong data-start=\"323\" data-end=\"346\">jusqu'\u00e0 15.000 trains<\/strong> et d'une <strong data-start=\"357\" data-end=\"385\">Capacit\u00e9 de 25 ml d'e-liquide<\/strong> cet appareil offre une <strong data-start=\"411\" data-end=\"436\">une performance convaincante<\/strong> et assure <strong data-start=\"451\" data-end=\"474\">une vapeur uniforme<\/strong> ainsi qu'un go\u00fbt intense. Le site <strong data-start=\"507\" data-end=\"521\">Conception RGB<\/strong> conf\u00e8re \u00e0 la vape non seulement un aspect \u00e9l\u00e9gant, mais transforme aussi le vapotage en une exp\u00e9rience visuelle. Gr\u00e2ce \u00e0 la <strong data-start=\"636\" data-end=\"661\">Technologie Mesh-Coil<\/strong> chaque bouff\u00e9e sera parfaite et intense. L'appareil est <strong data-start=\"713\" data-end=\"732\">rechargeable<\/strong> et peut \u00eatre utilis\u00e9 avec <strong data-start=\"752\" data-end=\"761\">USB-C<\/strong> se recharge rapidement, pour que tu sois toujours pr\u00eat \u00e0 profiter de ton exp\u00e9rience de vapotage. Avec son interface conviviale <strong data-start=\"873\" data-end=\"887\">Manipulation<\/strong> est le <strong data-start=\"896\" data-end=\"925\">RandM Tornado 15000 Puffs<\/strong> pour <strong data-start=\"930\" data-end=\"944\">Utilisateurs fr\u00e9quents<\/strong> et <strong data-start=\"949\" data-end=\"981\">Des vapoteurs aux exigences \u00e9lev\u00e9es<\/strong> le choix parfait.<\/p>\n<h2 data-start=\"102\" data-end=\"155\"><strong data-start=\"105\" data-end=\"155\">RandM Tornado 15000 Puffs\u00a0<\/strong><strong data-start=\"1006\" data-end=\"1027\">Param\u00e8tres du produit :<\/strong><\/h2>\n<ul data-start=\"1029\" data-end=\"1495\">\n<li data-start=\"1029\" data-end=\"1068\">\n<p data-start=\"1031\" data-end=\"1068\"><strong data-start=\"1031\" data-end=\"1050\">Forces de la nicotine<\/strong>: 0%, 2%, 3%, 5%<\/p>\n<\/li>\n<li data-start=\"1069\" data-end=\"1129\">\n<p data-start=\"1071\" data-end=\"1129\"><strong data-start=\"1071\" data-end=\"1083\">Batterie<\/strong>: <strong data-start=\"1085\" data-end=\"1096\">850 mAh<\/strong>, rechargeable via <strong data-start=\"1118\" data-end=\"1127\">USB-C<\/strong><\/p>\n<\/li>\n<li data-start=\"1130\" data-end=\"1167\">\n<p data-start=\"1132\" data-end=\"1167\"><strong data-start=\"1132\" data-end=\"1154\">Capacit\u00e9 en e-liquide<\/strong>: <strong data-start=\"1156\" data-end=\"1165\">25 ml<\/strong><\/p>\n<\/li>\n<li data-start=\"1168\" data-end=\"1253\">\n<p data-start=\"1170\" data-end=\"1253\"><strong data-start=\"1170\" data-end=\"1182\">Type de bobine<\/strong>: <strong data-start=\"1184\" data-end=\"1197\">Bobine de maille<\/strong> pour des nuages de vapeur r\u00e9guliers et un go\u00fbt intense<\/p>\n<\/li>\n<li data-start=\"1254\" data-end=\"1332\">\n<p data-start=\"1256\" data-end=\"1332\"><strong data-start=\"1256\" data-end=\"1266\">Design<\/strong>: <strong data-start=\"1268\" data-end=\"1282\">Design RGB<\/strong> pour une exp\u00e9rience de vapotage moderne et color\u00e9e<\/p>\n<\/li>\n<li data-start=\"1333\" data-end=\"1397\">\n<p data-start=\"1335\" data-end=\"1397\"><strong data-start=\"1335\" data-end=\"1343\">Trains<\/strong>: <strong data-start=\"1345\" data-end=\"1368\">Jusqu'\u00e0 15 000 bouff\u00e9es<\/strong> pour un plaisir durable<\/p>\n<\/li>\n<li data-start=\"1398\" data-end=\"1444\">\n<p data-start=\"1400\" data-end=\"1444\"><strong data-start=\"1400\" data-end=\"1417\">Prise de charge<\/strong>: <strong data-start=\"1419\" data-end=\"1442\">Charge rapide USB-C<\/strong><\/p>\n<\/li>\n<li data-start=\"1445\" data-end=\"1495\">\n<p data-start=\"1447\" data-end=\"1495\"><strong data-start=\"1447\" data-end=\"1457\">Ar\u00f4mes<\/strong>: <strong data-start=\"1459\" data-end=\"1495\">41 ar\u00f4mes diff\u00e9rents disponibles<\/strong><\/p>\n<\/li>\n<\/ul>\n<h2 data-start=\"102\" data-end=\"155\"><strong data-start=\"105\" data-end=\"155\">RandM Tornado 15000 Puffs\u00a0<\/strong><strong data-start=\"1501\" data-end=\"1545\">Blue Razz Lemonade - Frais et fruit\u00e9<\/strong><\/h2>\n<p data-start=\"1547\" data-end=\"2055\">Le site <strong data-start=\"1551\" data-end=\"1573\">Blue Razz Lemonade<\/strong> Le go\u00fbt offre une <strong data-start=\"1596\" data-end=\"1616\">un \u00e9quilibre parfait<\/strong> entre la <strong data-start=\"1630\" data-end=\"1649\">myrtille douce<\/strong> et le <strong data-start=\"1658\" data-end=\"1692\">de limonade au citron rafra\u00eechissante<\/strong>. Le site <strong data-start=\"1698\" data-end=\"1717\">citron frais<\/strong> conf\u00e8re au vapotage une agr\u00e9able <strong data-start=\"1754\" data-end=\"1770\">Pleins feux sur<\/strong>tandis que les <strong data-start=\"1784\" data-end=\"1797\">Myrtille<\/strong> pour un <strong data-start=\"1808\" data-end=\"1836\">go\u00fbt fruit\u00e9 et sucr\u00e9<\/strong> fait en sorte que. Ce m\u00e9lange est <strong data-start=\"1859\" data-end=\"1882\">parfait pour les vapoteurs<\/strong>qui a une <strong data-start=\"1893\" data-end=\"1909\">rafra\u00eechissant<\/strong> et <strong data-start=\"1914\" data-end=\"1931\">l\u00e9g\u00e8re acidit\u00e9<\/strong> veulent vivre dans leur go\u00fbt. Chaque train offre un <strong data-start=\"1989\" data-end=\"2032\">exp\u00e9rience de vapotage fruit\u00e9e et rafra\u00eechissante<\/strong>Le go\u00fbt de l'eau est un \u00e9l\u00e9ment essentiel de l'alimentation, qui stimule les sens.<\/p>\n<p data-start=\"2062\" data-end=\"2418\"><strong data-start=\"2062\" data-end=\"2091\">RandM Tornado 15000 Puffs<\/strong> est le choix parfait pour <strong data-start=\"2118\" data-end=\"2129\">Vapeur<\/strong>qui <strong data-start=\"2135\" data-end=\"2158\">longues sessions de vapotage<\/strong> sans pour autant renoncer \u00e0 <strong data-start=\"2186\" data-end=\"2212\">Qualit\u00e9 et go\u00fbt<\/strong> de devoir y renoncer. Avec <strong data-start=\"2239\" data-end=\"2255\">15 000 trains<\/strong>, une <strong data-start=\"2263\" data-end=\"2294\">recharge USB-C pratique<\/strong> et d'une <strong data-start=\"2305\" data-end=\"2333\">grand choix d'ar\u00f4mes<\/strong> cet appareil offre tout ce dont tu as besoin pour un <strong data-start=\"2376\" data-end=\"2407\">une exp\u00e9rience de vapeur de premi\u00e8re classe<\/strong> tu as besoin.<\/p>","protected":false},"excerpt":{"rendered":"<p>Le site <strong data-start=\"152\" data-end=\"202\">RandM Tornado 15000 Puffs - Blue Razz Lemonade<\/strong> offre <strong data-start=\"210\" data-end=\"225\">15 000 trains<\/strong> et <strong data-start=\"230\" data-end=\"248\">25 ml d'e-liquide<\/strong>. Profitez de la <strong data-start=\"267\" data-end=\"285\">myrtille douce<\/strong> et <strong data-start=\"290\" data-end=\"315\">limonade rafra\u00eechissante<\/strong> dans une exp\u00e9rience gustative intense.<\/p>","protected":false},"featured_media":16324,"comment_status":"open","ping_status":"closed","template":"","meta":[],"product_brand":[],"product_cat":[18],"product_tag":[94,86,90,97],"class_list":{"0":"post-14169","1":"product","2":"type-product","3":"status-publish","4":"has-post-thumbnail","6":"product_cat-randm-fumot-einweg-vape","7":"product_tag-big-puffs-vape","8":"product_tag-fumot-15000-puffs","9":"product_tag-fumot-vape-im-pole-stil","10":"product_tag-rechargeable-vape","12":"first","13":"instock","14":"shipping-taxable","15":"purchasable","16":"product-type-variable"},"_links":{"self":[{"href":"https:\/\/fumot-vaping.de\/fr\/wp-json\/wp\/v2\/product\/14169","targetHints":{"allow":["GET"]}}],"collection":[{"href":"https:\/\/fumot-vaping.de\/fr\/wp-json\/wp\/v2\/product"}],"about":[{"href":"https:\/\/fumot-vaping.de\/fr\/wp-json\/wp\/v2\/types\/product"}],"replies":[{"embeddable":true,"href":"https:\/\/fumot-vaping.de\/fr\/wp-json\/wp\/v2\/comments?post=14169"}],"version-history":[{"count":5,"href":"https:\/\/fumot-vaping.de\/fr\/wp-json\/wp\/v2\/product\/14169\/revisions"}],"predecessor-version":[{"id":16327,"href":"https:\/\/fumot-vaping.de\/fr\/wp-json\/wp\/v2\/product\/14169\/revisions\/16327"}],"wp:featuredmedia":[{"embeddable":true,"href":"https:\/\/fumot-vaping.de\/fr\/wp-json\/wp\/v2\/media\/16324"}],"wp:attachment":[{"href":"https:\/\/fumot-vaping.de\/fr\/wp-json\/wp\/v2\/media?parent=14169"}],"wp:term":[{"taxonomy":"product_brand","embeddable":true,"href":"https:\/\/fumot-vaping.de\/fr\/wp-json\/wp\/v2\/product_brand?post=14169"},{"taxonomy":"product_cat","embeddable":true,"href":"https:\/\/fumot-vaping.de\/fr\/wp-json\/wp\/v2\/product_cat?post=14169"},{"taxonomy":"product_tag","embeddable":true,"href":"https:\/\/fumot-vaping.de\/fr\/wp-json\/wp\/v2\/product_tag?post=14169"}],"curies":[{"name":"wp","href":"https:\/\/api.w.org\/{rel}","templated":true}]}}