{"id":13988,"date":"2025-06-05T01:38:14","date_gmt":"2025-06-05T01:38:14","guid":{"rendered":"https:\/\/fumot-vaping.de\/?post_type=product&#038;p=13988"},"modified":"2025-06-07T02:57:19","modified_gmt":"2025-06-07T02:57:19","slug":"randm-tornado-15000-puffs-jetable-vape-2","status":"publish","type":"product","link":"https:\/\/fumot-vaping.de\/fr\/product\/randm-tornado-15000-puffs-jetable-vape-2\/","title":{"rendered":"RandM Tornado 15000 Puffs, jetable Vape, Mesh Coil, RGB-Design, 25ml E-liquide"},"content":{"rendered":"<h2 data-start=\"68\" data-end=\"130\"><em>RandM Tornado 15000 Puffs Pure Power, saveur pure<\/em><\/h2>\n<p class=\"\" data-start=\"229\" data-end=\"550\"><em><strong data-start=\"229\" data-end=\"258\">RandM Tornado 15000 Puffs<\/strong> n'est pas simplement une autre vape jetable - c'est une v\u00e9ritable r\u00e9volution de la vapeur. Avec une puissance gigantesque de jusqu'\u00e0 <strong data-start=\"386\" data-end=\"402\">15000 trains<\/strong> (oui, vous avez bien lu !), ce concentr\u00e9 de puissance fait passer votre exp\u00e9rience de vapotage \u00e0 un tout autre niveau - ou plut\u00f4t : dans une autre ligue.<\/em><\/p>\n<p class=\"\" data-start=\"552\" data-end=\"857\"><em>\u00c9quip\u00e9 d'un <strong data-start=\"575\" data-end=\"603\">batterie int\u00e9gr\u00e9e de 850mAh<\/strong> la RandM Tornado tient facilement le coup, tandis que la <strong data-start=\"653\" data-end=\"677\">Charge rapide Type-C<\/strong> te permet d'\u00eatre \u00e0 nouveau pr\u00eat en un temps record. (Je me suis soudain souvenu qu'avant, attendre des heures pour charger \u00e9tait tout simplement \u00e9nervant... heureusement, c'est fini !)<\/em><\/p>\n<p class=\"\" data-start=\"859\" data-end=\"1115\"><em>En ce qui concerne l'ar\u00f4me : avec <strong data-start=\"887\" data-end=\"912\">25ml de e-liquide premium<\/strong> et une s\u00e9lection de <strong data-start=\"935\" data-end=\"969\">0%, 2%, 3% ou 5% Sel de nicotine<\/strong> le Tornado offre exactement le niveau d'intensit\u00e9 que tu recherches. Que tu aimes la douceur ou la force, tu trouveras ici ton r\u00e9glage parfait.<\/em><\/p>\n<h2 data-start=\"1370\" data-end=\"1427\"><em>RandM Tornado 15000 Puffs - Caract\u00e9ristiques en un coup d'\u0153il :<\/em><\/h2>\n<ul data-start=\"1429\" data-end=\"1777\">\n<li class=\"\" data-start=\"1429\" data-end=\"1478\">\n<p class=\"\" data-start=\"1431\" data-end=\"1478\"><em>Jusqu'\u00e0 <strong data-start=\"1438\" data-end=\"1454\">15 000 poufs<\/strong> pour un vapotage extra-long<\/em><\/p>\n<\/li>\n<li class=\"\" data-start=\"1479\" data-end=\"1528\">\n<p class=\"\" data-start=\"1481\" data-end=\"1528\"><em><strong data-start=\"1481\" data-end=\"1491\">850mAh<\/strong> batterie int\u00e9gr\u00e9e et rechargeable<\/em><\/p>\n<\/li>\n<li class=\"\" data-start=\"1529\" data-end=\"1556\">\n<p class=\"\" data-start=\"1531\" data-end=\"1556\"><em><strong data-start=\"1531\" data-end=\"1539\">25 ml<\/strong> E-liquide premium<\/em><\/p>\n<\/li>\n<li class=\"\" data-start=\"1557\" data-end=\"1598\">\n<p class=\"\" data-start=\"1559\" data-end=\"1598\"><em><strong data-start=\"1559\" data-end=\"1577\">0%, 2%, 3%, 5%<\/strong> Options de sel de nicotine<\/em><\/p>\n<\/li>\n<li class=\"\" data-start=\"1599\" data-end=\"1642\">\n<p class=\"\" data-start=\"1601\" data-end=\"1642\"><em><strong data-start=\"1601\" data-end=\"1614\">Bobine de maille<\/strong> pour un go\u00fbt encore plus riche<\/em><\/p>\n<\/li>\n<li class=\"\" data-start=\"1643\" data-end=\"1685\">\n<p class=\"\" data-start=\"1645\" data-end=\"1685\"><em><strong data-start=\"1645\" data-end=\"1659\">Conception RGB<\/strong> pour un look cool<\/em><\/p>\n<\/li>\n<li class=\"\" data-start=\"1686\" data-end=\"1715\">\n<p class=\"\" data-start=\"1688\" data-end=\"1715\"><em><strong data-start=\"1688\" data-end=\"1715\">41 saveurs uniques<\/strong><\/em><\/p>\n<\/li>\n<li class=\"\" data-start=\"1716\" data-end=\"1777\">\n<p class=\"\" data-start=\"1718\" data-end=\"1777\"><em>Emballage : 10 pi\u00e8ces par bo\u00eete pr\u00e9sentoir | 160 pi\u00e8ces par carton<\/em><\/p>\n<\/li>\n<\/ul>\n<h2 data-start=\"1784\" data-end=\"1805\"><em>Saveurs populaires :<\/em><\/h2>\n<p class=\"\" data-start=\"1807\" data-end=\"1999\"><em><strong data-start=\"1807\" data-end=\"1829\">Blue Razz Lemonade<\/strong> | <strong data-start=\"1832\" data-end=\"1850\">Glace \u00e0 la past\u00e8que<\/strong> | <strong data-start=\"1853\" data-end=\"1866\">Glace \u00e0 la p\u00eache<\/strong> | <strong data-start=\"1869\" data-end=\"1883\">Pomme acidul\u00e9e<\/strong> | <strong data-start=\"1886\" data-end=\"1897\">Monsieur Bleu<\/strong> | <strong data-start=\"1900\" data-end=\"1919\">Kiwi \u00e0 la fraise<\/strong> | <strong data-start=\"1922\" data-end=\"1937\">Mixed Berry<\/strong> | <strong data-start=\"1940\" data-end=\"1955\">Cola cerise<\/strong> | <strong data-start=\"1958\" data-end=\"1992\">Lemonade \u00e0 la fraise et \u00e0 la past\u00e8que<\/strong> et bien d'autres choses encore.<\/em><\/p>\n<p class=\"\" data-start=\"2006\" data-end=\"2222\"><em>Encore mieux : le <strong data-start=\"1134\" data-end=\"1147\">Bobine de maille<\/strong> assure une vapeur ultra-dense et un go\u00fbt intense \u00e0 chaque bouff\u00e9e. Et le <strong data-start=\"1226\" data-end=\"1245\">Design d'\u00e9clairage RGB<\/strong>? Honn\u00eatement, c'est comme un mini feu d'artifice dans ta main - \u00e0 chaque fois que tu inhales, c'est color\u00e9 et styl\u00e9.<\/em><br data-start=\"2022\" data-end=\"2025\" \/><em>Si tu cherches un appareil \u00e0 usage unique qui ne fait pas que livrer, mais qui fait aussi impression - alors le <strong data-start=\"2125\" data-end=\"2154\">RandM Tornado 15000 Puffs<\/strong> exactement ton prochain mouvement. Plus de mouvements, plus de go\u00fbt, plus de style.\u00a0<\/em><\/p>","protected":false},"excerpt":{"rendered":"<p><strong>RandM Tornado 15000 Puffs - 25ml E-liquide, Mesh Coil, design RGB, 0-5% nicotine, jusqu'\u00e0 15.000 bouff\u00e9es.<\/strong><\/p>","protected":false},"featured_media":14157,"comment_status":"open","ping_status":"closed","template":"","meta":[],"product_brand":[],"product_cat":[18],"product_tag":[],"class_list":{"0":"post-13988","1":"product","2":"type-product","3":"status-publish","4":"has-post-thumbnail","6":"product_cat-randm-fumot-einweg-vape","8":"first","9":"instock","10":"shipping-taxable","11":"purchasable","12":"product-type-variable"},"_links":{"self":[{"href":"https:\/\/fumot-vaping.de\/fr\/wp-json\/wp\/v2\/product\/13988","targetHints":{"allow":["GET"]}}],"collection":[{"href":"https:\/\/fumot-vaping.de\/fr\/wp-json\/wp\/v2\/product"}],"about":[{"href":"https:\/\/fumot-vaping.de\/fr\/wp-json\/wp\/v2\/types\/product"}],"replies":[{"embeddable":true,"href":"https:\/\/fumot-vaping.de\/fr\/wp-json\/wp\/v2\/comments?post=13988"}],"version-history":[{"count":3,"href":"https:\/\/fumot-vaping.de\/fr\/wp-json\/wp\/v2\/product\/13988\/revisions"}],"predecessor-version":[{"id":15198,"href":"https:\/\/fumot-vaping.de\/fr\/wp-json\/wp\/v2\/product\/13988\/revisions\/15198"}],"wp:featuredmedia":[{"embeddable":true,"href":"https:\/\/fumot-vaping.de\/fr\/wp-json\/wp\/v2\/media\/14157"}],"wp:attachment":[{"href":"https:\/\/fumot-vaping.de\/fr\/wp-json\/wp\/v2\/media?parent=13988"}],"wp:term":[{"taxonomy":"product_brand","embeddable":true,"href":"https:\/\/fumot-vaping.de\/fr\/wp-json\/wp\/v2\/product_brand?post=13988"},{"taxonomy":"product_cat","embeddable":true,"href":"https:\/\/fumot-vaping.de\/fr\/wp-json\/wp\/v2\/product_cat?post=13988"},{"taxonomy":"product_tag","embeddable":true,"href":"https:\/\/fumot-vaping.de\/fr\/wp-json\/wp\/v2\/product_tag?post=13988"}],"curies":[{"name":"wp","href":"https:\/\/api.w.org\/{rel}","templated":true}]}}