{"id":13444,"date":"2025-05-10T07:05:50","date_gmt":"2025-05-10T07:05:50","guid":{"rendered":"https:\/\/fumot-vaping.de\/?post_type=product&#038;p=13444"},"modified":"2025-05-10T07:05:50","modified_gmt":"2025-05-10T07:05:50","slug":"randm-tornado-15000-puffs-3","status":"publish","type":"product","link":"https:\/\/fumot-vaping.de\/fr\/product\/randm-tornado-15000-puffs-3\/","title":{"rendered":"RandM Tornado 15000 Puffs - La puissance rencontre la diversit\u00e9 dans une vape styl\u00e9e"},"content":{"rendered":"<h2 data-start=\"167\" data-end=\"274\">RandM-Tornado-15000-Puffs, jetable Vape, 25ml E-liquide, Mesh Coil, lumi\u00e8re RGB, 0-5% sel de nicotine<\/h2>\n<p class=\"\" data-start=\"276\" data-end=\"633\">Le site<strong data-start=\"280\" data-end=\"309\">RandM Tornado 15000 Puffs<\/strong>Einweg-Vape est plus qu'un simple vaporisateur - c'est une v\u00e9ritable d\u00e9claration pour tous ceux qui, lorsqu'ils vapotent, misent sur une longue endurance, un ar\u00f4me complet et une touche de design futuriste. Avec jusqu'\u00e0 15 000 bouff\u00e9es, il n'est pas seulement long, il est carr\u00e9ment endurant - c'est ce que j'ai pens\u00e9 quand je l'ai test\u00e9 pour la premi\u00e8re fois.<\/p>\n<p class=\"\" data-start=\"635\" data-end=\"864\">\u00c0 l'int\u00e9rieur, un puissant<strong data-start=\"669\" data-end=\"684\">batterie 850mAh<\/strong>qui fournit une puissance fiable. Branchement rapide, gr\u00e2ce \u00e0 <strong data-start=\"746\" data-end=\"766\">Connexion de type C<\/strong>Plus d'excuses comme avant du genre \"ma vape est vide\".<\/p>\n<p class=\"\" data-start=\"866\" data-end=\"1150\">Rempli de riches <strong data-start=\"885\" data-end=\"902\">25ml d'e-liquide<\/strong>, s\u00e9lectionnable en <strong data-start=\"915\" data-end=\"949\">0%, 2%, 3% ou 5% Sel de nicotine<\/strong>Chaque type de go\u00fbt y trouve son compte. Le meilleur <strong data-start=\"1010\" data-end=\"1035\">Technologie Mesh Coil<\/strong> assure un go\u00fbt intense et constant - parfois m\u00eame trop bon pour qu'on puisse croire qu'il s'agit d'un appareil jetable.<\/p>\n<p class=\"\" data-start=\"1152\" data-end=\"1344\">Et puis, il y a l'\u00e9l\u00e9gant<strong data-start=\"1187\" data-end=\"1201\">Conception RGB<\/strong> - \u00e0 chaque bouff\u00e9e, la lumi\u00e8re change de couleur. Soudain, je me suis souvenu des vieux gadgets LED, mais maintenant dans la vape. Cool ? En tout cas.<\/p>\n<h2 data-start=\"1351\" data-end=\"1405\"><strong data-start=\"1351\" data-end=\"1405\">RandM Tornado 15000 Puffs - Points forts techniques :<\/strong><\/h2>\n<ul data-start=\"1407\" data-end=\"1701\">\n<li class=\"\" data-start=\"1407\" data-end=\"1432\">\n<p class=\"\" data-start=\"1409\" data-end=\"1432\">Jusqu'\u00e0 <strong data-start=\"1416\" data-end=\"1432\">15 000 poufs<\/strong><\/p>\n<\/li>\n<li class=\"\" data-start=\"1433\" data-end=\"1468\">\n<p class=\"\" data-start=\"1435\" data-end=\"1468\"><strong data-start=\"1435\" data-end=\"1468\">batterie rechargeable de 850mAh<\/strong><\/p>\n<\/li>\n<li class=\"\" data-start=\"1469\" data-end=\"1501\">\n<p class=\"\" data-start=\"1471\" data-end=\"1501\"><strong data-start=\"1471\" data-end=\"1479\">25 ml<\/strong> E-liquide pr\u00e9-rempli<\/p>\n<\/li>\n<li class=\"\" data-start=\"1502\" data-end=\"1538\">\n<p class=\"\" data-start=\"1504\" data-end=\"1538\"><strong data-start=\"1504\" data-end=\"1538\">0%, 2%, 3%, 5% Options de nicotine<\/strong><\/p>\n<\/li>\n<li class=\"\" data-start=\"1539\" data-end=\"1581\">\n<p class=\"\" data-start=\"1541\" data-end=\"1581\"><strong data-start=\"1541\" data-end=\"1554\">Bobine de maille<\/strong> pour un go\u00fbt plus intense<\/p>\n<\/li>\n<li class=\"\" data-start=\"1582\" data-end=\"1603\">\n<p class=\"\" data-start=\"1584\" data-end=\"1603\"><strong data-start=\"1584\" data-end=\"1603\">Effet de lumi\u00e8re RGB<\/strong><\/p>\n<\/li>\n<li class=\"\" data-start=\"1604\" data-end=\"1644\">\n<p class=\"\" data-start=\"1606\" data-end=\"1644\"><strong data-start=\"1606\" data-end=\"1644\">41 saveurs disponibles<\/strong><\/p>\n<\/li>\n<li class=\"\" data-start=\"1645\" data-end=\"1701\">\n<p class=\"\" data-start=\"1647\" data-end=\"1701\">Unit\u00e9 d'emballage : <strong data-start=\"1667\" data-end=\"1701\">10 pi\u00e8ces\/bo\u00eete, 160 pi\u00e8ces\/carton<\/strong><\/p>\n<\/li>\n<\/ul>\n<h2 data-start=\"1708\" data-end=\"1908\"><strong data-start=\"1708\" data-end=\"1741\">Flavour Highlights (s\u00e9lection) :<\/strong><\/h2>\n<p class=\"\" data-start=\"1708\" data-end=\"1908\">Blue Razz Lemonade | Watermelon Ice | Peach Mango | Sour Apple | Pink Lemonade | Strawberry Kiwi | Grape Ice | Mr Blue | Banana Ice | Strawberry Watermelon Lemonade<\/p>\n<p class=\"\" data-start=\"1915\" data-end=\"2196\"><br data-start=\"1925\" data-end=\"1928\" \/>Que tu aimes les ar\u00f4mes sucr\u00e9s, fruit\u00e9s ou frais, le<strong data-start=\"1987\" data-end=\"2016\">RandM Tornado 15000 Puffs<\/strong>fournit des r\u00e9sultats fiables. Avec son look moderne, sa batterie puissante, sa bobine mesh et son choix de nicotine, chaque bouff\u00e9e devient une exp\u00e9rience. Parfois, on oublie presque que ce n'est qu'un appareil jetable.<\/p>","protected":false},"excerpt":{"rendered":"<p>RandM Tornado 15000 Puffs : 25ml E-liquide, Mesh Coil, design RGB, 0-5% nicotine, jusqu'\u00e0 15000 bouff\u00e9es.<\/p>","protected":false},"featured_media":13613,"comment_status":"open","ping_status":"closed","template":"","meta":[],"product_brand":[],"product_cat":[18],"product_tag":[],"class_list":{"0":"post-13444","1":"product","2":"type-product","3":"status-publish","4":"has-post-thumbnail","6":"product_cat-randm-fumot-einweg-vape","8":"first","9":"instock","10":"shipping-taxable","11":"purchasable","12":"product-type-variable"},"_links":{"self":[{"href":"https:\/\/fumot-vaping.de\/fr\/wp-json\/wp\/v2\/product\/13444","targetHints":{"allow":["GET"]}}],"collection":[{"href":"https:\/\/fumot-vaping.de\/fr\/wp-json\/wp\/v2\/product"}],"about":[{"href":"https:\/\/fumot-vaping.de\/fr\/wp-json\/wp\/v2\/types\/product"}],"replies":[{"embeddable":true,"href":"https:\/\/fumot-vaping.de\/fr\/wp-json\/wp\/v2\/comments?post=13444"}],"version-history":[{"count":2,"href":"https:\/\/fumot-vaping.de\/fr\/wp-json\/wp\/v2\/product\/13444\/revisions"}],"predecessor-version":[{"id":15029,"href":"https:\/\/fumot-vaping.de\/fr\/wp-json\/wp\/v2\/product\/13444\/revisions\/15029"}],"wp:featuredmedia":[{"embeddable":true,"href":"https:\/\/fumot-vaping.de\/fr\/wp-json\/wp\/v2\/media\/13613"}],"wp:attachment":[{"href":"https:\/\/fumot-vaping.de\/fr\/wp-json\/wp\/v2\/media?parent=13444"}],"wp:term":[{"taxonomy":"product_brand","embeddable":true,"href":"https:\/\/fumot-vaping.de\/fr\/wp-json\/wp\/v2\/product_brand?post=13444"},{"taxonomy":"product_cat","embeddable":true,"href":"https:\/\/fumot-vaping.de\/fr\/wp-json\/wp\/v2\/product_cat?post=13444"},{"taxonomy":"product_tag","embeddable":true,"href":"https:\/\/fumot-vaping.de\/fr\/wp-json\/wp\/v2\/product_tag?post=13444"}],"curies":[{"name":"wp","href":"https:\/\/api.w.org\/{rel}","templated":true}]}}