{"id":12542,"date":"2025-06-08T04:03:30","date_gmt":"2025-06-08T04:03:30","guid":{"rendered":"https:\/\/fumot-vaping.de\/?post_type=product&#038;p=12542"},"modified":"2025-06-08T04:03:30","modified_gmt":"2025-06-08T04:03:30","slug":"randm-tornado-15000-puffs-jetable-vape","status":"publish","type":"product","link":"https:\/\/fumot-vaping.de\/fr\/product\/randm-tornado-15000-puffs-jetable-vape\/","title":{"rendered":"RandM Tornado 15000 Puffs Jetable Vape Ta nouvelle aventure vapeur"},"content":{"rendered":"<h2 data-start=\"172\" data-end=\"262\"><strong data-start=\"172\" data-end=\"262\"> RandM-Tornado-15000-Puffs, jetable Vape, 25ml E-liquide, Mesh Coil, design RGB<\/strong><\/h2>\n<p class=\"\" data-start=\"264\" data-end=\"627\">Si vous \u00eates \u00e0 la recherche d'une vape qui offre vraiment tout, vous trouverez votre bonheur au <strong data-start=\"338\" data-end=\"367\">RandM Tornado 15000 Puffs<\/strong> ne peut pas passer \u00e0 c\u00f4t\u00e9. Cet appareil \u00e0 usage unique n'est pas simplement \"bon\" - c'est une v\u00e9ritable machine \u00e0 long terme : jusqu'\u00e0 15 000 bouff\u00e9es, bourr\u00e9e de saveur et de puissance. Ou pour le dire de mani\u00e8re plus directe : la Tornado 15000 t'accompagne quand les autres ont l\u00e2ch\u00e9 depuis longtemps.<\/p>\n<p class=\"\" data-start=\"629\" data-end=\"889\">Entra\u00een\u00e9 par un puissant <strong data-start=\"661\" data-end=\"689\">batterie int\u00e9gr\u00e9e de 850mAh<\/strong> le Tornado fournit une puissance constante et forte. (Soudain, j'ai pens\u00e9 au nombre de fois o\u00f9 j'ai d\u00fb recharger mes anciennes vapes... ici ? Chargement rapide via <strong data-start=\"859\" data-end=\"869\">Type-C<\/strong> et on continue !)<\/p>\n<p class=\"\" data-start=\"891\" data-end=\"1210\">Gr\u00e2ce \u00e0 l'innovation <strong data-start=\"912\" data-end=\"937\">Technologie Mesh-Coil<\/strong> des nuages riches et denses et un go\u00fbt intense se forment \u00e0 chaque bouff\u00e9e. Combin\u00e9 avec <strong data-start=\"1028\" data-end=\"1053\">25ml de e-liquide premium<\/strong> et <strong data-start=\"1058\" data-end=\"1081\">Options de sel de nicotine<\/strong> de <strong data-start=\"1086\" data-end=\"1104\">0%, 2%, 3%, 5%<\/strong> tu peux parfaitement adapter ton exp\u00e9rience de vapotage \u00e0 ton style - qu'elle soit fra\u00eeche et croquante ou d\u00e9licatement relaxante.<\/p>\n<p class=\"\" data-start=\"1212\" data-end=\"1427\">Et puis ce <strong data-start=\"1228\" data-end=\"1242\">Conception RGB<\/strong>A chaque train, la tornade s'illumine de couleurs styl\u00e9es - presque comme un spectacle lumineux \u00e0 emporter. (Honn\u00eatement, je me surprends parfois \u00e0 simplement regarder...)<\/p>\n<h2 data-start=\"1434\" data-end=\"1504\"><strong data-start=\"1434\" data-end=\"1504\">RandM Tornado 15000 Puffs - Points forts techniques en un coup d'\u0153il :<\/strong><\/h2>\n<ul data-start=\"1506\" data-end=\"1845\">\n<li class=\"\" data-start=\"1506\" data-end=\"1531\">\n<p class=\"\" data-start=\"1508\" data-end=\"1531\">Jusqu'\u00e0 <strong data-start=\"1515\" data-end=\"1531\">15 000 poufs<\/strong><\/p>\n<\/li>\n<li class=\"\" data-start=\"1532\" data-end=\"1567\">\n<p class=\"\" data-start=\"1534\" data-end=\"1567\"><strong data-start=\"1534\" data-end=\"1544\">850mAh<\/strong> batterie rechargeable<\/p>\n<\/li>\n<li class=\"\" data-start=\"1568\" data-end=\"1595\">\n<p class=\"\" data-start=\"1570\" data-end=\"1595\"><strong data-start=\"1570\" data-end=\"1578\">25 ml<\/strong> E-liquide premium<\/p>\n<\/li>\n<li class=\"\" data-start=\"1596\" data-end=\"1636\">\n<p class=\"\" data-start=\"1598\" data-end=\"1636\"><strong data-start=\"1598\" data-end=\"1611\">Bobine de maille<\/strong> pour un go\u00fbt intense<\/p>\n<\/li>\n<li class=\"\" data-start=\"1637\" data-end=\"1669\">\n<p class=\"\" data-start=\"1639\" data-end=\"1669\"><strong data-start=\"1639\" data-end=\"1669\">0%, 2%, 3%, 5% Sel de nicotine<\/strong><\/p>\n<\/li>\n<li class=\"\" data-start=\"1670\" data-end=\"1696\">\n<p class=\"\" data-start=\"1672\" data-end=\"1696\"><strong data-start=\"1672\" data-end=\"1682\">Type-C<\/strong> Prise de charge<\/p>\n<\/li>\n<li class=\"\" data-start=\"1697\" data-end=\"1734\">\n<p class=\"\" data-start=\"1699\" data-end=\"1734\"><strong data-start=\"1699\" data-end=\"1718\">Design d'\u00e9clairage RGB<\/strong> pour un look cool<\/p>\n<\/li>\n<li class=\"\" data-start=\"1735\" data-end=\"1777\">\n<p class=\"\" data-start=\"1737\" data-end=\"1777\"><strong data-start=\"1737\" data-end=\"1764\">41 saveurs<\/strong> dans l'assortiment<\/p>\n<\/li>\n<li class=\"\" data-start=\"1778\" data-end=\"1845\">\n<p class=\"\" data-start=\"1780\" data-end=\"1845\">Emballage : <strong data-start=\"1792\" data-end=\"1819\">10 pi\u00e8ces par bo\u00eete de pr\u00e9sentation<\/strong>, <strong data-start=\"1821\" data-end=\"1845\">160 pi\u00e8ces par carton<\/strong><\/p>\n<\/li>\n<\/ul>\n<h2><strong data-start=\"1852\" data-end=\"1900\">Saveurs disponibles (un petit \u00e9chantillon) :<\/strong><\/h2>\n<p class=\"\" data-start=\"1902\" data-end=\"2078\"><strong data-start=\"2102\" data-end=\"2131\">\u00a0Blue-Razz-Limonade | Glace \u00e0 la p\u00eache | Pomme acidul\u00e9e | Glace \u00e0 la past\u00e8que | Myrtille sur glace | Myrtille-framboise | Glace \u00e0 l'ananas | Cerise | Glace \u00e0 la fraise | Vimto | Glace au raisin | Colaeis | Fraise-past\u00e8que | Pink Lemonade | Baies m\u00e9lang\u00e9es | P\u00eache-mangue | Fruit du dragon | Fraise-raisin | Mr. Blue | Glace Lush | Glace sur b\u00e2tonnet | Fraise-Kiwi | Kiwi-Fruit de la passion-Gueule | Triple baie | Glace \u00e0 la banane | Bonbons p\u00eache-bleuets | Pomme-p\u00eache-poire | Limonade de baies | Blue-Razz-Cerise | Chewing-gum myrtilleCerise | Myrtille-Grenade | Bluesour-Framboise | Cerise-Cola | Oursons g\u00e9lifi\u00e9s | Citron &amp; Citron vert | Mangue sur glace | Glace \u00e9nerg\u00e9tique rouge | Fraise-Banane | Fraise | Limonade fraise-past\u00e8que 15000 Puffs<\/strong> est le compagnon id\u00e9al pour tous ceux qui aiment les plaisirs durables, les nuages abondants, le chargement en un clin d'\u0153il et l'aspect styl\u00e9 - en bref : plus de tirage, plus de go\u00fbt, plus de style.<\/p>","protected":false},"excerpt":{"rendered":"<p><strong>RandM Tornado 15000 Puffs<\/strong>: 25ml de liquide, 0-5% de nicotine, coil en maille, lumi\u00e8re RGB - plus de 40 saveurs pour une exp\u00e9rience de vapotage puissante et styl\u00e9e.<\/p>","protected":false},"featured_media":12711,"comment_status":"open","ping_status":"closed","template":"","meta":[],"product_brand":[],"product_cat":[18],"product_tag":[],"class_list":{"0":"post-12542","1":"product","2":"type-product","3":"status-publish","4":"has-post-thumbnail","6":"product_cat-randm-fumot-einweg-vape","8":"first","9":"instock","10":"shipping-taxable","11":"purchasable","12":"product-type-variable"},"_links":{"self":[{"href":"https:\/\/fumot-vaping.de\/fr\/wp-json\/wp\/v2\/product\/12542","targetHints":{"allow":["GET"]}}],"collection":[{"href":"https:\/\/fumot-vaping.de\/fr\/wp-json\/wp\/v2\/product"}],"about":[{"href":"https:\/\/fumot-vaping.de\/fr\/wp-json\/wp\/v2\/types\/product"}],"replies":[{"embeddable":true,"href":"https:\/\/fumot-vaping.de\/fr\/wp-json\/wp\/v2\/comments?post=12542"}],"version-history":[{"count":3,"href":"https:\/\/fumot-vaping.de\/fr\/wp-json\/wp\/v2\/product\/12542\/revisions"}],"predecessor-version":[{"id":15200,"href":"https:\/\/fumot-vaping.de\/fr\/wp-json\/wp\/v2\/product\/12542\/revisions\/15200"}],"wp:featuredmedia":[{"embeddable":true,"href":"https:\/\/fumot-vaping.de\/fr\/wp-json\/wp\/v2\/media\/12711"}],"wp:attachment":[{"href":"https:\/\/fumot-vaping.de\/fr\/wp-json\/wp\/v2\/media?parent=12542"}],"wp:term":[{"taxonomy":"product_brand","embeddable":true,"href":"https:\/\/fumot-vaping.de\/fr\/wp-json\/wp\/v2\/product_brand?post=12542"},{"taxonomy":"product_cat","embeddable":true,"href":"https:\/\/fumot-vaping.de\/fr\/wp-json\/wp\/v2\/product_cat?post=12542"},{"taxonomy":"product_tag","embeddable":true,"href":"https:\/\/fumot-vaping.de\/fr\/wp-json\/wp\/v2\/product_tag?post=12542"}],"curies":[{"name":"wp","href":"https:\/\/api.w.org\/{rel}","templated":true}]}}