{"id":11424,"date":"2025-06-27T11:31:54","date_gmt":"2025-06-27T11:31:54","guid":{"rendered":"https:\/\/fumot-vaping.de\/?post_type=product&#038;p=11424"},"modified":"2025-08-12T01:31:48","modified_gmt":"2025-08-12T01:31:48","slug":"randm-tornado-7000-puffs-vape-type-c-charge-rapide","status":"publish","type":"product","link":"https:\/\/fumot-vaping.de\/fr\/product\/randm-tornado-7000-puffs-vape-type-c-charge-rapide\/","title":{"rendered":"RandM Tornado 7000 Puffs Vape Type-C Charge rapide"},"content":{"rendered":"<h2 data-start=\"148\" data-end=\"230\">RandM Tornado 7000 Puffs, RandM Tornado Vape, 7000 Puffs jetables Vape<\/h2>\n<p class=\"\" data-start=\"237\" data-end=\"554\"><strong data-start=\"237\" data-end=\"277\">RandM Tornado 7000 Puffs Vape jetable<\/strong> est le tout dernier d\u00e9veloppement pour les vapoteurs qui recherchent une solution puissante, endurante et \u00e9l\u00e9gante. Avec jusqu'\u00e0 <strong data-start=\"388\" data-end=\"402\">7000 trains<\/strong> cet appareil - ou plut\u00f4t cette petite merveille de vapeur - offre une exp\u00e9rience particuli\u00e8rement durable, qui va bien au-del\u00e0 de ce qui se fait habituellement.<\/p>\n<p class=\"\" data-start=\"556\" data-end=\"871\">Propuls\u00e9 par un <strong data-start=\"578\" data-end=\"606\">batterie int\u00e9gr\u00e9e de 850mAh<\/strong> le RandM Tornado 7000 fournit une puissance constante \u00e0 chaque utilisation. Gr\u00e2ce \u00e0 la <strong data-start=\"685\" data-end=\"715\">Fonction de charge rapide Type-C<\/strong> tu peux r\u00e9duire le temps de chargement au minimum - et soudain, je me suis souvenu \u00e0 quel point le chargement lent \u00e9tait p\u00e9nible auparavant. Quel progr\u00e8s !<\/p>\n<p class=\"\" data-start=\"873\" data-end=\"1174\">Particuli\u00e8rement int\u00e9ressant : l'appareil est \u00e9quip\u00e9 <strong data-start=\"911\" data-end=\"949\">14ml de e-liquide premium pr\u00e9-rempli<\/strong> \u00e9quip\u00e9 et offre un choix de <strong data-start=\"990\" data-end=\"1024\">0%, 2%, 3% ou 5% Sel de nicotine<\/strong>. Cela te permet d'adapter ton exp\u00e9rience de la vapeur de mani\u00e8re flexible, que tu pr\u00e9f\u00e8res un hit plus intense ou un plaisir plus doux.<\/p>\n<p class=\"\" data-start=\"1176\" data-end=\"1553\">Et ce n'est pas tout. Le site <strong data-start=\"1210\" data-end=\"1238\">Fonction Airflow Control<\/strong> permet de r\u00e9gler individuellement la r\u00e9sistance au tirage - parfois, on a juste envie d'un peu plus d'air, me suis-je soudain dit, surtout lors des chaudes journ\u00e9es d'\u00e9t\u00e9. L'exp\u00e9rience est compl\u00e9t\u00e9e par le spectaculaire <strong data-start=\"1455\" data-end=\"1469\">Conception RGB<\/strong>Le logo de la marque, qui s'illumine \u00e0 chaque bouff\u00e9e, donne \u00e0 ton style de vape un v\u00e9ritable coup d'\u0153il.<\/p>\n<h2 class=\"\" data-start=\"1560\" data-end=\"1610\">RandM Tornado 7000 Puffs - Caract\u00e9ristiques techniques :<\/h2>\n<ul data-start=\"1612\" data-end=\"2010\">\n<li class=\"\" data-start=\"1612\" data-end=\"1637\">\n<p class=\"\" data-start=\"1614\" data-end=\"1637\">Jusqu'\u00e0 <strong data-start=\"1621\" data-end=\"1635\">7000 bouff\u00e9es<\/strong><\/p>\n<\/li>\n<li class=\"\" data-start=\"1638\" data-end=\"1689\">\n<p class=\"\" data-start=\"1640\" data-end=\"1689\"><strong data-start=\"1640\" data-end=\"1650\">850mAh<\/strong> batterie int\u00e9gr\u00e9e et rechargeable<\/p>\n<\/li>\n<li class=\"\" data-start=\"1690\" data-end=\"1719\">\n<p class=\"\" data-start=\"1692\" data-end=\"1719\"><strong data-start=\"1692\" data-end=\"1700\">14ml<\/strong> E-liquide premium<\/p>\n<\/li>\n<li class=\"\" data-start=\"1720\" data-end=\"1766\">\n<p class=\"\" data-start=\"1722\" data-end=\"1766\"><strong data-start=\"1722\" data-end=\"1764\">0% \/ 2% \/ 3% \/ 5% Options de sel de nicotine<\/strong><\/p>\n<\/li>\n<li class=\"\" data-start=\"1767\" data-end=\"1795\">\n<p class=\"\" data-start=\"1769\" data-end=\"1795\"><strong data-start=\"1769\" data-end=\"1779\">Type-C<\/strong> Prise de charge<\/p>\n<\/li>\n<li class=\"\" data-start=\"1796\" data-end=\"1844\">\n<p class=\"\" data-start=\"1798\" data-end=\"1844\"><strong data-start=\"1798\" data-end=\"1817\">Contr\u00f4le du flux d'air<\/strong> pour les trains personnalis\u00e9s<\/p>\n<\/li>\n<li class=\"\" data-start=\"1845\" data-end=\"1898\">\n<p class=\"\" data-start=\"1847\" data-end=\"1898\"><strong data-start=\"1847\" data-end=\"1866\">Design d'\u00e9clairage RGB<\/strong> pour une entr\u00e9e styl\u00e9e<\/p>\n<\/li>\n<li class=\"\" data-start=\"1899\" data-end=\"1941\">\n<p class=\"\" data-start=\"1901\" data-end=\"1941\"><strong data-start=\"1901\" data-end=\"1939\">56 saveurs disponibles<\/strong><\/p>\n<\/li>\n<li class=\"\" data-start=\"1942\" data-end=\"2010\">\n<p class=\"\" data-start=\"1944\" data-end=\"2010\">Emballage : <strong data-start=\"1956\" data-end=\"1984\">10 pi\u00e8ces par bo\u00eete de pr\u00e9sentation<\/strong>, <strong data-start=\"1986\" data-end=\"2010\">240 pi\u00e8ces par carton<\/strong><\/p>\n<\/li>\n<\/ul>\n<h2 class=\"\" data-start=\"2017\" data-end=\"2062\">Saveurs disponibles (s\u00e9lection) :<\/h2>\n<p class=\"\" data-start=\"2064\" data-end=\"2988\">Cool Mint | Lush Ice | Tangerine Ice | Strawberry Donut | Gummy Bear | Blueberry On Ice | Mango On Ice | Peach Ice | Banana Ice | Grape Ice | Pink Lemonade | Pina Colada Rum | Mixed Berries | Banana Milkshake | Strawberry Watermelon | Red Apple Lemon | Pineapple Ice | Cotton Candy | Strawberry Banana | Strawberry Ice | Red Energy Ice | Blue Razz Lemonade | Red Apple Ice | Berry Lemonade | Blueberry Bubblegum | Blue Sour Raspberry | Mr Blue | Apple Peach Pear | Blueberry Pomegranate | Vimto | Kiwi Passion Fruit Goyave | Cola | Sour Apple | Blackcurrant Menthol | Tiger Blood | Peach Blueberry Candy | Peach Mango | Strawberry Red Bull | Blackcurrant Ice | Strawberry Watermelon Lemonade | Cherry | Blue Razz Cherry | Skittles | Blueberry Raspberry | Strawberry Grape | Blueberry Cherry Cranberry | Apple Berry Blast | Cherry Cola | Lemon&amp;Lime | Pink Burst | Pacific Cooler | Ice Pop | Bingo Crush | Vimto Crush | Tobacco<\/p>\n<p class=\"\" data-start=\"3006\" data-end=\"3274\">Le site <strong data-start=\"3010\" data-end=\"3038\">RandM Tornado 7000 Puffs<\/strong> est plus qu'un simple appareil jetable - c'est une exp\u00e9rience de vapotage moderne de haut niveau : puissante, \u00e9l\u00e9gante et pleine d'explosions de saveurs. (Et soyons honn\u00eates, avec 56 saveurs, tous les d\u00e9sirs sont vraiment satisfaits !)<\/p>","protected":false},"excerpt":{"rendered":"<p>RandM Tornado 7000 Puffs : 14ml de liquide, batterie 850mAh, design RGB, 56 saveurs - une exp\u00e9rience de vapotage puissante et styl\u00e9e.<\/p>","protected":false},"featured_media":11652,"comment_status":"open","ping_status":"closed","template":"","meta":[],"product_brand":[],"product_cat":[18],"product_tag":[],"class_list":{"0":"post-11424","1":"product","2":"type-product","3":"status-publish","4":"has-post-thumbnail","6":"product_cat-randm-fumot-einweg-vape","8":"first","9":"outofstock","10":"shipping-taxable","11":"purchasable","12":"product-type-variable"},"_links":{"self":[{"href":"https:\/\/fumot-vaping.de\/fr\/wp-json\/wp\/v2\/product\/11424","targetHints":{"allow":["GET"]}}],"collection":[{"href":"https:\/\/fumot-vaping.de\/fr\/wp-json\/wp\/v2\/product"}],"about":[{"href":"https:\/\/fumot-vaping.de\/fr\/wp-json\/wp\/v2\/types\/product"}],"replies":[{"embeddable":true,"href":"https:\/\/fumot-vaping.de\/fr\/wp-json\/wp\/v2\/comments?post=11424"}],"version-history":[{"count":2,"href":"https:\/\/fumot-vaping.de\/fr\/wp-json\/wp\/v2\/product\/11424\/revisions"}],"predecessor-version":[{"id":16313,"href":"https:\/\/fumot-vaping.de\/fr\/wp-json\/wp\/v2\/product\/11424\/revisions\/16313"}],"wp:featuredmedia":[{"embeddable":true,"href":"https:\/\/fumot-vaping.de\/fr\/wp-json\/wp\/v2\/media\/11652"}],"wp:attachment":[{"href":"https:\/\/fumot-vaping.de\/fr\/wp-json\/wp\/v2\/media?parent=11424"}],"wp:term":[{"taxonomy":"product_brand","embeddable":true,"href":"https:\/\/fumot-vaping.de\/fr\/wp-json\/wp\/v2\/product_brand?post=11424"},{"taxonomy":"product_cat","embeddable":true,"href":"https:\/\/fumot-vaping.de\/fr\/wp-json\/wp\/v2\/product_cat?post=11424"},{"taxonomy":"product_tag","embeddable":true,"href":"https:\/\/fumot-vaping.de\/fr\/wp-json\/wp\/v2\/product_tag?post=11424"}],"curies":[{"name":"wp","href":"https:\/\/api.w.org\/{rel}","templated":true}]}}