{"id":11191,"date":"2025-06-19T07:53:28","date_gmt":"2025-06-19T07:53:28","guid":{"rendered":"https:\/\/fumot-vaping.de\/?post_type=product&#038;p=11191"},"modified":"2025-08-12T01:32:52","modified_gmt":"2025-08-12T01:32:52","slug":"randm-tornado-7000-puffs-jetable-vape-3","status":"publish","type":"product","link":"https:\/\/fumot-vaping.de\/fr\/product\/randm-tornado-7000-puffs-jetable-vape-3\/","title":{"rendered":"RandM Tornado 7000 Puffs Vape jetable"},"content":{"rendered":"<h2 data-start=\"67\" data-end=\"134\"><strong>RandM Tornado 7000 Puffs Vape jetable - La puissance rencontre le style<\/strong><\/h2>\n<p class=\"\" data-start=\"220\" data-end=\"550\">Le site <strong data-start=\"236\" data-end=\"276\">RandM Tornado 7000 Puffs Vape jetable<\/strong> s'adresse aux vapoteurs qui recherchent un appareil durable au look moderne. Avec des performances impressionnantes allant jusqu'\u00e0 <strong data-start=\"382\" data-end=\"396\">7000 trains<\/strong> cette vape offre une exp\u00e9rience de vapotage intense et durable - ou plus exactement, une exp\u00e9rience qui va bien au-del\u00e0 des standards habituels.<\/p>\n<p data-start=\"552\" data-end=\"864\">La Tornado 7000 marque \u00e9galement des points avec <strong data-start=\"904\" data-end=\"948\">14ml d'e-liquide pr\u00e9-rempli de haute qualit\u00e9<\/strong> et des taux de nicotine s\u00e9lectionnables (0%, 2%, 3% ou 5%). L'Airflow Control permet de r\u00e9gler individuellement la r\u00e9sistance du tirage - parfait si, comme moi parfois, on veut passer spontan\u00e9ment d'un tirage ouvert \u00e0 un tirage tendu.<\/p>\n<p class=\"\" data-start=\"552\" data-end=\"864\">Une batterie rechargeable int\u00e9gr\u00e9e de 850mAh alimente la Tornado 7000 et garantit des performances fiables et constantes. Gr\u00e2ce \u00e0 <strong data-start=\"678\" data-end=\"702\">Charge rapide Type-C<\/strong> les pauses de chargement sont nettement plus courtes - je me suis soudain souvenu \u00e0 quel point le chargement des mod\u00e8les pr\u00e9c\u00e9dents \u00e9tait compliqu\u00e9. Aujourd'hui ? Rapide, simple, efficace !<\/p>\n<h2 data-start=\"1402\" data-end=\"1442\"><strong data-start=\"1402\" data-end=\"1442\">RandM Tornado 7000 Puffs - Caract\u00e9ristiques :<\/strong><\/h2>\n<ul data-start=\"1444\" data-end=\"1790\">\n<li class=\"\" data-start=\"1444\" data-end=\"1469\">\n<p class=\"\" data-start=\"1446\" data-end=\"1469\">Jusqu'\u00e0 <strong data-start=\"1453\" data-end=\"1467\">7000 bouff\u00e9es<\/strong><\/p>\n<\/li>\n<li class=\"\" data-start=\"1470\" data-end=\"1517\">\n<p class=\"\" data-start=\"1472\" data-end=\"1517\">batterie rechargeable int\u00e9gr\u00e9e de 850mAh<\/p>\n<\/li>\n<li class=\"\" data-start=\"1518\" data-end=\"1543\">\n<p class=\"\" data-start=\"1520\" data-end=\"1543\">14ml de e-liquide premium<\/p>\n<\/li>\n<li class=\"\" data-start=\"1544\" data-end=\"1579\">\n<p class=\"\" data-start=\"1546\" data-end=\"1579\">Options de nicotine : 0%, 2%, 3%, 5%<\/p>\n<\/li>\n<li class=\"\" data-start=\"1580\" data-end=\"1631\">\n<p class=\"\" data-start=\"1582\" data-end=\"1631\">Airflow Control pour une exp\u00e9rience de vapeur individuelle<\/p>\n<\/li>\n<li class=\"\" data-start=\"1632\" data-end=\"1663\">\n<p class=\"\" data-start=\"1634\" data-end=\"1663\">Connecteur de charge rapide Type-C<\/p>\n<\/li>\n<li class=\"\" data-start=\"1664\" data-end=\"1701\">\n<p class=\"\" data-start=\"1666\" data-end=\"1701\">Design \u00e9l\u00e9gant \u00e0 effets lumineux RGB<\/p>\n<\/li>\n<li class=\"\" data-start=\"1702\" data-end=\"1739\">\n<p class=\"\" data-start=\"1704\" data-end=\"1739\">56 saveurs disponibles<\/p>\n<\/li>\n<li class=\"\" data-start=\"1740\" data-end=\"1790\">\n<p class=\"\" data-start=\"1742\" data-end=\"1790\">Emballage : 10 pi\u00e8ces\/pr\u00e9sentoir, 240 pi\u00e8ces\/carton<\/p>\n<\/li>\n<\/ul>\n<h2 data-start=\"1792\" data-end=\"2770\"><strong data-start=\"1792\" data-end=\"1841\">Aper\u00e7u des saveurs RandM Tornado 7000 Puffs :<\/strong><\/h2>\n<p class=\"\" data-start=\"1792\" data-end=\"2770\">Cool Mint | Lush Ice | Tangerine Ice | Strawberry Donut | Gummy Bear | Blueberry On Ice | Mango On Ice | Peach Ice | Banana Ice | Grape Ice | Pink Lemonade | Pina Colada Rum | Mixed Berries | Banana Milkshake | Strawberry Watermelon | Red Apple Lemon | Pineapple Ice | Cotton Candy | Strawberry Banana | Strawberry Ice | Red Energy Ice | Blue Razz Lemonade | Red Apple Ice | Berry Lemonade | Blueberry Bubblegum | Blue Sour Raspberry | Mr Blue | Apple Peach Pear | Blueberry Pomegranate | Vimto | Kiwi Passion Fruit Goyave | Cola | Sour Apple | Blackcurrant Menthol | Tiger Blood | Peach Blueberry Candy | Peach Mango | Strawberry Red Bull | Blackcurrant Ice | Strawberry Watermelon Lemonade | Cherry | Blue Razz Cherry | Skittles | Blueberry Raspberry | Strawberry Grape | Blueberry Cherry Cranberry | Apple Berry Blast | Cherry Cola | Lemon&amp;Lime | Pink Burst | Pacific Cooler | Ice Pop | Bingo Crush | Vimto Crush | Tobacco<\/p>\n<p class=\"\" data-start=\"2772\" data-end=\"3024\">Avec le <strong data-start=\"2793\" data-end=\"2821\">RandM Tornado 7000 Puffs<\/strong> tu peux t'attendre non seulement \u00e0 des performances puissantes, mais aussi \u00e0 une exp\u00e9rience de vapotage styl\u00e9e que tu peux personnaliser - un appareil qui fait r\u00e9f\u00e9rence en mati\u00e8re de design, de go\u00fbt et d'innovation. Le point fort reste cependant le lumineux <strong data-start=\"1219\" data-end=\"1233\">Conception RGB<\/strong>Le design de la cigarette \u00e9lectronique est un \u00e9l\u00e9ment essentiel de l'exp\u00e9rience de vapotage. (Et franchement, cela attire parfois plus de regards que pr\u00e9vu !)<\/p>","protected":false},"excerpt":{"rendered":"<p>RandM Tornado 7000 Puffs Vape jetable avec 14ml de liquide, batterie 850mAh, lumi\u00e8re RGB et 56 saveurs. Jusqu'\u00e0 7000 bouff\u00e9es.<\/p>","protected":false},"featured_media":11422,"comment_status":"open","ping_status":"closed","template":"","meta":[],"product_brand":[],"product_cat":[18],"product_tag":[],"class_list":{"0":"post-11191","1":"product","2":"type-product","3":"status-publish","4":"has-post-thumbnail","6":"product_cat-randm-fumot-einweg-vape","8":"first","9":"outofstock","10":"shipping-taxable","11":"purchasable","12":"product-type-variable"},"_links":{"self":[{"href":"https:\/\/fumot-vaping.de\/fr\/wp-json\/wp\/v2\/product\/11191","targetHints":{"allow":["GET"]}}],"collection":[{"href":"https:\/\/fumot-vaping.de\/fr\/wp-json\/wp\/v2\/product"}],"about":[{"href":"https:\/\/fumot-vaping.de\/fr\/wp-json\/wp\/v2\/types\/product"}],"replies":[{"embeddable":true,"href":"https:\/\/fumot-vaping.de\/fr\/wp-json\/wp\/v2\/comments?post=11191"}],"version-history":[{"count":3,"href":"https:\/\/fumot-vaping.de\/fr\/wp-json\/wp\/v2\/product\/11191\/revisions"}],"predecessor-version":[{"id":17123,"href":"https:\/\/fumot-vaping.de\/fr\/wp-json\/wp\/v2\/product\/11191\/revisions\/17123"}],"wp:featuredmedia":[{"embeddable":true,"href":"https:\/\/fumot-vaping.de\/fr\/wp-json\/wp\/v2\/media\/11422"}],"wp:attachment":[{"href":"https:\/\/fumot-vaping.de\/fr\/wp-json\/wp\/v2\/media?parent=11191"}],"wp:term":[{"taxonomy":"product_brand","embeddable":true,"href":"https:\/\/fumot-vaping.de\/fr\/wp-json\/wp\/v2\/product_brand?post=11191"},{"taxonomy":"product_cat","embeddable":true,"href":"https:\/\/fumot-vaping.de\/fr\/wp-json\/wp\/v2\/product_cat?post=11191"},{"taxonomy":"product_tag","embeddable":true,"href":"https:\/\/fumot-vaping.de\/fr\/wp-json\/wp\/v2\/product_tag?post=11191"}],"curies":[{"name":"wp","href":"https:\/\/api.w.org\/{rel}","templated":true}]}}