{"id":10954,"date":"2025-06-10T11:27:54","date_gmt":"2025-06-10T11:27:54","guid":{"rendered":"https:\/\/fumot-vaping.de\/?post_type=product&#038;p=10954"},"modified":"2025-08-12T01:33:42","modified_gmt":"2025-08-12T01:33:42","slug":"randm-tornado-7000-puffs-e-cigarette-jetable","status":"publish","type":"product","link":"https:\/\/fumot-vaping.de\/fr\/product\/randm-tornado-7000-puffs-e-cigarette-jetable\/","title":{"rendered":"RandM Tornado 7000 Puffs - E-cigarette jetable"},"content":{"rendered":"<h2 data-start=\"0\" data-end=\"101\"><strong data-start=\"0\" data-end=\"101\">RandM Tornado 7000 Puffs - E-cigarette jetable pour un plaisir durable et un go\u00fbt intense<\/strong><\/h2>\n<p data-start=\"103\" data-end=\"519\">En tant que vapoteur passionn\u00e9, je sais \u00e0 quel point il est important d'avoir un <strong data-start=\"168\" data-end=\"193\">Succ\u00e9dan\u00e9 de cigarette<\/strong> qui soit \u00e0 la fois <strong data-start=\"216\" data-end=\"234\">puissant<\/strong> ainsi que <strong data-start=\"244\" data-end=\"261\">de bon go\u00fbt<\/strong> est de taille. Le site <strong data-start=\"271\" data-end=\"299\">RandM Tornado 7000 Puffs<\/strong> m'a convaincu \u00e0 tous points de vue - non seulement par sa <strong data-start=\"361\" data-end=\"378\">Long\u00e9vit\u00e9<\/strong>mais aussi par sa <strong data-start=\"405\" data-end=\"438\">choix vari\u00e9 de saveurs<\/strong> et les <strong data-start=\"447\" data-end=\"470\">technologie moderne<\/strong>Le vapotage est une v\u00e9ritable exp\u00e9rience.<\/p>\n<h2 data-start=\"521\" data-end=\"580\"><strong data-start=\"525\" data-end=\"580\">Performance \u00e0 long terme pour des sessions de vapotage endurantes<\/strong><\/h2>\n<p data-start=\"582\" data-end=\"1169\">Avec la <strong data-start=\"590\" data-end=\"627\">batterie rechargeable de 850mAh<\/strong> et le <strong data-start=\"636\" data-end=\"666\">Fonction de charge rapide Type-C<\/strong> est le <strong data-start=\"675\" data-end=\"697\">RandM Tornado 7000<\/strong> un appareil qui ne perd jamais de sa puissance. Contrairement \u00e0 de nombreux autres appareils, pour lesquels il faut souvent attendre longtemps le temps de chargement, la <strong data-start=\"843\" data-end=\"867\">Charge rapide Type-C<\/strong> pour que l'appareil soit \u00e0 nouveau pr\u00eat \u00e0 l'emploi en un clin d'\u0153il - et ce sans devoir le recharger constamment pendant le vapotage. Le <strong data-start=\"991\" data-end=\"1013\">RandM Tornado 7000<\/strong> offre <strong data-start=\"1021\" data-end=\"1041\">jusqu'\u00e0 7000 trains<\/strong>Cela signifie pour moi que je peux profiter de plusieurs jours de vapeur sans avoir \u00e0 penser constamment \u00e0 recharger.<\/p>\n<p data-start=\"1171\" data-end=\"1601\">Le site <strong data-start=\"1175\" data-end=\"1214\">14 ml de e-liquide premium pr\u00e9-rempli<\/strong> offrent suffisamment de liquide pour un plaisir durable. Peu importe combien de fois je tire, le <strong data-start=\"1302\" data-end=\"1315\">Go\u00fbt<\/strong> reste toujours intense et inchang\u00e9e. Le site <strong data-start=\"1359\" data-end=\"1377\">Bobine \u00e0 double maille<\/strong> veille \u00e0 ce que la vapeur soit diffus\u00e9e de mani\u00e8re uniforme et que les <strong data-start=\"1441\" data-end=\"1472\">Nuages denses et cors\u00e9s<\/strong> sont. Honn\u00eatement, parfois, j'oublie presque <strong data-start=\"1541\" data-end=\"1556\">Appareil \u00e0 usage unique<\/strong> La performance reste \u00e9lev\u00e9e et constante.<\/p>\n<h2 data-start=\"1603\" data-end=\"1663\"><strong data-start=\"1607\" data-end=\"1663\">Des saveurs vari\u00e9es pour tous les go\u00fbts<\/strong><\/h2>\n<p data-start=\"1665\" data-end=\"1989\">Pour moi, en tant que v\u00e9ritable <strong data-start=\"1685\" data-end=\"1708\">Amateurs de go\u00fbt<\/strong> est la <strong data-start=\"1717\" data-end=\"1739\">Diversit\u00e9 des ar\u00f4mes<\/strong> un facteur d\u00e9cisif. Le site <strong data-start=\"1771\" data-end=\"1793\">RandM Tornado 7000<\/strong> offre un choix impressionnant de <strong data-start=\"1832\" data-end=\"1873\">56 saveurs diff\u00e9rentes<\/strong>Des m\u00e9langes de fruits classiques aux variantes menthol\u00e9es rafra\u00eechissantes. Quelques-uns de mes favoris personnels :<\/p>\n<ul data-start=\"1991\" data-end=\"2459\">\n<li data-start=\"1991\" data-end=\"2065\">\n<p data-start=\"1993\" data-end=\"2065\"><strong data-start=\"1993\" data-end=\"2006\">Cool Mint<\/strong>: Frais et rafra\u00eechissant, parfait pour une consommation quotidienne.<\/p>\n<\/li>\n<li data-start=\"2066\" data-end=\"2171\">\n<p data-start=\"2068\" data-end=\"2171\"><strong data-start=\"2068\" data-end=\"2093\">Past\u00e8que \u00e0 la fraise<\/strong>: La combinaison parfaite de fraises sucr\u00e9es et de past\u00e8que rafra\u00eechissante.<\/p>\n<\/li>\n<li data-start=\"2172\" data-end=\"2271\">\n<p data-start=\"2174\" data-end=\"2271\"><strong data-start=\"2174\" data-end=\"2194\">Blueberry On Ice<\/strong>: Un classique qui allie la douceur des myrtilles \u00e0 un coup de fra\u00eecheur.<\/p>\n<\/li>\n<li data-start=\"2272\" data-end=\"2366\">\n<p data-start=\"2274\" data-end=\"2366\"><strong data-start=\"2274\" data-end=\"2290\">Mango On Ice<\/strong>Mangue tropicale associ\u00e9e \u00e0 une finition glac\u00e9e - parfait pour les journ\u00e9es chaudes.<\/p>\n<\/li>\n<li data-start=\"2367\" data-end=\"2459\">\n<p data-start=\"2369\" data-end=\"2459\"><strong data-start=\"2369\" data-end=\"2386\">Glace mandarine<\/strong>: La douceur fruit\u00e9e de la mandarine avec une composante glac\u00e9e rafra\u00eechissante.<\/p>\n<\/li>\n<\/ul>\n<p data-start=\"2461\" data-end=\"2640\">Ce qui me pla\u00eet le plus, c'est la constance <strong data-start=\"2507\" data-end=\"2530\">Qualit\u00e9 des ar\u00f4mes<\/strong>. M\u00eame apr\u00e8s de nombreuses bouff\u00e9es, le go\u00fbt reste clair et intense - aucun rel\u00e2chement, aucune modification de l'ar\u00f4me.<\/p>\n<h2 data-start=\"2642\" data-end=\"2709\"><strong data-start=\"2646\" data-end=\"2709\">Ergonomie et design - La RandM Tornado 7000 attire l'attention<\/strong><\/h2>\n<p data-start=\"2711\" data-end=\"3168\">Un autre point fort du <strong data-start=\"2738\" data-end=\"2760\">RandM Tornado 7000<\/strong> est le <strong data-start=\"2769\" data-end=\"2787\">design moderne<\/strong>. Le site <strong data-start=\"2793\" data-end=\"2812\">format compact<\/strong> assure une bonne prise en main de l'appareil et un vapotage agr\u00e9able. Ce qui est particuli\u00e8rement cool, c'est le <strong data-start=\"2919\" data-end=\"2938\">Effet de lumi\u00e8re RGB<\/strong>Cet effet visuel fait du vapotage une v\u00e9ritable exp\u00e9rience. C'est presque comme un petit spectacle de lumi\u00e8re qui fait de l'appareil un v\u00e9ritable <strong data-start=\"3115\" data-end=\"3128\">Accroche-regard<\/strong> que ce soit \u00e0 la maison ou en d\u00e9placement.<\/p>\n<p data-start=\"3170\" data-end=\"3450\">Gr\u00e2ce \u00e0 la <strong data-start=\"3179\" data-end=\"3199\">Contr\u00f4le du flux d'air<\/strong> permet d'adapter la r\u00e9sistance au tirage \u00e0 son gr\u00e9. Je peux d\u00e9cider si je veux un <strong data-start=\"3293\" data-end=\"3305\">raffermir<\/strong> bouff\u00e9e pour un go\u00fbt intense ou un <strong data-start=\"3346\" data-end=\"3360\">plus souple<\/strong> C'est une fonction qui me donne beaucoup de flexibilit\u00e9.<\/p>\n<h2 data-start=\"3452\" data-end=\"3549\"><strong data-start=\"3456\" data-end=\"3549\">Conclusion : La RandM Tornado 7000 Puffs - La parfaite vape jetable pour un plaisir de longue dur\u00e9e<\/strong><\/h2>\n<p data-start=\"3551\" data-end=\"3957\">Le site <strong data-start=\"3555\" data-end=\"3583\">RandM Tornado 7000 Puffs<\/strong> n'est pas seulement un autre <strong data-start=\"3611\" data-end=\"3626\">Appareil \u00e0 usage unique<\/strong>mais un v\u00e9ritable <strong data-start=\"3647\" data-end=\"3667\">Monstre de puissance<\/strong>qui convainc \u00e0 tous points de vue. Avec <strong data-start=\"3706\" data-end=\"3727\">jusqu'\u00e0 7000 trains<\/strong>d'une g\u00e9n\u00e9reuse <strong data-start=\"3747\" data-end=\"3776\">capacit\u00e9 de liquide de 14 ml<\/strong> et une large <strong data-start=\"3795\" data-end=\"3812\">Diversit\u00e9 des ar\u00f4mes<\/strong> est ce <strong data-start=\"3824\" data-end=\"3832\">Vape<\/strong> id\u00e9al pour les vapoteurs qui <strong data-start=\"3856\" data-end=\"3874\">longues sessions<\/strong> sans faire de compromis sur la qualit\u00e9. <strong data-start=\"3914\" data-end=\"3926\">Puissance<\/strong> ou <strong data-start=\"3932\" data-end=\"3945\">Go\u00fbt<\/strong> de l'entreprise.<\/p>\n<p data-start=\"3959\" data-end=\"4297\">Pour moi, le <strong data-start=\"3976\" data-end=\"3998\">RandM Tornado 7000<\/strong> le parfait <strong data-start=\"4012\" data-end=\"4032\">Accompagnateur au quotidien<\/strong>Il est toujours pr\u00eat \u00e0 l'emploi lorsque je recherche une exp\u00e9rience de vapotage rapide et intense. Si tu cherches un vaporisateur fiable, puissant et styl\u00e9, je suis l\u00e0. <strong data-start=\"4198\" data-end=\"4213\">Vaporisateur jetable<\/strong> je peux te proposer le <strong data-start=\"4244\" data-end=\"4272\">RandM Tornado 7000 Puffs<\/strong> que je recommande vivement.<\/p>","protected":false},"excerpt":{"rendered":"<p>D\u00e9couvre avec le <strong>RandM Tornado 7000 Puffs<\/strong> une exp\u00e9rience de vapotage puissante et styl\u00e9e : 7000 bouff\u00e9es, batterie de 850mAh, lumi\u00e8re RGB, contr\u00f4le du flux d'air et 56 d\u00e9licieuses saveurs pour un plaisir incomparable.<\/p>","protected":false},"featured_media":11179,"comment_status":"open","ping_status":"closed","template":"","meta":[],"product_brand":[],"product_cat":[18],"product_tag":[91,99,83,90,96],"class_list":{"0":"post-10954","1":"product","2":"type-product","3":"status-publish","4":"has-post-thumbnail","6":"product_cat-randm-fumot-einweg-vape","7":"product_tag-box-stil-fumot-vape","8":"product_tag-crystal-vape","9":"product_tag-fumot-7000-puffs","10":"product_tag-fumot-vape-im-pole-stil","11":"product_tag-nicotine-free-vape","13":"first","14":"outofstock","15":"shipping-taxable","16":"purchasable","17":"product-type-variable"},"_links":{"self":[{"href":"https:\/\/fumot-vaping.de\/fr\/wp-json\/wp\/v2\/product\/10954","targetHints":{"allow":["GET"]}}],"collection":[{"href":"https:\/\/fumot-vaping.de\/fr\/wp-json\/wp\/v2\/product"}],"about":[{"href":"https:\/\/fumot-vaping.de\/fr\/wp-json\/wp\/v2\/types\/product"}],"replies":[{"embeddable":true,"href":"https:\/\/fumot-vaping.de\/fr\/wp-json\/wp\/v2\/comments?post=10954"}],"version-history":[{"count":6,"href":"https:\/\/fumot-vaping.de\/fr\/wp-json\/wp\/v2\/product\/10954\/revisions"}],"predecessor-version":[{"id":15202,"href":"https:\/\/fumot-vaping.de\/fr\/wp-json\/wp\/v2\/product\/10954\/revisions\/15202"}],"wp:featuredmedia":[{"embeddable":true,"href":"https:\/\/fumot-vaping.de\/fr\/wp-json\/wp\/v2\/media\/11179"}],"wp:attachment":[{"href":"https:\/\/fumot-vaping.de\/fr\/wp-json\/wp\/v2\/media?parent=10954"}],"wp:term":[{"taxonomy":"product_brand","embeddable":true,"href":"https:\/\/fumot-vaping.de\/fr\/wp-json\/wp\/v2\/product_brand?post=10954"},{"taxonomy":"product_cat","embeddable":true,"href":"https:\/\/fumot-vaping.de\/fr\/wp-json\/wp\/v2\/product_cat?post=10954"},{"taxonomy":"product_tag","embeddable":true,"href":"https:\/\/fumot-vaping.de\/fr\/wp-json\/wp\/v2\/product_tag?post=10954"}],"curies":[{"name":"wp","href":"https:\/\/api.w.org\/{rel}","templated":true}]}}