{"id":9886,"date":"2025-04-28T10:22:39","date_gmt":"2025-04-28T10:22:39","guid":{"rendered":"https:\/\/fumot-vaping.de\/?page_id=9886"},"modified":"2025-04-30T11:54:35","modified_gmt":"2025-04-30T11:54:35","slug":"politique-de-retour-et-de-remboursement","status":"publish","type":"page","link":"https:\/\/fumot-vaping.de\/fr\/politique-de-retour-et-de-remboursement\/","title":{"rendered":"Politique de retour et de remboursement | FUMOT Vaping"},"content":{"rendered":"<h2 class=\"\" data-start=\"306\" data-end=\"326\">1. droit de r\u00e9tractation<\/h2>\n<p class=\"\" data-start=\"328\" data-end=\"557\">En tant que consommateur, vous avez le droit de vous r\u00e9tracter du contrat d'achat dans un d\u00e9lai de 14 jours sans donner de raisons.<br data-start=\"435\" data-end=\"438\" \/>Le d\u00e9lai de r\u00e9tractation est de 14 jours \u00e0 compter de la date \u00e0 laquelle vous, ou un tiers que vous avez d\u00e9sign\u00e9, avez re\u00e7u la marchandise.<\/p>\n<p class=\"\" data-start=\"559\" data-end=\"775\">Pour exercer votre droit de r\u00e9tractation, veuillez nous envoyer une d\u00e9claration sans \u00e9quivoque par courrier \u00e9lectronique \u00e0 l'adresse suivante<a href=\"mailto:info@fumot-vaping.de\"> <strong data-start=\"653\" data-end=\"677\">info@fumot-vaping.de<\/strong><\/a>.<br data-start=\"678\" data-end=\"681\" \/>Vous pouvez utiliser \u00e0 cet effet notre formulaire de r\u00e9tractation, que nous mettons volontiers \u00e0 votre disposition.<\/p>\n<h2 class=\"\" data-start=\"777\" data-end=\"802\">2. conditions de retour<\/h2>\n<p class=\"\" data-start=\"804\" data-end=\"854\">Pour un retour r\u00e9ussi, veuillez noter<\/p>\n<ul data-start=\"856\" data-end=\"1202\">\n<li class=\"\" data-start=\"856\" data-end=\"922\">\n<p class=\"\" data-start=\"858\" data-end=\"922\">Les marchandises doivent \u00eatre inutilis\u00e9es, non ouvertes et dans leur \u00e9tat d'origine.<\/p>\n<\/li>\n<li class=\"\" data-start=\"923\" data-end=\"1053\">\n<p class=\"\" data-start=\"925\" data-end=\"1053\">Les e-cigarettes, les liquides ou les produits jetables ouverts ou utilis\u00e9s ne peuvent pas \u00eatre retourn\u00e9s pour des raisons d'hygi\u00e8ne.<\/p>\n<\/li>\n<li class=\"\" data-start=\"1054\" data-end=\"1131\">\n<p class=\"\" data-start=\"1056\" data-end=\"1131\">Les retours doivent nous parvenir dans les 14 jours suivant la r\u00e9tractation.<\/p>\n<\/li>\n<li class=\"\" data-start=\"1132\" data-end=\"1202\">\n<p class=\"\" data-start=\"1134\" data-end=\"1202\">Les frais directs de renvoi des marchandises sont \u00e0 la charge de l'acheteur.<\/p>\n<\/li>\n<\/ul>\n<h2 class=\"\" data-start=\"1204\" data-end=\"1222\">3. remboursements<\/h2>\n<p class=\"\" data-start=\"1224\" data-end=\"1280\">D\u00e8s que nous aurons v\u00e9rifi\u00e9 et approuv\u00e9 votre retour :<\/p>\n<ul data-start=\"1282\" data-end=\"1487\">\n<li class=\"\" data-start=\"1282\" data-end=\"1370\">\n<p class=\"\" data-start=\"1284\" data-end=\"1370\">Nous vous remboursons le prix d'achat dans les 14 jours suivant la r\u00e9ception du retour.<\/p>\n<\/li>\n<li class=\"\" data-start=\"1371\" data-end=\"1487\">\n<p class=\"\" data-start=\"1373\" data-end=\"1487\">Le remboursement s'effectue par le m\u00eame moyen de paiement que celui que vous avez utilis\u00e9 pour la transaction initiale.<\/p>\n<\/li>\n<\/ul>\n<p class=\"\" data-start=\"1489\" data-end=\"1595\">Veuillez noter que les frais d'exp\u00e9dition ne sont rembours\u00e9s que si l'ensemble de la commande a \u00e9t\u00e9 annul\u00e9e.<\/p>\n<h2 class=\"\" data-start=\"1597\" data-end=\"1633\">4) Exclusion du droit de r\u00e9tractation<\/h2>\n<p class=\"\" data-start=\"1635\" data-end=\"1672\">Il n'existe pas de droit de r\u00e9tractation pour<\/p>\n<ul data-start=\"1674\" data-end=\"1883\">\n<li class=\"\" data-start=\"1674\" data-end=\"1844\">\n<p class=\"\" data-start=\"1676\" data-end=\"1844\">les biens scell\u00e9s qui ne peuvent \u00eatre renvoy\u00e9s pour des raisons de protection de la sant\u00e9 ou d'hygi\u00e8ne, si leur sceau a \u00e9t\u00e9 retir\u00e9 apr\u00e8s la livraison.<\/p>\n<\/li>\n<li class=\"\" data-start=\"1845\" data-end=\"1883\">\n<p class=\"\" data-start=\"1847\" data-end=\"1883\">produits personnalis\u00e9s.<\/p>\n<\/li>\n<\/ul>\n<h2 class=\"\" data-start=\"1885\" data-end=\"1907\">5. adresse de retour<\/h2>\n<p class=\"\" data-start=\"1909\" data-end=\"1962\">Veuillez renvoyer la marchandise \u00e0 l'adresse suivante :<\/p>\n<p class=\"\" data-start=\"1964\" data-end=\"2034\"><strong data-start=\"1964\" data-end=\"1980\">FUMOT Vaping<\/strong><br data-start=\"1980\" data-end=\"1983\" \/>[ins\u00e9rer ici ton adresse compl\u00e8te de retour].<\/p>\n<h2 class=\"\" data-start=\"2036\" data-end=\"2049\">6. contact<\/h2>\n<p class=\"\" data-start=\"2051\" data-end=\"2121\">Pour toute question concernant les retours ou les remboursements, vous pouvez nous contacter \u00e0 l'adresse suivante :<\/p>\n<p class=\"\" data-start=\"2123\" data-end=\"2192\"><strong data-start=\"2123\" data-end=\"2134\">Courrier \u00e9lectronique :<\/strong><a href=\"mailto:info@fumot-vaping.de\"> info@fumot-vaping.de<\/a><br data-start=\"2155\" data-end=\"2158\" \/><strong data-start=\"2158\" data-end=\"2170\">WhatsApp :<\/strong> [<a href=\"https:\/\/api.whatsapp.com\/send?phone=85259346722&amp;text=Sales%20Specialist\" target=\"_blank\" rel=\"noopener\">+852 59346722<\/a>]<\/p>\n<p><script src=\"chrome-extension:\/\/fpelahbljekknahkcaegamhcndkfpfnc\/iFrame.js\" type=\"text\/javascript\"><\/script><\/p>\n<p><script src=\"chrome-extension:\/\/fpelahbljekknahkcaegamhcndkfpfnc\/iFrame.js\" type=\"text\/javascript\"><\/script><\/p>","protected":false},"excerpt":{"rendered":"<p>1. Widerrufsrecht Als Verbraucher haben Sie das Recht, binnen 14 Tagen ohne Angabe von Gr\u00fcnden den Kaufvertrag zu widerrufen.Die Widerrufsfrist betr\u00e4gt 14 Tage ab dem Tag, an dem Sie oder ein von Ihnen benannter Dritter die Ware erhalten haben. Um Ihr Widerrufsrecht auszu\u00fcben, senden Sie uns bitte eine eindeutige Erkl\u00e4rung per E-Mail an info@fumot-vaping.de.Sie k\u00f6nnen daf\u00fcr unser Widerrufsformular verwenden, das&hellip;<\/p>","protected":false},"author":1,"featured_media":0,"parent":0,"menu_order":0,"comment_status":"closed","ping_status":"closed","template":"","meta":{"footnotes":""},"class_list":["post-9886","page","type-page","status-publish","hentry"],"_links":{"self":[{"href":"https:\/\/fumot-vaping.de\/fr\/wp-json\/wp\/v2\/pages\/9886","targetHints":{"allow":["GET"]}}],"collection":[{"href":"https:\/\/fumot-vaping.de\/fr\/wp-json\/wp\/v2\/pages"}],"about":[{"href":"https:\/\/fumot-vaping.de\/fr\/wp-json\/wp\/v2\/types\/page"}],"author":[{"embeddable":true,"href":"https:\/\/fumot-vaping.de\/fr\/wp-json\/wp\/v2\/users\/1"}],"replies":[{"embeddable":true,"href":"https:\/\/fumot-vaping.de\/fr\/wp-json\/wp\/v2\/comments?post=9886"}],"version-history":[{"count":3,"href":"https:\/\/fumot-vaping.de\/fr\/wp-json\/wp\/v2\/pages\/9886\/revisions"}],"predecessor-version":[{"id":9892,"href":"https:\/\/fumot-vaping.de\/fr\/wp-json\/wp\/v2\/pages\/9886\/revisions\/9892"}],"wp:attachment":[{"href":"https:\/\/fumot-vaping.de\/fr\/wp-json\/wp\/v2\/media?parent=9886"}],"curies":[{"name":"wp","href":"https:\/\/api.w.org\/{rel}","templated":true}]}}