{"id":78,"date":"2018-07-23T13:00:15","date_gmt":"2018-07-23T13:00:15","guid":{"rendered":"https:\/\/fumot-vaping.de\/?page_id=78"},"modified":"2025-04-30T11:40:32","modified_gmt":"2025-04-30T11:40:32","slug":"a-propos-de-nous","status":"publish","type":"page","link":"https:\/\/fumot-vaping.de\/fr\/a-propos-de-nous\/","title":{"rendered":"\u00c0 propos de nous"},"content":{"rendered":"<div data-elementor-type=\"wp-post\" data-elementor-id=\"78\" class=\"elementor elementor-78\" data-elementor-post-type=\"page\">\n\t\t\t\t\t\t<section class=\"elementor-section elementor-top-section elementor-element elementor-element-d190058 elementor-section-boxed elementor-section-height-default elementor-section-height-default\" data-id=\"d190058\" data-element_type=\"section\">\n\t\t\t\t\t\t<div class=\"elementor-container elementor-column-gap-extended\">\n\t\t\t\t\t<div class=\"elementor-column elementor-col-100 elementor-top-column elementor-element elementor-element-405c412 sc_layouts_column_icons_position_left\" data-id=\"405c412\" data-element_type=\"column\">\n\t\t\t<div class=\"elementor-widget-wrap elementor-element-populated\">\n\t\t\t\t\t\t<div class=\"elementor-element elementor-element-5094157 elementor-widget elementor-widget-wp-widget-text\" data-id=\"5094157\" data-element_type=\"widget\" data-widget_type=\"wp-widget-text.default\">\n\t\t\t\t<div class=\"elementor-widget-container\">\n\t\t\t\t\t<aside id=\"wp-widget-text\" class=\"widget wp-widget-text\">\t\t\t<div class=\"textwidget\"><section id=\"about-us\" style=\"padding: 40px\">\n<div class=\"container\">\n<h1>\u00c0 propos de nous<\/h1>\n<p>Bienvenue chez <strong>FUMOT Vaping<\/strong> - votre premi\u00e8re adresse pour des e-cigarettes de qualit\u00e9 en Allemagne.<\/p>\n<p>Depuis notre cr\u00e9ation il y a six ans, nous nous consacrons avec passion au d\u00e9veloppement et \u00e0 la distribution de produits de cigarette \u00e9lectronique innovants, s\u00fbrs et de haute qualit\u00e9. Nous nous concentrons clairement sur le march\u00e9 allemand et europ\u00e9en, o\u00f9 nous nous sommes fait un nom gr\u00e2ce \u00e0 la qualit\u00e9, la fiabilit\u00e9 et l'innovation constante.<\/p>\n<h2>Nos marques<\/h2>\n<ul>\n<li><strong>Bang Vapes<\/strong><\/li>\n<li><strong>Bang Box Vapes<\/strong><\/li>\n<li><strong>ATVS Vapes<\/strong><\/li>\n<li><strong>JNR Vapes<\/strong><\/li>\n<li><strong>Fumot Vapes<\/strong><\/li>\n<\/ul>\n<p>Chaque marque est synonyme de qualit\u00e9 exceptionnelle, de go\u00fbt incomparable et de technologie de pointe. Que vous soyez d\u00e9butant ou vapoteur exp\u00e9riment\u00e9, vous trouverez chez FUMOT le produit parfait pour votre exp\u00e9rience individuelle de la vapeur.<\/p>\n<h2>Pourquoi FUMOT ?<\/h2>\n<ul>\n<li>\u2714\ufe0f Plus de 6 ans d'exp\u00e9rience dans le secteur<\/li>\n<li>\u2714\ufe0f Qualit\u00e9 et s\u00e9curit\u00e9 contr\u00f4l\u00e9es<\/li>\n<li>\u2714\ufe0f Portefeuille de marques diversifi\u00e9<\/li>\n<li>\u2714\ufe0f Recherche et innovation permanentes<\/li>\n<li>\u2714\ufe0f Service local &amp; support rapide en Allemagne<\/li>\n<\/ul>\n<h2>Notre mission<\/h2>\n<p>En tant qu'entreprise ancr\u00e9e localement et \u00e0 vocation internationale, nous mettons tout en \u0153uvre pour contribuer \u00e0 fa\u00e7onner le march\u00e9 de la cigarette \u00e9lectronique en Allemagne et en Europe de mani\u00e8re durable, responsable et innovante.<\/p>\n<p><strong>Nous vous remercions d'avoir choisi FUMOT Vaping.<\/strong> Ensemble, nous fa\u00e7onnons l'avenir du vapotage - innovant, s\u00fbr et passionnant.<\/p>\n<p><em>FUMOT Vaping - Chaque bouff\u00e9e ouvre de nouvelles possibilit\u00e9s.<\/em><\/p>\n<\/p><\/div>\n<\/section>\n<\/div>\n\t\t<\/aside>\t\t\t\t<\/div>\n\t\t\t\t<\/div>\n\t\t\t\t<div class=\"elementor-element elementor-element-ff46d62 elementor-widget elementor-widget-trx_sc_socials\" data-id=\"ff46d62\" data-element_type=\"widget\" data-widget_type=\"trx_sc_socials.default\">\n\t\t\t\t<div class=\"elementor-widget-container\">\n\t\t\t\t\t<div  id=\"trx_sc_socials_1188329254\" \n\t\tclass=\"sc_socials sc_socials_default sc_align_center\"><div class=\"socials_wrap\"><a target=\"_blank\" href=\"https:\/\/api.whatsapp.com\/send?phone=85259346722&#038;text=Sales%20Specialist\" class=\"social_item social_item_style_icons sc_icon_type_icons social_item_type_icons\" rel=\"noopener\"><span class=\"social_icon social_icon_phone\"><span class=\"icon-phone\"><\/span><\/span><\/a><a target=\"_blank\" href=\"mailto:info@fumot-vaping.de\" class=\"social_item social_item_style_icons sc_icon_type_icons social_item_type_icons\"><span class=\"social_icon social_icon_mail\"><span class=\"icon-mail\"><\/span><\/span><\/a><\/div><!-- \/.socials_wrap --><\/div><!-- \/.sc_socials -->\t\t\t\t<\/div>\n\t\t\t\t<\/div>\n\t\t\t\t<div class=\"elementor-element elementor-element-227764d elementor-widget elementor-widget-spacer\" data-id=\"227764d\" data-element_type=\"widget\" data-widget_type=\"spacer.default\">\n\t\t\t\t<div class=\"elementor-widget-container\">\n\t\t\t\t\t\t\t<div class=\"elementor-spacer\">\n\t\t\t<div class=\"elementor-spacer-inner\"><\/div>\n\t\t<\/div>\n\t\t\t\t\t\t<\/div>\n\t\t\t\t<\/div>\n\t\t\t\t\t<\/div>\n\t\t<\/div>\n\t\t\t\t\t<\/div>\n\t\t<\/section>\n\t\t\t\t<section class=\"elementor-section elementor-top-section elementor-element elementor-element-22a3bb5 elementor-section-boxed elementor-section-height-default elementor-section-height-default\" data-id=\"22a3bb5\" data-element_type=\"section\">\n\t\t\t\t\t\t<div class=\"elementor-container elementor-column-gap-extended\">\n\t\t\t\t\t<div class=\"elementor-column elementor-col-33 elementor-top-column elementor-element elementor-element-e8ef249 sc_layouts_column_icons_position_left\" data-id=\"e8ef249\" data-element_type=\"column\">\n\t\t\t<div class=\"elementor-widget-wrap elementor-element-populated\">\n\t\t\t\t\t\t<section class=\"elementor-section elementor-inner-section elementor-element elementor-element-05919d6 elementor-section-boxed elementor-section-height-default elementor-section-height-default\" data-id=\"05919d6\" data-element_type=\"section\">\n\t\t\t\t\t\t<div class=\"elementor-container elementor-column-gap-extended\">\n\t\t\t\t\t<div class=\"elementor-column elementor-col-100 elementor-inner-column elementor-element elementor-element-16d5589 sc_layouts_column_icons_position_left\" data-id=\"16d5589\" data-element_type=\"column\" data-settings=\"{&quot;background_background&quot;:&quot;classic&quot;}\">\n\t\t\t<div class=\"elementor-widget-wrap elementor-element-populated\">\n\t\t\t\t\t\t<div class=\"elementor-element elementor-element-90a6fb0 elementor-widget elementor-widget-spacer\" data-id=\"90a6fb0\" data-element_type=\"widget\" data-widget_type=\"spacer.default\">\n\t\t\t\t<div class=\"elementor-widget-container\">\n\t\t\t\t\t\t\t<div class=\"elementor-spacer\">\n\t\t\t<div class=\"elementor-spacer-inner\"><\/div>\n\t\t<\/div>\n\t\t\t\t\t\t<\/div>\n\t\t\t\t<\/div>\n\t\t\t\t<div class=\"elementor-element elementor-element-5eb95db elementor-widget elementor-widget-trx_sc_title\" data-id=\"5eb95db\" data-element_type=\"widget\" data-widget_type=\"trx_sc_title.default\">\n\t\t\t\t<div class=\"elementor-widget-container\">\n\t\t\t\t\t<div id=\"trx_sc_title_1588004510\"\n\t\tclass=\"sc_title sc_title_accent\"><h4 class=\"sc_item_title sc_title_title sc_align_none sc_item_title_style_accent sc_item_title_tag trx_addons_inline_1338359057\">Qualit\u00e9\t\t<span class=\"mask\" style=\"background-color: #FF0000\"><\/span>\n\t\t<\/h4><\/div><!-- \/.sc_title -->\t\t\t\t<\/div>\n\t\t\t\t<\/div>\n\t\t\t\t<div class=\"elementor-element elementor-element-31eccbf elementor-widget elementor-widget-spacer\" data-id=\"31eccbf\" data-element_type=\"widget\" data-widget_type=\"spacer.default\">\n\t\t\t\t<div class=\"elementor-widget-container\">\n\t\t\t\t\t\t\t<div class=\"elementor-spacer\">\n\t\t\t<div class=\"elementor-spacer-inner\"><\/div>\n\t\t<\/div>\n\t\t\t\t\t\t<\/div>\n\t\t\t\t<\/div>\n\t\t\t\t<div class=\"elementor-element elementor-element-d275425 scheme_dark elementor-widget elementor-widget-text-editor\" data-id=\"d275425\" data-element_type=\"widget\" data-widget_type=\"text-editor.default\">\n\t\t\t\t<div class=\"elementor-widget-container\">\n\t\t\t\t\t\t\t\t\t<p><strong>Chez FUMOT Vaping, nous ne proposons que 100 % authentiques et de haute qualit\u00e9. Nous soutenons fi\u00e8rement chaque marque que nous proposons - pas de contrefa\u00e7on, pas de compromis. Notre objectif est de vous offrir la meilleure exp\u00e9rience de vapotage \u00e0 des prix \u00e9quitables et d'offrir \u00e0 nos clients en Allemagne et dans toute l'Europe une exp\u00e9rience d'achat s\u00fbre et en toute confiance.<\/strong><\/p>\t\t\t\t\t\t\t\t<\/div>\n\t\t\t\t<\/div>\n\t\t\t\t<div class=\"elementor-element elementor-element-79e7aef elementor-widget elementor-widget-spacer\" data-id=\"79e7aef\" data-element_type=\"widget\" data-widget_type=\"spacer.default\">\n\t\t\t\t<div class=\"elementor-widget-container\">\n\t\t\t\t\t\t\t<div class=\"elementor-spacer\">\n\t\t\t<div class=\"elementor-spacer-inner\"><\/div>\n\t\t<\/div>\n\t\t\t\t\t\t<\/div>\n\t\t\t\t<\/div>\n\t\t\t\t\t<\/div>\n\t\t<\/div>\n\t\t\t\t\t<\/div>\n\t\t<\/section>\n\t\t\t\t\t<\/div>\n\t\t<\/div>\n\t\t\t\t<div class=\"elementor-column elementor-col-33 elementor-top-column elementor-element elementor-element-5428053 sc_layouts_column_icons_position_left\" data-id=\"5428053\" data-element_type=\"column\">\n\t\t\t<div class=\"elementor-widget-wrap elementor-element-populated\">\n\t\t\t\t\t\t<section class=\"elementor-section elementor-inner-section elementor-element elementor-element-b6ae573 elementor-section-boxed elementor-section-height-default elementor-section-height-default\" data-id=\"b6ae573\" data-element_type=\"section\">\n\t\t\t\t\t\t<div class=\"elementor-container elementor-column-gap-extended\">\n\t\t\t\t\t<div class=\"elementor-column elementor-col-100 elementor-inner-column elementor-element elementor-element-4ed2130 sc_layouts_column_icons_position_left\" data-id=\"4ed2130\" data-element_type=\"column\" data-settings=\"{&quot;background_background&quot;:&quot;classic&quot;}\">\n\t\t\t<div class=\"elementor-widget-wrap elementor-element-populated\">\n\t\t\t\t\t\t<div class=\"elementor-element elementor-element-69cbdb2 elementor-widget elementor-widget-spacer\" data-id=\"69cbdb2\" data-element_type=\"widget\" data-widget_type=\"spacer.default\">\n\t\t\t\t<div class=\"elementor-widget-container\">\n\t\t\t\t\t\t\t<div class=\"elementor-spacer\">\n\t\t\t<div class=\"elementor-spacer-inner\"><\/div>\n\t\t<\/div>\n\t\t\t\t\t\t<\/div>\n\t\t\t\t<\/div>\n\t\t\t\t<div class=\"elementor-element elementor-element-b732572 elementor-widget elementor-widget-trx_sc_title\" data-id=\"b732572\" data-element_type=\"widget\" data-widget_type=\"trx_sc_title.default\">\n\t\t\t\t<div class=\"elementor-widget-container\">\n\t\t\t\t\t<div id=\"trx_sc_title_371749111\"\n\t\tclass=\"sc_title sc_title_accent\"><h4 class=\"sc_item_title sc_title_title sc_align_none sc_item_title_style_accent sc_item_title_tag trx_addons_inline_1166892398\">Prix\t\t<span class=\"mask\" style=\"background-color: #A100FF\"><\/span>\n\t\t<\/h4><\/div><!-- \/.sc_title -->\t\t\t\t<\/div>\n\t\t\t\t<\/div>\n\t\t\t\t<div class=\"elementor-element elementor-element-9351d29 elementor-widget elementor-widget-spacer\" data-id=\"9351d29\" data-element_type=\"widget\" data-widget_type=\"spacer.default\">\n\t\t\t\t<div class=\"elementor-widget-container\">\n\t\t\t\t\t\t\t<div class=\"elementor-spacer\">\n\t\t\t<div class=\"elementor-spacer-inner\"><\/div>\n\t\t<\/div>\n\t\t\t\t\t\t<\/div>\n\t\t\t\t<\/div>\n\t\t\t\t<div class=\"elementor-element elementor-element-b6e13b2 scheme_dark elementor-widget elementor-widget-text-editor\" data-id=\"b6e13b2\" data-element_type=\"widget\" data-widget_type=\"text-editor.default\">\n\t\t\t\t<div class=\"elementor-widget-container\">\n\t\t\t\t\t\t\t\t\t<p class=\"\" data-start=\"945\" data-end=\"1280\"><strong>Chez FUMOT Vaping, nous sommes fiers d'offrir une qualit\u00e9 premium \u00e0 des prix comp\u00e9titifs. Votre satisfaction est notre priorit\u00e9 absolue - si, pour une raison quelconque, vous n'\u00eates pas enti\u00e8rement satisfait de votre achat, vous pouvez facilement nous retourner le produit et obtenir un remboursement complet.<\/strong><\/p><p class=\"\" data-start=\"1287\" data-end=\"1522\"><strong>Nous nous engageons sur la qualit\u00e9 et l'authenticit\u00e9 de chacun des produits que nous proposons. C'est pourquoi nous offrons \u00e0 nos clients en Allemagne et dans toute l'Europe une garantie de remboursement sans risque - pour une exp\u00e9rience d'achat absolument sans souci.<\/strong><\/p>\t\t\t\t\t\t\t\t<\/div>\n\t\t\t\t<\/div>\n\t\t\t\t<div class=\"elementor-element elementor-element-01d446a elementor-widget elementor-widget-spacer\" data-id=\"01d446a\" data-element_type=\"widget\" data-widget_type=\"spacer.default\">\n\t\t\t\t<div class=\"elementor-widget-container\">\n\t\t\t\t\t\t\t<div class=\"elementor-spacer\">\n\t\t\t<div class=\"elementor-spacer-inner\"><\/div>\n\t\t<\/div>\n\t\t\t\t\t\t<\/div>\n\t\t\t\t<\/div>\n\t\t\t\t\t<\/div>\n\t\t<\/div>\n\t\t\t\t\t<\/div>\n\t\t<\/section>\n\t\t\t\t\t<\/div>\n\t\t<\/div>\n\t\t\t\t<div class=\"elementor-column elementor-col-33 elementor-top-column elementor-element elementor-element-13074bc sc_layouts_column_icons_position_left\" data-id=\"13074bc\" data-element_type=\"column\" data-settings=\"{&quot;background_background&quot;:&quot;classic&quot;}\">\n\t\t\t<div class=\"elementor-widget-wrap elementor-element-populated\">\n\t\t\t\t\t\t<section class=\"elementor-section elementor-inner-section elementor-element elementor-element-b0ca2b1 elementor-section-boxed elementor-section-height-default elementor-section-height-default\" data-id=\"b0ca2b1\" data-element_type=\"section\">\n\t\t\t\t\t\t<div class=\"elementor-container elementor-column-gap-extended\">\n\t\t\t\t\t<div class=\"elementor-column elementor-col-100 elementor-inner-column elementor-element elementor-element-d2efc8e sc_layouts_column_icons_position_left\" data-id=\"d2efc8e\" data-element_type=\"column\" data-settings=\"{&quot;background_background&quot;:&quot;classic&quot;}\">\n\t\t\t<div class=\"elementor-widget-wrap elementor-element-populated\">\n\t\t\t\t\t\t<div class=\"elementor-element elementor-element-f44430e elementor-widget elementor-widget-spacer\" data-id=\"f44430e\" data-element_type=\"widget\" data-widget_type=\"spacer.default\">\n\t\t\t\t<div class=\"elementor-widget-container\">\n\t\t\t\t\t\t\t<div class=\"elementor-spacer\">\n\t\t\t<div class=\"elementor-spacer-inner\"><\/div>\n\t\t<\/div>\n\t\t\t\t\t\t<\/div>\n\t\t\t\t<\/div>\n\t\t\t\t<div class=\"elementor-element elementor-element-42d196a elementor-widget elementor-widget-trx_sc_title\" data-id=\"42d196a\" data-element_type=\"widget\" data-widget_type=\"trx_sc_title.default\">\n\t\t\t\t<div class=\"elementor-widget-container\">\n\t\t\t\t\t<div id=\"trx_sc_title_647019998\"\n\t\tclass=\"sc_title sc_title_accent\"><h4 class=\"sc_item_title sc_title_title sc_align_none sc_item_title_style_accent sc_item_title_tag trx_addons_inline_1747638384\">fournissent\t\t<span class=\"mask\" style=\"background-color: #00A5FF\"><\/span>\n\t\t<\/h4><\/div><!-- \/.sc_title -->\t\t\t\t<\/div>\n\t\t\t\t<\/div>\n\t\t\t\t<div class=\"elementor-element elementor-element-c133114 elementor-widget elementor-widget-spacer\" data-id=\"c133114\" data-element_type=\"widget\" data-widget_type=\"spacer.default\">\n\t\t\t\t<div class=\"elementor-widget-container\">\n\t\t\t\t\t\t\t<div class=\"elementor-spacer\">\n\t\t\t<div class=\"elementor-spacer-inner\"><\/div>\n\t\t<\/div>\n\t\t\t\t\t\t<\/div>\n\t\t\t\t<\/div>\n\t\t\t\t<div class=\"elementor-element elementor-element-6b5e85b scheme_dark elementor-widget elementor-widget-text-editor\" data-id=\"6b5e85b\" data-element_type=\"widget\" data-widget_type=\"text-editor.default\">\n\t\t\t\t<div class=\"elementor-widget-container\">\n\t\t\t\t\t\t\t\t\t<p class=\"\" data-start=\"862\" data-end=\"1003\"><strong>Chez FUMOT Vaping, nous rendons l'exp\u00e9dition simple et \u00e9conomique. \u00c9conomisez 5 % sur les frais de port internationaux \u00e0 chaque commande !<\/strong><\/p><p class=\"\" data-start=\"1010\" data-end=\"1146\"><strong>Choisissez parmi des prestataires de services d'exp\u00e9dition fiables et profitez de la livraison standard gratuite - sans montant minimum de commande.<\/strong><\/p><p class=\"\" data-start=\"1153\" data-end=\"1332\"><strong>Nous sommes fiers d'exp\u00e9dier nos produits \u00e0 l'international, dans de nombreux pays d'Europe et du monde entier, afin que les clients puissent profiter partout des produits de vapotage authentiques et de qualit\u00e9 de FUMOT.<\/strong><\/p>\t\t\t\t\t\t\t\t<\/div>\n\t\t\t\t<\/div>\n\t\t\t\t<div class=\"elementor-element elementor-element-53da498 elementor-widget elementor-widget-spacer\" data-id=\"53da498\" data-element_type=\"widget\" data-widget_type=\"spacer.default\">\n\t\t\t\t<div class=\"elementor-widget-container\">\n\t\t\t\t\t\t\t<div class=\"elementor-spacer\">\n\t\t\t<div class=\"elementor-spacer-inner\"><\/div>\n\t\t<\/div>\n\t\t\t\t\t\t<\/div>\n\t\t\t\t<\/div>\n\t\t\t\t\t<\/div>\n\t\t<\/div>\n\t\t\t\t\t<\/div>\n\t\t<\/section>\n\t\t\t\t\t<\/div>\n\t\t<\/div>\n\t\t\t\t\t<\/div>\n\t\t<\/section>\n\t\t\t\t<\/div>","protected":false},"excerpt":{"rendered":"<p>Qualit\u00e4t Bei FUMOT Vaping bieten wir ausschlie\u00dflich 100 % authentische und hochwertige Produkte an. Wir stehen stolz hinter jeder Marke, die wir f\u00fchren \u2013 keine F\u00e4lschungen, keine Kompromisse. Unser Ziel ist es, Ihnen das beste Dampferlebnis zu fairen Preisen zu erm\u00f6glichen und unseren Kunden in Deutschland und ganz Europa ein sicheres und vertrauensvolles Einkaufserlebnis zu bieten. Preis Bei FUMOT Vaping&hellip;<\/p>","protected":false},"author":1,"featured_media":0,"parent":0,"menu_order":0,"comment_status":"closed","ping_status":"closed","template":"","meta":{"footnotes":""},"class_list":["post-78","page","type-page","status-publish","hentry"],"_links":{"self":[{"href":"https:\/\/fumot-vaping.de\/fr\/wp-json\/wp\/v2\/pages\/78","targetHints":{"allow":["GET"]}}],"collection":[{"href":"https:\/\/fumot-vaping.de\/fr\/wp-json\/wp\/v2\/pages"}],"about":[{"href":"https:\/\/fumot-vaping.de\/fr\/wp-json\/wp\/v2\/types\/page"}],"author":[{"embeddable":true,"href":"https:\/\/fumot-vaping.de\/fr\/wp-json\/wp\/v2\/users\/1"}],"replies":[{"embeddable":true,"href":"https:\/\/fumot-vaping.de\/fr\/wp-json\/wp\/v2\/comments?post=78"}],"version-history":[{"count":19,"href":"https:\/\/fumot-vaping.de\/fr\/wp-json\/wp\/v2\/pages\/78\/revisions"}],"predecessor-version":[{"id":14848,"href":"https:\/\/fumot-vaping.de\/fr\/wp-json\/wp\/v2\/pages\/78\/revisions\/14848"}],"wp:attachment":[{"href":"https:\/\/fumot-vaping.de\/fr\/wp-json\/wp\/v2\/media?parent=78"}],"curies":[{"name":"wp","href":"https:\/\/api.w.org\/{rel}","templated":true}]}}