{"id":33,"date":"2018-07-23T12:03:14","date_gmt":"2018-07-23T12:03:14","guid":{"rendered":"https:\/\/fumot-vaping.de\/?page_id=33"},"modified":"2025-04-30T11:53:14","modified_gmt":"2025-04-30T11:53:14","slug":"politique-de-confidentialite-de-fumot-vaping","status":"publish","type":"page","link":"https:\/\/fumot-vaping.de\/fr\/politique-de-confidentialite-de-fumot-vaping\/","title":{"rendered":"D\u00e9claration de confidentialit\u00e9 | FUMOT Vaping"},"content":{"rendered":"<div data-elementor-type=\"wp-post\" data-elementor-id=\"33\" class=\"elementor elementor-33\" data-elementor-post-type=\"page\">\n\t\t\t\t\t\t<section class=\"elementor-section elementor-top-section elementor-element elementor-element-104ab6c elementor-section-boxed elementor-section-height-default elementor-section-height-default\" data-id=\"104ab6c\" data-element_type=\"section\">\n\t\t\t\t\t\t<div class=\"elementor-container elementor-column-gap-extended\">\n\t\t\t\t\t<div class=\"elementor-column elementor-col-100 elementor-top-column elementor-element elementor-element-261ef40 sc_layouts_column_icons_position_left\" data-id=\"261ef40\" data-element_type=\"column\">\n\t\t\t<div class=\"elementor-widget-wrap elementor-element-populated\">\n\t\t\t\t\t\t<div class=\"elementor-element elementor-element-6738caa elementor-widget elementor-widget-text-editor\" data-id=\"6738caa\" data-element_type=\"widget\" data-widget_type=\"text-editor.default\">\n\t\t\t\t<div class=\"elementor-widget-container\">\n\t\t\t\t\t\t\t\t\t<h2 class=\"\" data-start=\"146\" data-end=\"162\">1\u00e8re introduction<\/h2><p class=\"\" data-start=\"164\" data-end=\"504\">Bienvenue sur <strong data-start=\"179\" data-end=\"198\">fumot-vaping.fr<\/strong> (ci-apr\u00e8s d\u00e9nomm\u00e9 \"site web\"). Nous attachons une grande importance \u00e0 la protection de vos donn\u00e9es personnelles. Par la pr\u00e9sente d\u00e9claration de protection des donn\u00e9es, nous vous informons sur les donn\u00e9es personnelles que nous collectons, sur la mani\u00e8re dont nous les utilisons, sur la mani\u00e8re dont nous les prot\u00e9geons et sur les droits dont vous disposez en ce qui concerne vos donn\u00e9es.<\/p><h2 class=\"\" data-start=\"506\" data-end=\"526\">2. donn\u00e9es collect\u00e9es<\/h2><p class=\"\" data-start=\"528\" data-end=\"602\">Nous pouvons collecter les donn\u00e9es suivantes dans le cadre de votre utilisation de notre site web :<\/p><ul data-start=\"604\" data-end=\"943\"><li class=\"\" data-start=\"604\" data-end=\"678\"><p class=\"\" data-start=\"606\" data-end=\"678\"><strong data-start=\"606\" data-end=\"625\">Donn\u00e9es d'identit\u00e9<\/strong> (p. ex. nom, adresse, num\u00e9ro de t\u00e9l\u00e9phone, adresse \u00e9lectronique)<\/p><\/li><li class=\"\" data-start=\"679\" data-end=\"733\"><p class=\"\" data-start=\"681\" data-end=\"733\"><strong data-start=\"681\" data-end=\"695\">Donn\u00e9es du compte<\/strong> (par ex. nom d'utilisateur, historique des commandes)<\/p><\/li><li class=\"\" data-start=\"734\" data-end=\"797\"><p class=\"\" data-start=\"736\" data-end=\"797\"><strong data-start=\"736\" data-end=\"753\">Donn\u00e9es de paiement<\/strong> (trait\u00e9es par des prestataires de paiement s\u00e9curis\u00e9s)<\/p><\/li><li class=\"\" data-start=\"798\" data-end=\"886\"><p class=\"\" data-start=\"800\" data-end=\"886\"><strong data-start=\"800\" data-end=\"820\">Donn\u00e9es techniques<\/strong> (par ex. adresse IP, type de navigateur, temps d'acc\u00e8s, comportement d'utilisation)<\/p><\/li><li class=\"\" data-start=\"887\" data-end=\"943\"><p class=\"\" data-start=\"889\" data-end=\"943\"><strong data-start=\"889\" data-end=\"927\">Cookies et informations de suivi<\/strong> (voir point 5)<\/p><\/li><\/ul><h2 class=\"\" data-start=\"945\" data-end=\"978\">3) les finalit\u00e9s d'utilisation des donn\u00e9es<\/h2><p class=\"\" data-start=\"980\" data-end=\"1043\">Nous utilisons vos donn\u00e9es personnelles aux fins suivantes :<\/p><ul data-start=\"1045\" data-end=\"1363\"><li class=\"\" data-start=\"1045\" data-end=\"1088\"><p class=\"\" data-start=\"1047\" data-end=\"1088\">Traitement et exp\u00e9dition de vos commandes<\/p><\/li><li class=\"\" data-start=\"1089\" data-end=\"1138\"><p class=\"\" data-start=\"1091\" data-end=\"1138\">Gestion de votre compte client et service client<\/p><\/li><li class=\"\" data-start=\"1139\" data-end=\"1208\"><p class=\"\" data-start=\"1141\" data-end=\"1208\">Optimisation du site web et am\u00e9lioration de la convivialit\u00e9<\/p><\/li><li class=\"\" data-start=\"1209\" data-end=\"1283\"><p class=\"\" data-start=\"1211\" data-end=\"1283\">Respect des obligations l\u00e9gales (par exemple, exigences fiscales)<\/p><\/li><li class=\"\" data-start=\"1284\" data-end=\"1363\"><p class=\"\" data-start=\"1286\" data-end=\"1363\">Envoi de communications marketing (uniquement avec votre consentement explicite)<\/p><\/li><\/ul><h2 class=\"\" data-start=\"1365\" data-end=\"1401\">4. transmission de donn\u00e9es \u00e0 des tiers<\/h2><p class=\"\" data-start=\"1403\" data-end=\"1469\">Vos donn\u00e9es ne seront transmises \u00e0 des tiers que dans les cas suivants :<\/p><ul data-start=\"1471\" data-end=\"1662\"><li class=\"\" data-start=\"1471\" data-end=\"1541\"><p class=\"\" data-start=\"1473\" data-end=\"1541\">Prestataire de services d'exp\u00e9dition (par ex. DHL, UPS) pour la livraison de votre commande<\/p><\/li><li class=\"\" data-start=\"1542\" data-end=\"1619\"><p class=\"\" data-start=\"1544\" data-end=\"1619\">Prestataires de services de paiement (par ex. PayPal, Klarna) pour le traitement de vos paiements<\/p><\/li><li class=\"\" data-start=\"1620\" data-end=\"1662\"><p class=\"\" data-start=\"1622\" data-end=\"1662\">Autorit\u00e9s, si la loi l'exige<\/p><\/li><\/ul><p class=\"\" data-start=\"1664\" data-end=\"1740\">Nous ne vendons ni ne louons jamais vos donn\u00e9es personnelles \u00e0 des tiers.<\/p><h2 class=\"\" data-start=\"1742\" data-end=\"1781\">5. cookies et technologies de suivi<\/h2><p class=\"\" data-start=\"1783\" data-end=\"1916\">Notre site web utilise des cookies et des technologies similaires pour vous offrir une meilleure exp\u00e9rience utilisateur. Les cookies nous aident \u00e0 atteindre cet objectif :<\/p><ul data-start=\"1918\" data-end=\"2078\"><li class=\"\" data-start=\"1918\" data-end=\"1971\"><p class=\"\" data-start=\"1920\" data-end=\"1971\">enregistrer vos donn\u00e9es de connexion et le contenu de votre panier d'achat<\/p><\/li><li class=\"\" data-start=\"1972\" data-end=\"2024\"><p class=\"\" data-start=\"1974\" data-end=\"2024\">analyser le trafic du site et le comportement des utilisateurs<\/p><\/li><li class=\"\" data-start=\"2025\" data-end=\"2078\"><p class=\"\" data-start=\"2027\" data-end=\"2078\">d'adapter le contenu \u00e0 vos besoins individuels<\/p><\/li><\/ul><p class=\"\" data-start=\"2080\" data-end=\"2260\">Vous pouvez d\u00e9sactiver ou supprimer les cookies via les param\u00e8tres de votre navigateur. Veuillez noter que cela peut affecter certaines fonctionnalit\u00e9s du site.<\/p><h2 class=\"\" data-start=\"2262\" data-end=\"2283\">6. s\u00e9curit\u00e9 des donn\u00e9es<\/h2><p class=\"\" data-start=\"2285\" data-end=\"2528\">Nous mettons en \u0153uvre des mesures techniques et organisationnelles afin de prot\u00e9ger vos donn\u00e9es personnelles contre tout acc\u00e8s non autoris\u00e9, toute perte ou tout abus. Ces mesures comprennent, entre autres, le cryptage SSL, la protection par pare-feu et les syst\u00e8mes de contr\u00f4le d'acc\u00e8s.<\/p><h2 class=\"\" data-start=\"2530\" data-end=\"2547\">7. vos droits<\/h2><p class=\"\" data-start=\"2549\" data-end=\"2625\">Dans le cadre du r\u00e8glement g\u00e9n\u00e9ral sur la protection des donn\u00e9es (RGPD), vous disposez des droits suivants :<\/p><ul data-start=\"2627\" data-end=\"2995\"><li class=\"\" data-start=\"2627\" data-end=\"2692\"><p class=\"\" data-start=\"2629\" data-end=\"2692\">Renseignements sur les donn\u00e9es personnelles que nous avons enregistr\u00e9es<\/p><\/li><li class=\"\" data-start=\"2693\" data-end=\"2764\"><p class=\"\" data-start=\"2695\" data-end=\"2764\">Rectification des donn\u00e9es inexactes ou compl\u00e9tude des donn\u00e9es incompl\u00e8tes<\/p><\/li><li class=\"\" data-start=\"2765\" data-end=\"2817\"><p class=\"\" data-start=\"2767\" data-end=\"2817\">Effacement de vos donn\u00e9es (\"droit \u00e0 l'oubli\")<\/p><\/li><li class=\"\" data-start=\"2818\" data-end=\"2850\"><p class=\"\" data-start=\"2820\" data-end=\"2850\">Limitation du traitement<\/p><\/li><li class=\"\" data-start=\"2851\" data-end=\"2887\"><p class=\"\" data-start=\"2853\" data-end=\"2887\">Opposition au traitement<\/p><\/li><li class=\"\" data-start=\"2888\" data-end=\"2955\"><p class=\"\" data-start=\"2890\" data-end=\"2955\">R\u00e9vocation d'un consentement donn\u00e9 avec effet pour l'avenir<\/p><\/li><li class=\"\" data-start=\"2956\" data-end=\"2995\"><p class=\"\" data-start=\"2958\" data-end=\"2995\">Plainte aupr\u00e8s d'une autorit\u00e9 de contr\u00f4le<\/p><\/li><\/ul><p class=\"\" data-start=\"2997\" data-end=\"3095\">Pour exercer vos droits, veuillez nous contacter aux coordonn\u00e9es indiqu\u00e9es ci-dessous.<\/p><h2 class=\"\" data-start=\"3097\" data-end=\"3110\">8. contact<\/h2><p class=\"\" data-start=\"3112\" data-end=\"3201\">Pour toute question concernant la protection des donn\u00e9es ou l'exercice de vos droits, veuillez vous adresser \u00e0 :<\/p><p class=\"\" data-start=\"3203\" data-end=\"3316\"><strong data-start=\"3203\" data-end=\"3219\">FUMOT Vaping<\/strong><br data-start=\"3219\" data-end=\"3222\" \/>Courrier \u00e9lectronique : <a href=\"mailto:info@fumot-vaping.de\">[info@fumot-vaping.de<\/a>]<br data-start=\"3252\" data-end=\"3255\" \/>WhatsApp : [<a href=\"https:\/\/api.whatsapp.com\/send?phone=85259346722&amp;text=Sales%20Specialist\" rel=\"nofollow noopener\" target=\"_blank\">+852 59346722<\/a>]<\/p><hr class=\"\" data-start=\"3318\" data-end=\"3321\" \/><h1 class=\"\" data-start=\"3323\" data-end=\"3333\">Remarques<\/h1><ul data-start=\"3334\" data-end=\"3576\"><li class=\"\" data-start=\"3334\" data-end=\"3507\"><p class=\"\" data-start=\"3336\" data-end=\"3507\">Nous nous r\u00e9servons le droit de modifier occasionnellement la pr\u00e9sente d\u00e9claration de protection des donn\u00e9es afin de l'adapter aux nouvelles exigences l\u00e9gales ou aux modifications de nos services.<\/p><\/li><li class=\"\" data-start=\"3508\" data-end=\"3576\"><p class=\"\" data-start=\"3510\" data-end=\"3576\">La version la plus r\u00e9cente est publi\u00e9e sur cette page.<\/p><\/li><\/ul>\t\t\t\t\t\t\t\t<\/div>\n\t\t\t\t<\/div>\n\t\t\t\t\t<\/div>\n\t\t<\/div>\n\t\t\t\t\t<\/div>\n\t\t<\/section>\n\t\t\t\t<\/div>","protected":false},"excerpt":{"rendered":"<p>1. Einleitung Willkommen auf fumot-vaping.de (im Folgenden &#8222;Website&#8220;). Der Schutz Ihrer personenbezogenen Daten ist uns ein wichtiges Anliegen. Mit dieser Datenschutzerkl\u00e4rung informieren wir Sie dar\u00fcber, welche personenbezogenen Daten wir erheben, wie wir diese verwenden, wie wir sie sch\u00fctzen und welche Rechte Sie im Hinblick auf Ihre Daten haben. 2. Erhobene Daten Wir k\u00f6nnen im Rahmen Ihrer Nutzung unserer Website folgende&hellip;<\/p>","protected":false},"author":1,"featured_media":0,"parent":0,"menu_order":0,"comment_status":"closed","ping_status":"closed","template":"","meta":{"footnotes":""},"class_list":["post-33","page","type-page","status-publish","hentry"],"_links":{"self":[{"href":"https:\/\/fumot-vaping.de\/fr\/wp-json\/wp\/v2\/pages\/33","targetHints":{"allow":["GET"]}}],"collection":[{"href":"https:\/\/fumot-vaping.de\/fr\/wp-json\/wp\/v2\/pages"}],"about":[{"href":"https:\/\/fumot-vaping.de\/fr\/wp-json\/wp\/v2\/types\/page"}],"author":[{"embeddable":true,"href":"https:\/\/fumot-vaping.de\/fr\/wp-json\/wp\/v2\/users\/1"}],"replies":[{"embeddable":true,"href":"https:\/\/fumot-vaping.de\/fr\/wp-json\/wp\/v2\/comments?post=33"}],"version-history":[{"count":5,"href":"https:\/\/fumot-vaping.de\/fr\/wp-json\/wp\/v2\/pages\/33\/revisions"}],"predecessor-version":[{"id":15041,"href":"https:\/\/fumot-vaping.de\/fr\/wp-json\/wp\/v2\/pages\/33\/revisions\/15041"}],"wp:attachment":[{"href":"https:\/\/fumot-vaping.de\/fr\/wp-json\/wp\/v2\/media?parent=33"}],"curies":[{"name":"wp","href":"https:\/\/api.w.org\/{rel}","templated":true}]}}