{"id":9911,"date":"2025-04-29T08:33:01","date_gmt":"2025-04-29T08:33:01","guid":{"rendered":"https:\/\/fumot-vaping.de\/?post_type=product&#038;p=9911"},"modified":"2025-10-11T08:27:43","modified_gmt":"2025-10-11T08:27:43","slug":"fumot-tornado-20000-puffs-2","status":"publish","type":"product","link":"https:\/\/fumot-vaping.de\/es\/product\/fumot-tornado-20000-puffs-2\/","title":{"rendered":"Fumot Tornado 20000 Puffs, Fumot Tornado Vape, Vape desechable 20000 Puffs"},"content":{"rendered":"<h2 data-start=\"128\" data-end=\"216\"><strong>Fumot Tornado 20000 Puffs Vape DesechablePotencia y sabor a la perfecci\u00f3n<\/strong><\/h2>\n<p class=\"\" data-start=\"319\" data-end=\"660\">Fumot <strong>Vapeador desechable Tornado 20000 Puffs<\/strong>\u00a0ha sido desarrollado para los vapeadores que buscan un dispositivo de m\u00e1xima resistencia y rendimiento intensivo. Con una incre\u00edble capacidad de hasta <strong data-start=\"508\" data-end=\"524\">20.000 Puffs<\/strong> este modelo de vapeador ofrece un uso excepcionalmente duradero, o mejor dicho: una aventura de vapeo que casi nunca termina.<\/p>\n<p class=\"\" data-start=\"662\" data-end=\"983\">Equipado con un potente <strong data-start=\"693\" data-end=\"730\">Bater\u00eda recargable de 850 mAh<\/strong> el Fumot Tornado garantiza un rendimiento constante y fiable. Y gracias a <strong data-start=\"805\" data-end=\"829\">Carga r\u00e1pida Tipo-C<\/strong> el proceso de carga sigue siendo agradablemente corto. (De repente he tenido que pensar en lo molesto que era antes cargar durante horas, \u00a1qu\u00e9 diferencia ahora!)<\/p>\n<p class=\"\" data-start=\"985\" data-end=\"1274\">Lo que lo hace realmente especial: la combinaci\u00f3n de <strong data-start=\"1039\" data-end=\"1069\">Bobina de malla con tecnolog\u00eda 1.0\u03a9<\/strong> y <strong data-start=\"1074\" data-end=\"1099\">30 ml de e-l\u00edquido premium<\/strong>. Esto crea nubes densas, sabores intensos y una calada extremadamente uniforme, perfectamente equilibrada, tanto si prefiere una inhalaci\u00f3n m\u00e1s firme como m\u00e1s suave.<\/p>\n<p class=\"\" data-start=\"1276\" data-end=\"1485\">Todo se complementa con un dise\u00f1o elegante y moderno: un vapeador que tiene tan buen aspecto como rendimiento.<\/p>\n<h2 data-start=\"1600\" data-end=\"1641\"><strong data-start=\"1600\" data-end=\"1641\">Fumot Tornado 20000 Puffs - Caracter\u00edsticas:<\/strong><\/h2>\n<ul data-start=\"1643\" data-end=\"1991\">\n<li class=\"\" data-start=\"1643\" data-end=\"1667\">\n<p class=\"\" data-start=\"1645\" data-end=\"1667\">Hasta <strong data-start=\"1652\" data-end=\"1667\">20.000 trenes<\/strong><\/p>\n<\/li>\n<li class=\"\" data-start=\"1668\" data-end=\"1703\">\n<p class=\"\" data-start=\"1670\" data-end=\"1703\"><strong data-start=\"1670\" data-end=\"1680\">850mAh<\/strong> Bater\u00eda recargable<\/p>\n<\/li>\n<li class=\"\" data-start=\"1704\" data-end=\"1730\">\n<p class=\"\" data-start=\"1706\" data-end=\"1730\"><strong data-start=\"1706\" data-end=\"1730\">Carga r\u00e1pida Tipo-C<\/strong><\/p>\n<\/li>\n<li class=\"\" data-start=\"1731\" data-end=\"1771\">\n<p class=\"\" data-start=\"1733\" data-end=\"1771\"><strong data-start=\"1733\" data-end=\"1741\">30 ml<\/strong> E-l\u00edquido premium precargado<\/p>\n<\/li>\n<li class=\"\" data-start=\"1772\" data-end=\"1825\">\n<p class=\"\" data-start=\"1774\" data-end=\"1825\"><strong data-start=\"1774\" data-end=\"1792\">Bobina de malla de 1,0\u03a9<\/strong> para un mejor desarrollo del sabor<\/p>\n<\/li>\n<li class=\"\" data-start=\"1826\" data-end=\"1868\">\n<p class=\"\" data-start=\"1828\" data-end=\"1868\">0%, 2%, 3%, 5% Opciones de nicotina disponibles<\/p>\n<\/li>\n<li class=\"\" data-start=\"1869\" data-end=\"1909\">\n<p class=\"\" data-start=\"1871\" data-end=\"1909\"><strong data-start=\"1871\" data-end=\"1909\">30 sabores disponibles<\/strong><\/p>\n<\/li>\n<li class=\"\" data-start=\"1910\" data-end=\"1954\">\n<p class=\"\" data-start=\"1912\" data-end=\"1954\">160 unidades por caja \/ peso de la caja: 21 kg<\/p>\n<\/li>\n<li class=\"\" data-start=\"1955\" data-end=\"1991\">\n<p class=\"\" data-start=\"1957\" data-end=\"1991\">Tama\u00f1o del cart\u00f3n: 47,1 \u00d7 30,7 \u00d7 28,5 cm<span style=\"color: #1d1d1d; font-family: Montserrat, sans-serif; font-size: 2.3571em; letter-spacing: -0.3px;\">\u00a0 \u00a0 \u00a0<\/span><\/p>\n<\/li>\n<\/ul>\n<p><strong><span style=\"color: #1d1d1d; font-family: Montserrat, sans-serif; font-size: 2.3571em; letter-spacing: -0.3px;\">Lista de sabores<\/span><\/strong><\/p>\n<ol data-start=\"2049\" data-end=\"2550\">\n<li class=\"\" data-start=\"2049\" data-end=\"2073\">\n<p class=\"\" data-start=\"2052\" data-end=\"2073\">Sand\u00eda con fresa<\/p>\n<\/li>\n<li class=\"\" data-start=\"2074\" data-end=\"2096\">\n<p class=\"\" data-start=\"2077\" data-end=\"2096\">Ar\u00e1ndano Frambuesa<\/p>\n<\/li>\n<li class=\"\" data-start=\"2097\" data-end=\"2109\">\n<p class=\"\" data-start=\"2100\" data-end=\"2109\">Mango Ice<\/p>\n<\/li>\n<li class=\"\" data-start=\"2110\" data-end=\"2137\">\n<p class=\"\" data-start=\"2113\" data-end=\"2137\">Kiwi Fruta de la pasi\u00f3n Guayaba<\/p>\n<\/li>\n<li class=\"\" data-start=\"2138\" data-end=\"2150\">\n<p class=\"\" data-start=\"2141\" data-end=\"2150\">Hielo de uva<\/p>\n<\/li>\n<li class=\"\" data-start=\"2151\" data-end=\"2164\">\n<p class=\"\" data-start=\"2154\" data-end=\"2164\">Hielo de pl\u00e1tano<\/p>\n<\/li>\n<li class=\"\" data-start=\"2165\" data-end=\"2176\">\n<p class=\"\" data-start=\"2168\" data-end=\"2176\">Cola Ice<\/p>\n<\/li>\n<li class=\"\" data-start=\"2177\" data-end=\"2189\">\n<p class=\"\" data-start=\"2180\" data-end=\"2189\">Melocot\u00f3n helado<\/p>\n<\/li>\n<li class=\"\" data-start=\"2190\" data-end=\"2206\">\n<p class=\"\" data-start=\"2193\" data-end=\"2206\">Pi\u00f1a helada<\/p>\n<\/li>\n<li class=\"\" data-start=\"2207\" data-end=\"2223\">\n<p class=\"\" data-start=\"2211\" data-end=\"2223\">Bebida energ\u00e9tica<\/p>\n<\/li>\n<li class=\"\" data-start=\"2224\" data-end=\"2241\">\n<p class=\"\" data-start=\"2228\" data-end=\"2241\">Hielo de ar\u00e1ndanos<\/p>\n<\/li>\n<li class=\"\" data-start=\"2242\" data-end=\"2260\">\n<p class=\"\" data-start=\"2246\" data-end=\"2260\">Hielo de sand\u00eda<\/p>\n<\/li>\n<li class=\"\" data-start=\"2261\" data-end=\"2282\">\n<p class=\"\" data-start=\"2265\" data-end=\"2282\">Fresa Pl\u00e1tano<\/p>\n<\/li>\n<li class=\"\" data-start=\"2283\" data-end=\"2297\">\n<p class=\"\" data-start=\"2287\" data-end=\"2297\">Cereza helada<\/p>\n<\/li>\n<li class=\"\" data-start=\"2298\" data-end=\"2313\">\n<p class=\"\" data-start=\"2302\" data-end=\"2313\">Manzana Melocot\u00f3n<\/p>\n<\/li>\n<li class=\"\" data-start=\"2314\" data-end=\"2331\">\n<p class=\"\" data-start=\"2318\" data-end=\"2331\">Mezcla de bayas<\/p>\n<\/li>\n<li class=\"\" data-start=\"2332\" data-end=\"2346\">\n<p class=\"\" data-start=\"2336\" data-end=\"2346\">Hielo de lichi<\/p>\n<\/li>\n<li class=\"\" data-start=\"2347\" data-end=\"2361\">\n<p class=\"\" data-start=\"2351\" data-end=\"2361\">Menta lim\u00f3n<\/p>\n<\/li>\n<li class=\"\" data-start=\"2362\" data-end=\"2378\">\n<p class=\"\" data-start=\"2366\" data-end=\"2378\">Manzana doble<\/p>\n<\/li>\n<li class=\"\" data-start=\"2379\" data-end=\"2395\">\n<p class=\"\" data-start=\"2383\" data-end=\"2395\">Algod\u00f3n de az\u00facar<\/p>\n<\/li>\n<li class=\"\" data-start=\"2396\" data-end=\"2409\">\n<p class=\"\" data-start=\"2400\" data-end=\"2409\">Menta fresca<\/p>\n<\/li>\n<li class=\"\" data-start=\"2410\" data-end=\"2422\">\n<p class=\"\" data-start=\"2414\" data-end=\"2422\">Hielo exuberante<\/p>\n<\/li>\n<li class=\"\" data-start=\"2423\" data-end=\"2439\">\n<p class=\"\" data-start=\"2427\" data-end=\"2439\">Grosella negra<\/p>\n<\/li>\n<li class=\"\" data-start=\"2440\" data-end=\"2456\">\n<p class=\"\" data-start=\"2444\" data-end=\"2456\">Naranja Mango<\/p>\n<\/li>\n<li class=\"\" data-start=\"2457\" data-end=\"2469\">\n<p class=\"\" data-start=\"2461\" data-end=\"2469\">Bolos<\/p>\n<\/li>\n<li class=\"\" data-start=\"2470\" data-end=\"2484\">\n<p class=\"\" data-start=\"2474\" data-end=\"2484\">Manzana \u00e1cida<\/p>\n<\/li>\n<li class=\"\" data-start=\"2485\" data-end=\"2501\">\n<p class=\"\" data-start=\"2489\" data-end=\"2501\">Red Bull Ice<\/p>\n<\/li>\n<li class=\"\" data-start=\"2502\" data-end=\"2515\">\n<p class=\"\" data-start=\"2506\" data-end=\"2515\">Mezcla de bayas<\/p>\n<\/li>\n<li class=\"\" data-start=\"2516\" data-end=\"2529\">\n<p class=\"\" data-start=\"2520\" data-end=\"2529\">Mel\u00f3n helado<\/p>\n<\/li>\n<li class=\"\" data-start=\"2530\" data-end=\"2550\">\n<p class=\"\" data-start=\"2534\" data-end=\"2550\">Mango Fresa Precargado con l\u00edquidos de alta calidad en <strong data-start=\"1315\" data-end=\"1354\">30 apasionantes sabores<\/strong>de afrutado y fresco a dulce y cremoso, el <strong>Fumot Tornado 20000 Puffs<\/strong> una experiencia para todos los gustos<\/p>\n<\/li>\n<\/ol>","protected":false},"excerpt":{"rendered":"<p>Fumot Tornado 20000 Puffs: Bater\u00eda de 850mAh, 30ml de e-liquid, carga r\u00e1pida Tipo-C, bobina de malla y 30 sabores - para una experiencia de vapeo potente y duradera.<\/p>","protected":false},"featured_media":10035,"comment_status":"open","ping_status":"closed","template":"","meta":[],"product_brand":[],"product_cat":[18],"product_tag":[91,87],"class_list":{"0":"post-9911","1":"product","2":"type-product","3":"status-publish","4":"has-post-thumbnail","6":"product_cat-randm-fumot-einweg-vape","7":"product_tag-box-stil-fumot-vape","8":"product_tag-fumot-20000-puffs","10":"first","11":"outofstock","12":"shipping-taxable","13":"purchasable","14":"product-type-variable"},"_links":{"self":[{"href":"https:\/\/fumot-vaping.de\/es\/wp-json\/wp\/v2\/product\/9911","targetHints":{"allow":["GET"]}}],"collection":[{"href":"https:\/\/fumot-vaping.de\/es\/wp-json\/wp\/v2\/product"}],"about":[{"href":"https:\/\/fumot-vaping.de\/es\/wp-json\/wp\/v2\/types\/product"}],"replies":[{"embeddable":true,"href":"https:\/\/fumot-vaping.de\/es\/wp-json\/wp\/v2\/comments?post=9911"}],"version-history":[{"count":2,"href":"https:\/\/fumot-vaping.de\/es\/wp-json\/wp\/v2\/product\/9911\/revisions"}],"predecessor-version":[{"id":14554,"href":"https:\/\/fumot-vaping.de\/es\/wp-json\/wp\/v2\/product\/9911\/revisions\/14554"}],"wp:featuredmedia":[{"embeddable":true,"href":"https:\/\/fumot-vaping.de\/es\/wp-json\/wp\/v2\/media\/10035"}],"wp:attachment":[{"href":"https:\/\/fumot-vaping.de\/es\/wp-json\/wp\/v2\/media?parent=9911"}],"wp:term":[{"taxonomy":"product_brand","embeddable":true,"href":"https:\/\/fumot-vaping.de\/es\/wp-json\/wp\/v2\/product_brand?post=9911"},{"taxonomy":"product_cat","embeddable":true,"href":"https:\/\/fumot-vaping.de\/es\/wp-json\/wp\/v2\/product_cat?post=9911"},{"taxonomy":"product_tag","embeddable":true,"href":"https:\/\/fumot-vaping.de\/es\/wp-json\/wp\/v2\/product_tag?post=9911"}],"curies":[{"name":"wp","href":"https:\/\/api.w.org\/{rel}","templated":true}]}}