{"id":9827,"date":"2025-05-28T03:57:28","date_gmt":"2025-05-28T03:57:28","guid":{"rendered":"https:\/\/fumot-vaping.de\/?post_type=product&#038;p=9827"},"modified":"2025-09-15T08:13:37","modified_gmt":"2025-09-15T08:13:37","slug":"randm-tornado-9000-pro-puffs","status":"publish","type":"product","link":"https:\/\/fumot-vaping.de\/es\/product\/randm-tornado-9000-pro-puffs\/","title":{"rendered":"Vapeador desechable RandM Tornado 9000 Pro Puffs - sabor Mr Blue"},"content":{"rendered":"<h2 data-start=\"182\" data-end=\"303\"><strong data-start=\"198\" data-end=\"230\">RandM Tornado 9000 Pro Puffs<\/strong>, <strong data-start=\"232\" data-end=\"263\">RandM Tornado 9000 Pro Vape<\/strong>,<strong data-start=\"198\" data-end=\"230\">RandM<\/strong>\u00a0 <strong data-start=\"265\" data-end=\"280\">Vape desechable<\/strong>, <strong data-start=\"282\" data-end=\"303\">El sabor de Mr Blue<\/strong><\/h2>\n<p class=\"\" data-start=\"310\" data-end=\"605\">El vapeador desechable RandM Tornado 9000 Pro Puffs ha sido desarrollado para vapeadores que buscan una experiencia de vapeo potente, duradera y excitante. Con hasta <strong data-start=\"471\" data-end=\"485\">9000 trenes<\/strong> este aparato ofrece una vida \u00fatil excepcionalmente larga, o mejor dicho, un aut\u00e9ntico milagro de vapor a larga distancia.<\/p>\n<p class=\"\" data-start=\"607\" data-end=\"921\">Impulsado por un <strong data-start=\"629\" data-end=\"662\">Bater\u00eda recargable de 600 mAh<\/strong>la Tornado 9000 Pro ofrece un rendimiento constante y eficiente. El <strong data-start=\"729\" data-end=\"753\">Carga r\u00e1pida Tipo-C<\/strong> garantiza que las interrupciones de carga se reduzcan al m\u00ednimo - tuve que sonre\u00edr un momento y pensar en los modelos antiguos en los que hab\u00eda que esperar eternamente.<\/p>\n<p class=\"\" data-start=\"923\" data-end=\"1099\">Un acontecimiento especial: el <strong data-start=\"953\" data-end=\"981\">luces de m\u00fasica din\u00e1mica<\/strong>que se adaptan al ritmo de tu m\u00fasica. Es casi como si el propio vaporizador bailara al ritmo de la m\u00fasica.<\/p>\n<p class=\"\" data-start=\"1101\" data-end=\"1379\">Precargado con el exclusivo <strong data-start=\"1131\" data-end=\"1152\">El sabor de Mr Blue<\/strong>Este sabor combina la frescura de las bayas mezcladas con un ligero toque de mentol. O mejor dicho: cada calada es como sumergirse en un c\u00f3ctel veraniego helado lleno de jugosos ar\u00e1ndanos, frambuesas y moras.<\/p>\n<h2 data-start=\"1386\" data-end=\"1430\"><strong>RandM Tornado 9000 Pro Puffs - Caracter\u00edsticas:<\/strong><\/h2>\n<ul data-start=\"1432\" data-end=\"1779\">\n<li class=\"\" data-start=\"1432\" data-end=\"1454\">\n<p class=\"\" data-start=\"1434\" data-end=\"1454\">Hasta <strong data-start=\"1441\" data-end=\"1454\">9000 trenes<\/strong><\/p>\n<\/li>\n<li class=\"\" data-start=\"1455\" data-end=\"1490\">\n<p class=\"\" data-start=\"1457\" data-end=\"1490\"><strong data-start=\"1457\" data-end=\"1467\">600 mAh<\/strong> Bater\u00eda recargable<\/p>\n<\/li>\n<li class=\"\" data-start=\"1491\" data-end=\"1517\">\n<p class=\"\" data-start=\"1493\" data-end=\"1517\"><strong data-start=\"1493\" data-end=\"1503\">Tipo-C<\/strong> Carga r\u00e1pida<\/p>\n<\/li>\n<li class=\"\" data-start=\"1518\" data-end=\"1563\">\n<p class=\"\" data-start=\"1520\" data-end=\"1563\"><strong data-start=\"1520\" data-end=\"1538\">Bobina de malla de 1,0\u03a9<\/strong> para un sabor intenso<\/p>\n<\/li>\n<li class=\"\" data-start=\"1564\" data-end=\"1629\">\n<p class=\"\" data-start=\"1566\" data-end=\"1629\">Luces musicales din\u00e1micas que se sincronizan con la m\u00fasica<\/p>\n<\/li>\n<li class=\"\" data-start=\"1630\" data-end=\"1687\">\n<p class=\"\" data-start=\"1632\" data-end=\"1687\"><strong data-start=\"1632\" data-end=\"1669\">30 sabores disponibles<\/strong>incluido Mr Blue<\/p>\n<\/li>\n<li class=\"\" data-start=\"1688\" data-end=\"1738\">\n<p class=\"\" data-start=\"1690\" data-end=\"1738\"><strong data-start=\"1690\" data-end=\"1714\">160 unidades por caja<\/strong>peso total: 20,5 kg<\/p>\n<\/li>\n<li class=\"\" data-start=\"1739\" data-end=\"1779\">\n<p class=\"\" data-start=\"1741\" data-end=\"1779\"><strong data-start=\"1741\" data-end=\"1757\">Tama\u00f1o de la caja:<\/strong> 41,2 \u00d7 33,2 \u00d7 32,5 cm<\/p>\n<\/li>\n<\/ul>\n<p class=\"\" data-start=\"1797\" data-end=\"2022\">Con el <strong data-start=\"1805\" data-end=\"1849\">Vapeador desechable RandM Tornado 9000 Pro Puffs<\/strong> y el \u00fanico <strong data-start=\"1872\" data-end=\"1893\">El sabor de Mr Blue<\/strong> experimentar\u00e1 una experiencia de vapor refrescante, intensa y absolutamente inolvidable, perfecta para todos los amantes de lo especial.<\/p>","protected":false},"excerpt":{"rendered":"<p>RandM Tornado 9000 Pro Puffs con sabor Mr Blue, bater\u00eda de 600mAh, bobina de malla, luces musicales - para una experiencia de vapeo intensa y afrutada.<\/p>","protected":false},"featured_media":9849,"comment_status":"open","ping_status":"closed","template":"","meta":[],"product_brand":[],"product_cat":[18],"product_tag":[91,84,95,96],"class_list":{"0":"post-9827","1":"product","2":"type-product","3":"status-publish","4":"has-post-thumbnail","6":"product_cat-randm-fumot-einweg-vape","7":"product_tag-box-stil-fumot-vape","8":"product_tag-fumot-9000-puffs","9":"product_tag-low-nicotine-vape","10":"product_tag-nicotine-free-vape","12":"first","13":"outofstock","14":"shipping-taxable","15":"purchasable","16":"product-type-variable"},"_links":{"self":[{"href":"https:\/\/fumot-vaping.de\/es\/wp-json\/wp\/v2\/product\/9827","targetHints":{"allow":["GET"]}}],"collection":[{"href":"https:\/\/fumot-vaping.de\/es\/wp-json\/wp\/v2\/product"}],"about":[{"href":"https:\/\/fumot-vaping.de\/es\/wp-json\/wp\/v2\/types\/product"}],"replies":[{"embeddable":true,"href":"https:\/\/fumot-vaping.de\/es\/wp-json\/wp\/v2\/comments?post=9827"}],"version-history":[{"count":1,"href":"https:\/\/fumot-vaping.de\/es\/wp-json\/wp\/v2\/product\/9827\/revisions"}],"predecessor-version":[{"id":9851,"href":"https:\/\/fumot-vaping.de\/es\/wp-json\/wp\/v2\/product\/9827\/revisions\/9851"}],"wp:featuredmedia":[{"embeddable":true,"href":"https:\/\/fumot-vaping.de\/es\/wp-json\/wp\/v2\/media\/9849"}],"wp:attachment":[{"href":"https:\/\/fumot-vaping.de\/es\/wp-json\/wp\/v2\/media?parent=9827"}],"wp:term":[{"taxonomy":"product_brand","embeddable":true,"href":"https:\/\/fumot-vaping.de\/es\/wp-json\/wp\/v2\/product_brand?post=9827"},{"taxonomy":"product_cat","embeddable":true,"href":"https:\/\/fumot-vaping.de\/es\/wp-json\/wp\/v2\/product_cat?post=9827"},{"taxonomy":"product_tag","embeddable":true,"href":"https:\/\/fumot-vaping.de\/es\/wp-json\/wp\/v2\/product_tag?post=9827"}],"curies":[{"name":"wp","href":"https:\/\/api.w.org\/{rel}","templated":true}]}}