{"id":9819,"date":"2025-05-25T10:32:48","date_gmt":"2025-05-25T10:32:48","guid":{"rendered":"https:\/\/fumot-vaping.de\/?post_type=product&#038;p=9819"},"modified":"2025-09-15T08:14:03","modified_gmt":"2025-09-15T08:14:03","slug":"randm-tornado-9000-pro-puffs-12","status":"publish","type":"product","link":"https:\/\/fumot-vaping.de\/es\/product\/randm-tornado-9000-pro-puffs-12\/","title":{"rendered":"RandM Tornado 9000 Pro Puffs Vape desechable, sabor Mixed Berries"},"content":{"rendered":"<h2 data-start=\"133\" data-end=\"260\"><strong data-start=\"149\" data-end=\"181\">RandM Tornado 9000 Pro Puffs<\/strong>, <strong data-start=\"183\" data-end=\"214\">RandM Tornado 9000 Pro Vape<\/strong>, <strong data-start=\"216\" data-end=\"231\">Vape desechable<\/strong>, <strong data-start=\"233\" data-end=\"260\">Aroma de bayas mixtas<\/strong><\/h2>\n<p class=\"\" data-start=\"262\" data-end=\"612\"><br data-start=\"271\" data-end=\"274\" \/><strong data-start=\"274\" data-end=\"318\">RandM Tornado 9000 Pro Puffs Vape Desechable<\/strong> es la elecci\u00f3n perfecta para cualquiera que busque una experiencia de vapeo intensa, duradera y llena de sabor. Con hasta <strong data-start=\"454\" data-end=\"468\">9000 trenes<\/strong> (s\u00ed, \u00a1tantos!), este aparato ofrece una vida \u00fatil excepcional, o mejor dicho, un placer especialmente prolongado.<\/p>\n<p class=\"\" data-start=\"614\" data-end=\"924\">Impulsado por un <strong data-start=\"636\" data-end=\"651\">Bater\u00eda de 600 mAh<\/strong> proporciona la <strong data-start=\"664\" data-end=\"684\">Tornado 9000 Pro<\/strong> un rendimiento s\u00f3lido y constante, mientras que el <strong data-start=\"723\" data-end=\"753\">Funci\u00f3n de carga r\u00e1pida Tipo-C<\/strong> garantiza que las pausas de carga sigan siendo agradablemente cortas. Justo cuando pensaba en lo molestos que eran los antiguos tiempos de carga, me he dado cuenta de lo importante que es esta mejora.<\/p>\n<p class=\"\" data-start=\"926\" data-end=\"1151\">Lo m\u00e1s destacado: el <strong data-start=\"952\" data-end=\"980\">luces de m\u00fasica din\u00e1mica<\/strong> cambia de color al ritmo de tus canciones favoritas y transforma cada sesi\u00f3n en un peque\u00f1o festival. Un peque\u00f1o concierto de luz port\u00e1til en tu mano: \u00a1incre\u00edble!<\/p>\n<p class=\"\" data-start=\"1153\" data-end=\"1488\">Relleno de deliciosos <strong data-start=\"1179\" data-end=\"1206\">Aroma de bayas mixtas<\/strong> este vape combina la frescura afrutada de los ar\u00e1ndanos, las frambuesas y otras bayas silvestres para crear un sabor armonioso, agridulce. O mejor dicho: cada calada se siente como un paseo por un bosquecillo de bayas ba\u00f1ado por el sol: fresco, dulce e inconfundible.<\/p>\n<h2 data-start=\"1495\" data-end=\"1541\"><strong data-start=\"1495\" data-end=\"1539\">RandM Tornado 9000 Pro Puffs - Caracter\u00edsticas:<\/strong><\/h2>\n<ul data-start=\"1542\" data-end=\"1877\">\n<li class=\"\" data-start=\"1542\" data-end=\"1566\">\n<p class=\"\" data-start=\"1544\" data-end=\"1566\">Hasta <strong data-start=\"1551\" data-end=\"1564\">9000 trenes<\/strong><\/p>\n<\/li>\n<li class=\"\" data-start=\"1567\" data-end=\"1604\">\n<p class=\"\" data-start=\"1569\" data-end=\"1604\"><strong data-start=\"1569\" data-end=\"1602\">Bater\u00eda recargable de 600 mAh<\/strong><\/p>\n<\/li>\n<li class=\"\" data-start=\"1605\" data-end=\"1633\">\n<p class=\"\" data-start=\"1607\" data-end=\"1633\"><strong data-start=\"1607\" data-end=\"1631\">Carga r\u00e1pida Tipo-C<\/strong><\/p>\n<\/li>\n<li class=\"\" data-start=\"1634\" data-end=\"1681\">\n<p class=\"\" data-start=\"1636\" data-end=\"1681\"><strong data-start=\"1636\" data-end=\"1654\">Bobina de malla de 1,0\u03a9<\/strong> para un sabor intenso<\/p>\n<\/li>\n<li class=\"\" data-start=\"1682\" data-end=\"1713\">\n<p class=\"\" data-start=\"1684\" data-end=\"1713\"><strong data-start=\"1684\" data-end=\"1711\">Luces musicales din\u00e1micas<\/strong><\/p>\n<\/li>\n<li class=\"\" data-start=\"1714\" data-end=\"1783\">\n<p class=\"\" data-start=\"1716\" data-end=\"1783\"><strong data-start=\"1716\" data-end=\"1743\">30 sabores<\/strong> disponibles, incluidos <strong data-start=\"1764\" data-end=\"1781\">Mezcla de bayas<\/strong><\/p>\n<\/li>\n<li class=\"\" data-start=\"1784\" data-end=\"1836\">\n<p class=\"\" data-start=\"1786\" data-end=\"1836\"><strong data-start=\"1786\" data-end=\"1810\">160 unidades por caja<\/strong>, <strong data-start=\"1812\" data-end=\"1834\">20,5 kg por caja<\/strong><\/p>\n<\/li>\n<li class=\"\" data-start=\"1837\" data-end=\"1877\">\n<p class=\"\" data-start=\"1839\" data-end=\"1877\">Tama\u00f1o de la caja: <strong data-start=\"1852\" data-end=\"1877\">41,2 \u00d7 33,2 \u00d7 32,5 cm<\/strong><\/p>\n<\/li>\n<\/ul>\n<p class=\"\" data-start=\"1884\" data-end=\"2090\">Con el <strong data-start=\"1905\" data-end=\"1937\">RandM Tornado 9000 Pro Puffs<\/strong> y el irresistible <strong data-start=\"1964\" data-end=\"1991\">Aroma de bayas mixtas<\/strong> experimentar\u00e1 el vapeo a un nivel completamente nuevo: potente, afrutado y sencillamente incomparable.<\/p>","protected":false},"excerpt":{"rendered":"<p><strong data-start=\"312\" data-end=\"356\">RandM Tornado 9000 Pro Puffs Vape Desechable<\/strong> intensivo <strong data-start=\"368\" data-end=\"395\">Aroma de bayas mixtas<\/strong>hasta \u00a0<strong data-start=\"419\" data-end=\"434\">Bater\u00eda de 600 mAh<\/strong>, <strong data-start=\"436\" data-end=\"459\">Funci\u00f3n de carga Type-C<\/strong> y brillantes luces musicales: afrutado, potente, inconfundible.<\/p>","protected":false},"featured_media":9824,"comment_status":"open","ping_status":"closed","template":"","meta":[],"product_brand":[],"product_cat":[18,102],"product_tag":[91,90,95,105],"class_list":{"0":"post-9819","1":"product","2":"type-product","3":"status-publish","4":"has-post-thumbnail","6":"product_cat-randm-fumot-einweg-vape","7":"product_cat-randm-tornado9000","8":"product_tag-box-stil-fumot-vape","9":"product_tag-fumot-vape-im-pole-stil","10":"product_tag-low-nicotine-vape","11":"product_tag-randm-tornado-9000-puffs","13":"first","14":"outofstock","15":"shipping-taxable","16":"purchasable","17":"product-type-variable"},"_links":{"self":[{"href":"https:\/\/fumot-vaping.de\/es\/wp-json\/wp\/v2\/product\/9819","targetHints":{"allow":["GET"]}}],"collection":[{"href":"https:\/\/fumot-vaping.de\/es\/wp-json\/wp\/v2\/product"}],"about":[{"href":"https:\/\/fumot-vaping.de\/es\/wp-json\/wp\/v2\/types\/product"}],"replies":[{"embeddable":true,"href":"https:\/\/fumot-vaping.de\/es\/wp-json\/wp\/v2\/comments?post=9819"}],"version-history":[{"count":1,"href":"https:\/\/fumot-vaping.de\/es\/wp-json\/wp\/v2\/product\/9819\/revisions"}],"predecessor-version":[{"id":9826,"href":"https:\/\/fumot-vaping.de\/es\/wp-json\/wp\/v2\/product\/9819\/revisions\/9826"}],"wp:featuredmedia":[{"embeddable":true,"href":"https:\/\/fumot-vaping.de\/es\/wp-json\/wp\/v2\/media\/9824"}],"wp:attachment":[{"href":"https:\/\/fumot-vaping.de\/es\/wp-json\/wp\/v2\/media?parent=9819"}],"wp:term":[{"taxonomy":"product_brand","embeddable":true,"href":"https:\/\/fumot-vaping.de\/es\/wp-json\/wp\/v2\/product_brand?post=9819"},{"taxonomy":"product_cat","embeddable":true,"href":"https:\/\/fumot-vaping.de\/es\/wp-json\/wp\/v2\/product_cat?post=9819"},{"taxonomy":"product_tag","embeddable":true,"href":"https:\/\/fumot-vaping.de\/es\/wp-json\/wp\/v2\/product_tag?post=9819"}],"curies":[{"name":"wp","href":"https:\/\/api.w.org\/{rel}","templated":true}]}}