{"id":9753,"date":"2025-05-22T07:56:09","date_gmt":"2025-05-22T07:56:09","guid":{"rendered":"https:\/\/fumot-vaping.de\/?post_type=product&#038;p=9753"},"modified":"2025-09-15T08:15:48","modified_gmt":"2025-09-15T08:15:48","slug":"randm-tornado-9000-pro-puffs-10","status":"publish","type":"product","link":"https:\/\/fumot-vaping.de\/es\/product\/randm-tornado-9000-pro-puffs-10\/","title":{"rendered":"RandM Tornado 9000 Pro Puffs vape desechable sabor cereza"},"content":{"rendered":"<h2 data-start=\"179\" data-end=\"266\"><strong>RandM Tornado 9000 Pro Puffs, Vapeador Desechable Cereza, RandM<\/strong><\/h2>\n<p class=\"\" data-start=\"273\" data-end=\"556\"><strong>RandM Tornado 9000 Pro Puffs Vape Desechable<\/strong> ha sido desarrollado especialmente para los vapeadores que buscan una experiencia de vapor potente y duradera. Con hasta <strong>9000 trenes<\/strong> este modelo garantiza un disfrute duradero, o mejor dicho, una experiencia que no se acaba nunca.<\/p>\n<p class=\"\" data-start=\"558\" data-end=\"864\"><strong>RandM Tornado 9000<\/strong>Equipado con una bater\u00eda recargable de 600 mAh, el RandM Tornado 9000 Pro ofrece un rendimiento constante y eficiente. La funci\u00f3n de carga r\u00e1pida Type-C te garantiza un tiempo de espera pr\u00e1cticamente nulo; por cierto, no he hecho m\u00e1s que pensar en los viejos y lentos dispositivos micro USB... \u00a1qu\u00e9 diferencia!<\/p>\n<p class=\"\" data-start=\"866\" data-end=\"1055\"><strong>RandM Tornado 9000<\/strong>\u00a0Otro punto a destacar son las luces din\u00e1micas RGB, que cambian en sincron\u00eda con la m\u00fasica y convierten cada sesi\u00f3n en una experiencia visual. Un peque\u00f1o baile de luz y vapor.<\/p>\n<p class=\"\" data-start=\"1057\" data-end=\"1337\"><strong>RandM Tornado 9000<\/strong>\u00a0Precargado con 30 excitantes sabores y opciones de nicotina de 0%, 2%, 3% y 5%, el Tornado 9000 Pro se adapta perfectamente a las diferentes preferencias. La bobina de malla de 1,0 ohmios proporciona un vapor denso y sabroso, una calada suave y satisfactoria en todo momento.<\/p>\n<h2 data-start=\"1339\" data-end=\"1647\"><strong data-start=\"1339\" data-end=\"1367\">Sabor principal: cereza:<\/strong><\/h2>\n<p class=\"\" data-start=\"1339\" data-end=\"1647\">El sabor a cereza ofrece un intenso sabor afrutado con un equilibrio perfecto de dulzor y ligera acidez. Cada calada recuerda a cerezas reci\u00e9n recogidas: jugosas, arom\u00e1ticas e incre\u00edblemente vigorizantes. O para decirlo con m\u00e1s propiedad: un toque de verano en cada calada.<\/p>\n<h2 data-start=\"1654\" data-end=\"1715\"><strong data-start=\"1654\" data-end=\"1715\">RandM Tornado 9000 Pro Puffs Vape Desechable - Caracter\u00edsticas:<\/strong><\/h2>\n<ul data-start=\"1716\" data-end=\"1983\">\n<li class=\"\" data-start=\"1716\" data-end=\"1734\">\n<p class=\"\" data-start=\"1718\" data-end=\"1734\">Hasta 9000 trenes<\/p>\n<\/li>\n<li class=\"\" data-start=\"1735\" data-end=\"1761\">\n<p class=\"\" data-start=\"1737\" data-end=\"1761\">Bater\u00eda integrada de 600 mAh<\/p>\n<\/li>\n<li class=\"\" data-start=\"1762\" data-end=\"1790\">\n<p class=\"\" data-start=\"1764\" data-end=\"1790\">Recargable mediante Type-C<\/p>\n<\/li>\n<li class=\"\" data-start=\"1791\" data-end=\"1832\">\n<p class=\"\" data-start=\"1793\" data-end=\"1832\">Bobina de malla de 1.0\u03a9 para un sabor intenso<\/p>\n<\/li>\n<li class=\"\" data-start=\"1833\" data-end=\"1868\">\n<p class=\"\" data-start=\"1835\" data-end=\"1868\">30 sabores disponibles<\/p>\n<\/li>\n<li class=\"\" data-start=\"1869\" data-end=\"1903\">\n<p class=\"\" data-start=\"1871\" data-end=\"1903\">Las luces se adaptan a la m\u00fasica<\/p>\n<\/li>\n<li class=\"\" data-start=\"1904\" data-end=\"1926\">\n<p class=\"\" data-start=\"1906\" data-end=\"1926\">160 unidades por caja<\/p>\n<\/li>\n<li class=\"\" data-start=\"1927\" data-end=\"1950\">\n<p class=\"\" data-start=\"1929\" data-end=\"1950\">Peso de la caja: 20,5 kg<\/p>\n<\/li>\n<li class=\"\" data-start=\"1951\" data-end=\"1983\">\n<p class=\"\" data-start=\"1953\" data-end=\"1983\">Tama\u00f1o del cart\u00f3n: 41,2\u00d733,2\u00d732,5 cm<\/p>\n<\/li>\n<\/ul>\n<p class=\"\" data-start=\"1990\" data-end=\"2229\">En <strong>RandM Tornado 9000 Pro Puffs<\/strong> El sabor a cereza combina estilo, rendimiento e intenso sabor a fruta, perfecto para quienes buscan una experiencia de vapeo en\u00e9rgica, duradera y llena de sabor.<\/p>","protected":false},"excerpt":{"rendered":"<p><strong>RandM Tornado 9000 Pro Puffs<\/strong> ofrece un intenso sabor a cereza, bater\u00eda de 600 mAh, bobina de malla, luces musicales y hasta 9000 caladas, para una experiencia de vapeo elegante y potente.<\/p>","protected":false},"featured_media":9760,"comment_status":"open","ping_status":"closed","template":"","meta":[],"product_brand":[],"product_cat":[18],"product_tag":[],"class_list":{"0":"post-9753","1":"product","2":"type-product","3":"status-publish","4":"has-post-thumbnail","6":"product_cat-randm-fumot-einweg-vape","8":"first","9":"outofstock","10":"shipping-taxable","11":"purchasable","12":"product-type-variable"},"_links":{"self":[{"href":"https:\/\/fumot-vaping.de\/es\/wp-json\/wp\/v2\/product\/9753","targetHints":{"allow":["GET"]}}],"collection":[{"href":"https:\/\/fumot-vaping.de\/es\/wp-json\/wp\/v2\/product"}],"about":[{"href":"https:\/\/fumot-vaping.de\/es\/wp-json\/wp\/v2\/types\/product"}],"replies":[{"embeddable":true,"href":"https:\/\/fumot-vaping.de\/es\/wp-json\/wp\/v2\/comments?post=9753"}],"version-history":[{"count":3,"href":"https:\/\/fumot-vaping.de\/es\/wp-json\/wp\/v2\/product\/9753\/revisions"}],"predecessor-version":[{"id":15186,"href":"https:\/\/fumot-vaping.de\/es\/wp-json\/wp\/v2\/product\/9753\/revisions\/15186"}],"wp:featuredmedia":[{"embeddable":true,"href":"https:\/\/fumot-vaping.de\/es\/wp-json\/wp\/v2\/media\/9760"}],"wp:attachment":[{"href":"https:\/\/fumot-vaping.de\/es\/wp-json\/wp\/v2\/media?parent=9753"}],"wp:term":[{"taxonomy":"product_brand","embeddable":true,"href":"https:\/\/fumot-vaping.de\/es\/wp-json\/wp\/v2\/product_brand?post=9753"},{"taxonomy":"product_cat","embeddable":true,"href":"https:\/\/fumot-vaping.de\/es\/wp-json\/wp\/v2\/product_cat?post=9753"},{"taxonomy":"product_tag","embeddable":true,"href":"https:\/\/fumot-vaping.de\/es\/wp-json\/wp\/v2\/product_tag?post=9753"}],"curies":[{"name":"wp","href":"https:\/\/api.w.org\/{rel}","templated":true}]}}