{"id":9727,"date":"2025-05-17T06:17:17","date_gmt":"2025-05-17T06:17:17","guid":{"rendered":"https:\/\/fumot-vaping.de\/?post_type=product&#038;p=9727"},"modified":"2025-09-15T08:19:06","modified_gmt":"2025-09-15T08:19:06","slug":"randm-tornado-9000-pro-puffs-one-way-vape-3","status":"publish","type":"product","link":"https:\/\/fumot-vaping.de\/es\/product\/randm-tornado-9000-pro-puffs-one-way-vape-3\/","title":{"rendered":"Vapeador desechable RandM Tornado 9000 Pro Puffs sabor Blueberry Raspberry"},"content":{"rendered":"<h2 data-start=\"214\" data-end=\"314\">RandM Tornado 9000 Pro Puffs, RandM Tornado 9000 Pro, vape desechable, Blueberry Raspberry<\/h2>\n<p class=\"\" data-start=\"316\" data-end=\"675\"><strong data-start=\"320\" data-end=\"364\">Vapeador desechable RandM Tornado 9000 Pro Puffs<\/strong> es perfecto para los vapeadores que buscan un dispositivo potente y de sabor intenso. Con <strong data-start=\"481\" data-end=\"502\">hasta 9000 trenes<\/strong> este vape garantiza una sesi\u00f3n de vapor intenso y duradero - o m\u00e1s bien: una experiencia de vapor casi interminable donde la calidad no se ve comprometida.<\/p>\n<p class=\"\" data-start=\"677\" data-end=\"970\">El dispositivo funciona con un <strong data-start=\"714\" data-end=\"747\">Bater\u00eda recargable de 600 mAh<\/strong>que suministra una potencia constante. El sitio <strong data-start=\"785\" data-end=\"814\">Funci\u00f3n de carga r\u00e1pida de tipo C<\/strong> garantiza que est\u00e9 listo para volver a funcionar inmediatamente despu\u00e9s de un breve tiempo de carga: \u00a1inmediatamente pens\u00e9 en los tiempos en que los viejos aparatos permanec\u00edan conectados al cable durante horas!<\/p>\n<p class=\"\" data-start=\"972\" data-end=\"1145\">Lo m\u00e1s destacado: el <strong data-start=\"998\" data-end=\"1014\">Luces musicales<\/strong>que cambian al ritmo de sus canciones favoritas. Un peque\u00f1o espect\u00e1culo de luces con cada tren, bastante fascinante, la verdad.<\/p>\n<p class=\"\" data-start=\"1147\" data-end=\"1446\">El vape est\u00e1 equipado con <strong data-start=\"1164\" data-end=\"1202\">30 deliciosos sabores<\/strong> precargado y ofrece potencias de nicotina de <strong data-start=\"1244\" data-end=\"1270\">0 %, 2 %, 3 % o 5 %<\/strong>en funci\u00f3n de las preferencias personales. El sistema <strong data-start=\"1318\" data-end=\"1336\">Bobina de malla de 1,0\u03a9<\/strong> permite un desarrollo del vapor uniforme y sabroso, lo que hace que cada calada sea realmente especial.<\/p>\n<p class=\"\" data-start=\"1448\" data-end=\"1812\">Entre todas estas opciones, la <strong data-start=\"1482\" data-end=\"1505\">Ar\u00e1ndano Frambuesa<\/strong>-sabor es especialmente destacable: Combina la dulce jugosidad de los ar\u00e1ndanos maduros con la fresca acidez de las frambuesas. Cada calada aporta una explosi\u00f3n afrutada que es a la vez dulce y ligeramente \u00e1cida o, para decirlo con m\u00e1s propiedad, una armoniosa aventura de bayas para tus sentidos.<\/p>\n<h2 data-start=\"1819\" data-end=\"1880\"><strong data-start=\"1819\" data-end=\"1880\">Vapeador desechable RandM Tornado 9000 Pro Puffs - Caracter\u00edsticas:<\/strong><\/h2>\n<ul data-start=\"1881\" data-end=\"2154\">\n<li class=\"\" data-start=\"1881\" data-end=\"1899\">\n<p class=\"\" data-start=\"1883\" data-end=\"1899\">Hasta 9000 trenes<\/p>\n<\/li>\n<li class=\"\" data-start=\"1900\" data-end=\"1931\">\n<p class=\"\" data-start=\"1902\" data-end=\"1931\">Bater\u00eda recargable de 600 mAh<\/p>\n<\/li>\n<li class=\"\" data-start=\"1932\" data-end=\"1959\">\n<p class=\"\" data-start=\"1934\" data-end=\"1959\">Funci\u00f3n de carga r\u00e1pida Tipo-C<\/p>\n<\/li>\n<li class=\"\" data-start=\"1960\" data-end=\"1997\">\n<p class=\"\" data-start=\"1962\" data-end=\"1997\">Bobina de malla de 1,0\u03a9 para un vapor intenso<\/p>\n<\/li>\n<li class=\"\" data-start=\"1998\" data-end=\"2023\">\n<p class=\"\" data-start=\"2000\" data-end=\"2023\">30 sabores<\/p>\n<\/li>\n<li class=\"\" data-start=\"2024\" data-end=\"2069\">\n<p class=\"\" data-start=\"2026\" data-end=\"2069\">Luces musicales que cambian con la m\u00fasica<\/p>\n<\/li>\n<li class=\"\" data-start=\"2070\" data-end=\"2092\">\n<p class=\"\" data-start=\"2072\" data-end=\"2092\">160 unidades por caja<\/p>\n<\/li>\n<li class=\"\" data-start=\"2093\" data-end=\"2117\">\n<p class=\"\" data-start=\"2095\" data-end=\"2117\">Peso de la caja: 20,5 kg<\/p>\n<\/li>\n<li class=\"\" data-start=\"2118\" data-end=\"2154\">\n<p class=\"\" data-start=\"2120\" data-end=\"2154\">Tama\u00f1o del cart\u00f3n: 41,2 \u00d7 33,2 \u00d7 32,5 cm<\/p>\n<\/li>\n<\/ul>\n<h2 data-start=\"2156\" data-end=\"2389\"><strong data-start=\"320\" data-end=\"364\">Vapeador desechable RandM Tornado 9000 Pro Puffs<\/strong><\/h2>\n<p class=\"\" data-start=\"2156\" data-end=\"2389\"><strong data-start=\"2156\" data-end=\"2203\">Descripci\u00f3n del sabor Ar\u00e1ndano Frambuesa:<\/strong> Blueberry Raspberry ofrece un equilibrio perfecto entre dulce sabor afrutado y ligero frescor. Cada calada despliega una animada experiencia de sabor que har\u00e1 las delicias de los amantes de las bayas.<\/p>\n<p class=\"\" data-start=\"2391\" data-end=\"2599\">Con el <strong data-start=\"2410\" data-end=\"2462\">RandM Tornado 9000 Pro Puffs Ar\u00e1ndano Frambuesa<\/strong> Disfrute de un sabor incomparable, de la tecnolog\u00eda m\u00e1s moderna y del placer de vapear en estado puro: \u00a1un producto imprescindible para cualquier aficionado al vapeo!<\/p>","protected":false},"excerpt":{"rendered":"<p>Vapeador desechable RandM Tornado 9000 Pro Puffs con sabor Blueberry Raspberry, bater\u00eda de 600mAh, bobina de malla, carga tipo C y luces musicales para una experiencia de vapeo afrutada e intensa.<\/p>","protected":false},"featured_media":9751,"comment_status":"open","ping_status":"closed","template":"","meta":[],"product_brand":[],"product_cat":[18,102],"product_tag":[104,94,84,95,96,97],"class_list":{"0":"post-9727","1":"product","2":"type-product","3":"status-publish","4":"has-post-thumbnail","6":"product_cat-randm-fumot-einweg-vape","7":"product_cat-randm-tornado9000","8":"product_tag-104","9":"product_tag-big-puffs-vape","10":"product_tag-fumot-9000-puffs","11":"product_tag-low-nicotine-vape","12":"product_tag-nicotine-free-vape","13":"product_tag-rechargeable-vape","15":"first","16":"outofstock","17":"shipping-taxable","18":"purchasable","19":"product-type-variable"},"_links":{"self":[{"href":"https:\/\/fumot-vaping.de\/es\/wp-json\/wp\/v2\/product\/9727","targetHints":{"allow":["GET"]}}],"collection":[{"href":"https:\/\/fumot-vaping.de\/es\/wp-json\/wp\/v2\/product"}],"about":[{"href":"https:\/\/fumot-vaping.de\/es\/wp-json\/wp\/v2\/types\/product"}],"replies":[{"embeddable":true,"href":"https:\/\/fumot-vaping.de\/es\/wp-json\/wp\/v2\/comments?post=9727"}],"version-history":[{"count":1,"href":"https:\/\/fumot-vaping.de\/es\/wp-json\/wp\/v2\/product\/9727\/revisions"}],"predecessor-version":[{"id":9752,"href":"https:\/\/fumot-vaping.de\/es\/wp-json\/wp\/v2\/product\/9727\/revisions\/9752"}],"wp:featuredmedia":[{"embeddable":true,"href":"https:\/\/fumot-vaping.de\/es\/wp-json\/wp\/v2\/media\/9751"}],"wp:attachment":[{"href":"https:\/\/fumot-vaping.de\/es\/wp-json\/wp\/v2\/media?parent=9727"}],"wp:term":[{"taxonomy":"product_brand","embeddable":true,"href":"https:\/\/fumot-vaping.de\/es\/wp-json\/wp\/v2\/product_brand?post=9727"},{"taxonomy":"product_cat","embeddable":true,"href":"https:\/\/fumot-vaping.de\/es\/wp-json\/wp\/v2\/product_cat?post=9727"},{"taxonomy":"product_tag","embeddable":true,"href":"https:\/\/fumot-vaping.de\/es\/wp-json\/wp\/v2\/product_tag?post=9727"}],"curies":[{"name":"wp","href":"https:\/\/api.w.org\/{rel}","templated":true}]}}