{"id":9088,"date":"2025-04-26T08:30:14","date_gmt":"2025-04-26T08:30:14","guid":{"rendered":"https:\/\/fumot-vaping.de\/?post_type=product&#038;p=9088"},"modified":"2025-04-30T13:44:35","modified_gmt":"2025-04-30T13:44:35","slug":"randm-fumot-caja-digital-12000-jaula-5","status":"publish","type":"product","link":"https:\/\/fumot-vaping.de\/es\/product\/randm-fumot-caja-digital-12000-jaula-5\/","title":{"rendered":"RandM Fumot Digital Box 12000 caladas Vape sabor ar\u00e1ndano-frambuesa"},"content":{"rendered":"<h3>RandM Fumot Digital Box vape desechable con 12000 caladas sabor ar\u00e1ndano-frambuesa<\/h3>\n<p>En <strong>RandM Fumot Digital Box vape desechable con 12000 caladas<\/strong> ha sido desarrollado para los vapeadores que desean una experiencia de sabor fiable, duradera e intensa. Con hasta <strong>12000 trenes<\/strong> este dispositivo promete una experiencia de vapor consistente y satisfactoria - el sabor permanece sorprendentemente fresco incluso despu\u00e9s de miles de caladas.<\/p>\n<p>Equipado con una bater\u00eda de 550 mAh, el RandM Fumot garantiza una potencia eficiente y constante. Gracias a la funci\u00f3n de carga r\u00e1pida (tipo C), puedes recargar r\u00e1pidamente la bater\u00eda y seguir vapeando de inmediato. (De repente me di cuenta de lo mucho m\u00e1s pr\u00e1ctico que es esto en comparaci\u00f3n con los antiguos modelos micro USB).<\/p>\n<p>Precargado con 20 ml de l\u00edquido premium y disponible en concentraciones de nicotina 0 %, 2 %, 3 % y 5 %, el dispositivo cubre una amplia gama de preferencias de vapor. La avanzada tecnolog\u00eda de bobina de malla de 0,8 \u03a9 tambi\u00e9n garantiza una producci\u00f3n de vapor suave y rica con cada calada.<\/p>\n<p>Entre los 49 deliciosos sabores, el de ar\u00e1ndanos y frambuesas es uno de los favoritos. Una mezcla perfectamente equilibrada de frambuesas \u00e1cidas y ar\u00e1ndanos dulces que proporciona una explosi\u00f3n de sabor afrutado en cada calada. No es s\u00f3lo afrutado: es un baile de sabores refrescante y ligeramente \u00e1cido que mantendr\u00e1 tus papilas gustativas en vilo. M\u00e1s concretamente, es como saborear un pu\u00f1ado de bayas reci\u00e9n recogidas en una ma\u00f1ana despejada.<\/p>\n<h2>RandM Fumot Digital Box 12000 trenes Caracter\u00edsticas:Hasta 12.000 trenes<\/h2>\n<p>Bater\u00eda de 550 mAh<\/p>\n<p>Bobina de malla de 0,8 \u03a9 para un vapor suave y arom\u00e1tico<\/p>\n<p>Funci\u00f3n de carga r\u00e1pida Tipo-C<\/p>\n<p>L\u00edquido premium precargado de 20 ml<\/p>\n<p>Niveles de nicotina: 0 %, 2 %, 3 %, 5 %<\/p>\n<p>49 sabores, incluido ar\u00e1ndano-frambuesa<\/p>\n<p>200 unidades por caja<\/p>\n<p>Peso de la caja: 18 kg<\/p>\n<p>Tama\u00f1o del cart\u00f3n: 69,1 \u00d7 32 \u00d7 23,8 cm<\/p>\n<h2>RandM Fumot Digital Box 12000 Trenes Descripci\u00f3n del sabor:<\/h2>\n<p>Blueberry-Raspberry: Blueberry-Raspberry combina la jugosa dulzura de los ar\u00e1ndanos maduros con la agria frescura de las frambuesas para una experiencia de vapeo deliciosa y perfectamente equilibrada. Cada calada libera una suave ola afrutada y deja un regusto agradable y refrescante que no es ni demasiado dulce ni demasiado \u00e1cido: la intensidad justa para que vuelvas a por m\u00e1s.<\/p>\n<p>Con el<strong> RandM Fumot Caja Digital 12000 Puffs<\/strong> y sabor a ar\u00e1ndanos y frambuesas, cada calada es una explosi\u00f3n de vibrante sabor a bayas - perfecto para los que adoran su experiencia de vapeo fresca, vibrante e inolvidable.<\/p>","protected":false},"excerpt":{"rendered":"<p>RandM Fumot Digital Box 12000 caladas: 20ml de e-l\u00edquido, bater\u00eda de 550mAh, bobina de malla, carga r\u00e1pida Tipo-C - para una experiencia de vapeo fiable y llena de sabor.<\/p>","protected":false},"featured_media":9094,"comment_status":"open","ping_status":"closed","template":"","meta":[],"product_brand":[],"product_cat":[18],"product_tag":[91,85],"class_list":{"0":"post-9088","1":"product","2":"type-product","3":"status-publish","4":"has-post-thumbnail","6":"product_cat-randm-fumot-einweg-vape","7":"product_tag-box-stil-fumot-vape","8":"product_tag-fumot-12000-puffs","10":"first","11":"instock","12":"shipping-taxable","13":"purchasable","14":"product-type-variable"},"_links":{"self":[{"href":"https:\/\/fumot-vaping.de\/es\/wp-json\/wp\/v2\/product\/9088","targetHints":{"allow":["GET"]}}],"collection":[{"href":"https:\/\/fumot-vaping.de\/es\/wp-json\/wp\/v2\/product"}],"about":[{"href":"https:\/\/fumot-vaping.de\/es\/wp-json\/wp\/v2\/types\/product"}],"replies":[{"embeddable":true,"href":"https:\/\/fumot-vaping.de\/es\/wp-json\/wp\/v2\/comments?post=9088"}],"version-history":[{"count":2,"href":"https:\/\/fumot-vaping.de\/es\/wp-json\/wp\/v2\/product\/9088\/revisions"}],"predecessor-version":[{"id":14564,"href":"https:\/\/fumot-vaping.de\/es\/wp-json\/wp\/v2\/product\/9088\/revisions\/14564"}],"wp:featuredmedia":[{"embeddable":true,"href":"https:\/\/fumot-vaping.de\/es\/wp-json\/wp\/v2\/media\/9094"}],"wp:attachment":[{"href":"https:\/\/fumot-vaping.de\/es\/wp-json\/wp\/v2\/media?parent=9088"}],"wp:term":[{"taxonomy":"product_brand","embeddable":true,"href":"https:\/\/fumot-vaping.de\/es\/wp-json\/wp\/v2\/product_brand?post=9088"},{"taxonomy":"product_cat","embeddable":true,"href":"https:\/\/fumot-vaping.de\/es\/wp-json\/wp\/v2\/product_cat?post=9088"},{"taxonomy":"product_tag","embeddable":true,"href":"https:\/\/fumot-vaping.de\/es\/wp-json\/wp\/v2\/product_tag?post=9088"}],"curies":[{"name":"wp","href":"https:\/\/api.w.org\/{rel}","templated":true}]}}