{"id":8485,"date":"2025-04-25T10:26:12","date_gmt":"2025-04-25T10:26:12","guid":{"rendered":"https:\/\/fumot-vaping.de\/?post_type=product&#038;p=8485"},"modified":"2025-04-30T13:46:13","modified_gmt":"2025-04-30T13:46:13","slug":"remolcador-randm-tornado-15000","status":"publish","type":"product","link":"https:\/\/fumot-vaping.de\/es\/product\/remolcador-randm-tornado-15000\/","title":{"rendered":"RandM Tornado 15000 puffs dise\u00f1o RGB, vape desechable recargable"},"content":{"rendered":"<h3>\u00bfCu\u00e1nto deber\u00eda durar un RandM Tornado para 15000 caladas?<\/h3>\n<p>Una de las principales ventajas de la Puff RandM Tornado 15k es su excepcional durabilidad. Con su <strong>15.000 trenes<\/strong> puede acompa\u00f1ar a los vapers durante varias semanas o incluso varios meses, dependiendo de la frecuencia con que lo utilicen.<\/p>\n<p>La bater\u00eda integrada de 850 mAh del RandM Tornado garantiza un alto rendimiento constante y un vapeo ininterrumpido. Gracias a la funci\u00f3n de carga r\u00e1pida (tipo C), puede recargar r\u00e1pidamente la bater\u00eda y empezar a vapear de nuevo inmediatamente.<\/p>\n<p>Precargado con 25 ml de l\u00edquido de primera calidad, este vaporizador ofrece una agradable experiencia de nicotina en las concentraciones 0 %, 2 %, 3 % y 5 % - perfecto para muchas preferencias. La bobina de malla garantiza un sabor m\u00e1s intenso y una producci\u00f3n de vapor \u00f3ptima con cada calada, mientras que el dise\u00f1o RGB le da al dispositivo un elegante acento visual.<\/p>\n<p>Con 41 sabores disponibles, desde mezclas afrutadas como melocot\u00f3n-mango y fresa-sand\u00eda hasta refrescantes cl\u00e1sicos como Blue Razz Lemonade, este vaporizador tiene algo para todo el mundo. Gracias al sistema de flujo de aire ajustable, puedes personalizar tu experiencia de vaporizaci\u00f3n, tanto si prefieres una calada cerrada como abierta.<\/p>\n<h2>Trenes RandM Tornado 15000<br \/>\nPropiedades:<\/h2>\n<p>Trenes: hasta 15.000 trenes<br \/>\nBater\u00eda de 850 mAh<br \/>\nBobina de malla para un sabor y un vapor suaves<br \/>\nFunci\u00f3n de carga r\u00e1pida Tipo-C<br \/>\n25 ml de e-l\u00edquido precargado<br \/>\nOpciones de nicotina: 0 %, 2 %, 3 %, 5 %<br \/>\nDise\u00f1o RGB para una experiencia din\u00e1mica<br \/>\n41 sabores disponibles<br \/>\n10 unidades por expositor<br \/>\n160 unidades por caja<\/p>\n<h2>Trenes RandM Tornado 15000<br \/>\nSabores:<\/h2>\n<p>1. limonada blue razz<br \/>\n2. helado de melocot\u00f3n<br \/>\n3. manzana \u00e1cida<br \/>\n4. helado de sand\u00eda<br \/>\n5. helado de ar\u00e1ndanos<br \/>\n6. ar\u00e1ndano-frambuesa<br \/>\n7. ananaseis<br \/>\n8. cereza<br \/>\n9. helado de fresa<br \/>\n10. vimto<br \/>\n11. helado de uva<br \/>\n12. helado de cola<br \/>\n13. fresa-sand\u00eda<br \/>\n14. limonada rosa<br \/>\n15. mezcla de bayas<br \/>\n16. melocot\u00f3n-mango<br \/>\n17. fruta del drag\u00f3n<br \/>\n18. fresa uva<br \/>\n19 Sr. Azul<br \/>\n20. helado exuberante<br \/>\n21. caramelos de hielo<br \/>\n22. fresa-kiwi<br \/>\n23 kiwi-fruta de la pasi\u00f3n-guayaba<br \/>\n24. triple baya<br \/>\n25. helado de pl\u00e1tano<br \/>\n26. bomb\u00f3n de melocot\u00f3n y ar\u00e1ndanos<br \/>\n27. manzana-melocot\u00f3n-pera<br \/>\n28. limonada de bayas<br \/>\n29. frambuesa azul<br \/>\n30. chicle de ar\u00e1ndanos<br \/>\n31\u00ba ar\u00e1ndano-cereza<br \/>\n32. ar\u00e1ndano granada<br \/>\n33\u00ba Bluesour Frambuesa<br \/>\n34. cereza cola<br \/>\n35. beb\u00e9s de gelatina<br \/>\n36. lim\u00f3n y lima<br \/>\n37. mango con hielo<br \/>\n38. hielo rojo energ\u00e9tico<br \/>\n39. fresa-pl\u00e1tano<br \/>\n40. fresa<br \/>\n41\u00aa limonada de fresa y sand\u00eda<\/p>\n<p><strong>Los trenes RandM Tornado 15000<\/strong> ofrece la combinaci\u00f3n perfecta de sabor, rendimiento y estilo. Ya sea con sabores tropicales como mango sobre hielo o refrescantes como lim\u00f3n y lima, este dispositivo ofrece una experiencia inolvidable con cada calada. Gracias a su potente bater\u00eda, funci\u00f3n de carga r\u00e1pida y variedad de sabores, es la elecci\u00f3n perfecta para todos los vapeadores que valoran la comodidad y el rendimiento.<\/p>","protected":false},"excerpt":{"rendered":"<p>RandM Tornado 15000 caladas, 41 sabores, bobina de malla, dise\u00f1o RGB y flujo de aire ajustable. Bater\u00eda recargable de 850 mAh con funci\u00f3n de carga r\u00e1pida Type-C para una experiencia de vapeo de primera clase.<\/p>","protected":false},"featured_media":8658,"comment_status":"open","ping_status":"closed","template":"","meta":[],"product_brand":[],"product_cat":[18],"product_tag":[86,90],"class_list":{"0":"post-8485","1":"product","2":"type-product","3":"status-publish","4":"has-post-thumbnail","6":"product_cat-randm-fumot-einweg-vape","7":"product_tag-fumot-15000-puffs","8":"product_tag-fumot-vape-im-pole-stil","10":"first","11":"instock","12":"shipping-taxable","13":"purchasable","14":"product-type-variable"},"_links":{"self":[{"href":"https:\/\/fumot-vaping.de\/es\/wp-json\/wp\/v2\/product\/8485","targetHints":{"allow":["GET"]}}],"collection":[{"href":"https:\/\/fumot-vaping.de\/es\/wp-json\/wp\/v2\/product"}],"about":[{"href":"https:\/\/fumot-vaping.de\/es\/wp-json\/wp\/v2\/types\/product"}],"replies":[{"embeddable":true,"href":"https:\/\/fumot-vaping.de\/es\/wp-json\/wp\/v2\/comments?post=8485"}],"version-history":[{"count":1,"href":"https:\/\/fumot-vaping.de\/es\/wp-json\/wp\/v2\/product\/8485\/revisions"}],"predecessor-version":[{"id":8654,"href":"https:\/\/fumot-vaping.de\/es\/wp-json\/wp\/v2\/product\/8485\/revisions\/8654"}],"wp:featuredmedia":[{"embeddable":true,"href":"https:\/\/fumot-vaping.de\/es\/wp-json\/wp\/v2\/media\/8658"}],"wp:attachment":[{"href":"https:\/\/fumot-vaping.de\/es\/wp-json\/wp\/v2\/media?parent=8485"}],"wp:term":[{"taxonomy":"product_brand","embeddable":true,"href":"https:\/\/fumot-vaping.de\/es\/wp-json\/wp\/v2\/product_brand?post=8485"},{"taxonomy":"product_cat","embeddable":true,"href":"https:\/\/fumot-vaping.de\/es\/wp-json\/wp\/v2\/product_cat?post=8485"},{"taxonomy":"product_tag","embeddable":true,"href":"https:\/\/fumot-vaping.de\/es\/wp-json\/wp\/v2\/product_tag?post=8485"}],"curies":[{"name":"wp","href":"https:\/\/api.w.org\/{rel}","templated":true}]}}