{"id":7541,"date":"2025-04-25T03:29:46","date_gmt":"2025-04-25T03:29:46","guid":{"rendered":"https:\/\/fumot-vaping.de\/?post_type=product&#038;p=7541"},"modified":"2025-10-11T07:51:15","modified_gmt":"2025-10-11T07:51:15","slug":"randm-fumot-tornado-30k-bocanadas","status":"publish","type":"product","link":"https:\/\/fumot-vaping.de\/es\/product\/randm-fumot-tornado-30k-bocanadas\/","title":{"rendered":"RandM Fumot Tornado 30K Puffs Mesh Coil Recargable Vape Desechable"},"content":{"rendered":"<h3><strong>RandM Fumot Tornado 30K Puffs, Tornado Vape 30000 Puffs, 30000 Puffs Vape<\/strong><\/h3>\n<p>El Tornado RandM Fumot <strong>30K Puffs<\/strong> El Vapeador Desechable Recargable Mesh Coil es la elecci\u00f3n perfecta para los vapers que buscan un dispositivo potente y duradero que ofrezca un rendimiento excepcional. Con hasta <strong>30.000 trenes<\/strong>Este vape garantiza un uso duradero sin comprometer la calidad.<\/p>\n<p>Equipado con una bater\u00eda recargable de 600 mAh, el RandM Fumot Tornado ofrece un rendimiento eficiente y constante para que su experiencia de vapeo sea suave e ininterrumpida en todo momento. La funci\u00f3n de carga r\u00e1pida Type-C garantiza que est\u00e9 listo para su uso en cualquier momento.<\/p>\n<p>Este vape est\u00e1 precargado con 30 deliciosos sabores, cada uno con opciones de nicotina de 0%, 2%, 3% y 5% para adaptarse a todas las preferencias. El flujo de aire ajustable le permite personalizar su calada, tanto si prefiere una calada m\u00e1s cerrada como m\u00e1s abierta.<\/p>\n<p>Un detalle adicional: las luces del RandM Fumot Tornado cambian al ritmo de la m\u00fasica, a\u00f1adiendo una emocionante dimensi\u00f3n visual al vapeo - una caracter\u00edstica genial que hace que la experiencia sea a\u00fan m\u00e1s \u00fanica.<\/p>\n<p>Experimente el siguiente nivel de vapeo con el <strong>RandM Fumot Tornado 30K Puffs<\/strong> - una combinaci\u00f3n de rendimiento, sabor e innovaci\u00f3n.<\/p>\n<h2><strong>RandM Fumot Tornado 30K Puffs<\/strong> <strong>Propiedades:<\/strong><\/h2>\n<ul>\n<li>Trenes: hasta 30.000 trenes<\/li>\n<li>Bater\u00eda recargable de 600 mAh<\/li>\n<li>Bobina de malla (1,0\u03a9) para mejorar el sabor y la producci\u00f3n de vapor<\/li>\n<li>Puerto de carga Tipo-C para carga r\u00e1pida<\/li>\n<li>Flujo de aire ajustable para corrientes de aire personalizables<\/li>\n<li>30 sabores diferentes disponibles<\/li>\n<li>Opciones de nicotina: 0%, 2%, 3%, 5%<\/li>\n<li>Las luces cambian con la m\u00fasica<\/li>\n<li>160 unidades por caja<\/li>\n<li>Peso de la caja: 20,5 kg<\/li>\n<li>Tama\u00f1o de la caja: 41,2<em>33,2<\/em>32,5 cm<\/li>\n<\/ul>\n<h2><strong>RandM Fumot Tornado 30K Puffs<\/strong> <strong>Sabores:<\/strong><\/h2>\n<ol>\n<li>Hielo de pl\u00e1tano<\/li>\n<li>Hielo negro<\/li>\n<li>Hielo Razz Azul<\/li>\n<li>Ar\u00e1ndanos sobre hielo<\/li>\n<li>Ar\u00e1ndano Frambuesa<\/li>\n<li>Frambuesa agria con ar\u00e1ndanos<\/li>\n<li>Cereza helada<\/li>\n<li>Cereza Cola<\/li>\n<li>Cola Ice<\/li>\n<li>Menta fresca<\/li>\n<li>Manzana doble<\/li>\n<li>Dr. Azul<\/li>\n<li>Hielo de uva<\/li>\n<li>Helados<\/li>\n<li>Kiwi Fruta de la pasi\u00f3n Guayaba<\/li>\n<li>Amor 66<\/li>\n<li>Hielo exuberante<\/li>\n<li>Mezcla de bayas<\/li>\n<li>Melocot\u00f3n baya<\/li>\n<li>Melocot\u00f3n helado<\/li>\n<li>Melocot\u00f3n Mango Pi\u00f1a<\/li>\n<li>Pi\u00f1a helada<\/li>\n<li>Limonada rosa<\/li>\n<li>Bolos<\/li>\n<li>Fresa Pl\u00e1tano<\/li>\n<li>Fresa Uva<\/li>\n<li>Fresa helada<\/li>\n<li>Sand\u00eda con fresa<\/li>\n<li>Triple Mango<\/li>\n<li>Vimto<\/li>\n<\/ol>\n<p><strong>RandM Fumot Tornado 30K Puffs<\/strong>La selecci\u00f3n de sabores del RandM Fumot Tornado es impresionante: tanto si prefieres combinaciones afrutadas como refrescantes sabores a helado, este dispositivo tiene algo para todos. Con un generoso n\u00famero de caladas y opciones de nicotina, es ideal para vapear de forma duradera y personalizada.<\/p>","protected":false},"excerpt":{"rendered":"<p><strong>RandM Fumot Tornado 30K Puffs<\/strong> ofrece 30 sabores, bobina de malla, flujo de aire ajustable y opciones de nicotina (0%, 2%, 3%, 5%) para una experiencia de vapeo duradera.<\/p>","protected":false},"featured_media":7669,"comment_status":"open","ping_status":"closed","template":"","meta":[],"product_brand":[],"product_cat":[18],"product_tag":[89,90],"class_list":{"0":"post-7541","1":"product","2":"type-product","3":"status-publish","4":"has-post-thumbnail","6":"product_cat-randm-fumot-einweg-vape","7":"product_tag-fumot-30000-puffs","8":"product_tag-fumot-vape-im-pole-stil","10":"first","11":"outofstock","12":"shipping-taxable","13":"purchasable","14":"product-type-variable"},"_links":{"self":[{"href":"https:\/\/fumot-vaping.de\/es\/wp-json\/wp\/v2\/product\/7541","targetHints":{"allow":["GET"]}}],"collection":[{"href":"https:\/\/fumot-vaping.de\/es\/wp-json\/wp\/v2\/product"}],"about":[{"href":"https:\/\/fumot-vaping.de\/es\/wp-json\/wp\/v2\/types\/product"}],"replies":[{"embeddable":true,"href":"https:\/\/fumot-vaping.de\/es\/wp-json\/wp\/v2\/comments?post=7541"}],"version-history":[{"count":4,"href":"https:\/\/fumot-vaping.de\/es\/wp-json\/wp\/v2\/product\/7541\/revisions"}],"predecessor-version":[{"id":14556,"href":"https:\/\/fumot-vaping.de\/es\/wp-json\/wp\/v2\/product\/7541\/revisions\/14556"}],"wp:featuredmedia":[{"embeddable":true,"href":"https:\/\/fumot-vaping.de\/es\/wp-json\/wp\/v2\/media\/7669"}],"wp:attachment":[{"href":"https:\/\/fumot-vaping.de\/es\/wp-json\/wp\/v2\/media?parent=7541"}],"wp:term":[{"taxonomy":"product_brand","embeddable":true,"href":"https:\/\/fumot-vaping.de\/es\/wp-json\/wp\/v2\/product_brand?post=7541"},{"taxonomy":"product_cat","embeddable":true,"href":"https:\/\/fumot-vaping.de\/es\/wp-json\/wp\/v2\/product_cat?post=7541"},{"taxonomy":"product_tag","embeddable":true,"href":"https:\/\/fumot-vaping.de\/es\/wp-json\/wp\/v2\/product_tag?post=7541"}],"curies":[{"name":"wp","href":"https:\/\/api.w.org\/{rel}","templated":true}]}}