{"id":18690,"date":"2025-08-21T01:04:56","date_gmt":"2025-08-21T01:04:56","guid":{"rendered":"https:\/\/fumot-vaping.de\/?post_type=product&#038;p=18690"},"modified":"2025-08-21T01:04:56","modified_gmt":"2025-08-21T01:04:56","slug":"lavie-oco-oc10000-puffs-einweg-e-zigarette","status":"publish","type":"product","link":"https:\/\/fumot-vaping.de\/es\/product\/lavie-oco-oc10000-puffs-einweg-e-zigarette\/","title":{"rendered":"LAVIE OCO OC10000 Puffs Einweg E-Zigarette"},"content":{"rendered":"<h2 data-start=\"113\" data-end=\"190\"><strong data-start=\"113\" data-end=\"190\">LAVIE OCO OC10000 Puffs \u2013 Einmal-E-Zigarette f\u00fcr intensives Dampferlebnis<\/strong><\/h2>\n<p data-start=\"192\" data-end=\"707\">Erleben Sie die <strong data-start=\"208\" data-end=\"235\">LAVIE OCO OC10000 Puffs<\/strong>, eine Premium-Einweg-E-Zigarette, die <strong data-start=\"274\" data-end=\"301\">langlebigen Dampfgenuss<\/strong> y <strong data-start=\"306\" data-end=\"330\">sabor intenso<\/strong> in einem kompakten Design bietet. Mit <strong data-start=\"369\" data-end=\"385\">10.000 trenes<\/strong>a <strong data-start=\"393\" data-end=\"408\">650mAh Akku<\/strong> y una <strong data-start=\"419\" data-end=\"446\">15ml E-Liquid-Kapazit\u00e4t<\/strong> ist sie perfekt f\u00fcr unterwegs und f\u00fcr Dampfer, die Wert auf Komfort und Qualit\u00e4t legen. Die <strong data-start=\"539\" data-end=\"562\">Type-C-Ladefunktion<\/strong> sorgt f\u00fcr schnelles und einfaches Aufladen, w\u00e4hrend die Auswahl an <strong data-start=\"630\" data-end=\"654\">12 k\u00f6stlichen Aromen<\/strong> jeden Dampfmoment zu einem Geschmackserlebnis macht.<\/p>\n<h2 data-start=\"709\" data-end=\"732\"><strong data-start=\"709\" data-end=\"730\">Produktparameter<\/strong><\/h2>\n<ul data-start=\"733\" data-end=\"1019\">\n<li data-start=\"733\" data-end=\"760\">\n<p data-start=\"735\" data-end=\"760\"><strong data-start=\"735\" data-end=\"745\">Puffs:<\/strong> 10.000 Puffs<\/p>\n<\/li>\n<li data-start=\"761\" data-end=\"794\">\n<p data-start=\"763\" data-end=\"794\"><strong data-start=\"763\" data-end=\"786\">Capacidad de e-l\u00edquido:<\/strong> 15 ml<\/p>\n<\/li>\n<li data-start=\"795\" data-end=\"842\">\n<p data-start=\"797\" data-end=\"842\"><strong data-start=\"797\" data-end=\"806\">Bater\u00eda:<\/strong> 650 mAh, wiederaufladbar (Type-C)<\/p>\n<\/li>\n<li data-start=\"843\" data-end=\"875\">\n<p data-start=\"845\" data-end=\"875\"><strong data-start=\"845\" data-end=\"862\">Nikotin-Salz:<\/strong> 0%, 2%, 5%<\/p>\n<\/li>\n<li data-start=\"876\" data-end=\"910\">\n<p data-start=\"878\" data-end=\"910\"><strong data-start=\"878\" data-end=\"895\">Produktgr\u00f6\u00dfe:<\/strong> D25 \u00d7 110 mm<\/p>\n<\/li>\n<li data-start=\"911\" data-end=\"936\">\n<p data-start=\"913\" data-end=\"936\"><strong data-start=\"913\" data-end=\"928\">Widerstand:<\/strong> 1.0 \u03a9<\/p>\n<\/li>\n<li data-start=\"937\" data-end=\"968\">\n<p data-start=\"939\" data-end=\"968\"><strong data-start=\"939\" data-end=\"960\">Ausgangsspannung:<\/strong> 3,4 V<\/p>\n<\/li>\n<li data-start=\"969\" data-end=\"997\">\n<p data-start=\"971\" data-end=\"997\"><strong data-start=\"971\" data-end=\"989\">Ausgangsstrom:<\/strong> 2\u20133 A<\/p>\n<\/li>\n<li data-start=\"998\" data-end=\"1019\">\n<p data-start=\"1000\" data-end=\"1019\"><strong data-start=\"1000\" data-end=\"1012\">Gewicht:<\/strong> 70 g<\/p>\n<\/li>\n<\/ul>\n<h2 data-start=\"1021\" data-end=\"1045\"><strong data-start=\"1021\" data-end=\"1043\">Verf\u00fcgbare Aromen<\/strong><\/h2>\n<ol data-start=\"1046\" data-end=\"1265\">\n<li data-start=\"1046\" data-end=\"1065\">\n<p data-start=\"1049\" data-end=\"1065\">Hielo de sand\u00eda<\/p>\n<\/li>\n<li data-start=\"1066\" data-end=\"1080\">\n<p data-start=\"1069\" data-end=\"1080\">Hielo de uva<\/p>\n<\/li>\n<li data-start=\"1081\" data-end=\"1095\">\n<p data-start=\"1084\" data-end=\"1095\">Mango Ice<\/p>\n<\/li>\n<li data-start=\"1096\" data-end=\"1122\">\n<p data-start=\"1099\" data-end=\"1122\">Sand\u00eda con fresa<\/p>\n<\/li>\n<li data-start=\"1123\" data-end=\"1141\">\n<p data-start=\"1126\" data-end=\"1141\">Hielo de ar\u00e1ndanos<\/p>\n<\/li>\n<li data-start=\"1142\" data-end=\"1156\">\n<p data-start=\"1145\" data-end=\"1156\">Melocot\u00f3n helado<\/p>\n<\/li>\n<li data-start=\"1157\" data-end=\"1178\">\n<p data-start=\"1160\" data-end=\"1178\">Fresa Mango<\/p>\n<\/li>\n<li data-start=\"1179\" data-end=\"1188\">\n<p data-start=\"1182\" data-end=\"1188\">Mint<\/p>\n<\/li>\n<li data-start=\"1189\" data-end=\"1210\">\n<p data-start=\"1192\" data-end=\"1210\">Blackcurrant Ice<\/p>\n<\/li>\n<li data-start=\"1211\" data-end=\"1231\">\n<p data-start=\"1215\" data-end=\"1231\">Lemon Cola Ice<\/p>\n<\/li>\n<li data-start=\"1232\" data-end=\"1249\">\n<p data-start=\"1236\" data-end=\"1249\">Jasmine Tea<\/p>\n<\/li>\n<li data-start=\"1250\" data-end=\"1265\">\n<p data-start=\"1254\" data-end=\"1265\">Guava Ice<\/p>\n<\/li>\n<\/ol>","protected":false},"excerpt":{"rendered":"<p>Entdecken Sie <strong>LAVIE OCO OC10000 Puffs<\/strong>: 10.000 Z\u00fcge, 15ml E-Liquid, 650mAh Akku, Type-C Ladefunktion &amp; 12 k\u00f6stliche Aromen f\u00fcr intensiven Dampfgenuss.<\/p>","protected":false},"featured_media":18725,"comment_status":"open","ping_status":"closed","template":"","meta":[],"product_brand":[],"product_cat":[115],"product_tag":[],"class_list":{"0":"post-18690","1":"product","2":"type-product","3":"status-publish","4":"has-post-thumbnail","6":"product_cat-lavie-disposable-vape","8":"first","9":"instock","10":"shipping-taxable","11":"purchasable","12":"product-type-variable"},"_links":{"self":[{"href":"https:\/\/fumot-vaping.de\/es\/wp-json\/wp\/v2\/product\/18690","targetHints":{"allow":["GET"]}}],"collection":[{"href":"https:\/\/fumot-vaping.de\/es\/wp-json\/wp\/v2\/product"}],"about":[{"href":"https:\/\/fumot-vaping.de\/es\/wp-json\/wp\/v2\/types\/product"}],"replies":[{"embeddable":true,"href":"https:\/\/fumot-vaping.de\/es\/wp-json\/wp\/v2\/comments?post=18690"}],"version-history":[{"count":1,"href":"https:\/\/fumot-vaping.de\/es\/wp-json\/wp\/v2\/product\/18690\/revisions"}],"predecessor-version":[{"id":18728,"href":"https:\/\/fumot-vaping.de\/es\/wp-json\/wp\/v2\/product\/18690\/revisions\/18728"}],"wp:featuredmedia":[{"embeddable":true,"href":"https:\/\/fumot-vaping.de\/es\/wp-json\/wp\/v2\/media\/18725"}],"wp:attachment":[{"href":"https:\/\/fumot-vaping.de\/es\/wp-json\/wp\/v2\/media?parent=18690"}],"wp:term":[{"taxonomy":"product_brand","embeddable":true,"href":"https:\/\/fumot-vaping.de\/es\/wp-json\/wp\/v2\/product_brand?post=18690"},{"taxonomy":"product_cat","embeddable":true,"href":"https:\/\/fumot-vaping.de\/es\/wp-json\/wp\/v2\/product_cat?post=18690"},{"taxonomy":"product_tag","embeddable":true,"href":"https:\/\/fumot-vaping.de\/es\/wp-json\/wp\/v2\/product_tag?post=18690"}],"curies":[{"name":"wp","href":"https:\/\/api.w.org\/{rel}","templated":true}]}}