{"id":18652,"date":"2025-08-22T01:13:51","date_gmt":"2025-08-22T01:13:51","guid":{"rendered":"https:\/\/fumot-vaping.de\/?post_type=product&#038;p=18652"},"modified":"2025-08-22T01:13:51","modified_gmt":"2025-08-22T01:13:51","slug":"lavie-nio-9000-puffs-einweg-e-zigarette","status":"publish","type":"product","link":"https:\/\/fumot-vaping.de\/es\/product\/lavie-nio-9000-puffs-einweg-e-zigarette\/","title":{"rendered":"Lavie Nio 9000 Puffs Einweg E-Zigarette"},"content":{"rendered":"<p data-start=\"659\" data-end=\"1280\">En <strong data-start=\"663\" data-end=\"687\">Lavie Nio 9000 Puffs<\/strong> bietet ein au\u00dfergew\u00f6hnliches Dampferlebnis f\u00fcr alle E-Zigaretten-Liebhaber. Mit ihrem kompakten Design und leistungsstarken 550mAh Akku liefert sie bis zu <strong data-start=\"843\" data-end=\"857\">9000 Puffs<\/strong> und \u00fcberzeugt mit <strong data-start=\"876\" data-end=\"893\">18ml E-Liquid<\/strong> in hochwertiger <strong data-start=\"910\" data-end=\"927\">Salt Nicotine<\/strong>-Form (2% oder 5%). Dank <strong data-start=\"952\" data-end=\"972\">Type-C-Aufladung<\/strong> ist sie schnell wieder einsatzbereit. Die <strong data-start=\"1015\" data-end=\"1038\">sabores diversos<\/strong>, von fruchtig bis exotisch, sorgen f\u00fcr ein langanhaltendes und intensives Geschmackserlebnis. Leicht, handlich und perfekt f\u00fcr unterwegs \u2013 die Lavie Nio 9000 Puffs ist die ideale Wahl f\u00fcr alle, die Komfort und Qualit\u00e4t kombinieren m\u00f6chten.<\/p>\n<h2 data-start=\"1287\" data-end=\"1309\"><strong>Produktparameter<\/strong><\/h2>\n<ul data-start=\"1311\" data-end=\"1540\">\n<li data-start=\"1311\" data-end=\"1343\">\n<p data-start=\"1313\" data-end=\"1343\"><strong data-start=\"1313\" data-end=\"1323\">Gr\u00f6\u00dfe:<\/strong> 28 \u00d7 52,5 \u00d7 83 mm<\/p>\n<\/li>\n<li data-start=\"1344\" data-end=\"1390\">\n<p data-start=\"1346\" data-end=\"1390\"><strong data-start=\"1346\" data-end=\"1355\">Bater\u00eda:<\/strong> 550mAh, wiederaufladbar (Type-C)<\/p>\n<\/li>\n<li data-start=\"1391\" data-end=\"1416\">\n<p data-start=\"1393\" data-end=\"1416\"><strong data-start=\"1393\" data-end=\"1403\">Puffs:<\/strong> 9000 Puffs<\/p>\n<\/li>\n<li data-start=\"1417\" data-end=\"1449\">\n<p data-start=\"1419\" data-end=\"1449\"><strong data-start=\"1419\" data-end=\"1442\">Capacidad de e-l\u00edquido:<\/strong> 18 ml<\/p>\n<\/li>\n<li data-start=\"1450\" data-end=\"1485\">\n<p data-start=\"1452\" data-end=\"1485\"><strong data-start=\"1452\" data-end=\"1470\">Salz-Nicotine:<\/strong> 2%, 5% (OEM)<\/p>\n<\/li>\n<li data-start=\"1486\" data-end=\"1512\">\n<p data-start=\"1488\" data-end=\"1512\"><strong data-start=\"1488\" data-end=\"1506\">Gewicht netto:<\/strong> 85g<\/p>\n<\/li>\n<li data-start=\"1513\" data-end=\"1540\">\n<p data-start=\"1515\" data-end=\"1540\"><strong data-start=\"1515\" data-end=\"1534\">Gewicht brutto:<\/strong> 90g<\/p>\n<\/li>\n<\/ul>\n<h2 data-start=\"1547\" data-end=\"1570\"><strong>Verf\u00fcgbare Aromen<\/strong><\/h2>\n<ol data-start=\"1572\" data-end=\"1803\">\n<li data-start=\"1572\" data-end=\"1585\">\n<p data-start=\"1575\" data-end=\"1585\">Cola Ice<\/p>\n<\/li>\n<li data-start=\"1586\" data-end=\"1615\">\n<p data-start=\"1589\" data-end=\"1615\">Green Beans Coconut Milk<\/p>\n<\/li>\n<li data-start=\"1616\" data-end=\"1627\">\n<p data-start=\"1619\" data-end=\"1627\">Yakult<\/p>\n<\/li>\n<li data-start=\"1628\" data-end=\"1653\">\n<p data-start=\"1631\" data-end=\"1653\">Strawberry Mango Ice<\/p>\n<\/li>\n<li data-start=\"1654\" data-end=\"1668\">\n<p data-start=\"1657\" data-end=\"1668\">Mel\u00f3n helado<\/p>\n<\/li>\n<li data-start=\"1669\" data-end=\"1686\">\n<p data-start=\"1672\" data-end=\"1686\">Purple Grape<\/p>\n<\/li>\n<li data-start=\"1687\" data-end=\"1706\">\n<p data-start=\"1690\" data-end=\"1706\">Hielo de sand\u00eda<\/p>\n<\/li>\n<li data-start=\"1707\" data-end=\"1721\">\n<p data-start=\"1710\" data-end=\"1721\">Guava Ice<\/p>\n<\/li>\n<li data-start=\"1722\" data-end=\"1739\">\n<p data-start=\"1725\" data-end=\"1739\">Manzana doble<\/p>\n<\/li>\n<li data-start=\"1740\" data-end=\"1766\">\n<p data-start=\"1744\" data-end=\"1766\">Helado de fresa<\/p>\n<\/li>\n<li data-start=\"1767\" data-end=\"1786\">\n<p data-start=\"1771\" data-end=\"1786\">Mezcla de bayas<\/p>\n<\/li>\n<li data-start=\"1787\" data-end=\"1803\">\n<p data-start=\"1791\" data-end=\"1803\">Peach Plum<\/p>\n<\/li>\n<\/ol>","protected":false},"excerpt":{"rendered":"<p><strong>Lavie Nio 9000 Puffs<\/strong>: Leistungsstarke Einweg E-Zigarette mit 550mAh Akku, 18ml E-Liquid, 9000 Puffs und 12 k\u00f6stlichen Aromen \u2013 langanhaltender Genuss.<\/p>","protected":false},"featured_media":18679,"comment_status":"open","ping_status":"closed","template":"","meta":[],"product_brand":[],"product_cat":[115],"product_tag":[],"class_list":{"0":"post-18652","1":"product","2":"type-product","3":"status-publish","4":"has-post-thumbnail","6":"product_cat-lavie-disposable-vape","8":"first","9":"instock","10":"shipping-taxable","11":"purchasable","12":"product-type-variable"},"_links":{"self":[{"href":"https:\/\/fumot-vaping.de\/es\/wp-json\/wp\/v2\/product\/18652","targetHints":{"allow":["GET"]}}],"collection":[{"href":"https:\/\/fumot-vaping.de\/es\/wp-json\/wp\/v2\/product"}],"about":[{"href":"https:\/\/fumot-vaping.de\/es\/wp-json\/wp\/v2\/types\/product"}],"replies":[{"embeddable":true,"href":"https:\/\/fumot-vaping.de\/es\/wp-json\/wp\/v2\/comments?post=18652"}],"version-history":[{"count":1,"href":"https:\/\/fumot-vaping.de\/es\/wp-json\/wp\/v2\/product\/18652\/revisions"}],"predecessor-version":[{"id":18689,"href":"https:\/\/fumot-vaping.de\/es\/wp-json\/wp\/v2\/product\/18652\/revisions\/18689"}],"wp:featuredmedia":[{"embeddable":true,"href":"https:\/\/fumot-vaping.de\/es\/wp-json\/wp\/v2\/media\/18679"}],"wp:attachment":[{"href":"https:\/\/fumot-vaping.de\/es\/wp-json\/wp\/v2\/media?parent=18652"}],"wp:term":[{"taxonomy":"product_brand","embeddable":true,"href":"https:\/\/fumot-vaping.de\/es\/wp-json\/wp\/v2\/product_brand?post=18652"},{"taxonomy":"product_cat","embeddable":true,"href":"https:\/\/fumot-vaping.de\/es\/wp-json\/wp\/v2\/product_cat?post=18652"},{"taxonomy":"product_tag","embeddable":true,"href":"https:\/\/fumot-vaping.de\/es\/wp-json\/wp\/v2\/product_tag?post=18652"}],"curies":[{"name":"wp","href":"https:\/\/api.w.org\/{rel}","templated":true}]}}