{"id":18620,"date":"2025-08-23T01:18:41","date_gmt":"2025-08-23T01:18:41","guid":{"rendered":"https:\/\/fumot-vaping.de\/?post_type=product&#038;p=18620"},"modified":"2025-08-23T01:18:41","modified_gmt":"2025-08-23T01:18:41","slug":"lavie-monster-6000-puffs-starker-geschmack","status":"publish","type":"product","link":"https:\/\/fumot-vaping.de\/es\/product\/lavie-monster-6000-puffs-starker-geschmack\/","title":{"rendered":"Lavie Monster 6000 Puffs Starker Geschmack"},"content":{"rendered":"<h2 data-start=\"143\" data-end=\"230\"><strong data-start=\"143\" data-end=\"230\">Lavie Monster 6000 Puffs \u2013 Leistungsstarke Einweg E-Zigarette mit intensiven Aromen<\/strong><\/h2>\n<p data-start=\"232\" data-end=\"853\">En <strong data-start=\"236\" data-end=\"264\">Lavie Monster 6000 Puffs<\/strong> ist die perfekte Wahl f\u00fcr alle Dampfer, die ein langanhaltendes, intensives Dampferlebnis suchen. Mit ihrem gro\u00dfz\u00fcgigen <strong data-start=\"385\" data-end=\"402\">15ml E-Liquid<\/strong> y <strong data-start=\"407\" data-end=\"422\">Bater\u00eda de 600 mAh<\/strong> liefert sie bis zu <strong data-start=\"442\" data-end=\"456\">6000 Puffs<\/strong> pure Genussmomente. Das kompakte Design von <strong data-start=\"501\" data-end=\"515\">D35*96,8mm<\/strong> liegt angenehm in der Hand und ist ideal f\u00fcr unterwegs. Dank hochwertiger Materialien und sorgf\u00e4ltiger Verarbeitung bietet die Lavie Monster ein zuverl\u00e4ssiges und gleichbleibend kr\u00e4ftiges Dampferlebnis. W\u00e4hlen Sie aus <strong data-start=\"734\" data-end=\"760\">9 einzigartigen Aromen<\/strong>, von fruchtig-frisch bis cremig-exotisch, und genie\u00dfen Sie jeden Zug mit vollem Geschmack.<\/p>\n<h2 data-start=\"855\" data-end=\"878\"><strong data-start=\"855\" data-end=\"876\">Par\u00e1metros del producto:<\/strong><\/h2>\n<ul data-start=\"880\" data-end=\"1055\">\n<li data-start=\"880\" data-end=\"905\">\n<p data-start=\"882\" data-end=\"905\"><strong data-start=\"882\" data-end=\"892\">Puffs:<\/strong> 6000 Puffs<\/p>\n<\/li>\n<li data-start=\"906\" data-end=\"938\">\n<p data-start=\"908\" data-end=\"938\"><strong data-start=\"908\" data-end=\"931\">Capacidad de e-l\u00edquido:<\/strong> 15ml<\/p>\n<\/li>\n<li data-start=\"939\" data-end=\"959\">\n<p data-start=\"941\" data-end=\"959\"><strong data-start=\"941\" data-end=\"950\">Bater\u00eda:<\/strong> 600 mAh<\/p>\n<\/li>\n<li data-start=\"960\" data-end=\"985\">\n<p data-start=\"962\" data-end=\"985\"><strong data-start=\"962\" data-end=\"972\">Gr\u00f6\u00dfe:<\/strong> D35*96,8mm<\/p>\n<\/li>\n<li data-start=\"986\" data-end=\"1025\">\n<p data-start=\"988\" data-end=\"1025\"><strong data-start=\"988\" data-end=\"1000\">Gewicht:<\/strong> Netto 70g \/ Brutto 75g<\/p>\n<\/li>\n<li data-start=\"1026\" data-end=\"1055\">\n<p data-start=\"1028\" data-end=\"1055\"><strong data-start=\"1028\" data-end=\"1041\">Nic Salt:<\/strong> 2%, 5%, OEM<\/p>\n<\/li>\n<\/ul>\n<h2 data-start=\"1057\" data-end=\"1095\"><strong data-start=\"1057\" data-end=\"1093\">Sabores disponibles:<\/strong><\/h2>\n<ol data-start=\"1097\" data-end=\"1246\">\n<li data-start=\"1097\" data-end=\"1113\">\n<p data-start=\"1100\" data-end=\"1113\">Lemon Grass<\/p>\n<\/li>\n<li data-start=\"1114\" data-end=\"1125\">\n<p data-start=\"1117\" data-end=\"1125\">Coffee<\/p>\n<\/li>\n<li data-start=\"1126\" data-end=\"1139\">\n<p data-start=\"1129\" data-end=\"1139\">Taro Ice<\/p>\n<\/li>\n<li data-start=\"1140\" data-end=\"1156\">\n<p data-start=\"1143\" data-end=\"1156\">Mezcla de bayas<\/p>\n<\/li>\n<li data-start=\"1157\" data-end=\"1171\">\n<p data-start=\"1160\" data-end=\"1171\">Mango Ice<\/p>\n<\/li>\n<li data-start=\"1172\" data-end=\"1191\">\n<p data-start=\"1175\" data-end=\"1191\">Hielo de sand\u00eda<\/p>\n<\/li>\n<li data-start=\"1192\" data-end=\"1206\">\n<p data-start=\"1195\" data-end=\"1206\">Hielo de uva<\/p>\n<\/li>\n<li data-start=\"1207\" data-end=\"1228\">\n<p data-start=\"1210\" data-end=\"1228\">Mango Strawberry<\/p>\n<\/li>\n<li data-start=\"1229\" data-end=\"1246\">\n<p data-start=\"1232\" data-end=\"1246\">Coconut Milk<\/p>\n<\/li>\n<\/ol>","protected":false},"excerpt":{"rendered":"<p><strong>Lavie Monster 6000 Puffs:<\/strong> Leistungsstarke Einweg E-Zigarette mit 600mAh Akku, 15ml E-Liquid, 6000 Puffs &amp; 9 intensiven Aromen \u2013 f\u00fcr ein langanhaltendes Dampferlebnis.<\/p>","protected":false},"featured_media":18641,"comment_status":"open","ping_status":"closed","template":"","meta":[],"product_brand":[],"product_cat":[115],"product_tag":[],"class_list":{"0":"post-18620","1":"product","2":"type-product","3":"status-publish","4":"has-post-thumbnail","6":"product_cat-lavie-disposable-vape","8":"first","9":"instock","10":"shipping-taxable","11":"purchasable","12":"product-type-variable"},"_links":{"self":[{"href":"https:\/\/fumot-vaping.de\/es\/wp-json\/wp\/v2\/product\/18620","targetHints":{"allow":["GET"]}}],"collection":[{"href":"https:\/\/fumot-vaping.de\/es\/wp-json\/wp\/v2\/product"}],"about":[{"href":"https:\/\/fumot-vaping.de\/es\/wp-json\/wp\/v2\/types\/product"}],"replies":[{"embeddable":true,"href":"https:\/\/fumot-vaping.de\/es\/wp-json\/wp\/v2\/comments?post=18620"}],"version-history":[{"count":1,"href":"https:\/\/fumot-vaping.de\/es\/wp-json\/wp\/v2\/product\/18620\/revisions"}],"predecessor-version":[{"id":18651,"href":"https:\/\/fumot-vaping.de\/es\/wp-json\/wp\/v2\/product\/18620\/revisions\/18651"}],"wp:featuredmedia":[{"embeddable":true,"href":"https:\/\/fumot-vaping.de\/es\/wp-json\/wp\/v2\/media\/18641"}],"wp:attachment":[{"href":"https:\/\/fumot-vaping.de\/es\/wp-json\/wp\/v2\/media?parent=18620"}],"wp:term":[{"taxonomy":"product_brand","embeddable":true,"href":"https:\/\/fumot-vaping.de\/es\/wp-json\/wp\/v2\/product_brand?post=18620"},{"taxonomy":"product_cat","embeddable":true,"href":"https:\/\/fumot-vaping.de\/es\/wp-json\/wp\/v2\/product_cat?post=18620"},{"taxonomy":"product_tag","embeddable":true,"href":"https:\/\/fumot-vaping.de\/es\/wp-json\/wp\/v2\/product_tag?post=18620"}],"curies":[{"name":"wp","href":"https:\/\/api.w.org\/{rel}","templated":true}]}}