{"id":16953,"date":"2025-07-21T02:05:26","date_gmt":"2025-07-21T02:05:26","guid":{"rendered":"https:\/\/fumot-vaping.de\/?post_type=product&#038;p=16953"},"modified":"2025-07-21T02:05:26","modified_gmt":"2025-07-21T02:05:26","slug":"randm-fumot-leopardo-40k-smarter-todo-en-uno-vape","status":"publish","type":"product","link":"https:\/\/fumot-vaping.de\/es\/product\/randm-fumot-leopardo-40k-smarter-todo-en-uno-vape\/","title":{"rendered":"RandM Fumot Leopard 40K - El Vape Todo en Uno m\u00e1s inteligente"},"content":{"rendered":"<h2 data-start=\"141\" data-end=\"221\"><strong data-start=\"143\" data-end=\"221\">RandM Fumot Leopard 40K: potencia, sabor y control en un solo aparato<\/strong><\/h2>\n<p data-start=\"223\" data-end=\"272\"><strong data-start=\"226\" data-end=\"272\">Vapeador desechable de \u00faltima generaci\u00f3n con tecnolog\u00eda inteligente<\/strong><\/p>\n<p data-start=\"274\" data-end=\"580\">En <strong data-start=\"278\" data-end=\"305\">RandM Fumot Leopardo 40K<\/strong> es un sofisticado vaporizador desechable para vapers exigentes. Con una <strong data-start=\"386\" data-end=\"428\">Capacidad de soplado de hasta 40.000 trenes<\/strong>, <strong data-start=\"430\" data-end=\"460\">Tecnolog\u00eda de doble bobina de malla<\/strong> y un <strong data-start=\"471\" data-end=\"504\">bater\u00eda recargable de 700 mAh<\/strong> este aparato ofrece una calidad de vapor excepcional con la m\u00e1xima durabilidad.<\/p>\n<p data-start=\"582\" data-end=\"950\">Gracias al <strong data-start=\"604\" data-end=\"629\">Pantallas tubulares digitales<\/strong> puedes controlar en todo momento el estado de la bater\u00eda y el nivel de llenado de l\u00edquido. El sitio <strong data-start=\"708\" data-end=\"735\">Interfaz USB tipo C<\/strong> permite una carga r\u00e1pida y eficaz. Con <strong data-start=\"787\" data-end=\"831\">cuatro concentraciones de nicotina (0 %, 2 %, 3 %, 5 %)<\/strong> y 16 sabores cuidadosamente compuestos, este aparato ofrece la m\u00e1xima individualidad con el m\u00ednimo esfuerzo.<\/p>\n<h2 data-start=\"141\" data-end=\"221\"><strong data-start=\"143\" data-end=\"221\">RandM Fumot Leopardo 40K <\/strong><strong data-start=\"963\" data-end=\"996\">Caracter\u00edsticas importantes del producto<\/strong><\/h2>\n<ul data-start=\"998\" data-end=\"1360\">\n<li data-start=\"998\" data-end=\"1025\">\n<p data-start=\"1000\" data-end=\"1025\"><strong data-start=\"1000\" data-end=\"1008\">Trenes<\/strong>Hasta 40.000<\/p>\n<\/li>\n<li data-start=\"1026\" data-end=\"1062\">\n<p data-start=\"1028\" data-end=\"1062\"><strong data-start=\"1028\" data-end=\"1040\">Bater\u00eda<\/strong>700 mAh, recargable<\/p>\n<\/li>\n<li data-start=\"1063\" data-end=\"1122\">\n<p data-start=\"1065\" data-end=\"1122\"><strong data-start=\"1065\" data-end=\"1073\">Bobina<\/strong>Malla doble para un vapor uniforme e intenso<\/p>\n<\/li>\n<li data-start=\"1123\" data-end=\"1155\">\n<p data-start=\"1125\" data-end=\"1155\"><strong data-start=\"1125\" data-end=\"1142\">Conexi\u00f3n de carga<\/strong>USB Tipo-C<\/p>\n<\/li>\n<li data-start=\"1156\" data-end=\"1197\">\n<p data-start=\"1158\" data-end=\"1197\"><strong data-start=\"1158\" data-end=\"1175\">Potencia de nicotina<\/strong>0 %, 2 %, 3 %, 5 %<\/p>\n<\/li>\n<li data-start=\"1198\" data-end=\"1253\">\n<p data-start=\"1200\" data-end=\"1253\"><strong data-start=\"1200\" data-end=\"1211\">Mostrar<\/strong>Pantalla digital para bater\u00eda y nivel de l\u00edquido<\/p>\n<\/li>\n<li data-start=\"1254\" data-end=\"1306\">\n<p data-start=\"1256\" data-end=\"1306\"><strong data-start=\"1256\" data-end=\"1266\">Dise\u00f1o<\/strong>Compacto, estable, ideal para viajar<\/p>\n<\/li>\n<li data-start=\"1307\" data-end=\"1360\">\n<p data-start=\"1309\" data-end=\"1360\"><strong data-start=\"1309\" data-end=\"1331\">Unidad de envasado<\/strong>160 unidades\/caja, 21,2 kg<\/p>\n<\/li>\n<\/ul>\n<h2 data-start=\"141\" data-end=\"221\"><strong data-start=\"143\" data-end=\"221\">RandM Fumot Leopardo 40K <\/strong><strong data-start=\"1373\" data-end=\"1408\">Sabores disponibles<\/strong><\/h2>\n<p data-start=\"1410\" data-end=\"1504\">Cada dispositivo contiene sabores intensos premezclados para una experiencia de vapeo placentera y duradera:<\/p>\n<ol data-start=\"1506\" data-end=\"1871\">\n<li data-start=\"1506\" data-end=\"1524\">\n<p data-start=\"1509\" data-end=\"1524\">Mezcla de bayas<\/p>\n<\/li>\n<li data-start=\"1525\" data-end=\"1549\">\n<p data-start=\"1528\" data-end=\"1549\">Ar\u00e1ndano Frambuesa<\/p>\n<\/li>\n<li data-start=\"1550\" data-end=\"1576\">\n<p data-start=\"1553\" data-end=\"1576\">Sand\u00eda con fresa<\/p>\n<\/li>\n<li data-start=\"1577\" data-end=\"1596\">\n<p data-start=\"1580\" data-end=\"1596\">Fresa helada<\/p>\n<\/li>\n<li data-start=\"1597\" data-end=\"1612\">\n<p data-start=\"1600\" data-end=\"1612\">Cereza helada<\/p>\n<\/li>\n<li data-start=\"1613\" data-end=\"1632\">\n<p data-start=\"1616\" data-end=\"1632\">Hielo de sand\u00eda<\/p>\n<\/li>\n<li data-start=\"1633\" data-end=\"1662\">\n<p data-start=\"1636\" data-end=\"1662\">Kiwi Fruta de la pasi\u00f3n Guayaba<\/p>\n<\/li>\n<li data-start=\"1663\" data-end=\"1675\">\n<p data-start=\"1666\" data-end=\"1675\">Dr. Azul<\/p>\n<\/li>\n<li data-start=\"1676\" data-end=\"1697\">\n<p data-start=\"1679\" data-end=\"1697\">Ar\u00e1ndanos sobre hielo<\/p>\n<\/li>\n<li data-start=\"1698\" data-end=\"1715\">\n<p data-start=\"1702\" data-end=\"1715\">Melocot\u00f3n baya<\/p>\n<\/li>\n<li data-start=\"1716\" data-end=\"1735\">\n<p data-start=\"1720\" data-end=\"1735\">Limonada rosa<\/p>\n<\/li>\n<li data-start=\"1736\" data-end=\"1759\">\n<p data-start=\"1740\" data-end=\"1759\">Fresa Pl\u00e1tano<\/p>\n<\/li>\n<li data-start=\"1760\" data-end=\"1786\">\n<p data-start=\"1764\" data-end=\"1786\">Sand\u00eda Chicle<\/p>\n<\/li>\n<li data-start=\"1787\" data-end=\"1815\">\n<p data-start=\"1791\" data-end=\"1815\">Melocot\u00f3n Mango Pi\u00f1a<\/p>\n<\/li>\n<li data-start=\"1816\" data-end=\"1838\">\n<p data-start=\"1820\" data-end=\"1838\">Hielo del Drag\u00f3n Negro<\/p>\n<\/li>\n<li data-start=\"1839\" data-end=\"1871\">\n<p data-start=\"1843\" data-end=\"1871\">Ar\u00e1ndano Cereza Ar\u00e1ndano<\/p>\n<\/li>\n<\/ol>\n<h2 data-start=\"1878\" data-end=\"1918\"><strong data-start=\"1884\" data-end=\"1918\">\u00bfPor qu\u00e9 RandM Fumot Leopard 40K?<\/strong><\/h2>\n<ul data-start=\"1920\" data-end=\"2280\">\n<li data-start=\"1920\" data-end=\"2000\">\n<p data-start=\"1922\" data-end=\"2000\"><strong data-start=\"1922\" data-end=\"1950\">Vapeo de larga duraci\u00f3n<\/strong>Ideal para usuarios frecuentes, sin tener que volver a comprar con frecuencia<\/p>\n<\/li>\n<li data-start=\"2001\" data-end=\"2067\">\n<p data-start=\"2003\" data-end=\"2067\"><strong data-start=\"2003\" data-end=\"2027\">Pantalla transparente<\/strong>: Mantener una visi\u00f3n de conjunto en todo momento<\/p>\n<\/li>\n<li data-start=\"2068\" data-end=\"2143\">\n<p data-start=\"2070\" data-end=\"2143\"><strong data-start=\"2070\" data-end=\"2086\">Todo el sabor<\/strong>Gracias a Dual Mesh, el sabor se mantiene siempre intenso<\/p>\n<\/li>\n<li data-start=\"2144\" data-end=\"2224\">\n<p data-start=\"2146\" data-end=\"2224\"><strong data-start=\"2146\" data-end=\"2176\">Niveles individuales de nicotina<\/strong>Perfecto para principiantes y vapeadores experimentados<\/p>\n<\/li>\n<li data-start=\"2225\" data-end=\"2280\">\n<p data-start=\"2227\" data-end=\"2280\"><strong data-start=\"2227\" data-end=\"2246\">Compacto y m\u00f3vil<\/strong>: Para el ocio, los viajes y la vida cotidiana<\/p>\n<\/li>\n<\/ul>\n<h2 data-start=\"2287\" data-end=\"2333\"><strong data-start=\"2293\" data-end=\"2333\">Ahora disponible en Fumot-Vaping.de<\/strong><\/h2>\n<p data-start=\"2335\" data-end=\"2598\">En <strong data-start=\"2339\" data-end=\"2366\">RandM Fumot Leopardo 40K<\/strong> es la combinaci\u00f3n perfecta de tecnolog\u00eda, sabor y resistencia. P\u00eddalo ya a <strong data-start=\"2457\" data-end=\"2503\"><a class=\"\" href=\"https:\/\/fumot-vaping.de\" target=\"_new\" rel=\"noopener\" data-start=\"2459\" data-end=\"2501\">fumot-vaping.com<\/a><\/strong> y benef\u00edciese de una entrega r\u00e1pida en Europa y un competente servicio de atenci\u00f3n al cliente.<\/p>\n<p data-start=\"2600\" data-end=\"2648\">\ud83d\udc49 <strong data-start=\"2603\" data-end=\"2648\">Compre ahora y experimente el vapeo de una forma nueva.<\/strong><\/p>","protected":false},"excerpt":{"rendered":"<p>Descubre la <strong>RandM Fumot Leopardo 40K<\/strong> con doble malla, bater\u00eda de 700 mAh, carga USB-C y pantalla digital. Hasta 40 000 caladas en 16 sabores intensos. Comprar ahora.<\/p>","protected":false},"featured_media":17025,"comment_status":"open","ping_status":"closed","template":"","meta":[],"product_brand":[],"product_cat":[18],"product_tag":[],"class_list":{"0":"post-16953","1":"product","2":"type-product","3":"status-publish","4":"has-post-thumbnail","6":"product_cat-randm-fumot-einweg-vape","8":"first","9":"instock","10":"shipping-taxable","11":"purchasable","12":"product-type-variable"},"_links":{"self":[{"href":"https:\/\/fumot-vaping.de\/es\/wp-json\/wp\/v2\/product\/16953","targetHints":{"allow":["GET"]}}],"collection":[{"href":"https:\/\/fumot-vaping.de\/es\/wp-json\/wp\/v2\/product"}],"about":[{"href":"https:\/\/fumot-vaping.de\/es\/wp-json\/wp\/v2\/types\/product"}],"replies":[{"embeddable":true,"href":"https:\/\/fumot-vaping.de\/es\/wp-json\/wp\/v2\/comments?post=16953"}],"version-history":[{"count":1,"href":"https:\/\/fumot-vaping.de\/es\/wp-json\/wp\/v2\/product\/16953\/revisions"}],"predecessor-version":[{"id":17031,"href":"https:\/\/fumot-vaping.de\/es\/wp-json\/wp\/v2\/product\/16953\/revisions\/17031"}],"wp:featuredmedia":[{"embeddable":true,"href":"https:\/\/fumot-vaping.de\/es\/wp-json\/wp\/v2\/media\/17025"}],"wp:attachment":[{"href":"https:\/\/fumot-vaping.de\/es\/wp-json\/wp\/v2\/media?parent=16953"}],"wp:term":[{"taxonomy":"product_brand","embeddable":true,"href":"https:\/\/fumot-vaping.de\/es\/wp-json\/wp\/v2\/product_brand?post=16953"},{"taxonomy":"product_cat","embeddable":true,"href":"https:\/\/fumot-vaping.de\/es\/wp-json\/wp\/v2\/product_cat?post=16953"},{"taxonomy":"product_tag","embeddable":true,"href":"https:\/\/fumot-vaping.de\/es\/wp-json\/wp\/v2\/product_tag?post=16953"}],"curies":[{"name":"wp","href":"https:\/\/api.w.org\/{rel}","templated":true}]}}