{"id":16752,"date":"2025-07-22T01:51:26","date_gmt":"2025-07-22T01:51:26","guid":{"rendered":"https:\/\/fumot-vaping.de\/?post_type=product&#038;p=16752"},"modified":"2025-11-20T02:59:33","modified_gmt":"2025-11-20T02:59:33","slug":"jnr-capsule-15000-puff-led-usb-c-dual-mesh","status":"publish","type":"product","link":"https:\/\/fumot-vaping.de\/es\/product\/jnr-capsule-15000-puff-led-usb-c-dual-mesh\/","title":{"rendered":"JNR Capsule 15000 PUFF - LED, USB-C y Dual Mesh"},"content":{"rendered":"<h2 data-start=\"198\" data-end=\"289\"><strong data-start=\"201\" data-end=\"289\">JNR Capsule 15000 PUFF - Compacta. Inteligente. Potente. | Ahora en fumot-vaping.de<\/strong><\/h2>\n<p data-start=\"291\" data-end=\"654\">En <strong data-start=\"295\" data-end=\"321\">JNR C\u00e1psula 15000 PUFF<\/strong> combina un dise\u00f1o moderno con una tecnolog\u00eda innovadora, lo que la convierte en una de las m\u00e1s avanzadas <strong data-start=\"417\" data-end=\"440\">Cigarrillos electr\u00f3nicos desechables<\/strong> en el mercado. Con <strong data-start=\"460\" data-end=\"480\">unos 15.000 trenes<\/strong>un gran <strong data-start=\"495\" data-end=\"518\">Dep\u00f3sito de e-l\u00edquido de 20 ml<\/strong>, <strong data-start=\"520\" data-end=\"549\">Pantalla LED inteligente<\/strong> y <strong data-start=\"554\" data-end=\"572\">Bobina de malla doble<\/strong> garantiza una experiencia de vapor intensa y uniforme, sin ning\u00fan esfuerzo.<\/p>\n<p data-start=\"656\" data-end=\"1075\">Gracias a la <strong data-start=\"665\" data-end=\"700\">Bater\u00edas recargables de 850 mAh<\/strong> con <strong data-start=\"705\" data-end=\"724\">Puerto USB-C<\/strong> la producci\u00f3n se mantiene constante durante muchas horas. El sitio <strong data-start=\"778\" data-end=\"815\">Activaci\u00f3n por tracci\u00f3n (no requiere bot\u00f3n)<\/strong> hace que su uso resulte especialmente c\u00f3modo: basta con tirar y disfrutar. Ideal para viajar y para cualquiera que busque calidad y sencillez en uno. Con hasta <strong data-start=\"978\" data-end=\"1003\">20 apasionantes sabores<\/strong> hay algo para todos los gustos, desde afrutado a fresco o dulce.<\/p>\n<p data-start=\"1077\" data-end=\"1275\">La C\u00e1psula forma parte de la conocida <strong data-start=\"1112\" data-end=\"1132\">Familia JNR Vape<\/strong> y encaja perfectamente en la gama de <strong data-start=\"1177\" data-end=\"1190\">JNR Alien<\/strong> y <strong data-start=\"1195\" data-end=\"1211\">JNR Mediamax<\/strong> desarrollado para los vapers modernos que esperan lo m\u00e1ximo.<\/p>\n<h2 data-start=\"1282\" data-end=\"1323\"><strong data-start=\"1289\" data-end=\"1323\">JNR Capsule 15000 Datos t\u00e9cnicos de un vistazo:<\/strong><\/h2>\n<ul data-start=\"1325\" data-end=\"1827\">\n<li data-start=\"1325\" data-end=\"1362\">\n<p data-start=\"1327\" data-end=\"1362\"><strong data-start=\"1327\" data-end=\"1336\">Trenes:<\/strong> Hasta aprox. 15.000 caladas<\/p>\n<\/li>\n<li data-start=\"1363\" data-end=\"1396\">\n<p data-start=\"1365\" data-end=\"1396\"><strong data-start=\"1365\" data-end=\"1388\">Capacidad de e-l\u00edquido:<\/strong> 20 ml<\/p>\n<\/li>\n<li data-start=\"1397\" data-end=\"1451\">\n<p data-start=\"1399\" data-end=\"1451\"><strong data-start=\"1399\" data-end=\"1408\">Bater\u00eda:<\/strong> 850 mAh, recargable mediante USB Type-C<\/p>\n<\/li>\n<li data-start=\"1452\" data-end=\"1494\">\n<p data-start=\"1454\" data-end=\"1494\"><strong data-start=\"1454\" data-end=\"1472\">Conexi\u00f3n de carga:<\/strong> Carga r\u00e1pida USB-C<\/p>\n<\/li>\n<li data-start=\"1495\" data-end=\"1547\">\n<p data-start=\"1497\" data-end=\"1547\"><strong data-start=\"1497\" data-end=\"1515\">Potencia de nicotina:<\/strong> 0 %, 2 % o 5 % sal de nicotina<\/p>\n<\/li>\n<li data-start=\"1548\" data-end=\"1603\">\n<p data-start=\"1550\" data-end=\"1603\"><strong data-start=\"1550\" data-end=\"1559\">Bobina:<\/strong> Dual Mesh Coil - para un sabor intenso<\/p>\n<\/li>\n<li data-start=\"1604\" data-end=\"1656\">\n<p data-start=\"1606\" data-end=\"1656\"><strong data-start=\"1606\" data-end=\"1618\">Pantalla:<\/strong> Indicador LED de nivel de bater\u00eda y l\u00edquido<\/p>\n<\/li>\n<li data-start=\"1657\" data-end=\"1715\">\n<p data-start=\"1659\" data-end=\"1715\"><strong data-start=\"1659\" data-end=\"1675\">Activaci\u00f3n:<\/strong> Activaci\u00f3n por tracci\u00f3n: no necesita bot\u00f3n<\/p>\n<\/li>\n<li data-start=\"1716\" data-end=\"1777\">\n<p data-start=\"1718\" data-end=\"1777\"><strong data-start=\"1718\" data-end=\"1729\">Dise\u00f1o:<\/strong> Compacto, elegante, diferentes variantes de color<\/p>\n<\/li>\n<li data-start=\"1778\" data-end=\"1827\">\n<p data-start=\"1780\" data-end=\"1827\"><strong data-start=\"1780\" data-end=\"1788\">Tipo:<\/strong> Vape desechable \/ cigarrillo electr\u00f3nico desechable<\/p>\n<\/li>\n<\/ul>\n<h2 data-start=\"2102\" data-end=\"2145\"><strong data-start=\"2109\" data-end=\"2145\">JNR C\u00e1psula 15000 Sabores disponibles:<\/strong><\/h2>\n<ul data-start=\"2147\" data-end=\"2572\">\n<li data-start=\"2147\" data-end=\"2165\">\n<p data-start=\"2149\" data-end=\"2165\">Ar\u00e1ndano Kiwi<\/p>\n<\/li>\n<li data-start=\"2166\" data-end=\"2180\">\n<p data-start=\"2168\" data-end=\"2180\">Hielo de pl\u00e1tano<\/p>\n<\/li>\n<li data-start=\"2181\" data-end=\"2198\">\n<p data-start=\"2183\" data-end=\"2198\">Hielo Razz Azul<\/p>\n<\/li>\n<li data-start=\"2199\" data-end=\"2211\">\n<p data-start=\"2201\" data-end=\"2211\">Bolos<\/p>\n<\/li>\n<li data-start=\"2212\" data-end=\"2230\">\n<p data-start=\"2214\" data-end=\"2230\">Fresa helada<\/p>\n<\/li>\n<li data-start=\"2231\" data-end=\"2250\">\n<p data-start=\"2233\" data-end=\"2250\">Fresa Kiwi<\/p>\n<\/li>\n<li data-start=\"2251\" data-end=\"2267\">\n<p data-start=\"2253\" data-end=\"2267\">Cereza<\/p>\n<\/li>\n<li data-start=\"2268\" data-end=\"2281\">\n<p data-start=\"2270\" data-end=\"2281\">Menta fresca<\/p>\n<\/li>\n<li data-start=\"2282\" data-end=\"2305\">\n<p data-start=\"2284\" data-end=\"2305\">Jugosas bayas de uva<\/p>\n<\/li>\n<li data-start=\"2306\" data-end=\"2318\">\n<p data-start=\"2308\" data-end=\"2318\">Sr. Azul<\/p>\n<\/li>\n<li data-start=\"2319\" data-end=\"2343\">\n<p data-start=\"2321\" data-end=\"2343\">Chicle de ar\u00e1ndanos<\/p>\n<\/li>\n<li data-start=\"2344\" data-end=\"2369\">\n<p data-start=\"2346\" data-end=\"2369\">Ar\u00e1ndano Granada<\/p>\n<\/li>\n<li data-start=\"2370\" data-end=\"2398\">\n<p data-start=\"2372\" data-end=\"2398\">Frambuesa agria con ar\u00e1ndanos<\/p>\n<\/li>\n<li data-start=\"2399\" data-end=\"2425\">\n<p data-start=\"2401\" data-end=\"2425\">Mubba Bubba Fresa<\/p>\n<\/li>\n<li data-start=\"2426\" data-end=\"2457\">\n<p data-start=\"2428\" data-end=\"2457\">Fresa Frambuesa Cereza<\/p>\n<\/li>\n<li data-start=\"2458\" data-end=\"2487\">\n<p data-start=\"2460\" data-end=\"2487\">Hielo de fresa y sand\u00eda<\/p>\n<\/li>\n<li data-start=\"2488\" data-end=\"2506\">\n<p data-start=\"2490\" data-end=\"2506\">Ponche tropical<\/p>\n<\/li>\n<li data-start=\"2507\" data-end=\"2531\">\n<p data-start=\"2509\" data-end=\"2531\">Sand\u00eda Brazz Ice<\/p>\n<\/li>\n<li data-start=\"2532\" data-end=\"2550\">\n<p data-start=\"2534\" data-end=\"2550\">Hielo de sand\u00eda<\/p>\n<\/li>\n<li data-start=\"2551\" data-end=\"2572\">\n<p data-start=\"2553\" data-end=\"2572\">Sand\u00eda Lichi<\/p>\n<\/li>\n<\/ul>\n<h2 data-start=\"2579\" data-end=\"2634\"><strong data-start=\"2585\" data-end=\"2634\">\u00bfPor qu\u00e9 comprar JNR Capsule 15000 en fumot-vaping.es?<\/strong><\/h2>\n<ul data-start=\"2636\" data-end=\"2962\">\n<li data-start=\"2636\" data-end=\"2683\">\n<p data-start=\"2638\" data-end=\"2683\">Duradero: hasta <strong data-start=\"2656\" data-end=\"2681\">15.000 inhalaciones por dispositivo<\/strong><\/p>\n<\/li>\n<li data-start=\"2684\" data-end=\"2737\">\n<p data-start=\"2686\" data-end=\"2737\">Compacto y recargable, perfecto para viajar<\/p>\n<\/li>\n<li data-start=\"2738\" data-end=\"2799\">\n<p data-start=\"2740\" data-end=\"2799\">Claramente legible <strong data-start=\"2756\" data-end=\"2797\">Pantalla LED para control en tiempo real<\/strong><\/p>\n<\/li>\n<li data-start=\"2800\" data-end=\"2855\">\n<p data-start=\"2802\" data-end=\"2855\">Amplia selecci\u00f3n de <strong data-start=\"2819\" data-end=\"2853\">sabores intensos y afrutados<\/strong><\/p>\n<\/li>\n<li data-start=\"2856\" data-end=\"2912\">\n<p data-start=\"2858\" data-end=\"2912\">Producto original de la popular <strong data-start=\"2892\" data-end=\"2910\">Serie JNR Vape<\/strong><\/p>\n<\/li>\n<li data-start=\"2913\" data-end=\"2962\">\n<p data-start=\"2915\" data-end=\"2962\">Env\u00edo r\u00e1pido y servicio al cliente competente<\/p>\n<\/li>\n<\/ul>\n<p data-start=\"2964\" data-end=\"3094\">\ud83d\udc49 Haz tu pedido en l\u00ednea <a class=\"\" href=\"https:\/\/fumot-vaping.de\" target=\"_new\" rel=\"noopener\" data-start=\"2994\" data-end=\"3040\"><strong data-start=\"2995\" data-end=\"3014\">fumot-vaping.com<\/strong><\/a> y lleve su experiencia de vapeo al siguiente nivel.<\/p>\n<h2 data-start=\"1834\" data-end=\"1862\"><strong data-start=\"1841\" data-end=\"1860\">Nota de nicotina:<\/strong><\/h2>\n<p data-start=\"1863\" data-end=\"2095\">Disponible en variantes con 0 %, 2 % o 5 % de sal de nicotina. <strong data-start=\"1922\" data-end=\"1971\">La nicotina es una sustancia altamente adictiva.<\/strong> No apto para no fumadores, mujeres embarazadas o j\u00f3venes menores de 18 a\u00f1os. Mantener fuera del alcance de los ni\u00f1os.<\/p>","protected":false},"excerpt":{"rendered":"<p><strong>JNR C\u00e1psula 15000 PUFF<\/strong> - 20 ml de l\u00edquido, bater\u00eda de 850 mAh, pantalla LED y 0-5 % de nicotina. Compacto, recargable y sabor fuerte. P\u00eddalo ahora en fumot-vaping.de y descubra 20 sabores.<\/p>","protected":false},"featured_media":16818,"comment_status":"open","ping_status":"closed","template":"","meta":[],"product_brand":[],"product_cat":[106],"product_tag":[],"class_list":{"0":"post-16752","1":"product","2":"type-product","3":"status-publish","4":"has-post-thumbnail","6":"product_cat-jnr-disposable-vape","8":"first","9":"outofstock","10":"shipping-taxable","11":"purchasable","12":"product-type-variable"},"_links":{"self":[{"href":"https:\/\/fumot-vaping.de\/es\/wp-json\/wp\/v2\/product\/16752","targetHints":{"allow":["GET"]}}],"collection":[{"href":"https:\/\/fumot-vaping.de\/es\/wp-json\/wp\/v2\/product"}],"about":[{"href":"https:\/\/fumot-vaping.de\/es\/wp-json\/wp\/v2\/types\/product"}],"replies":[{"embeddable":true,"href":"https:\/\/fumot-vaping.de\/es\/wp-json\/wp\/v2\/comments?post=16752"}],"version-history":[{"count":1,"href":"https:\/\/fumot-vaping.de\/es\/wp-json\/wp\/v2\/product\/16752\/revisions"}],"predecessor-version":[{"id":16821,"href":"https:\/\/fumot-vaping.de\/es\/wp-json\/wp\/v2\/product\/16752\/revisions\/16821"}],"wp:featuredmedia":[{"embeddable":true,"href":"https:\/\/fumot-vaping.de\/es\/wp-json\/wp\/v2\/media\/16818"}],"wp:attachment":[{"href":"https:\/\/fumot-vaping.de\/es\/wp-json\/wp\/v2\/media?parent=16752"}],"wp:term":[{"taxonomy":"product_brand","embeddable":true,"href":"https:\/\/fumot-vaping.de\/es\/wp-json\/wp\/v2\/product_brand?post=16752"},{"taxonomy":"product_cat","embeddable":true,"href":"https:\/\/fumot-vaping.de\/es\/wp-json\/wp\/v2\/product_cat?post=16752"},{"taxonomy":"product_tag","embeddable":true,"href":"https:\/\/fumot-vaping.de\/es\/wp-json\/wp\/v2\/product_tag?post=16752"}],"curies":[{"name":"wp","href":"https:\/\/api.w.org\/{rel}","templated":true}]}}