{"id":16383,"date":"2025-07-11T01:43:45","date_gmt":"2025-07-11T01:43:45","guid":{"rendered":"https:\/\/fumot-vaping.de\/?post_type=product&#038;p=16383"},"modified":"2025-07-15T02:55:12","modified_gmt":"2025-07-15T02:55:12","slug":"vozol-star-20000-puffs-vozol-pods-vape","status":"publish","type":"product","link":"https:\/\/fumot-vaping.de\/es\/product\/vozol-star-20000-puffs-vozol-pods-vape\/","title":{"rendered":"Vozol Star 20000 Puffs - vozol pods vape"},"content":{"rendered":"<h2 data-start=\"0\" data-end=\"61\"><strong data-start=\"0\" data-end=\"61\">Vozol Star 20000 Puffs - Maximiza tu experiencia de vapeo<\/strong><\/h2>\n<p data-start=\"63\" data-end=\"585\">En <strong data-start=\"67\" data-end=\"93\">Vozol Star 20000 Puffs<\/strong> ofrece una experiencia de vapor excepcional con hasta <strong data-start=\"145\" data-end=\"161\">20.000 trenes<\/strong>un <strong data-start=\"169\" data-end=\"206\">Funci\u00f3n de carga r\u00e1pida USB Type-C<\/strong> y una <strong data-start=\"217\" data-end=\"260\">variada selecci\u00f3n de sabores frescos<\/strong>. Compacto y f\u00e1cil de usar, este vapeador desechable es ideal para viajar y permite vapear de forma agradable y duradera. Con su moderna tecnolog\u00eda y sus pr\u00e1cticas funciones, como un <strong data-start=\"466\" data-end=\"481\">Pantalla LED<\/strong> El indicador de bater\u00eda y de nivel de fluido tambi\u00e9n ofrece un manejo sencillo y eficaz.<\/p>\n<h2 data-start=\"587\" data-end=\"608\"><strong data-start=\"587\" data-end=\"608\">Vozol Star 20000 Par\u00e1metros del producto:<\/strong><\/h2>\n<ul data-start=\"610\" data-end=\"862\">\n<li data-start=\"610\" data-end=\"650\">\n<p data-start=\"612\" data-end=\"650\"><strong data-start=\"612\" data-end=\"638\">Concentraci\u00f3n de nicotina:<\/strong> 2% y 5%<\/p>\n<\/li>\n<li data-start=\"651\" data-end=\"704\">\n<p data-start=\"653\" data-end=\"704\"><strong data-start=\"653\" data-end=\"671\">Conexi\u00f3n de carga:<\/strong> USB Tipo-C para carga r\u00e1pida<\/p>\n<\/li>\n<li data-start=\"705\" data-end=\"737\">\n<p data-start=\"707\" data-end=\"737\"><strong data-start=\"707\" data-end=\"716\">Trenes:<\/strong> Hasta 20.000 trenes<\/p>\n<\/li>\n<li data-start=\"738\" data-end=\"792\">\n<p data-start=\"740\" data-end=\"792\"><strong data-start=\"740\" data-end=\"753\">Tiempo de carga:<\/strong> Dos horas para la carga completa<\/p>\n<\/li>\n<li data-start=\"793\" data-end=\"862\">\n<p data-start=\"795\" data-end=\"862\"><strong data-start=\"795\" data-end=\"806\">Sabores:<\/strong> 20 sabores diferentes (10 unidades por caja)<\/p>\n<\/li>\n<\/ul>\n<h2 data-start=\"864\" data-end=\"883\"><strong data-start=\"864\" data-end=\"883\">Vozol Star 20000 Variedad de sabores:<\/strong><\/h2>\n<ul data-start=\"885\" data-end=\"1135\">\n<li data-start=\"885\" data-end=\"901\">\n<p data-start=\"887\" data-end=\"901\">Hielo de sand\u00eda<\/p>\n<\/li>\n<li data-start=\"902\" data-end=\"913\">\n<p data-start=\"904\" data-end=\"913\">Hielo de uva<\/p>\n<\/li>\n<li data-start=\"914\" data-end=\"925\">\n<p data-start=\"916\" data-end=\"925\">Mango Ice<\/p>\n<\/li>\n<li data-start=\"926\" data-end=\"944\">\n<p data-start=\"928\" data-end=\"944\">Doble manzana helada<\/p>\n<\/li>\n<li data-start=\"945\" data-end=\"962\">\n<p data-start=\"947\" data-end=\"962\">Fresa Kiwi<\/p>\n<\/li>\n<li data-start=\"963\" data-end=\"985\">\n<p data-start=\"965\" data-end=\"985\">Sand\u00eda con frambuesa<\/p>\n<\/li>\n<li data-start=\"986\" data-end=\"1001\">\n<p data-start=\"988\" data-end=\"1001\">Hielo Razz Azul<\/p>\n<\/li>\n<li data-start=\"1002\" data-end=\"1020\">\n<p data-start=\"1004\" data-end=\"1020\">Fresa Mango<\/p>\n<\/li>\n<li data-start=\"1021\" data-end=\"1045\">\n<p data-start=\"1023\" data-end=\"1045\">Melocot\u00f3n Mango Sand\u00eda<\/p>\n<\/li>\n<li data-start=\"1046\" data-end=\"1059\">\n<p data-start=\"1048\" data-end=\"1059\">Cereza Cola<\/p>\n<\/li>\n<li data-start=\"1060\" data-end=\"1077\">\n<p data-start=\"1062\" data-end=\"1077\">Helado de melocot\u00f3n jugoso<\/p>\n<\/li>\n<li data-start=\"1078\" data-end=\"1093\">\n<p data-start=\"1080\" data-end=\"1093\">Mezcla de bayas<\/p>\n<\/li>\n<li data-start=\"1094\" data-end=\"1106\">\n<p data-start=\"1096\" data-end=\"1106\">Lim\u00f3n Lima<\/p>\n<\/li>\n<li data-start=\"1107\" data-end=\"1124\">\n<p data-start=\"1109\" data-end=\"1124\">Tormenta de ar\u00e1ndanos<\/p>\n<\/li>\n<li data-start=\"1125\" data-end=\"1135\">\n<p data-start=\"1127\" data-end=\"1135\">Amor 777<\/p>\n<\/li>\n<\/ul>\n<h2 data-start=\"1137\" data-end=\"1534\"><strong data-start=\"1137\" data-end=\"1147\">conclusi\u00f3n de vozol vape:<\/strong><\/h2>\n<p data-start=\"1137\" data-end=\"1534\" data-is-last-node=\"\" data-is-only-node=\"\">En <strong data-start=\"1154\" data-end=\"1180\">Vozol Star 20000 Puffs<\/strong> es la elecci\u00f3n perfecta para los vapeadores que buscan una experiencia c\u00f3moda y duradera. Con una amplia selecci\u00f3n de sabores afrutados y una bater\u00eda de larga duraci\u00f3n, este dispositivo es una soluci\u00f3n ideal para cualquiera que quiera disfrutar al m\u00e1ximo del vapeo. Visite <strong data-start=\"1454\" data-end=\"1471\">topvape.store<\/strong> y descubra la diversidad del <strong data-start=\"1507\" data-end=\"1533\">Vozol Star 20000 Puffs<\/strong>!<\/p>","protected":false},"excerpt":{"rendered":"<p>En <strong data-start=\"44\" data-end=\"70\">Vozol Star 20000 Puffs<\/strong> es un vapeador desechable port\u00e1til de larga duraci\u00f3n con 20 sabores diferentes y hasta 20.000 caladas. Con carga r\u00e1pida USB-C y nicotina 2%\/5% para un disfrute intenso.<\/p>","protected":false},"featured_media":16420,"comment_status":"open","ping_status":"closed","template":"","meta":[],"product_brand":[],"product_cat":[107],"product_tag":[],"class_list":{"0":"post-16383","1":"product","2":"type-product","3":"status-publish","4":"has-post-thumbnail","6":"product_cat-vozol-disposable-vape","8":"first","9":"instock","10":"shipping-taxable","11":"purchasable","12":"product-type-variable"},"_links":{"self":[{"href":"https:\/\/fumot-vaping.de\/es\/wp-json\/wp\/v2\/product\/16383","targetHints":{"allow":["GET"]}}],"collection":[{"href":"https:\/\/fumot-vaping.de\/es\/wp-json\/wp\/v2\/product"}],"about":[{"href":"https:\/\/fumot-vaping.de\/es\/wp-json\/wp\/v2\/types\/product"}],"replies":[{"embeddable":true,"href":"https:\/\/fumot-vaping.de\/es\/wp-json\/wp\/v2\/comments?post=16383"}],"version-history":[{"count":2,"href":"https:\/\/fumot-vaping.de\/es\/wp-json\/wp\/v2\/product\/16383\/revisions"}],"predecessor-version":[{"id":16945,"href":"https:\/\/fumot-vaping.de\/es\/wp-json\/wp\/v2\/product\/16383\/revisions\/16945"}],"wp:featuredmedia":[{"embeddable":true,"href":"https:\/\/fumot-vaping.de\/es\/wp-json\/wp\/v2\/media\/16420"}],"wp:attachment":[{"href":"https:\/\/fumot-vaping.de\/es\/wp-json\/wp\/v2\/media?parent=16383"}],"wp:term":[{"taxonomy":"product_brand","embeddable":true,"href":"https:\/\/fumot-vaping.de\/es\/wp-json\/wp\/v2\/product_brand?post=16383"},{"taxonomy":"product_cat","embeddable":true,"href":"https:\/\/fumot-vaping.de\/es\/wp-json\/wp\/v2\/product_cat?post=16383"},{"taxonomy":"product_tag","embeddable":true,"href":"https:\/\/fumot-vaping.de\/es\/wp-json\/wp\/v2\/product_tag?post=16383"}],"curies":[{"name":"wp","href":"https:\/\/api.w.org\/{rel}","templated":true}]}}