{"id":16032,"date":"2025-06-28T11:17:14","date_gmt":"2025-06-28T11:17:14","guid":{"rendered":"https:\/\/fumot-vaping.de\/?post_type=product&#038;p=16032"},"modified":"2025-06-28T11:17:15","modified_gmt":"2025-06-28T11:17:15","slug":"resumen-de-la-prueba-jnr-falcon-x-18000-puffs","status":"publish","type":"product","link":"https:\/\/fumot-vaping.de\/es\/product\/resumen-de-la-prueba-jnr-falcon-x-18000-puffs\/","title":{"rendered":"JNR Falcon X 18000 Puffs en pruebas y resumen"},"content":{"rendered":"<h2 data-start=\"94\" data-end=\"159\"><strong data-start=\"97\" data-end=\"159\">JNR Falcon X 18000 Puffs: el vapeador desechable de nueva generaci\u00f3n<\/strong><\/h2>\n<p data-start=\"161\" data-end=\"219\">Potente. Sabor intenso. Recargable.<strong>JNR Falcon X 18000 Puffs<\/strong> define lo que pueden hacer los cigarrillos electr\u00f3nicos desechables modernos. Con hasta <strong data-start=\"312\" data-end=\"328\">18.000 trenes<\/strong>pantalla digital, potencia de nicotina variable y una calidad de vapor excepcional, este dispositivo est\u00e1 dirigido a usuarios exigentes que buscan funcionalidad y sabor en uno.<\/p>\n<h2 data-start=\"512\" data-end=\"553\"><strong>JNR Falcon X 18000 Puffs Resumen de las caracter\u00edsticas t\u00e9cnicas<\/strong><\/h2>\n<ul data-start=\"555\" data-end=\"840\">\n<li data-start=\"555\" data-end=\"582\">\n<p data-start=\"557\" data-end=\"582\"><strong data-start=\"557\" data-end=\"565\">Trenes<\/strong>Hasta 18.000<\/p>\n<\/li>\n<li data-start=\"583\" data-end=\"614\">\n<p data-start=\"585\" data-end=\"614\"><strong data-start=\"585\" data-end=\"605\">Capacidad de l\u00edquido<\/strong>: 24 ml<\/p>\n<\/li>\n<li data-start=\"615\" data-end=\"652\">\n<p data-start=\"617\" data-end=\"652\"><strong data-start=\"617\" data-end=\"635\">Potencias de nicotina<\/strong>0 %, 2 %, 5 %<\/p>\n<\/li>\n<li data-start=\"653\" data-end=\"696\">\n<p data-start=\"655\" data-end=\"696\"><strong data-start=\"655\" data-end=\"663\">Bater\u00eda<\/strong>950 mAh, recargable mediante USB-C<\/p>\n<\/li>\n<li data-start=\"697\" data-end=\"738\">\n<p data-start=\"699\" data-end=\"738\"><strong data-start=\"699\" data-end=\"707\">Bobina<\/strong>Malla doble, resistencia de 0,6 \u03a9<\/p>\n<\/li>\n<li data-start=\"739\" data-end=\"782\">\n<p data-start=\"741\" data-end=\"782\"><strong data-start=\"741\" data-end=\"752\">Mostrar<\/strong>Muestra el estado de la bater\u00eda y el n\u00famero de caladas<\/p>\n<\/li>\n<li data-start=\"783\" data-end=\"840\">\n<p data-start=\"785\" data-end=\"840\"><strong data-start=\"785\" data-end=\"796\">Flujo de aire<\/strong>Ajustable al comportamiento de tracci\u00f3n individual<\/p>\n<\/li>\n<\/ul>\n<h2 data-start=\"847\" data-end=\"906\"><strong>El sabor se une a la variedad: 20 sabores para cada estilo<\/strong><\/h2>\n<p data-start=\"908\" data-end=\"991\">Ya sean afrutados, helados o dulces: con 20 sabores, ning\u00fan deseo queda sin cumplir:<\/p>\n<ul data-start=\"993\" data-end=\"1322\">\n<li data-start=\"993\" data-end=\"1076\">\n<p data-start=\"995\" data-end=\"1076\"><strong data-start=\"995\" data-end=\"1014\">Afrutado y fresco<\/strong>Kiwi Sand\u00eda Helado, Fresa Pl\u00e1tano, Fruta de la Pasi\u00f3n Kiwi<\/p>\n<\/li>\n<li data-start=\"1077\" data-end=\"1138\">\n<p data-start=\"1079\" data-end=\"1138\"><strong data-start=\"1079\" data-end=\"1094\">Fresco y claro<\/strong>Blue Razz Ice, Cool Mint, Sour Apple Ice<\/p>\n<\/li>\n<li data-start=\"1139\" data-end=\"1214\">\n<p data-start=\"1141\" data-end=\"1214\"><strong data-start=\"1141\" data-end=\"1156\">Baya fuerte<\/strong>Mezcla de bayas, explosi\u00f3n de bayas, ar\u00e1ndano frambuesa cereza<\/p>\n<\/li>\n<li data-start=\"1215\" data-end=\"1270\">\n<p data-start=\"1217\" data-end=\"1270\"><strong data-start=\"1217\" data-end=\"1236\">Dulce y juguet\u00f3n<\/strong>Skittles, Sand\u00eda Chicle<\/p>\n<\/li>\n<li data-start=\"1271\" data-end=\"1322\">\n<p data-start=\"1273\" data-end=\"1322\"><strong data-start=\"1273\" data-end=\"1285\">Ex\u00f3tico<\/strong>Sand\u00eda Lichi, Melocot\u00f3n Blanco Razz<\/p>\n<\/li>\n<\/ul>\n<p data-start=\"1324\" data-end=\"1433\">Cada variante ofrece un perfil de vapor intenso y redondeado, optimizado para la tecnolog\u00eda de doble bobina de malla.<\/p>\n<h2 data-start=\"2066\" data-end=\"2134\"><strong>Calidad, seguridad y transparencia: nuestro compromiso con la EEAT<\/strong><\/h2>\n<p data-start=\"2136\" data-end=\"2471\">Nosotros <strong>JNR Falcon X 18000 Puffs<\/strong>\u00a0con <strong data-start=\"2144\" data-end=\"2163\">fumot-vaping.com<\/strong> confiar en productos de seguridad demostrada. El Falcon-X cumple todos los requisitos pertinentes de la Directiva sobre productos del tabaco (TPD) de la UE para los cigarrillos electr\u00f3nicos desechables, con una exenci\u00f3n para los modelos de gran volumen (24 ml). Los materiales utilizados no contienen sustancias nocivas y las opciones de nicotina se prueban regularmente en el laboratorio.<\/p>\n<p data-start=\"2473\" data-end=\"2684\">Nuestro contenido se basa en datos verificados del fabricante y est\u00e1 creado por expertos en la materia. Esto significa que seguimos los \u00faltimos criterios de Google EEAT: <strong data-start=\"2622\" data-end=\"2683\">Experiencia, pericia, autoridad, fiabilidad<\/strong>.<\/p>\n<h2 data-start=\"2691\" data-end=\"2740\"><strong>\u00a0\u00bfPara qui\u00e9n es ideal el Falcon-X de JNR?<\/strong><\/h2>\n<p data-start=\"2742\" data-end=\"2814\">En <strong>JNR Falcon X 18000 Puffs<\/strong> est\u00e1 dirigido a vapers experimentados que:<\/p>\n<ul data-start=\"2816\" data-end=\"3000\">\n<li data-start=\"2816\" data-end=\"2858\">\n<p data-start=\"2818\" data-end=\"2858\">buscar n\u00fameros de tren elevados sin rellenar,<\/p>\n<\/li>\n<li data-start=\"2859\" data-end=\"2897\">\n<p data-start=\"2861\" data-end=\"2897\">valoran una variedad de sabores,<\/p>\n<\/li>\n<li data-start=\"2898\" data-end=\"2949\">\n<p data-start=\"2900\" data-end=\"2949\">prefieren una soluci\u00f3n c\u00f3moda y duradera,<\/p>\n<\/li>\n<li data-start=\"2950\" data-end=\"3000\">\n<p data-start=\"2952\" data-end=\"3000\">quieren elegir con flexibilidad entre las concentraciones de nicotina.<\/p>\n<\/li>\n<\/ul>\n<p data-start=\"3002\" data-end=\"3167\">En <strong>JNR Falcon X 18000 Puffs<\/strong>\u00a0Recargabilidad, control preciso y tecnolog\u00eda fiable lo convierten en el <strong data-start=\"3085\" data-end=\"3139\">alternativa de primera clase a los sistemas pod o mod<\/strong> - sin preparaci\u00f3n, sin esfuerzo.<\/p>\n<p data-start=\"3174\" data-end=\"3247\"><strong data-start=\"3174\" data-end=\"3199\">Ya disponible en:<\/strong><br data-start=\"3199\" data-end=\"3202\" \/>\ud83d\udc49 <a class=\"\" href=\"https:\/\/fumot-vaping.de\" target=\"_new\" rel=\"noopener\" data-start=\"3205\" data-end=\"3247\">fumot-vaping.com<\/a><\/p>","protected":false},"excerpt":{"rendered":"<p><strong>JNR Falcon X 18000 Puffs <\/strong>Cigarrillo electr\u00f3nico con hasta 18.000 caladas, recargable, 20 sabores, pantalla digital y potencia de nicotina seleccionable. Desc\u00fabrelo ahora en fumot-vaping.de.<\/p>","protected":false},"featured_media":16123,"comment_status":"open","ping_status":"closed","template":"","meta":[],"product_brand":[],"product_cat":[106],"product_tag":[],"class_list":{"0":"post-16032","1":"product","2":"type-product","3":"status-publish","4":"has-post-thumbnail","6":"product_cat-jnr-disposable-vape","8":"first","9":"instock","10":"shipping-taxable","11":"purchasable","12":"product-type-variable"},"_links":{"self":[{"href":"https:\/\/fumot-vaping.de\/es\/wp-json\/wp\/v2\/product\/16032","targetHints":{"allow":["GET"]}}],"collection":[{"href":"https:\/\/fumot-vaping.de\/es\/wp-json\/wp\/v2\/product"}],"about":[{"href":"https:\/\/fumot-vaping.de\/es\/wp-json\/wp\/v2\/types\/product"}],"replies":[{"embeddable":true,"href":"https:\/\/fumot-vaping.de\/es\/wp-json\/wp\/v2\/comments?post=16032"}],"version-history":[{"count":4,"href":"https:\/\/fumot-vaping.de\/es\/wp-json\/wp\/v2\/product\/16032\/revisions"}],"predecessor-version":[{"id":16316,"href":"https:\/\/fumot-vaping.de\/es\/wp-json\/wp\/v2\/product\/16032\/revisions\/16316"}],"wp:featuredmedia":[{"embeddable":true,"href":"https:\/\/fumot-vaping.de\/es\/wp-json\/wp\/v2\/media\/16123"}],"wp:attachment":[{"href":"https:\/\/fumot-vaping.de\/es\/wp-json\/wp\/v2\/media?parent=16032"}],"wp:term":[{"taxonomy":"product_brand","embeddable":true,"href":"https:\/\/fumot-vaping.de\/es\/wp-json\/wp\/v2\/product_brand?post=16032"},{"taxonomy":"product_cat","embeddable":true,"href":"https:\/\/fumot-vaping.de\/es\/wp-json\/wp\/v2\/product_cat?post=16032"},{"taxonomy":"product_tag","embeddable":true,"href":"https:\/\/fumot-vaping.de\/es\/wp-json\/wp\/v2\/product_tag?post=16032"}],"curies":[{"name":"wp","href":"https:\/\/api.w.org\/{rel}","templated":true}]}}