{"id":15497,"date":"2025-07-02T11:05:32","date_gmt":"2025-07-02T11:05:32","guid":{"rendered":"https:\/\/fumot-vaping.de\/?post_type=product&#038;p=15497"},"modified":"2025-11-20T03:00:33","modified_gmt":"2025-11-20T03:00:33","slug":"cuanto-dura-el-jnr-batman-11000-puff","status":"publish","type":"product","link":"https:\/\/fumot-vaping.de\/es\/product\/cuanto-dura-el-jnr-batman-11000-puff\/","title":{"rendered":"\u00bfCu\u00e1nto dura el JNR Batman 11000 Puff?"},"content":{"rendered":"<h2 data-start=\"76\" data-end=\"536\"><strong data-start=\"3184\" data-end=\"3229\">\u00bfCu\u00e1nto dura el puff JNR Batman 11000?<\/strong><\/h2>\n<p data-start=\"76\" data-end=\"536\">En <strong data-start=\"3236\" data-end=\"3261\">JNR Batman 11000 Puff<\/strong> te ofrece hasta 11.000 caladas, lo que es suficiente para muchos d\u00edas o incluso semanas, dependiendo de tu comportamiento de uso. <strong data-start=\"80\" data-end=\"105\">JNR Batman 11000 Puff<\/strong> es la elecci\u00f3n perfecta para los vapeadores que buscan un rendimiento sobresaliente, un sabor excelente y unas funciones f\u00e1ciles de usar. Con hasta 11.000 caladas, una generosa capacidad de 20 ml de e-l\u00edquido y una potente bater\u00eda de 850 mAh, este vape ofrece todo lo necesario para una experiencia de vapeo inolvidable. Gracias a la conexi\u00f3n USB Type-C y a la bater\u00eda de carga r\u00e1pida, podr\u00e1s vapear en cualquier momento y lugar.<\/p>\n<h2 data-start=\"538\" data-end=\"589\"><strong data-start=\"543\" data-end=\"589\">Caracter\u00edsticas del puff JNR Batman 11000:<\/strong><\/h2>\n<ul data-start=\"591\" data-end=\"1289\">\n<li data-start=\"591\" data-end=\"649\">\n<p data-start=\"593\" data-end=\"649\"><strong data-start=\"593\" data-end=\"601\">Trenes<\/strong>Hasta 11.000 caladas para un vapeo duradero<\/p>\n<\/li>\n<li data-start=\"650\" data-end=\"725\">\n<p data-start=\"652\" data-end=\"725\"><strong data-start=\"652\" data-end=\"674\">Capacidad de e-l\u00edquido<\/strong>20 ml precargados para un disfrute duradero<\/p>\n<\/li>\n<li data-start=\"726\" data-end=\"793\">\n<p data-start=\"728\" data-end=\"793\"><strong data-start=\"728\" data-end=\"736\">Bater\u00eda<\/strong>Bater\u00eda recargable de 850 mAh para un rendimiento estable<\/p>\n<\/li>\n<li data-start=\"794\" data-end=\"867\">\n<p data-start=\"796\" data-end=\"867\"><strong data-start=\"796\" data-end=\"813\">Conexi\u00f3n de carga<\/strong>USB Type-C para una carga r\u00e1pida y menos tiempo de espera<\/p>\n<\/li>\n<li data-start=\"868\" data-end=\"943\">\n<p data-start=\"870\" data-end=\"943\"><strong data-start=\"870\" data-end=\"882\">Tipo de bobina<\/strong>Dual Mesh Coil para un sabor m\u00e1s intenso y un vapor m\u00e1s denso<\/p>\n<\/li>\n<li data-start=\"944\" data-end=\"1034\">\n<p data-start=\"946\" data-end=\"1034\"><strong data-start=\"946\" data-end=\"966\">Opciones de nicotina<\/strong>Contenido de nicotina: Seleccionable en 0%, 2% y 5% para cada sabor.<\/p>\n<\/li>\n<li data-start=\"1035\" data-end=\"1113\">\n<p data-start=\"1037\" data-end=\"1113\"><strong data-start=\"1037\" data-end=\"1052\">Activaci\u00f3n<\/strong>Activaci\u00f3n autom\u00e1tica del tren para un uso sin complicaciones<\/p>\n<\/li>\n<li data-start=\"1114\" data-end=\"1203\">\n<p data-start=\"1116\" data-end=\"1203\"><strong data-start=\"1116\" data-end=\"1131\">Indicadores<\/strong>Indicador de nivel de bater\u00eda y e-l\u00edquido para que siempre tengas una visi\u00f3n general<\/p>\n<\/li>\n<li data-start=\"1204\" data-end=\"1289\">\n<p data-start=\"1206\" data-end=\"1289\"><strong data-start=\"1206\" data-end=\"1217\">Flujo de aire<\/strong>Control de flujo de aire ajustable para una experiencia de vapeo personalizada<\/p>\n<\/li>\n<\/ul>\n<h2 data-start=\"1291\" data-end=\"1356\"><strong data-start=\"1296\" data-end=\"1356\">JNR Batman 11000 Puff - Sabores vers\u00e1tiles<\/strong><\/h2>\n<p data-start=\"1358\" data-end=\"1550\">En <strong data-start=\"1362\" data-end=\"1387\">JNR Batman 11000 Puff<\/strong> ofrece una variedad de sabores excitantes y \u00fanicos que har\u00e1n las delicias de su paladar. Algunos de los sabores m\u00e1s populares son:<\/p>\n<ul data-start=\"1552\" data-end=\"2017\">\n<li data-start=\"1552\" data-end=\"1612\">\n<p data-start=\"1554\" data-end=\"1612\"><strong data-start=\"1554\" data-end=\"1570\">Masticables afrutados<\/strong> | <strong data-start=\"1573\" data-end=\"1588\">Uva Manzana<\/strong> | <strong data-start=\"1591\" data-end=\"1610\">Guayaba Frambuesa<\/strong><\/p>\n<\/li>\n<li data-start=\"1613\" data-end=\"1674\">\n<p data-start=\"1615\" data-end=\"1674\"><strong data-start=\"1615\" data-end=\"1629\">Menta fresca<\/strong> | <strong data-start=\"1632\" data-end=\"1649\">Uvas Sakura<\/strong> | <strong data-start=\"1652\" data-end=\"1672\">Fresa Mango<\/strong><\/p>\n<\/li>\n<li data-start=\"1675\" data-end=\"1743\">\n<p data-start=\"1677\" data-end=\"1743\"><strong data-start=\"1677\" data-end=\"1701\">Sand\u00eda con frambuesa<\/strong> | <strong data-start=\"1704\" data-end=\"1723\">Fresa Kiwi<\/strong> | <strong data-start=\"1726\" data-end=\"1741\">R\u00e1faga de manzana<\/strong><\/p>\n<\/li>\n<li data-start=\"1744\" data-end=\"1816\">\n<p data-start=\"1746\" data-end=\"1816\"><strong data-start=\"1746\" data-end=\"1761\">Mango Melocot\u00f3n<\/strong> | <strong data-start=\"1764\" data-end=\"1788\">Bayas de grosella negra<\/strong> | <strong data-start=\"1791\" data-end=\"1814\">Ar\u00e1ndano Frambuesa<\/strong><\/p>\n<\/li>\n<li data-start=\"1817\" data-end=\"1889\">\n<p data-start=\"1819\" data-end=\"1889\"><strong data-start=\"1819\" data-end=\"1839\">R\u00e1faga de fresas<\/strong> | <strong data-start=\"1842\" data-end=\"1863\">Escalofr\u00edos de sand\u00eda<\/strong> | <strong data-start=\"1866\" data-end=\"1887\">Capuchino suave<\/strong><\/p>\n<\/li>\n<li data-start=\"1890\" data-end=\"1977\">\n<p data-start=\"1892\" data-end=\"1977\"><strong data-start=\"1892\" data-end=\"1914\">Kiwi Pasi\u00f3n Guayaba<\/strong> | <strong data-start=\"1917\" data-end=\"1947\">Ar\u00e1ndano Ar\u00e1ndano Cereza<\/strong> | <strong data-start=\"1950\" data-end=\"1975\">Ar\u00e1ndano Granada<\/strong><\/p>\n<\/li>\n<li data-start=\"1978\" data-end=\"2017\">\n<p data-start=\"1980\" data-end=\"2017\"><strong data-start=\"1980\" data-end=\"1999\">Frambuesa Uva<\/strong> | <strong data-start=\"2002\" data-end=\"2017\">Cerezo oscuro<\/strong><\/p>\n<\/li>\n<\/ul>\n<h2 data-start=\"2019\" data-end=\"2067\"><strong data-start=\"2024\" data-end=\"2067\">\u00bfPor qu\u00e9 elegir el puff JNR Batman 11000?<\/strong><\/h2>\n<ul data-start=\"2069\" data-end=\"2658\">\n<li data-start=\"2069\" data-end=\"2185\">\n<p data-start=\"2071\" data-end=\"2185\"><strong data-start=\"2071\" data-end=\"2092\">Larga vida \u00fatil<\/strong>Con hasta 11.000 caladas, este vapeador es ideal para cualquiera que busque un producto de larga duraci\u00f3n.<\/p>\n<\/li>\n<li data-start=\"2186\" data-end=\"2363\">\n<p data-start=\"2188\" data-end=\"2363\"><strong data-start=\"2188\" data-end=\"2213\">Excelente sabor<\/strong>Gracias a la <strong data-start=\"2224\" data-end=\"2243\">Bobinas de doble malla<\/strong> ofrece la <strong data-start=\"2255\" data-end=\"2280\">JNR Batman 11000 Puff<\/strong> una experiencia de sabor m\u00e1s intensa y una producci\u00f3n de vapor elevada y constante.<\/p>\n<\/li>\n<li data-start=\"2364\" data-end=\"2518\">\n<p data-start=\"2366\" data-end=\"2518\"><strong data-start=\"2366\" data-end=\"2386\">F\u00e1cil de usar<\/strong>La activaci\u00f3n autom\u00e1tica del tiro y el control ajustable del caudal de aire garantizan un uso sencillo y personalizado.<\/p>\n<\/li>\n<li data-start=\"2519\" data-end=\"2658\">\n<p data-start=\"2521\" data-end=\"2658\"><strong data-start=\"2521\" data-end=\"2541\">Carga r\u00e1pida<\/strong>En <strong data-start=\"2547\" data-end=\"2571\">Conexi\u00f3n USB Tipo-C<\/strong> garantiza que el dispositivo vuelva a estar listo para su uso r\u00e1pidamente, sin largos tiempos de espera.<\/p>\n<\/li>\n<\/ul>\n<h2 data-start=\"2660\" data-end=\"2720\"><strong data-start=\"2665\" data-end=\"2720\">Conclusi\u00f3n: El vaporizador perfecto para un disfrute duradero<\/strong><\/h2>\n<p data-start=\"2722\" data-end=\"3112\">En <strong data-start=\"2726\" data-end=\"2751\">JNR Batman 11000 Puff<\/strong> es m\u00e1s que un vapeador: es tu compa\u00f1ero de confianza para todo el d\u00eda. Con su robusta construcci\u00f3n, larga durabilidad y diversas opciones de sabor, ofrece una experiencia de vapeo excepcional. Consigue tu <strong data-start=\"2988\" data-end=\"3013\">JNR Batman 11000 <\/strong>con <strong data-start=\"3018\" data-end=\"3037\">fumot-vaping.com<\/strong> y disfrute de una experiencia de vapor \u00fanica que no deja nada que desear.<\/p>\n<h2 data-start=\"3119\" data-end=\"3182\"><strong data-start=\"3123\" data-end=\"3182\">FAQ - Preguntas frecuentes sobre el puff JNR Batman 11000<\/strong><\/h2>\n<p data-start=\"3184\" data-end=\"3364\"><strong data-start=\"3184\" data-end=\"3229\">\u00bfCu\u00e1nto dura el puff JNR Batman 11000?<\/strong><br data-start=\"3229\" data-end=\"3232\" \/>En <strong data-start=\"3236\" data-end=\"3261\">JNR Batman 11000 <\/strong>\u00a0te ofrece hasta 11.000 caladas, lo que es suficiente para muchos d\u00edas o incluso semanas, dependiendo de tu comportamiento de uso.<\/p>\n<p data-start=\"3366\" data-end=\"3566\"><strong data-start=\"3366\" data-end=\"3414\">\u00bfPuedo recargar el JNR Batman 11000?<\/strong><br data-start=\"3414\" data-end=\"3417\" \/>S\u00ed, el <strong data-start=\"3425\" data-end=\"3450\">JNR Batman 11000 <\/strong>est\u00e1 equipado con un <strong data-start=\"3465\" data-end=\"3475\">850mAh<\/strong> bater\u00eda, que est\u00e1 equipada con un <strong data-start=\"3510\" data-end=\"3534\">Conexi\u00f3n USB Tipo-C<\/strong> puede cargarse r\u00e1pidamente.<\/p>\n<p data-start=\"3568\" data-end=\"3751\"><strong data-start=\"3568\" data-end=\"3609\">\u00bfQu\u00e9 concentraciones de nicotina hay disponibles?<\/strong><br data-start=\"3609\" data-end=\"3612\" \/>En <strong data-start=\"3616\" data-end=\"3641\">JNR Batman 11000 Puff<\/strong> est\u00e1 disponible en las concentraciones de nicotina <strong data-start=\"3668\" data-end=\"3685\">0%, 2% y 5%<\/strong> para que pueda elegir el grosor adecuado para usted.<\/p>\n<p data-start=\"3753\" data-end=\"3937\"><strong data-start=\"3753\" data-end=\"3797\">\u00bfC\u00f3mo funciona el control del flujo de aire?<\/strong><br data-start=\"3797\" data-end=\"3800\" \/>El control del flujo de aire te permite ajustar la resistencia de la calada seg\u00fan tus preferencias para personalizar tu experiencia de vapeo.<\/p>\n<p data-start=\"3939\" data-end=\"4184\"><strong data-start=\"3939\" data-end=\"3993\">\u00bfPor qu\u00e9 deber\u00eda comprar el JNR Batman 11000?<\/strong><br data-start=\"3993\" data-end=\"3996\" \/>En <strong data-start=\"4000\" data-end=\"4025\">JNR Batman 11000 <\/strong>ofrece un gran n\u00famero de caladas, excelente sabor y f\u00e1cil manejo. Ideal para vapeadores que buscan una experiencia de vapeo fiable y duradera.<\/p>\n<p data-start=\"4186\" data-end=\"4299\" data-is-last-node=\"\" data-is-only-node=\"\">Visitas <strong data-start=\"4194\" data-end=\"4213\">fumot-vaping.com<\/strong> y consigue tu <strong data-start=\"4233\" data-end=\"4258\">JNR Batman 11000 Puff<\/strong> para una experiencia de vapor incomparable.<\/p>","protected":false},"excerpt":{"rendered":"<p>Descubre la <strong data-start=\"61\" data-end=\"86\" data-is-only-node=\"\">JNR Batman 11000 Puff<\/strong> con hasta 11.000 caladas, 20ml de e-l\u00edquido y bater\u00eda recargable de 850mAh. Disfruta de grandes sabores como <strong data-start=\"185\" data-end=\"204\">Fresa Kiwi<\/strong> y <strong data-start=\"209\" data-end=\"224\">Mango Melocot\u00f3n<\/strong> con flujo de aire ajustable.<\/p>","protected":false},"featured_media":15561,"comment_status":"open","ping_status":"closed","template":"","meta":[],"product_brand":[],"product_cat":[106],"product_tag":[103,96,97],"class_list":{"0":"post-15497","1":"product","2":"type-product","3":"status-publish","4":"has-post-thumbnail","6":"product_cat-jnr-disposable-vape","7":"product_tag-boost-mode-vape","8":"product_tag-nicotine-free-vape","9":"product_tag-rechargeable-vape","11":"first","12":"outofstock","13":"shipping-taxable","14":"purchasable","15":"product-type-variable"},"_links":{"self":[{"href":"https:\/\/fumot-vaping.de\/es\/wp-json\/wp\/v2\/product\/15497","targetHints":{"allow":["GET"]}}],"collection":[{"href":"https:\/\/fumot-vaping.de\/es\/wp-json\/wp\/v2\/product"}],"about":[{"href":"https:\/\/fumot-vaping.de\/es\/wp-json\/wp\/v2\/types\/product"}],"replies":[{"embeddable":true,"href":"https:\/\/fumot-vaping.de\/es\/wp-json\/wp\/v2\/comments?post=15497"}],"version-history":[{"count":2,"href":"https:\/\/fumot-vaping.de\/es\/wp-json\/wp\/v2\/product\/15497\/revisions"}],"predecessor-version":[{"id":16319,"href":"https:\/\/fumot-vaping.de\/es\/wp-json\/wp\/v2\/product\/15497\/revisions\/16319"}],"wp:featuredmedia":[{"embeddable":true,"href":"https:\/\/fumot-vaping.de\/es\/wp-json\/wp\/v2\/media\/15561"}],"wp:attachment":[{"href":"https:\/\/fumot-vaping.de\/es\/wp-json\/wp\/v2\/media?parent=15497"}],"wp:term":[{"taxonomy":"product_brand","embeddable":true,"href":"https:\/\/fumot-vaping.de\/es\/wp-json\/wp\/v2\/product_brand?post=15497"},{"taxonomy":"product_cat","embeddable":true,"href":"https:\/\/fumot-vaping.de\/es\/wp-json\/wp\/v2\/product_cat?post=15497"},{"taxonomy":"product_tag","embeddable":true,"href":"https:\/\/fumot-vaping.de\/es\/wp-json\/wp\/v2\/product_tag?post=15497"}],"curies":[{"name":"wp","href":"https:\/\/api.w.org\/{rel}","templated":true}]}}