{"id":14972,"date":"2025-05-10T07:05:50","date_gmt":"2025-05-10T07:05:50","guid":{"rendered":"https:\/\/fumot-vaping.de\/?post_type=product&#038;p=14972"},"modified":"2025-07-18T01:53:07","modified_gmt":"2025-07-18T01:53:07","slug":"randm-tornado-10000-puffs-sandia-limonada-one-way-vape","status":"publish","type":"product","link":"https:\/\/fumot-vaping.de\/es\/product\/randm-tornado-10000-puffs-sandia-limonada-one-way-vape\/","title":{"rendered":"RandM Tornado 10000 Puffs sand\u00eda limonada vape desechable"},"content":{"rendered":"<h2>RandM Tornado 10000 Puffs sand\u00eda limonada vape desechable<\/h2>\n<p>En<strong> RandM Tornado 10000 Puffs<\/strong> es m\u00e1s que un vapeador desechable: ofrece una experiencia llena de sabor en un elegante dispositivo con iluminaci\u00f3n RGB. Dise\u00f1ado para vapeadores que aprecian el sabor pleno, el rendimiento duradero y un dise\u00f1o atractivo, este dispositivo ofrece hasta <strong>10.000 bocanadas suaves.<\/strong><\/p>\n<p>La bater\u00eda recargable de 850 mAh garantiza un rendimiento constante con una p\u00e9rdida de potencia m\u00ednima, incluso hacia el final de la carga. La bobina de malla amplifica cada calada y produce un vapor m\u00e1s denso y un sabor m\u00e1s puro con cada calada. De repente pens\u00e9: es como tener un peque\u00f1o bar de zumos en el bolsillo.<\/p>\n<p>Precargado con 20 ml de l\u00edquido de alta calidad con un contenido de nicotina de 5 %, este dispositivo combina caladas agradables con un tiro MTL f\u00e1cil de usar. Gracias al suministro de aire ajustable, puedes encontrar tu calada perfecta, ya sea apretada o aireada.<\/p>\n<p>\u00bfY el sabor? La limonada de sand\u00eda es la estrella absoluta. Una vibrante mezcla de sand\u00eda dulce y c\u00edtricos picantes, refrescante, jugosa y con un ligero cosquilleo. Sinceramente, este sabor podr\u00eda convertirse en tu nuevo vapeador para todo el d\u00eda. O mejor a\u00fan, puede que tu favorito del fin de semana.<\/p>\n<p>Disfruta de las vibraciones visuales de la luz RGB de 6 colores, que se activa con cada calada y hace que cada sesi\u00f3n sea a\u00fan m\u00e1s emocionante.<\/p>\n<h2>Trenes RandM Tornado 10000 - Caracter\u00edsticas:<\/h2>\n<p>Hasta 10000 trenes<\/p>\n<p>L\u00edquido precargado de 20 ml<\/p>\n<p>Bater\u00eda de 850 mAh<\/p>\n<p>5 % Potencia de nicotina<\/p>\n<p>Bobina de malla para un sabor puro<\/p>\n<p>Tren MTL con activaci\u00f3n del tren<\/p>\n<p>Flujo de aire ajustable<\/p>\n<p>Luz RGB de 6 colores<\/p>\n<p>Sabor destacado: Limonada de sand\u00eda<br \/>\nUna mezcla perfectamente fr\u00eda de sand\u00eda madura y limonada espumosa: afrutada, \u00e1cida y maravillosamente suave.<\/p>","protected":false},"excerpt":{"rendered":"<p><strong>RandM Tornado 10000 Puffs <\/strong>con 20ml de l\u00edquido, bater\u00eda de 850mAh, bobina de malla y 5 % de nicotina. Sabor intenso: Sand\u00eda Limonada. Hasta 10000 caladas.<\/p>","protected":false},"featured_media":14975,"comment_status":"open","ping_status":"closed","template":"","meta":[],"product_brand":[],"product_cat":[18],"product_tag":[],"class_list":{"0":"post-14972","1":"product","2":"type-product","3":"status-publish","4":"has-post-thumbnail","6":"product_cat-randm-fumot-einweg-vape","8":"first","9":"outofstock","10":"shipping-taxable","11":"purchasable","12":"product-type-variable"},"_links":{"self":[{"href":"https:\/\/fumot-vaping.de\/es\/wp-json\/wp\/v2\/product\/14972","targetHints":{"allow":["GET"]}}],"collection":[{"href":"https:\/\/fumot-vaping.de\/es\/wp-json\/wp\/v2\/product"}],"about":[{"href":"https:\/\/fumot-vaping.de\/es\/wp-json\/wp\/v2\/types\/product"}],"replies":[{"embeddable":true,"href":"https:\/\/fumot-vaping.de\/es\/wp-json\/wp\/v2\/comments?post=14972"}],"version-history":[{"count":1,"href":"https:\/\/fumot-vaping.de\/es\/wp-json\/wp\/v2\/product\/14972\/revisions"}],"predecessor-version":[{"id":14976,"href":"https:\/\/fumot-vaping.de\/es\/wp-json\/wp\/v2\/product\/14972\/revisions\/14976"}],"wp:featuredmedia":[{"embeddable":true,"href":"https:\/\/fumot-vaping.de\/es\/wp-json\/wp\/v2\/media\/14975"}],"wp:attachment":[{"href":"https:\/\/fumot-vaping.de\/es\/wp-json\/wp\/v2\/media?parent=14972"}],"wp:term":[{"taxonomy":"product_brand","embeddable":true,"href":"https:\/\/fumot-vaping.de\/es\/wp-json\/wp\/v2\/product_brand?post=14972"},{"taxonomy":"product_cat","embeddable":true,"href":"https:\/\/fumot-vaping.de\/es\/wp-json\/wp\/v2\/product_cat?post=14972"},{"taxonomy":"product_tag","embeddable":true,"href":"https:\/\/fumot-vaping.de\/es\/wp-json\/wp\/v2\/product_tag?post=14972"}],"curies":[{"name":"wp","href":"https:\/\/api.w.org\/{rel}","templated":true}]}}