{"id":14719,"date":"2025-05-14T06:26:36","date_gmt":"2025-05-14T06:26:36","guid":{"rendered":"https:\/\/fumot-vaping.de\/?post_type=product&#038;p=14719"},"modified":"2025-07-18T01:31:27","modified_gmt":"2025-07-18T01:31:27","slug":"randm-tornado-10000-puffs-potente-vape-pen-desechable","status":"publish","type":"product","link":"https:\/\/fumot-vaping.de\/es\/product\/randm-tornado-10000-puffs-potente-vape-pen-desechable\/","title":{"rendered":"RandM Tornado 10000 Puffs - Potente Vape Pen desechable"},"content":{"rendered":"<h2 data-start=\"169\" data-end=\"260\"><strong data-start=\"169\" data-end=\"260\">Rand M Tornado 10000 Puffs, Vape desechable, 20ml E-Liquid, 5% Nicotina, Mesh Coil<\/strong><\/h2>\n<p class=\"\" data-start=\"262\" data-end=\"607\">En <strong data-start=\"266\" data-end=\"307\">RandM Tornado 10000 Puffs Vape Desechable<\/strong>\u00a0es, c\u00f3mo decirlo, una aut\u00e9ntica maravilla del vapor. Si buscas un sabor intenso, una larga vida \u00fatil y un aspecto atractivo, este es tu vape. Con hasta 10.000 caladas, este vape no es un peso ligero, sino un aut\u00e9ntico corredor de resistencia. O mejor dicho: un corredor de fondo con estilo.<\/p>\n<p class=\"\" data-start=\"609\" data-end=\"1011\">Todo funciona con una bater\u00eda recargable. <strong data-start=\"664\" data-end=\"679\">Bater\u00eda de 850 mAh<\/strong>que, junto con el <strong data-start=\"702\" data-end=\"715\">Bobina de malla<\/strong> garantiza nubes de vapor uniformes, ni demasiado ni demasiado poco, sino en su justa medida. El <strong data-start=\"811\" data-end=\"833\">Tecnolog\u00eda de tracci\u00f3n MTL<\/strong> (Mouth to Lung) hace que la calada sea especialmente agradable, casi como un cigarrillo cl\u00e1sico, pero m\u00e1s moderno. (Estaba pensando en lo pr\u00e1ctico que es esto para la gente que se pasa al vapeo).<\/p>\n<p class=\"\" data-start=\"1013\" data-end=\"1304\">En <strong data-start=\"1017\" data-end=\"1051\">Dep\u00f3sito de e-l\u00edquido precargado de 20 ml<\/strong> en combinaci\u00f3n con <strong data-start=\"1071\" data-end=\"1089\">5% Sal de nicotina<\/strong> proporciona un sabor intenso y caladas satisfactorias, incluso si s\u00f3lo echas una calada de vez en cuando. Y como no todos los d\u00edas son iguales, puedes utilizar el <strong data-start=\"1242\" data-end=\"1276\">Personaliza el flujo de aire<\/strong> - a veces m\u00e1s firme, a veces m\u00e1s ligera.<\/p>\n<p class=\"\" data-start=\"1306\" data-end=\"1517\">\u00bfLo m\u00e1s destacado? Claramente el <strong data-start=\"1342\" data-end=\"1364\">Luz RGB de 6 colores<\/strong>. Se ilumina de colores con cada movimiento, casi como unos mini fuegos artificiales de bolsillo. (De repente se me ocurri\u00f3: \u00a1simplemente queda genial en la oscuridad!)<\/p>\n<h2 data-start=\"1524\" data-end=\"1591\"><strong data-start=\"1524\" data-end=\"1591\">RandM Tornado 10000 Puffs - Detalles t\u00e9cnicos de un vistazo:<\/strong><\/h2>\n<ul data-start=\"1593\" data-end=\"1914\">\n<li class=\"\" data-start=\"1593\" data-end=\"1629\">\n<p class=\"\" data-start=\"1595\" data-end=\"1629\">N\u00famero de bolsas: Hasta <strong data-start=\"1614\" data-end=\"1629\">10000 Puffs<\/strong><\/p>\n<\/li>\n<li class=\"\" data-start=\"1630\" data-end=\"1662\">\n<p class=\"\" data-start=\"1632\" data-end=\"1662\"><strong data-start=\"1632\" data-end=\"1640\">20 ml<\/strong> L\u00edquido electr\u00f3nico precargado<\/p>\n<\/li>\n<li class=\"\" data-start=\"1663\" data-end=\"1702\">\n<p class=\"\" data-start=\"1665\" data-end=\"1702\"><strong data-start=\"1665\" data-end=\"1683\">5% Sal de nicotina<\/strong> para golpes intensos<\/p>\n<\/li>\n<li class=\"\" data-start=\"1703\" data-end=\"1738\">\n<p class=\"\" data-start=\"1705\" data-end=\"1738\">Recargable <strong data-start=\"1723\" data-end=\"1738\">Bater\u00eda de 850 mAh<\/strong><\/p>\n<\/li>\n<li class=\"\" data-start=\"1739\" data-end=\"1765\">\n<p class=\"\" data-start=\"1741\" data-end=\"1765\"><strong data-start=\"1741\" data-end=\"1751\">Tipo-C<\/strong> Conexi\u00f3n de carga<\/p>\n<\/li>\n<li class=\"\" data-start=\"1766\" data-end=\"1801\">\n<p class=\"\" data-start=\"1768\" data-end=\"1801\"><strong data-start=\"1768\" data-end=\"1781\">Bobina de malla<\/strong>ideal para trenes MTL<\/p>\n<\/li>\n<li class=\"\" data-start=\"1802\" data-end=\"1849\">\n<p class=\"\" data-start=\"1804\" data-end=\"1849\"><strong data-start=\"1804\" data-end=\"1823\">Control del flujo de aire<\/strong> - Ajustable individualmente<\/p>\n<\/li>\n<li class=\"\" data-start=\"1850\" data-end=\"1874\">\n<p class=\"\" data-start=\"1852\" data-end=\"1874\"><strong data-start=\"1852\" data-end=\"1874\">6 colores de luz RGB<\/strong><\/p>\n<\/li>\n<li class=\"\" data-start=\"1875\" data-end=\"1914\">\n<p class=\"\" data-start=\"1877\" data-end=\"1914\"><strong data-start=\"1877\" data-end=\"1895\">Activaci\u00f3n del tren<\/strong> - No necesita bot\u00f3n<\/p>\n<\/li>\n<\/ul>\n<h2 data-start=\"1921\" data-end=\"1967\"><strong data-start=\"1921\" data-end=\"1967\">Sabores disponibles (selecci\u00f3n):<\/strong><\/h2>\n<ul data-start=\"1969\" data-end=\"2304\">\n<li class=\"\" data-start=\"1969\" data-end=\"1992\">\n<p class=\"\" data-start=\"1971\" data-end=\"1992\">Mango Fruta de la pasi\u00f3n<\/p>\n<\/li>\n<li class=\"\" data-start=\"1993\" data-end=\"2021\">\n<p class=\"\" data-start=\"1995\" data-end=\"2021\">Frambuesa agria con ar\u00e1ndanos<\/p>\n<\/li>\n<li class=\"\" data-start=\"2022\" data-end=\"2036\">\n<p class=\"\" data-start=\"2024\" data-end=\"2036\">Gota de goma<\/p>\n<\/li>\n<li class=\"\" data-start=\"2037\" data-end=\"2061\">\n<p class=\"\" data-start=\"2039\" data-end=\"2061\">Frambuesa Fresa<\/p>\n<\/li>\n<li class=\"\" data-start=\"2062\" data-end=\"2086\">\n<p class=\"\" data-start=\"2064\" data-end=\"2086\">C\u00f3ctel de naranja y lima<\/p>\n<\/li>\n<li class=\"\" data-start=\"2087\" data-end=\"2107\">\n<p class=\"\" data-start=\"2089\" data-end=\"2107\">Delicias tropicales<\/p>\n<\/li>\n<li class=\"\" data-start=\"2108\" data-end=\"2121\">\n<p class=\"\" data-start=\"2110\" data-end=\"2121\">Hielo de uva<\/p>\n<\/li>\n<li class=\"\" data-start=\"2122\" data-end=\"2135\">\n<p class=\"\" data-start=\"2124\" data-end=\"2135\">Blue Razz<\/p>\n<\/li>\n<li class=\"\" data-start=\"2136\" data-end=\"2161\">\n<p class=\"\" data-start=\"2138\" data-end=\"2161\">Sand\u00eda con fresa<\/p>\n<\/li>\n<li class=\"\" data-start=\"2162\" data-end=\"2178\">\n<p class=\"\" data-start=\"2164\" data-end=\"2178\">Menta mentolada<\/p>\n<\/li>\n<li class=\"\" data-start=\"2179\" data-end=\"2202\">\n<p class=\"\" data-start=\"2181\" data-end=\"2202\">Limonada de sand\u00eda<\/p>\n<\/li>\n<li class=\"\" data-start=\"2203\" data-end=\"2218\">\n<p class=\"\" data-start=\"2205\" data-end=\"2218\">Mezcla de bayas<\/p>\n<\/li>\n<li class=\"\" data-start=\"2219\" data-end=\"2239\">\n<p class=\"\" data-start=\"2221\" data-end=\"2239\">Donut de fresa<\/p>\n<\/li>\n<li class=\"\" data-start=\"2240\" data-end=\"2259\">\n<p class=\"\" data-start=\"2242\" data-end=\"2259\">Fresa Kiwi<\/p>\n<\/li>\n<li class=\"\" data-start=\"2260\" data-end=\"2280\">\n<p class=\"\" data-start=\"2262\" data-end=\"2280\">Ar\u00e1ndano Cereza<\/p>\n<\/li>\n<li class=\"\" data-start=\"2281\" data-end=\"2304\">\n<p class=\"\" data-start=\"2283\" data-end=\"2304\">Helado de frambuesa y melocot\u00f3n<\/p>\n<\/li>\n<\/ul>\n<p class=\"\" data-start=\"2311\" data-end=\"2554\">En <strong data-start=\"2328\" data-end=\"2351\">RandM Tornado 10000<\/strong> no es s\u00f3lo un vapeador, es toda una experiencia. Larga diversi\u00f3n, aspecto colorido, sabor intenso. Si buscas algo que destaque, que funcione y que adem\u00e1s sea divertido, lo acabas de encontrar.<\/p>","protected":false},"excerpt":{"rendered":"<p><span class=\"trx_addons_accent\"><strong>RandM Tornado 10000 Puffs<\/strong> <\/span>- Bater\u00eda de 850mAh, bobina de malla, nicotina 5% y 16 sabores afrutados como Gummy Drop y Blue Razz.<\/p>","protected":false},"featured_media":14768,"comment_status":"open","ping_status":"closed","template":"","meta":[],"product_brand":[],"product_cat":[18,100],"product_tag":[93,94,99,95,96,97,98],"class_list":{"0":"post-14719","1":"product","2":"type-product","3":"status-publish","4":"has-post-thumbnail","6":"product_cat-randm-fumot-einweg-vape","7":"product_cat-randm-tornado-10000","8":"product_tag-10000-puffs-disposable-vape","9":"product_tag-big-puffs-vape","10":"product_tag-crystal-vape","11":"product_tag-low-nicotine-vape","12":"product_tag-nicotine-free-vape","13":"product_tag-rechargeable-vape","14":"product_tag-rgb-light-vape","16":"first","17":"outofstock","18":"shipping-taxable","19":"purchasable","20":"product-type-variable"},"_links":{"self":[{"href":"https:\/\/fumot-vaping.de\/es\/wp-json\/wp\/v2\/product\/14719","targetHints":{"allow":["GET"]}}],"collection":[{"href":"https:\/\/fumot-vaping.de\/es\/wp-json\/wp\/v2\/product"}],"about":[{"href":"https:\/\/fumot-vaping.de\/es\/wp-json\/wp\/v2\/types\/product"}],"replies":[{"embeddable":true,"href":"https:\/\/fumot-vaping.de\/es\/wp-json\/wp\/v2\/comments?post=14719"}],"version-history":[{"count":3,"href":"https:\/\/fumot-vaping.de\/es\/wp-json\/wp\/v2\/product\/14719\/revisions"}],"predecessor-version":[{"id":15143,"href":"https:\/\/fumot-vaping.de\/es\/wp-json\/wp\/v2\/product\/14719\/revisions\/15143"}],"wp:featuredmedia":[{"embeddable":true,"href":"https:\/\/fumot-vaping.de\/es\/wp-json\/wp\/v2\/media\/14768"}],"wp:attachment":[{"href":"https:\/\/fumot-vaping.de\/es\/wp-json\/wp\/v2\/media?parent=14719"}],"wp:term":[{"taxonomy":"product_brand","embeddable":true,"href":"https:\/\/fumot-vaping.de\/es\/wp-json\/wp\/v2\/product_brand?post=14719"},{"taxonomy":"product_cat","embeddable":true,"href":"https:\/\/fumot-vaping.de\/es\/wp-json\/wp\/v2\/product_cat?post=14719"},{"taxonomy":"product_tag","embeddable":true,"href":"https:\/\/fumot-vaping.de\/es\/wp-json\/wp\/v2\/product_tag?post=14719"}],"curies":[{"name":"wp","href":"https:\/\/api.w.org\/{rel}","templated":true}]}}