{"id":14371,"date":"2025-06-13T11:29:30","date_gmt":"2025-06-13T11:29:30","guid":{"rendered":"https:\/\/fumot-vaping.de\/?post_type=product&#038;p=14371"},"modified":"2025-06-13T11:30:26","modified_gmt":"2025-06-13T11:30:26","slug":"randm-tornado-15000-bocanadas-4","status":"publish","type":"product","link":"https:\/\/fumot-vaping.de\/es\/product\/randm-tornado-15000-bocanadas-4\/","title":{"rendered":"RandM Tornado 15000 Puffs Tu futuro de vapor en RGB"},"content":{"rendered":"<h2 data-start=\"171\" data-end=\"265\"><strong data-start=\"187\" data-end=\"265\">RandM-Tornado-15000-Puffs, RGB Vape, 15000 Puffs, Mesh Coil, 25ml E-Liquid<\/strong><\/h2>\n<p class=\"\" data-start=\"267\" data-end=\"526\"><br data-start=\"276\" data-end=\"279\" \/>\u00bfListo para una actualizaci\u00f3n? En <strong data-start=\"307\" data-end=\"336\">RandM-Tornado-15000-Puffs<\/strong> es algo m\u00e1s que un vaporizador desechable: es una central de vapor port\u00e1til con vibraciones de ne\u00f3n. Con <strong data-start=\"429\" data-end=\"452\">hasta 15.000 trenes<\/strong> estar\u00e1s m\u00e1s tiempo en la carretera sin tener que recargar o cambiar constantemente.<\/p>\n<p class=\"\" data-start=\"528\" data-end=\"733\">Y hablando de cobrar: El <strong data-start=\"551\" data-end=\"578\">Bater\u00eda integrada de 850 mAh<\/strong> es recargable y gracias a <strong data-start=\"608\" data-end=\"628\">Conexi\u00f3n Tipo-C<\/strong> listo para usar ultra-r\u00e1pido. (Antes evitaba los vaporizadores que tardaban siglos en cargarse, ahora ya no).<\/p>\n<p class=\"\" data-start=\"735\" data-end=\"911\">\u00bfQu\u00e9 es lo realmente divertido? La p\u00e1gina <strong data-start=\"763\" data-end=\"783\">Efectos de iluminaci\u00f3n RGB<\/strong> con cada calada. Es casi como si tu vape entendiera el estado de \u00e1nimo - futurista, juguet\u00f3n y un verdadero punto de atracci\u00f3n.<\/p>\n<p class=\"\" data-start=\"913\" data-end=\"1103\">\u00bfEl sabor? Gracias a <strong data-start=\"933\" data-end=\"950\">E-l\u00edquido de 25 ml<\/strong> con <strong data-start=\"955\" data-end=\"989\">0%, 2%, 3% o 5% Sal de nicotina<\/strong> y una <strong data-start=\"1000\" data-end=\"1013\">Bobina de malla<\/strong> con cada inhalaci\u00f3n obtendr\u00e1 un sabor pleno, suave o intenso, como a usted le guste.<\/p>\n<h2 data-start=\"1243\" data-end=\"1299\"><strong data-start=\"1243\" data-end=\"1297\">RandM-Tornado-15000-Puffs - Caracter\u00edsticas a simple vista:<\/strong><\/h2>\n<ul data-start=\"1300\" data-end=\"1609\">\n<li class=\"\" data-start=\"1300\" data-end=\"1326\">\n<p class=\"\" data-start=\"1302\" data-end=\"1326\">Hasta <strong data-start=\"1308\" data-end=\"1324\">15.000 Puffs<\/strong><\/p>\n<\/li>\n<li class=\"\" data-start=\"1327\" data-end=\"1364\">\n<p class=\"\" data-start=\"1329\" data-end=\"1364\"><strong data-start=\"1329\" data-end=\"1362\">Bater\u00eda recargable de 850 mAh<\/strong><\/p>\n<\/li>\n<li class=\"\" data-start=\"1365\" data-end=\"1404\">\n<p class=\"\" data-start=\"1367\" data-end=\"1404\"><strong data-start=\"1367\" data-end=\"1375\">25 ml<\/strong> L\u00edquido salino de nicotina de primera calidad<\/p>\n<\/li>\n<li class=\"\" data-start=\"1405\" data-end=\"1452\">\n<p class=\"\" data-start=\"1407\" data-end=\"1452\"><strong data-start=\"1407\" data-end=\"1420\">Bobina de malla<\/strong> para un sabor ultraintenso<\/p>\n<\/li>\n<li class=\"\" data-start=\"1453\" data-end=\"1492\">\n<p class=\"\" data-start=\"1455\" data-end=\"1492\"><strong data-start=\"1455\" data-end=\"1476\">0% \/ 2% \/ 3% \/ 5%<\/strong> Opci\u00f3n nicotina<\/p>\n<\/li>\n<li class=\"\" data-start=\"1493\" data-end=\"1531\">\n<p class=\"\" data-start=\"1495\" data-end=\"1531\"><strong data-start=\"1495\" data-end=\"1515\">Efectos de iluminaci\u00f3n RGB<\/strong> con cada movimiento<\/p>\n<\/li>\n<li class=\"\" data-start=\"1532\" data-end=\"1556\">\n<p class=\"\" data-start=\"1534\" data-end=\"1556\"><strong data-start=\"1534\" data-end=\"1554\">41 sabores locos<\/strong><\/p>\n<\/li>\n<li class=\"\" data-start=\"1557\" data-end=\"1609\">\n<p class=\"\" data-start=\"1559\" data-end=\"1609\">Embalaje: caja expositora de 10 unidades \/ 160 unidades por caja de cart\u00f3n<\/p>\n<\/li>\n<\/ul>\n<h2 data-start=\"1611\" data-end=\"1804\"><strong data-start=\"1611\" data-end=\"1658\">RandM Tornado 15000: sabor sin l\u00edmites:<\/strong><\/h2>\n<p class=\"\" data-start=\"1611\" data-end=\"1804\">Fresa Kiwi | Melocot\u00f3n Mango | Mr Blue | Ar\u00e1ndano Sobre Hielo | Fruta Drag\u00f3n | Uva Helada | Limonada Rosa | Pl\u00e1tano Helado | Cola Helada | y muchos m\u00e1s...<\/p>\n<p data-start=\"1611\" data-end=\"1804\">Y luego est\u00e1n <strong data-start=\"1128\" data-end=\"1152\">41 sabores locos<\/strong>de <strong data-start=\"1158\" data-end=\"1180\">Limonada Blue Razz<\/strong> hasta <strong data-start=\"1185\" data-end=\"1199\">Osito de goma<\/strong> - En resumen: el aburrimiento est\u00e1 descartado.<\/p>","protected":false},"excerpt":{"rendered":"<p><strong data-start=\"50\" data-end=\"79\">RandM Tornado 15000 Puffs<\/strong> - 25ml e-liquid, bobina de malla, aspecto RGB, 0-5% nicotina, 41 sabores, hasta 15000 caladas.<\/p>","protected":false},"featured_media":14541,"comment_status":"open","ping_status":"closed","template":"","meta":[],"product_brand":[],"product_cat":[18],"product_tag":[91,86,96],"class_list":{"0":"post-14371","1":"product","2":"type-product","3":"status-publish","4":"has-post-thumbnail","6":"product_cat-randm-fumot-einweg-vape","7":"product_tag-box-stil-fumot-vape","8":"product_tag-fumot-15000-puffs","9":"product_tag-nicotine-free-vape","11":"first","12":"instock","13":"shipping-taxable","14":"purchasable","15":"product-type-variable"},"_links":{"self":[{"href":"https:\/\/fumot-vaping.de\/es\/wp-json\/wp\/v2\/product\/14371","targetHints":{"allow":["GET"]}}],"collection":[{"href":"https:\/\/fumot-vaping.de\/es\/wp-json\/wp\/v2\/product"}],"about":[{"href":"https:\/\/fumot-vaping.de\/es\/wp-json\/wp\/v2\/types\/product"}],"replies":[{"embeddable":true,"href":"https:\/\/fumot-vaping.de\/es\/wp-json\/wp\/v2\/comments?post=14371"}],"version-history":[{"count":1,"href":"https:\/\/fumot-vaping.de\/es\/wp-json\/wp\/v2\/product\/14371\/revisions"}],"predecessor-version":[{"id":14550,"href":"https:\/\/fumot-vaping.de\/es\/wp-json\/wp\/v2\/product\/14371\/revisions\/14550"}],"wp:featuredmedia":[{"embeddable":true,"href":"https:\/\/fumot-vaping.de\/es\/wp-json\/wp\/v2\/media\/14541"}],"wp:attachment":[{"href":"https:\/\/fumot-vaping.de\/es\/wp-json\/wp\/v2\/media?parent=14371"}],"wp:term":[{"taxonomy":"product_brand","embeddable":true,"href":"https:\/\/fumot-vaping.de\/es\/wp-json\/wp\/v2\/product_brand?post=14371"},{"taxonomy":"product_cat","embeddable":true,"href":"https:\/\/fumot-vaping.de\/es\/wp-json\/wp\/v2\/product_cat?post=14371"},{"taxonomy":"product_tag","embeddable":true,"href":"https:\/\/fumot-vaping.de\/es\/wp-json\/wp\/v2\/product_tag?post=14371"}],"curies":[{"name":"wp","href":"https:\/\/api.w.org\/{rel}","templated":true}]}}