{"id":13624,"date":"2025-06-15T10:54:00","date_gmt":"2025-06-15T10:54:00","guid":{"rendered":"https:\/\/fumot-vaping.de\/?post_type=product&#038;p=13624"},"modified":"2025-06-15T10:54:01","modified_gmt":"2025-06-15T10:54:01","slug":"randm-tornado-15000-bocanadas-6","status":"publish","type":"product","link":"https:\/\/fumot-vaping.de\/es\/product\/randm-tornado-15000-bocanadas-6\/","title":{"rendered":"RandM Tornado 15000 Puffs La experiencia del vapeo desechable en una nueva dimensi\u00f3n"},"content":{"rendered":"<h2 data-start=\"134\" data-end=\"223\"><em><strong data-start=\"134\" data-end=\"147\"> RandM-Tornado-15000-Puffs, vape desechable, bobina de malla, luz RGB, 25ml de l\u00edquido<\/strong><\/em><\/h2>\n<p class=\"\" data-start=\"225\" data-end=\"550\"><em>En <strong data-start=\"229\" data-end=\"258\">RandM-Tornado-15000-Puffs<\/strong> no es s\u00f3lo un dispositivo desechable - es una declaraci\u00f3n para todos aquellos que no hacen concesiones cuando se trata de vapear. Con <strong data-start=\"382\" data-end=\"412\">E-l\u00edquido precargado de 25 ml<\/strong> y hasta <strong data-start=\"424\" data-end=\"440\">15.000 trenes<\/strong> ofrece algo m\u00e1s que disfrute: es m\u00e1s bien una sesi\u00f3n continua en la que el sabor y la tecnolog\u00eda cobran protagonismo.<\/em><\/p>\n<p class=\"\" data-start=\"782\" data-end=\"1091\"><em>La pieza central es el <strong data-start=\"804\" data-end=\"817\">Bobina de malla<\/strong> - Proporciona un vapor denso, ricos sabores y una suave extracci\u00f3n, tanto si utilizas una potencia de nicotina de <strong data-start=\"929\" data-end=\"951\">0%, 2%, 3% o 5%<\/strong> prefieren. Por cierto: El <strong data-start=\"978\" data-end=\"997\">Efecto de luz RGB<\/strong> proporciona reflejos visuales con cada movimiento, casi como un peque\u00f1o juego de luces en la mano.<\/em><\/p>\n<h2 data-start=\"1098\" data-end=\"1153\"><em><strong data-start=\"1098\" data-end=\"1151\">RandM Tornado 15000 Puffs - Aspectos t\u00e9cnicos destacados<\/strong><\/em><\/h2>\n<ul data-start=\"1154\" data-end=\"1473\">\n<li class=\"\" data-start=\"1154\" data-end=\"1181\">\n<p class=\"\" data-start=\"1156\" data-end=\"1181\"><em>Hasta <strong data-start=\"1163\" data-end=\"1179\">15.000 Puffs<\/strong><\/em><\/p>\n<\/li>\n<li class=\"\" data-start=\"1182\" data-end=\"1219\">\n<p class=\"\" data-start=\"1184\" data-end=\"1219\"><em><strong data-start=\"1184\" data-end=\"1194\">850mAh<\/strong> Bater\u00eda recargable<\/em><\/p>\n<\/li>\n<li class=\"\" data-start=\"1220\" data-end=\"1254\">\n<p class=\"\" data-start=\"1222\" data-end=\"1254\"><em><strong data-start=\"1222\" data-end=\"1230\">25 ml<\/strong> L\u00edquido electr\u00f3nico precargado<\/em><\/p>\n<\/li>\n<li class=\"\" data-start=\"1255\" data-end=\"1290\">\n<p class=\"\" data-start=\"1257\" data-end=\"1290\"><em><strong data-start=\"1257\" data-end=\"1270\">Bobina de malla<\/strong> para nubes densas<\/em><\/p>\n<\/li>\n<li class=\"\" data-start=\"1291\" data-end=\"1326\">\n<p class=\"\" data-start=\"1293\" data-end=\"1326\"><em><strong data-start=\"1293\" data-end=\"1308\">Sal de nicotina<\/strong>: 0%, 2%, 3%, 5%<\/em><\/p>\n<\/li>\n<li class=\"\" data-start=\"1327\" data-end=\"1355\">\n<p class=\"\" data-start=\"1329\" data-end=\"1355\"><em><strong data-start=\"1329\" data-end=\"1339\">Tipo-C<\/strong> Conexi\u00f3n de carga<\/em><\/p>\n<\/li>\n<li class=\"\" data-start=\"1356\" data-end=\"1385\">\n<p class=\"\" data-start=\"1358\" data-end=\"1385\"><em>Elegante <strong data-start=\"1369\" data-end=\"1383\">Dise\u00f1o RGB<\/strong><\/em><\/p>\n<\/li>\n<li class=\"\" data-start=\"1386\" data-end=\"1428\">\n<p class=\"\" data-start=\"1388\" data-end=\"1428\"><em><strong data-start=\"1388\" data-end=\"1426\">41 sabores disponibles<\/strong><\/em><\/p>\n<\/li>\n<li class=\"\" data-start=\"1429\" data-end=\"1473\">\n<p class=\"\" data-start=\"1431\" data-end=\"1473\"><em>Embalaje: 10 unidades\/caja, 160 unidades\/cart\u00f3n<\/em><\/p>\n<\/li>\n<\/ul>\n<h2 data-start=\"1480\" data-end=\"1673\"><em><strong data-start=\"1480\" data-end=\"1507\">Los mejores sabores (selecci\u00f3n):<\/strong><\/em><\/h2>\n<p class=\"\" data-start=\"1480\" data-end=\"1673\"><em>Limonada Blue Razz | Melocot\u00f3n Helado | Manzana Agria | Sand\u00eda Helada | Fresa Kiwi | Mr Blue | Fresa Sand\u00eda Limonada | Fruta Drag\u00f3n | Osito de Gominola | Cereza ColaCon un <strong data-start=\"562\" data-end=\"590\">Bater\u00eda integrada de 850 mAh<\/strong>al que se puede acceder c\u00f3modamente a trav\u00e9s de <strong data-start=\"612\" data-end=\"622\">Tipo-C<\/strong> de carga, se garantizan largas sesiones de vapeo sin interrupci\u00f3n. Y de repente pens\u00e9: \u00bfPor qu\u00e9 no tienen todos los vapeadores una funci\u00f3n de carga r\u00e1pida tan pr\u00e1ctica?<\/em><\/p>","protected":false},"excerpt":{"rendered":"<p><em><strong>RandM Tornado 15000 Puffs<\/strong>L\u00edquido de 25 ml, 41 sabores, bobina de malla, nicotina 0-5%, dise\u00f1o RGB resistente para un placer de vapeo intenso y duradero.<\/em><\/p>","protected":false},"featured_media":13803,"comment_status":"open","ping_status":"closed","template":"","meta":[],"product_brand":[],"product_cat":[18],"product_tag":[],"class_list":{"0":"post-13624","1":"product","2":"type-product","3":"status-publish","4":"has-post-thumbnail","6":"product_cat-randm-fumot-einweg-vape","8":"first","9":"instock","10":"shipping-taxable","11":"purchasable","12":"product-type-variable"},"_links":{"self":[{"href":"https:\/\/fumot-vaping.de\/es\/wp-json\/wp\/v2\/product\/13624","targetHints":{"allow":["GET"]}}],"collection":[{"href":"https:\/\/fumot-vaping.de\/es\/wp-json\/wp\/v2\/product"}],"about":[{"href":"https:\/\/fumot-vaping.de\/es\/wp-json\/wp\/v2\/types\/product"}],"replies":[{"embeddable":true,"href":"https:\/\/fumot-vaping.de\/es\/wp-json\/wp\/v2\/comments?post=13624"}],"version-history":[{"count":3,"href":"https:\/\/fumot-vaping.de\/es\/wp-json\/wp\/v2\/product\/13624\/revisions"}],"predecessor-version":[{"id":15205,"href":"https:\/\/fumot-vaping.de\/es\/wp-json\/wp\/v2\/product\/13624\/revisions\/15205"}],"wp:featuredmedia":[{"embeddable":true,"href":"https:\/\/fumot-vaping.de\/es\/wp-json\/wp\/v2\/media\/13803"}],"wp:attachment":[{"href":"https:\/\/fumot-vaping.de\/es\/wp-json\/wp\/v2\/media?parent=13624"}],"wp:term":[{"taxonomy":"product_brand","embeddable":true,"href":"https:\/\/fumot-vaping.de\/es\/wp-json\/wp\/v2\/product_brand?post=13624"},{"taxonomy":"product_cat","embeddable":true,"href":"https:\/\/fumot-vaping.de\/es\/wp-json\/wp\/v2\/product_cat?post=13624"},{"taxonomy":"product_tag","embeddable":true,"href":"https:\/\/fumot-vaping.de\/es\/wp-json\/wp\/v2\/product_tag?post=13624"}],"curies":[{"name":"wp","href":"https:\/\/api.w.org\/{rel}","templated":true}]}}