{"id":13444,"date":"2025-05-10T07:05:50","date_gmt":"2025-05-10T07:05:50","guid":{"rendered":"https:\/\/fumot-vaping.de\/?post_type=product&#038;p=13444"},"modified":"2025-05-10T07:05:50","modified_gmt":"2025-05-10T07:05:50","slug":"randm-tornado-15000-bocanadas-3","status":"publish","type":"product","link":"https:\/\/fumot-vaping.de\/es\/product\/randm-tornado-15000-bocanadas-3\/","title":{"rendered":"RandM Tornado 15000 Puffs - La potencia se une a la variedad en un vape con estilo"},"content":{"rendered":"<h2 data-start=\"167\" data-end=\"274\">RandM-Tornado-15000-Puffs, vape desechable, 25ml e-liquid, bobina de malla, luz RGB, sal de nicotina 0-5%<\/h2>\n<p class=\"\" data-start=\"276\" data-end=\"633\">En<strong data-start=\"280\" data-end=\"309\">RandM Tornado 15000 Puffs<\/strong>El Vape Desechable es algo m\u00e1s que un vaporizador: es toda una declaraci\u00f3n de intenciones para quien quiera vapear durante mucho tiempo, con todo el sabor y un toque de dise\u00f1o futurista. Con hasta 15.000 caladas, no s\u00f3lo es duradero, sino que es realmente perdurable; eso es lo que pens\u00e9 cuando lo prob\u00e9 por primera vez.<\/p>\n<p class=\"\" data-start=\"635\" data-end=\"864\">En su interior funciona un potente<strong data-start=\"669\" data-end=\"684\">Bater\u00eda de 850 mAh<\/strong>que proporciona una potencia fiable. Enchufe r\u00e1pidamente, gracias a <strong data-start=\"746\" data-end=\"766\">Conexi\u00f3n Tipo-C<\/strong>y estar\u00e1s de vuelta en la carretera en un abrir y cerrar de ojos - no m\u00e1s excusas como \"mi vaporizador est\u00e1 vac\u00edo\".<\/p>\n<p class=\"\" data-start=\"866\" data-end=\"1150\">Lleno de ricos <strong data-start=\"885\" data-end=\"902\">E-l\u00edquido de 25 ml<\/strong>seleccionable en <strong data-start=\"915\" data-end=\"949\">0%, 2%, 3% o 5% Sal de nicotina<\/strong>cada tipo de sabor tiene su recompensa. Lo mejor: el <strong data-start=\"1010\" data-end=\"1035\">Tecnolog\u00eda de bobina de malla<\/strong> proporciona un sabor intenso y constante, a veces incluso demasiado bueno para creer que es desechable.<\/p>\n<p class=\"\" data-start=\"1152\" data-end=\"1344\">Y luego est\u00e1 el elegante<strong data-start=\"1187\" data-end=\"1201\">Dise\u00f1o RGB<\/strong> - La luz cambia de color con cada calada. De repente me acord\u00e9 de los viejos aparatos LED, pero ahora en un vapeador. \u00bfGuay? Desde luego.<\/p>\n<h2 data-start=\"1351\" data-end=\"1405\"><strong data-start=\"1351\" data-end=\"1405\">RandM Tornado 15000 Puffs - Aspectos t\u00e9cnicos destacados:<\/strong><\/h2>\n<ul data-start=\"1407\" data-end=\"1701\">\n<li class=\"\" data-start=\"1407\" data-end=\"1432\">\n<p class=\"\" data-start=\"1409\" data-end=\"1432\">Hasta <strong data-start=\"1416\" data-end=\"1432\">15.000 Puffs<\/strong><\/p>\n<\/li>\n<li class=\"\" data-start=\"1433\" data-end=\"1468\">\n<p class=\"\" data-start=\"1435\" data-end=\"1468\"><strong data-start=\"1435\" data-end=\"1468\">Bater\u00eda recargable de 850 mAh<\/strong><\/p>\n<\/li>\n<li class=\"\" data-start=\"1469\" data-end=\"1501\">\n<p class=\"\" data-start=\"1471\" data-end=\"1501\"><strong data-start=\"1471\" data-end=\"1479\">25 ml<\/strong> L\u00edquido electr\u00f3nico precargado<\/p>\n<\/li>\n<li class=\"\" data-start=\"1502\" data-end=\"1538\">\n<p class=\"\" data-start=\"1504\" data-end=\"1538\"><strong data-start=\"1504\" data-end=\"1538\">0%, 2%, 3%, 5% Opciones de nicotina<\/strong><\/p>\n<\/li>\n<li class=\"\" data-start=\"1539\" data-end=\"1581\">\n<p class=\"\" data-start=\"1541\" data-end=\"1581\"><strong data-start=\"1541\" data-end=\"1554\">Bobina de malla<\/strong> para un sabor m\u00e1s intenso<\/p>\n<\/li>\n<li class=\"\" data-start=\"1582\" data-end=\"1603\">\n<p class=\"\" data-start=\"1584\" data-end=\"1603\"><strong data-start=\"1584\" data-end=\"1603\">Efecto de luz RGB<\/strong><\/p>\n<\/li>\n<li class=\"\" data-start=\"1604\" data-end=\"1644\">\n<p class=\"\" data-start=\"1606\" data-end=\"1644\"><strong data-start=\"1606\" data-end=\"1644\">41 sabores disponibles<\/strong><\/p>\n<\/li>\n<li class=\"\" data-start=\"1645\" data-end=\"1701\">\n<p class=\"\" data-start=\"1647\" data-end=\"1701\">Unidad de embalaje: <strong data-start=\"1667\" data-end=\"1701\">10 unidades\/caja, 160 unidades\/cart\u00f3n<\/strong><\/p>\n<\/li>\n<\/ul>\n<h2 data-start=\"1708\" data-end=\"1908\"><strong data-start=\"1708\" data-end=\"1741\">Sabores destacados (selecci\u00f3n):<\/strong><\/h2>\n<p class=\"\" data-start=\"1708\" data-end=\"1908\">Limonada Blue Razz | Hielo de Sand\u00eda | Melocot\u00f3n Mango | Manzana Agria | Limonada Rosa | Fresa Kiwi | Hielo de Uva | Mr Blue | Hielo de Pl\u00e1tano | Limonada de Fresa y Sand\u00eda<\/p>\n<p class=\"\" data-start=\"1915\" data-end=\"2196\"><br data-start=\"1925\" data-end=\"1928\" \/>Tanto si le gustan los sabores dulces, afrutados o frescos, el<strong data-start=\"1987\" data-end=\"2016\">RandM Tornado 15000 Puffs<\/strong>es fiable. Con su aspecto moderno, su potente bater\u00eda, su bobina de malla y su selecci\u00f3n de nicotina, cada calada es una experiencia. A veces casi te olvidas de que s\u00f3lo es un dispositivo desechable.<\/p>","protected":false},"excerpt":{"rendered":"<p>RandM Tornado 15000 Puffs: 25ml e-liquid, bobina de malla, dise\u00f1o RGB, 0-5% nicotina, hasta 15000 puffs.<\/p>","protected":false},"featured_media":13613,"comment_status":"open","ping_status":"closed","template":"","meta":[],"product_brand":[],"product_cat":[18],"product_tag":[],"class_list":{"0":"post-13444","1":"product","2":"type-product","3":"status-publish","4":"has-post-thumbnail","6":"product_cat-randm-fumot-einweg-vape","8":"first","9":"instock","10":"shipping-taxable","11":"purchasable","12":"product-type-variable"},"_links":{"self":[{"href":"https:\/\/fumot-vaping.de\/es\/wp-json\/wp\/v2\/product\/13444","targetHints":{"allow":["GET"]}}],"collection":[{"href":"https:\/\/fumot-vaping.de\/es\/wp-json\/wp\/v2\/product"}],"about":[{"href":"https:\/\/fumot-vaping.de\/es\/wp-json\/wp\/v2\/types\/product"}],"replies":[{"embeddable":true,"href":"https:\/\/fumot-vaping.de\/es\/wp-json\/wp\/v2\/comments?post=13444"}],"version-history":[{"count":2,"href":"https:\/\/fumot-vaping.de\/es\/wp-json\/wp\/v2\/product\/13444\/revisions"}],"predecessor-version":[{"id":15029,"href":"https:\/\/fumot-vaping.de\/es\/wp-json\/wp\/v2\/product\/13444\/revisions\/15029"}],"wp:featuredmedia":[{"embeddable":true,"href":"https:\/\/fumot-vaping.de\/es\/wp-json\/wp\/v2\/media\/13613"}],"wp:attachment":[{"href":"https:\/\/fumot-vaping.de\/es\/wp-json\/wp\/v2\/media?parent=13444"}],"wp:term":[{"taxonomy":"product_brand","embeddable":true,"href":"https:\/\/fumot-vaping.de\/es\/wp-json\/wp\/v2\/product_brand?post=13444"},{"taxonomy":"product_cat","embeddable":true,"href":"https:\/\/fumot-vaping.de\/es\/wp-json\/wp\/v2\/product_cat?post=13444"},{"taxonomy":"product_tag","embeddable":true,"href":"https:\/\/fumot-vaping.de\/es\/wp-json\/wp\/v2\/product_tag?post=13444"}],"curies":[{"name":"wp","href":"https:\/\/api.w.org\/{rel}","templated":true}]}}