{"id":13082,"date":"2025-06-14T11:02:39","date_gmt":"2025-06-14T11:02:39","guid":{"rendered":"https:\/\/fumot-vaping.de\/?post_type=product&#038;p=13082"},"modified":"2025-06-14T11:02:47","modified_gmt":"2025-06-14T11:02:47","slug":"randm-tornado-15000-bocanadas-5","status":"publish","type":"product","link":"https:\/\/fumot-vaping.de\/es\/product\/randm-tornado-15000-bocanadas-5\/","title":{"rendered":"RandM Tornado 15000 Puffs: potencia, sabor y resistencia a la perfecci\u00f3n"},"content":{"rendered":"<h2 data-start=\"186\" data-end=\"276\"><strong>RandM Tornado 15000 Puffs, vape desechable, 25ml e-liquid, bobina de malla, dise\u00f1o RGB<\/strong><\/h2>\n<p class=\"\" data-start=\"283\" data-end=\"621\"><strong data-start=\"283\" data-end=\"324\">RandM Tornado 15000 Puffs Vape Desechable<\/strong> ha sido desarrollado especialmente para los vapeadores que no quieren renunciar a nada: ni al sabor, ni al rendimiento y mucho menos al estilo. Con un rico <strong data-start=\"479\" data-end=\"502\">hasta 15.000 trenes<\/strong> este dispositivo -o mejor dicho, este peque\u00f1o paquete de energ\u00eda- proporciona una experiencia que permanecer\u00e1 con usted durante mucho tiempo.<\/p>\n<p class=\"\" data-start=\"623\" data-end=\"905\">Equipado con un <strong data-start=\"646\" data-end=\"674\">Bater\u00eda integrada de 850 mAh<\/strong> la RandM Tornado 15000 proporciona una potencia fiable y constante. Y gracias a la <strong data-start=\"759\" data-end=\"783\">Carga r\u00e1pida Tipo-C<\/strong> La carga es sorprendentemente r\u00e1pida - (de repente me he acordado de lo interminablemente largos que parec\u00edan los tiempos de carga...).<\/p>\n<p class=\"\" data-start=\"907\" data-end=\"1248\">Sin embargo, la pieza central es claramente el <strong data-start=\"941\" data-end=\"966\">Tecnolog\u00eda de bobina de malla<\/strong>Proporciona nubes de vapor especialmente densas y maximiza el desarrollo del sabor con cada calada. Adem\u00e1s <strong data-start=\"1075\" data-end=\"1105\">25 ml de e-l\u00edquido de alta calidad<\/strong>disponible en <strong data-start=\"1121\" data-end=\"1151\">0%, 2%, 3% o 5% Nicotina<\/strong>para que pueda personalizar su experiencia de vapeo, ya sea ligera, equilibrada o intensa.<\/p>\n<p class=\"\" data-start=\"1250\" data-end=\"1456\">Y seamos sinceros: el <strong data-start=\"1277\" data-end=\"1291\">Dise\u00f1o RGB<\/strong>que se ilumina en diferentes colores con cada calada, confiere a este vapeador no s\u00f3lo tecnolog\u00eda, sino tambi\u00e9n aut\u00e9ntico car\u00e1cter: un peque\u00f1o efecto de fiesta para llevar.<\/p>\n<h2 data-start=\"1463\" data-end=\"1517\"><strong data-start=\"1463\" data-end=\"1517\">RandM Tornado 15000 Puffs - Aspectos t\u00e9cnicos destacados:<\/strong><\/h2>\n<ul data-start=\"1519\" data-end=\"1907\">\n<li class=\"\" data-start=\"1519\" data-end=\"1554\">\n<p class=\"\" data-start=\"1521\" data-end=\"1554\">Hasta <strong data-start=\"1528\" data-end=\"1544\">15.000 Puffs<\/strong> por dispositivo<\/p>\n<\/li>\n<li class=\"\" data-start=\"1555\" data-end=\"1604\">\n<p class=\"\" data-start=\"1557\" data-end=\"1604\"><strong data-start=\"1557\" data-end=\"1567\">850mAh<\/strong> Bater\u00eda recargable integrada<\/p>\n<\/li>\n<li class=\"\" data-start=\"1605\" data-end=\"1645\">\n<p class=\"\" data-start=\"1607\" data-end=\"1645\"><strong data-start=\"1607\" data-end=\"1615\">25 ml<\/strong> E-l\u00edquido premium precargado<\/p>\n<\/li>\n<li class=\"\" data-start=\"1646\" data-end=\"1687\">\n<p class=\"\" data-start=\"1648\" data-end=\"1687\"><strong data-start=\"1648\" data-end=\"1678\">0%, 2%, 3%, 5% Sal de nicotina<\/strong>-opciones<\/p>\n<\/li>\n<li class=\"\" data-start=\"1688\" data-end=\"1730\">\n<p class=\"\" data-start=\"1690\" data-end=\"1730\"><strong data-start=\"1690\" data-end=\"1703\">Bobina de malla<\/strong> para un sabor m\u00e1s intenso<\/p>\n<\/li>\n<li class=\"\" data-start=\"1731\" data-end=\"1764\">\n<p class=\"\" data-start=\"1733\" data-end=\"1764\"><strong data-start=\"1733\" data-end=\"1764\">Puerto de carga r\u00e1pida Tipo-C<\/strong><\/p>\n<\/li>\n<li class=\"\" data-start=\"1765\" data-end=\"1797\">\n<p class=\"\" data-start=\"1767\" data-end=\"1797\"><strong data-start=\"1767\" data-end=\"1797\">Elegante dise\u00f1o de iluminaci\u00f3n RGB<\/strong><\/p>\n<\/li>\n<li class=\"\" data-start=\"1798\" data-end=\"1838\">\n<p class=\"\" data-start=\"1800\" data-end=\"1838\"><strong data-start=\"1800\" data-end=\"1838\">41 sabores disponibles<\/strong><\/p>\n<\/li>\n<li class=\"\" data-start=\"1839\" data-end=\"1907\">\n<p class=\"\" data-start=\"1841\" data-end=\"1907\">Embalaje: <strong data-start=\"1853\" data-end=\"1881\">10 unidades por caja expositora<\/strong>, <strong data-start=\"1883\" data-end=\"1907\">160 unidades por caja<\/strong><\/p>\n<\/li>\n<\/ul>\n<h2 data-start=\"1914\" data-end=\"2121\"><strong data-start=\"1914\" data-end=\"1958\">Sabores populares (selecci\u00f3n):<\/strong><\/h2>\n<p class=\"\" data-start=\"1914\" data-end=\"2121\">limonada blue razz | melocot\u00f3n con hielo | manzana \u00e1cida | sand\u00eda con hielo | ar\u00e1ndano con hielo | ar\u00e1ndano con frambuesa | pi\u00f1a con hielo | cereza | fresa con hielo | vimto | uva con hielo | cola con hielo | sand\u00eda con fresa | limonada rosa | mezcla de bayas | melocot\u00f3n con mango | fruta del drag\u00f3n | fresa con uva | mr blue | exuberante hielo | ice pop | kiwi con fresa | kiwi pasi\u00f3n fruta guayaba | triple baya | pl\u00e1tano hielo | melocot\u00f3n ar\u00e1ndano caramelo | manzana melocot\u00f3n pera | baya limonada | blue razz cereza | ar\u00e1ndano bubblegum | ar\u00e1ndano cereza | ar\u00e1ndano granada | bluesour frambuesa | cereza cola | gominola | lim\u00f3n y lima | mango on ice | red energy ice | fresa pl\u00e1tano | fresa | fresa sand\u00eda limonada<\/p>\n<p class=\"\" data-start=\"1914\" data-end=\"2121\">Con el <strong data-start=\"2149\" data-end=\"2178\">RandM Tornado 15000 Puffs<\/strong> convierte el vapeo en una nueva experiencia: potente, arom\u00e1tico y visualmente un verdadero reclamo. Tanto si le gusta el frescor afrutado, las notas dulces o los sabores cl\u00e1sicos, este vapeador no deja nada que desear. (Y para ser honestos, con 41 sabores, \u00a1nunca se aburre!)<\/p>","protected":false},"excerpt":{"rendered":"<p>RandM Tornado 15000 Puffs: 41 sabores, bobina de malla, dise\u00f1o RGB, 0-5% nicotina, 25ml e-liquid, hasta 15.000 caladas.<\/p>","protected":false},"featured_media":13251,"comment_status":"open","ping_status":"closed","template":"","meta":[],"product_brand":[],"product_cat":[18],"product_tag":[],"class_list":{"0":"post-13082","1":"product","2":"type-product","3":"status-publish","4":"has-post-thumbnail","6":"product_cat-randm-fumot-einweg-vape","8":"first","9":"instock","10":"shipping-taxable","11":"purchasable","12":"product-type-variable"},"_links":{"self":[{"href":"https:\/\/fumot-vaping.de\/es\/wp-json\/wp\/v2\/product\/13082","targetHints":{"allow":["GET"]}}],"collection":[{"href":"https:\/\/fumot-vaping.de\/es\/wp-json\/wp\/v2\/product"}],"about":[{"href":"https:\/\/fumot-vaping.de\/es\/wp-json\/wp\/v2\/types\/product"}],"replies":[{"embeddable":true,"href":"https:\/\/fumot-vaping.de\/es\/wp-json\/wp\/v2\/comments?post=13082"}],"version-history":[{"count":1,"href":"https:\/\/fumot-vaping.de\/es\/wp-json\/wp\/v2\/product\/13082\/revisions"}],"predecessor-version":[{"id":13261,"href":"https:\/\/fumot-vaping.de\/es\/wp-json\/wp\/v2\/product\/13082\/revisions\/13261"}],"wp:featuredmedia":[{"embeddable":true,"href":"https:\/\/fumot-vaping.de\/es\/wp-json\/wp\/v2\/media\/13251"}],"wp:attachment":[{"href":"https:\/\/fumot-vaping.de\/es\/wp-json\/wp\/v2\/media?parent=13082"}],"wp:term":[{"taxonomy":"product_brand","embeddable":true,"href":"https:\/\/fumot-vaping.de\/es\/wp-json\/wp\/v2\/product_brand?post=13082"},{"taxonomy":"product_cat","embeddable":true,"href":"https:\/\/fumot-vaping.de\/es\/wp-json\/wp\/v2\/product_cat?post=13082"},{"taxonomy":"product_tag","embeddable":true,"href":"https:\/\/fumot-vaping.de\/es\/wp-json\/wp\/v2\/product_tag?post=13082"}],"curies":[{"name":"wp","href":"https:\/\/api.w.org\/{rel}","templated":true}]}}