{"id":12542,"date":"2025-06-08T04:03:30","date_gmt":"2025-06-08T04:03:30","guid":{"rendered":"https:\/\/fumot-vaping.de\/?post_type=product&#038;p=12542"},"modified":"2025-06-08T04:03:30","modified_gmt":"2025-06-08T04:03:30","slug":"randm-tornado-15000-puffs-vape-desechable","status":"publish","type":"product","link":"https:\/\/fumot-vaping.de\/es\/product\/randm-tornado-15000-puffs-vape-desechable\/","title":{"rendered":"RandM Tornado 15000 Puffs Vape Desechable Tu nueva aventura de vapor"},"content":{"rendered":"<h2 data-start=\"172\" data-end=\"262\"><strong data-start=\"172\" data-end=\"262\"> RandM Tornado 15000 caladas, vape desechable, 25ml e-liquid, bobina de malla, dise\u00f1o RGB<\/strong><\/h2>\n<p class=\"\" data-start=\"264\" data-end=\"627\">Si buscas un vape que realmente lo tenga todo, el <strong data-start=\"338\" data-end=\"367\">RandM Tornado 15000 Puffs<\/strong> no puedes dejarlo pasar. Este dispositivo desechable no es s\u00f3lo \"bueno\", es una aut\u00e9ntica m\u00e1quina de larga duraci\u00f3n: hasta 15.000 caladas, repletas de sabor y potencia. O para decirlo m\u00e1s directamente: el Tornado 15000 te acompa\u00f1a cuando otros hace tiempo que se han rendido.<\/p>\n<p class=\"\" data-start=\"629\" data-end=\"889\">Impulsado por un potente <strong data-start=\"661\" data-end=\"689\">Bater\u00eda integrada de 850 mAh<\/strong> el Tornado ofrece un rendimiento consistentemente fuerte. (De repente tuve que pensar en la frecuencia con la que sol\u00eda tener que recargar mis antiguos vapes... \u00bfaqu\u00ed? Carga r\u00e1pida mediante <strong data-start=\"859\" data-end=\"869\">Tipo-C<\/strong> y \u00a1adelante!)<\/p>\n<p class=\"\" data-start=\"891\" data-end=\"1210\">Gracias a la innovadora <strong data-start=\"912\" data-end=\"937\">Tecnolog\u00eda de bobina de malla<\/strong> crea nubes ricas y densas y un sabor intenso con cada calada. Combinado con <strong data-start=\"1028\" data-end=\"1053\">E-l\u00edquido premium de 25 ml<\/strong> y <strong data-start=\"1058\" data-end=\"1081\">Opciones de sales de nicotina<\/strong> de <strong data-start=\"1086\" data-end=\"1104\">0%, 2%, 3%, 5%<\/strong> puedes adaptar tu experiencia de vapeo perfectamente a tu estilo, ya sea fresco y fresco o suavemente relajado.<\/p>\n<p class=\"\" data-start=\"1212\" data-end=\"1427\">Y entonces esto <strong data-start=\"1228\" data-end=\"1242\">Dise\u00f1o RGB<\/strong>El tornado se ilumina con elegantes colores con cada tren, casi como un espect\u00e1culo de luces. (Sinceramente, a veces me quedo mirando...)<\/p>\n<h2 data-start=\"1434\" data-end=\"1504\"><strong data-start=\"1434\" data-end=\"1504\">RandM Tornado 15000 Puffs - Resumen t\u00e9cnico:<\/strong><\/h2>\n<ul data-start=\"1506\" data-end=\"1845\">\n<li class=\"\" data-start=\"1506\" data-end=\"1531\">\n<p class=\"\" data-start=\"1508\" data-end=\"1531\">Hasta <strong data-start=\"1515\" data-end=\"1531\">15.000 Puffs<\/strong><\/p>\n<\/li>\n<li class=\"\" data-start=\"1532\" data-end=\"1567\">\n<p class=\"\" data-start=\"1534\" data-end=\"1567\"><strong data-start=\"1534\" data-end=\"1544\">850mAh<\/strong> Bater\u00eda recargable<\/p>\n<\/li>\n<li class=\"\" data-start=\"1568\" data-end=\"1595\">\n<p class=\"\" data-start=\"1570\" data-end=\"1595\"><strong data-start=\"1570\" data-end=\"1578\">25 ml<\/strong> E-l\u00edquido premium<\/p>\n<\/li>\n<li class=\"\" data-start=\"1596\" data-end=\"1636\">\n<p class=\"\" data-start=\"1598\" data-end=\"1636\"><strong data-start=\"1598\" data-end=\"1611\">Bobina de malla<\/strong> para un sabor intenso<\/p>\n<\/li>\n<li class=\"\" data-start=\"1637\" data-end=\"1669\">\n<p class=\"\" data-start=\"1639\" data-end=\"1669\"><strong data-start=\"1639\" data-end=\"1669\">0%, 2%, 3%, 5% Sal de nicotina<\/strong><\/p>\n<\/li>\n<li class=\"\" data-start=\"1670\" data-end=\"1696\">\n<p class=\"\" data-start=\"1672\" data-end=\"1696\"><strong data-start=\"1672\" data-end=\"1682\">Tipo-C<\/strong> Conexi\u00f3n de carga<\/p>\n<\/li>\n<li class=\"\" data-start=\"1697\" data-end=\"1734\">\n<p class=\"\" data-start=\"1699\" data-end=\"1734\"><strong data-start=\"1699\" data-end=\"1718\">Dise\u00f1o de iluminaci\u00f3n RGB<\/strong> para un look cool<\/p>\n<\/li>\n<li class=\"\" data-start=\"1735\" data-end=\"1777\">\n<p class=\"\" data-start=\"1737\" data-end=\"1777\"><strong data-start=\"1737\" data-end=\"1764\">41 sabores<\/strong> en la gama<\/p>\n<\/li>\n<li class=\"\" data-start=\"1778\" data-end=\"1845\">\n<p class=\"\" data-start=\"1780\" data-end=\"1845\">Embalaje: <strong data-start=\"1792\" data-end=\"1819\">10 unidades por caja expositora<\/strong>, <strong data-start=\"1821\" data-end=\"1845\">160 unidades por caja<\/strong><\/p>\n<\/li>\n<\/ul>\n<h2><strong data-start=\"1852\" data-end=\"1900\">Sabores disponibles (una peque\u00f1a muestra):<\/strong><\/h2>\n<p class=\"\" data-start=\"1902\" data-end=\"2078\"><strong data-start=\"2102\" data-end=\"2131\">\u00a0Limonada Blue Razz | Helado de Melocot\u00f3n | Manzana Agria | Helado de Sand\u00eda | Ar\u00e1ndano sobre Hielo | Frambuesa Ar\u00e1ndano | Helado de Pi\u00f1a | Cereza | Helado de Fresa | Vimto | Helado de Uva | Helado de Cola | Sand\u00eda Fresa | Limonada Rosa | Mezcla de Bayas | Melocot\u00f3n-Mango | Fruta Drag\u00f3n | Fresa-Uva | Mr. Blue | Helado Lush | Fresa Kiwi | Kiwi Maracuy\u00e1 Guayaba | Triple Baya | Helado de Pl\u00e1tano | Caramelo de Melocot\u00f3n y Ar\u00e1ndano | Manzana Melocot\u00f3n Pera | Limonada de Bayas | Cereza Blue Razz | Chicle de Ar\u00e1ndano | Cereza Ar\u00e1ndanoCereza | Ar\u00e1ndano-Granada | Bluesour-Raspberry | Cereza-Cola | Ositos de goma | Lim\u00f3n y lima | Mango sobre hielo | Red Energy Ice | Fresa-Pl\u00e1tano | Fresa | Fresa-Sand\u00eda Limonada 15000 Puffs<\/strong> es la compa\u00f1era perfecta para los amantes del placer duradero, las nubes intensas, la carga r\u00e1pida y un aspecto elegante; en resumen: m\u00e1s calada, m\u00e1s sabor, m\u00e1s estilo.<\/p>","protected":false},"excerpt":{"rendered":"<p><strong>RandM Tornado 15000 Puffs<\/strong>L\u00edquido de 25ml, nicotina 0-5%, bobina de malla, luz RGB - m\u00e1s de 40 sabores para una experiencia de vapeo potente y con estilo.<\/p>","protected":false},"featured_media":12711,"comment_status":"open","ping_status":"closed","template":"","meta":[],"product_brand":[],"product_cat":[18],"product_tag":[],"class_list":{"0":"post-12542","1":"product","2":"type-product","3":"status-publish","4":"has-post-thumbnail","6":"product_cat-randm-fumot-einweg-vape","8":"first","9":"instock","10":"shipping-taxable","11":"purchasable","12":"product-type-variable"},"_links":{"self":[{"href":"https:\/\/fumot-vaping.de\/es\/wp-json\/wp\/v2\/product\/12542","targetHints":{"allow":["GET"]}}],"collection":[{"href":"https:\/\/fumot-vaping.de\/es\/wp-json\/wp\/v2\/product"}],"about":[{"href":"https:\/\/fumot-vaping.de\/es\/wp-json\/wp\/v2\/types\/product"}],"replies":[{"embeddable":true,"href":"https:\/\/fumot-vaping.de\/es\/wp-json\/wp\/v2\/comments?post=12542"}],"version-history":[{"count":3,"href":"https:\/\/fumot-vaping.de\/es\/wp-json\/wp\/v2\/product\/12542\/revisions"}],"predecessor-version":[{"id":15200,"href":"https:\/\/fumot-vaping.de\/es\/wp-json\/wp\/v2\/product\/12542\/revisions\/15200"}],"wp:featuredmedia":[{"embeddable":true,"href":"https:\/\/fumot-vaping.de\/es\/wp-json\/wp\/v2\/media\/12711"}],"wp:attachment":[{"href":"https:\/\/fumot-vaping.de\/es\/wp-json\/wp\/v2\/media?parent=12542"}],"wp:term":[{"taxonomy":"product_brand","embeddable":true,"href":"https:\/\/fumot-vaping.de\/es\/wp-json\/wp\/v2\/product_brand?post=12542"},{"taxonomy":"product_cat","embeddable":true,"href":"https:\/\/fumot-vaping.de\/es\/wp-json\/wp\/v2\/product_cat?post=12542"},{"taxonomy":"product_tag","embeddable":true,"href":"https:\/\/fumot-vaping.de\/es\/wp-json\/wp\/v2\/product_tag?post=12542"}],"curies":[{"name":"wp","href":"https:\/\/api.w.org\/{rel}","templated":true}]}}