{"id":11891,"date":"2025-06-22T08:41:33","date_gmt":"2025-06-22T08:41:33","guid":{"rendered":"https:\/\/fumot-vaping.de\/?post_type=product&#038;p=11891"},"modified":"2025-08-12T01:32:19","modified_gmt":"2025-08-12T01:32:19","slug":"randm-tornado-7000-puffs-mezcla-de-frutas-del-bosque","status":"publish","type":"product","link":"https:\/\/fumot-vaping.de\/es\/product\/randm-tornado-7000-puffs-mezcla-de-frutas-del-bosque\/","title":{"rendered":"Randm Tornado 7000 Puffs Mezcla de bayas"},"content":{"rendered":"<h2 data-start=\"73\" data-end=\"144\"><strong>Cigarrillo electr\u00f3nico desechable Randm Tornado 7000 Puffs - Sabor: Mixed Berries<\/strong><\/h2>\n<p data-start=\"146\" data-end=\"570\">En <strong>Randm Tornado 7000 Puffs<\/strong>\u00a0es un e-cigarrillo desechable recargable que est\u00e1 dise\u00f1ado para una vida \u00fatil impresionante de hasta <strong data-start=\"270\" data-end=\"285\">7.000 trenes<\/strong> se desarroll\u00f3. Con su moderna <strong data-start=\"323\" data-end=\"342\">Dise\u00f1o de iluminaci\u00f3n RGB<\/strong> combina un gran rendimiento con un estilo visual. La variedad <strong data-start=\"404\" data-end=\"421\">Mezcla de bayas<\/strong> deleita con un sabor afrutado perfectamente equilibrado procedente de diversas bayas frescas, ideal para todos los amantes de las sensaciones gustativas afrutadas.<\/p>\n<h2 data-start=\"577\" data-end=\"631\"><strong>\u00bfPor qu\u00e9 elegir Randm Tornado 7000 Puffs - Mixed Berries?<\/strong><\/h2>\n<p data-start=\"633\" data-end=\"755\">\ud83d\udd0b <strong data-start=\"636\" data-end=\"658\">Bater\u00eda fiable<\/strong>:<br data-start=\"659\" data-end=\"662\" \/>Potente bater\u00eda integrada para un uso duradero: hasta 7.000 caladas por dispositivo.<\/p>\n<p data-start=\"757\" data-end=\"893\">\ud83c\udf08 <strong data-start=\"760\" data-end=\"790\">Sabor intenso a fruta<\/strong>:<br data-start=\"791\" data-end=\"794\" \/>Una armoniosa mezcla de bayas dulces y \u00e1cidas, afrutada, fresca y no demasiado abrumadora.<\/p>\n<p data-start=\"895\" data-end=\"1029\">\ud83c\udfa8 <strong data-start=\"898\" data-end=\"923\">Elegante dise\u00f1o RGB<\/strong>:<br data-start=\"924\" data-end=\"927\" \/>Efectos de colores que se iluminan durante el vapeo: un verdadero punto de atracci\u00f3n con un toque futurista.<\/p>\n<p data-start=\"1031\" data-end=\"1145\">\ud83d\udca8 <strong data-start=\"1034\" data-end=\"1061\">Caudal de aire regulable<\/strong>:<br data-start=\"1062\" data-end=\"1065\" \/>Resistencia a la extracci\u00f3n personalizada: ajustable de MTL estricta a DL abierta.<\/p>\n<p data-start=\"1147\" data-end=\"1252\">\ud83d\udd0c <strong data-start=\"1150\" data-end=\"1179\">Carga r\u00e1pida mediante USB-C<\/strong>:<br data-start=\"1180\" data-end=\"1183\" \/>Pr\u00e1ctico y adecuado para el uso diario, ideal para usuarios muy exigentes.<\/p>\n<p data-start=\"1254\" data-end=\"1378\">\ud83d\udeab <strong data-start=\"1257\" data-end=\"1298\">Varios niveles de nicotina disponibles<\/strong>:<br data-start=\"1299\" data-end=\"1302\" \/>Elija entre 0 %, 2 %, 3 % o 5 % de contenido de nicotina - personalizable individualmente.<\/p>\n<p data-start=\"1380\" data-end=\"1506\">\u2705 <strong data-start=\"1382\" data-end=\"1410\">Gran variedad de sabores<\/strong>:<br data-start=\"1411\" data-end=\"1414\" \/>En total <strong data-start=\"1424\" data-end=\"1450\">56 variedades diferentes<\/strong> entre los que elegir: Mixed Berries es uno de los m\u00e1s populares.<\/p>\n<h2 data-start=\"1513\" data-end=\"1539\"><strong>Caracter\u00edsticas t\u00e9cnicas<\/strong><\/h2>\n<ul data-start=\"1541\" data-end=\"1991\">\n<li data-start=\"1541\" data-end=\"1585\">\n<p data-start=\"1543\" data-end=\"1585\"><strong data-start=\"1543\" data-end=\"1565\">Capacidad de e-l\u00edquido<\/strong>14 ml precargado<\/p>\n<\/li>\n<li data-start=\"1586\" data-end=\"1622\">\n<p data-start=\"1588\" data-end=\"1622\"><strong data-start=\"1588\" data-end=\"1606\">Trenes por aparato<\/strong>Hasta 7.000<\/p>\n<\/li>\n<li data-start=\"1623\" data-end=\"1681\">\n<p data-start=\"1625\" data-end=\"1681\"><strong data-start=\"1625\" data-end=\"1633\">Bater\u00eda<\/strong>Bater\u00eda integrada recargable de 850 mAh<\/p>\n<\/li>\n<li data-start=\"1682\" data-end=\"1714\">\n<p data-start=\"1684\" data-end=\"1714\"><strong data-start=\"1684\" data-end=\"1701\">Conexi\u00f3n de carga<\/strong>USB Tipo-C<\/p>\n<\/li>\n<li data-start=\"1715\" data-end=\"1767\">\n<p data-start=\"1717\" data-end=\"1767\"><strong data-start=\"1717\" data-end=\"1736\">Control del flujo de aire<\/strong>S\u00ed, ajustable individualmente<\/p>\n<\/li>\n<li data-start=\"1768\" data-end=\"1810\">\n<p data-start=\"1770\" data-end=\"1810\"><strong data-start=\"1770\" data-end=\"1788\">Potencias de nicotina<\/strong>: 0 %, 2 %, 3 %, 5 %<\/p>\n<\/li>\n<li data-start=\"1811\" data-end=\"1849\">\n<p data-start=\"1813\" data-end=\"1849\"><strong data-start=\"1813\" data-end=\"1823\">Dise\u00f1o<\/strong>Con efectos de iluminaci\u00f3n RGB<\/p>\n<\/li>\n<li data-start=\"1850\" data-end=\"1916\">\n<p data-start=\"1852\" data-end=\"1916\"><strong data-start=\"1852\" data-end=\"1876\">Sabores<\/strong>56 opciones, incluidas las bayas mixtas<\/p>\n<\/li>\n<li data-start=\"1917\" data-end=\"1991\">\n<p data-start=\"1919\" data-end=\"1991\"><strong data-start=\"1919\" data-end=\"1943\">Unidades de embalaje<\/strong>10 unidades por caja expositora \/ 240 unidades por caja de cart\u00f3n<\/p>\n<\/li>\n<\/ul>\n<h2 data-start=\"1998\" data-end=\"2055\"><strong>Preguntas m\u00e1s frecuentes (FAQ) - Randm Tornado 7000 Puffs<\/strong><\/h2>\n<p data-start=\"2057\" data-end=\"2179\"><strong data-start=\"2057\" data-end=\"2102\">\u2753 \u00bfCu\u00e1nto dura un Randm Tornado 7000 Puffs?<\/strong><br data-start=\"2102\" data-end=\"2105\" \/>Con un uso moderado, un dispositivo suele durar entre 7 y 12 d\u00edas.<\/p>\n<p data-start=\"2181\" data-end=\"2353\"><strong data-start=\"2181\" data-end=\"2224\">\u2753 \u00bfEs tambi\u00e9n adecuado para principiantes?<\/strong><br data-start=\"2224\" data-end=\"2227\" \/>S\u00ed, es f\u00e1cil de usar y no requiere conocimientos previos. Sin botones, sin ajustes, solo tienes que desembalarlo y empezar a vapear.<\/p>\n<p data-start=\"2355\" data-end=\"2484\"><strong data-start=\"2355\" data-end=\"2391\">\u2753 \u00bfQu\u00e9 concentraciones de nicotina hay disponibles?<\/strong><br data-start=\"2391\" data-end=\"2394\" \/>Puede elegir entre 0 %, 2 %, 3 % o 5 %, en funci\u00f3n de sus necesidades.<\/p>\n<p data-start=\"2486\" data-end=\"2669\"><strong data-start=\"2486\" data-end=\"2535\">\u2753 \u00bfEs demasiado dulce el sabor de las bayas mixtas?<\/strong><br data-start=\"2535\" data-end=\"2538\" \/>No - la variedad ofrece una mezcla equilibrada de dulzor y frescura, perfecta para un uso cotidiano agradable sin sobreestimulaci\u00f3n.<\/p>\n<p data-start=\"2690\" data-end=\"2980\">Si tiene un <strong data-start=\"2703\" data-end=\"2787\">E-cigarrillo desechable potente, recargable y de sabor intenso<\/strong> es el <strong>Randm Tornado 7000 Puffs<\/strong><strong data-start=\"2804\" data-end=\"2842\">\u00a0- Mezcla de bayas<\/strong> la elecci\u00f3n perfecta. Tanto si eres un principiante como un vapeador experimentado, ofrece una experiencia de vapeo estable, sabrosa y con estilo para todos.<\/p>\n<h2 data-start=\"2987\" data-end=\"3030\"><strong>Aviso legal y advertencia sobre la nicotina<\/strong><\/h2>\n<p data-start=\"3032\" data-end=\"3216\">\ud83d\udd1e <strong data-start=\"3035\" data-end=\"3071\">S\u00f3lo para mayores de 18 a\u00f1os.<\/strong><br data-start=\"3071\" data-end=\"3074\" \/>\u274c <strong data-start=\"3076\" data-end=\"3126\">No apto ni permitido para menores.<\/strong><br data-start=\"3126\" data-end=\"3129\" \/>\u26a0\ufe0f <strong data-start=\"3132\" data-end=\"3178\">La nicotina es una sustancia adictiva.<\/strong> Por favor, consuma de forma responsable.<\/p>","protected":false},"excerpt":{"rendered":"<p><strong>Disfruta del vapor afrutado con el Randm Tornado 7000 Puffs Mixed Berries. Hasta 7000 caladas, luz RGB, control de flujo de aire, carga USB-C, 0-5 % nicotina. Ideal para vapear con estilo sobre la marcha.<\/strong><\/p>","protected":false},"featured_media":16127,"comment_status":"open","ping_status":"closed","template":"","meta":[],"product_brand":[],"product_cat":[18],"product_tag":[],"class_list":{"0":"post-11891","1":"product","2":"type-product","3":"status-publish","4":"has-post-thumbnail","6":"product_cat-randm-fumot-einweg-vape","8":"first","9":"outofstock","10":"shipping-taxable","11":"purchasable","12":"product-type-variable"},"_links":{"self":[{"href":"https:\/\/fumot-vaping.de\/es\/wp-json\/wp\/v2\/product\/11891","targetHints":{"allow":["GET"]}}],"collection":[{"href":"https:\/\/fumot-vaping.de\/es\/wp-json\/wp\/v2\/product"}],"about":[{"href":"https:\/\/fumot-vaping.de\/es\/wp-json\/wp\/v2\/types\/product"}],"replies":[{"embeddable":true,"href":"https:\/\/fumot-vaping.de\/es\/wp-json\/wp\/v2\/comments?post=11891"}],"version-history":[{"count":4,"href":"https:\/\/fumot-vaping.de\/es\/wp-json\/wp\/v2\/product\/11891\/revisions"}],"predecessor-version":[{"id":17122,"href":"https:\/\/fumot-vaping.de\/es\/wp-json\/wp\/v2\/product\/11891\/revisions\/17122"}],"wp:featuredmedia":[{"embeddable":true,"href":"https:\/\/fumot-vaping.de\/es\/wp-json\/wp\/v2\/media\/16127"}],"wp:attachment":[{"href":"https:\/\/fumot-vaping.de\/es\/wp-json\/wp\/v2\/media?parent=11891"}],"wp:term":[{"taxonomy":"product_brand","embeddable":true,"href":"https:\/\/fumot-vaping.de\/es\/wp-json\/wp\/v2\/product_brand?post=11891"},{"taxonomy":"product_cat","embeddable":true,"href":"https:\/\/fumot-vaping.de\/es\/wp-json\/wp\/v2\/product_cat?post=11891"},{"taxonomy":"product_tag","embeddable":true,"href":"https:\/\/fumot-vaping.de\/es\/wp-json\/wp\/v2\/product_tag?post=11891"}],"curies":[{"name":"wp","href":"https:\/\/api.w.org\/{rel}","templated":true}]}}