{"id":11424,"date":"2025-06-27T11:31:54","date_gmt":"2025-06-27T11:31:54","guid":{"rendered":"https:\/\/fumot-vaping.de\/?post_type=product&#038;p=11424"},"modified":"2025-08-12T01:31:48","modified_gmt":"2025-08-12T01:31:48","slug":"randm-tornado-7000-puffs-vape-tipo-c-carga-rapida","status":"publish","type":"product","link":"https:\/\/fumot-vaping.de\/es\/product\/randm-tornado-7000-puffs-vape-tipo-c-carga-rapida\/","title":{"rendered":"RandM Tornado 7000 Puffs Vape Carga r\u00e1pida Type-C"},"content":{"rendered":"<h2 data-start=\"148\" data-end=\"230\">RandM Tornado 7000 Puffs, RandM Tornado Vape, 7000 Puffs Vape Desechable<\/h2>\n<p class=\"\" data-start=\"237\" data-end=\"554\"><strong data-start=\"237\" data-end=\"277\">RandM Tornado 7000 Puffs Vape Desechable<\/strong> es la \u00faltima novedad para los vapeadores que buscan una soluci\u00f3n potente, duradera y elegante. Con hasta <strong data-start=\"388\" data-end=\"402\">7000 trenes<\/strong> este dispositivo -o mejor dicho, esta peque\u00f1a arma maravillosa de vapor- ofrece una experiencia especialmente duradera que va mucho m\u00e1s all\u00e1 de lo habitual.<\/p>\n<p class=\"\" data-start=\"556\" data-end=\"871\">Impulsado por un <strong data-start=\"578\" data-end=\"606\">Bater\u00eda integrada de 850 mAh<\/strong> la RandM Tornado 7000 ofrece un rendimiento constante en cada uso. Gracias a la <strong data-start=\"685\" data-end=\"715\">Funci\u00f3n de carga r\u00e1pida Tipo-C<\/strong> puedes reducir el tiempo de carga al m\u00ednimo - y de repente me acord\u00e9 de lo tediosa que era antes la carga lenta. \u00a1Menudo avance!<\/p>\n<p class=\"\" data-start=\"873\" data-end=\"1174\">Especialmente emocionante: el dispositivo es <strong data-start=\"911\" data-end=\"949\">E-l\u00edquido premium precargado de 14 ml<\/strong> equipado y ofrece una selecci\u00f3n de <strong data-start=\"990\" data-end=\"1024\">0%, 2%, 3% o 5% Sal de nicotina<\/strong>. Esto le permite personalizar con flexibilidad su experiencia de vapeo, tanto si prefiere un golpe m\u00e1s intenso como si prefiere disfrutarlo suavemente.<\/p>\n<p class=\"\" data-start=\"1176\" data-end=\"1553\">Y eso no es todo. En <strong data-start=\"1210\" data-end=\"1238\">Funci\u00f3n de control del flujo de aire<\/strong> permite regular individualmente la resistencia a la tracci\u00f3n: a veces uno quiere un poco m\u00e1s de brisa, pens\u00e9 de repente, sobre todo en los calurosos d\u00edas de verano. La experiencia se complementa con el espectacular <strong data-start=\"1455\" data-end=\"1469\">Dise\u00f1o RGB<\/strong>que se ilumina con cada calada y le da a tu estilo de vapeo un verdadero punto de atracci\u00f3n.<\/p>\n<h2 class=\"\" data-start=\"1560\" data-end=\"1610\">RandM Tornado 7000 Puffs - Caracter\u00edsticas t\u00e9cnicas:<\/h2>\n<ul data-start=\"1612\" data-end=\"2010\">\n<li class=\"\" data-start=\"1612\" data-end=\"1637\">\n<p class=\"\" data-start=\"1614\" data-end=\"1637\">Hasta <strong data-start=\"1621\" data-end=\"1635\">7000 Puffs<\/strong><\/p>\n<\/li>\n<li class=\"\" data-start=\"1638\" data-end=\"1689\">\n<p class=\"\" data-start=\"1640\" data-end=\"1689\"><strong data-start=\"1640\" data-end=\"1650\">850mAh<\/strong> Bater\u00eda recargable integrada<\/p>\n<\/li>\n<li class=\"\" data-start=\"1690\" data-end=\"1719\">\n<p class=\"\" data-start=\"1692\" data-end=\"1719\"><strong data-start=\"1692\" data-end=\"1700\">14 ml<\/strong> E-l\u00edquido premium<\/p>\n<\/li>\n<li class=\"\" data-start=\"1720\" data-end=\"1766\">\n<p class=\"\" data-start=\"1722\" data-end=\"1766\"><strong data-start=\"1722\" data-end=\"1764\">0% \/ 2% \/ 3% \/ 5% Opciones de sal de nicotina<\/strong><\/p>\n<\/li>\n<li class=\"\" data-start=\"1767\" data-end=\"1795\">\n<p class=\"\" data-start=\"1769\" data-end=\"1795\"><strong data-start=\"1769\" data-end=\"1779\">Tipo-C<\/strong> Conexi\u00f3n de carga<\/p>\n<\/li>\n<li class=\"\" data-start=\"1796\" data-end=\"1844\">\n<p class=\"\" data-start=\"1798\" data-end=\"1844\"><strong data-start=\"1798\" data-end=\"1817\">Control del flujo de aire<\/strong> para trenes personalizados<\/p>\n<\/li>\n<li class=\"\" data-start=\"1845\" data-end=\"1898\">\n<p class=\"\" data-start=\"1847\" data-end=\"1898\"><strong data-start=\"1847\" data-end=\"1866\">Dise\u00f1o de iluminaci\u00f3n RGB<\/strong> para un aspecto elegante<\/p>\n<\/li>\n<li class=\"\" data-start=\"1899\" data-end=\"1941\">\n<p class=\"\" data-start=\"1901\" data-end=\"1941\"><strong data-start=\"1901\" data-end=\"1939\">56 sabores disponibles<\/strong><\/p>\n<\/li>\n<li class=\"\" data-start=\"1942\" data-end=\"2010\">\n<p class=\"\" data-start=\"1944\" data-end=\"2010\">Embalaje: <strong data-start=\"1956\" data-end=\"1984\">10 unidades por caja expositora<\/strong>, <strong data-start=\"1986\" data-end=\"2010\">240 unidades por caja<\/strong><\/p>\n<\/li>\n<\/ul>\n<h2 class=\"\" data-start=\"2017\" data-end=\"2062\">Sabores disponibles (selecci\u00f3n):<\/h2>\n<p class=\"\" data-start=\"2064\" data-end=\"2988\">Menta fresca | Hielo exuberante | Hielo de mandarina | Donut de fresa | Osito de goma | Hielo de ar\u00e1ndano | Hielo de mango | Hielo de melocot\u00f3n | Hielo de pl\u00e1tano | Hielo de uva | Limonada rosa | Ron de pi\u00f1a colada | Mezcla de frutas del bosque | Batido de pl\u00e1tano | Sand\u00eda de fresa | Lim\u00f3n con manzana roja, pi\u00f1a helada, algod\u00f3n de az\u00facar, fresa con pl\u00e1tano, fresa helada, energ\u00eda helada, manzana roja helada, limonada con bayas, ar\u00e1ndano azul, frambuesa agria, Mr Blue, manzana, melocot\u00f3n y pera. | Manzana \u00e1cida, grosella negra, mentol, sangre de tigre, melocot\u00f3n, ar\u00e1ndano, mango, fresa, Red Bull, grosella negra, hielo, fresa, sand\u00eda, limonada, cereza, Blue Razz, cereza, melocot\u00f3n, pera, melocot\u00f3n, granada, fruta de la pasi\u00f3n y guayaba. Cereza | Blue Razz Cereza | Skittles | Ar\u00e1ndano Frambuesa | Fresa Uva | Ar\u00e1ndano Cereza Ar\u00e1ndano Rojo | Manzana Berry Blast | Cereza Cola | Lim\u00f3n y Lima | Pink Burst | Pacific Cooler | Ice Pop | Bingo Crush | Vimto Crush | Tabaco<\/p>\n<p class=\"\" data-start=\"3006\" data-end=\"3274\">En <strong data-start=\"3010\" data-end=\"3038\">RandM Tornado 7000 Puffs<\/strong> es m\u00e1s que un dispositivo desechable: es una experiencia de vapeo moderna al m\u00e1s alto nivel: potente, elegante y llena de explosiones de sabor. (Y seamos sinceros, con 56 sabores, realmente satisface todos los deseos).<\/p>","protected":false},"excerpt":{"rendered":"<p>RandM Tornado 7000 Puffs: 14ml de l\u00edquido, bater\u00eda de 850mAh, dise\u00f1o RGB, 56 sabores - experiencia de vapeo potente y con estilo.<\/p>","protected":false},"featured_media":11652,"comment_status":"open","ping_status":"closed","template":"","meta":[],"product_brand":[],"product_cat":[18],"product_tag":[],"class_list":{"0":"post-11424","1":"product","2":"type-product","3":"status-publish","4":"has-post-thumbnail","6":"product_cat-randm-fumot-einweg-vape","8":"first","9":"outofstock","10":"shipping-taxable","11":"purchasable","12":"product-type-variable"},"_links":{"self":[{"href":"https:\/\/fumot-vaping.de\/es\/wp-json\/wp\/v2\/product\/11424","targetHints":{"allow":["GET"]}}],"collection":[{"href":"https:\/\/fumot-vaping.de\/es\/wp-json\/wp\/v2\/product"}],"about":[{"href":"https:\/\/fumot-vaping.de\/es\/wp-json\/wp\/v2\/types\/product"}],"replies":[{"embeddable":true,"href":"https:\/\/fumot-vaping.de\/es\/wp-json\/wp\/v2\/comments?post=11424"}],"version-history":[{"count":2,"href":"https:\/\/fumot-vaping.de\/es\/wp-json\/wp\/v2\/product\/11424\/revisions"}],"predecessor-version":[{"id":16313,"href":"https:\/\/fumot-vaping.de\/es\/wp-json\/wp\/v2\/product\/11424\/revisions\/16313"}],"wp:featuredmedia":[{"embeddable":true,"href":"https:\/\/fumot-vaping.de\/es\/wp-json\/wp\/v2\/media\/11652"}],"wp:attachment":[{"href":"https:\/\/fumot-vaping.de\/es\/wp-json\/wp\/v2\/media?parent=11424"}],"wp:term":[{"taxonomy":"product_brand","embeddable":true,"href":"https:\/\/fumot-vaping.de\/es\/wp-json\/wp\/v2\/product_brand?post=11424"},{"taxonomy":"product_cat","embeddable":true,"href":"https:\/\/fumot-vaping.de\/es\/wp-json\/wp\/v2\/product_cat?post=11424"},{"taxonomy":"product_tag","embeddable":true,"href":"https:\/\/fumot-vaping.de\/es\/wp-json\/wp\/v2\/product_tag?post=11424"}],"curies":[{"name":"wp","href":"https:\/\/api.w.org\/{rel}","templated":true}]}}