{"id":11191,"date":"2025-06-19T07:53:28","date_gmt":"2025-06-19T07:53:28","guid":{"rendered":"https:\/\/fumot-vaping.de\/?post_type=product&#038;p=11191"},"modified":"2025-08-12T01:32:52","modified_gmt":"2025-08-12T01:32:52","slug":"randm-tornado-7000-puffs-one-way-vape-3","status":"publish","type":"product","link":"https:\/\/fumot-vaping.de\/es\/product\/randm-tornado-7000-puffs-one-way-vape-3\/","title":{"rendered":"RandM Tornado 7000 Puffs Vape Desechable"},"content":{"rendered":"<h2 data-start=\"67\" data-end=\"134\"><strong>Vapeador desechable RandM Tornado 7000 Puffs: la potencia se une al estilo<\/strong><\/h2>\n<p class=\"\" data-start=\"220\" data-end=\"550\">En <strong data-start=\"236\" data-end=\"276\">RandM Tornado 7000 Puffs Vape Desechable<\/strong> est\u00e1 dirigido a los vapeadores que buscan un dispositivo duradero con un aspecto moderno. Con un impresionante <strong data-start=\"382\" data-end=\"396\">7000 trenes<\/strong> este vape ofrece una experiencia de vapor intensa y duradera, o para ser m\u00e1s precisos: una experiencia que va mucho m\u00e1s all\u00e1 de los est\u00e1ndares habituales.<\/p>\n<p data-start=\"552\" data-end=\"864\">El Tornado 7000 tambi\u00e9n destaca por <strong data-start=\"904\" data-end=\"948\">14 ml de e-l\u00edquido precargado de alta calidad<\/strong> y potencias de nicotina seleccionables (0%, 2%, 3% o 5%). El control de flujo de aire te permite regular individualmente la resistencia a la extracci\u00f3n, perfecto si, como yo, a veces quieres cambiar espont\u00e1neamente entre una extracci\u00f3n abierta o cerrada.<\/p>\n<p class=\"\" data-start=\"552\" data-end=\"864\">Una bater\u00eda recargable integrada de 850 mAh alimenta la Tornado 7000 y garantiza un rendimiento fiable y constante. Gracias a <strong data-start=\"678\" data-end=\"702\">Carga r\u00e1pida Tipo-C<\/strong> Las pausas de carga son significativamente m\u00e1s cortas: de repente me acord\u00e9 de lo inc\u00f3modo que era cargar los modelos anteriores. \u00bfAhora? R\u00e1pido, sencillo y eficaz.<\/p>\n<h2 data-start=\"1402\" data-end=\"1442\"><strong data-start=\"1402\" data-end=\"1442\">RandM Tornado 7000 Puffs - Caracter\u00edsticas:<\/strong><\/h2>\n<ul data-start=\"1444\" data-end=\"1790\">\n<li class=\"\" data-start=\"1444\" data-end=\"1469\">\n<p class=\"\" data-start=\"1446\" data-end=\"1469\">Hasta <strong data-start=\"1453\" data-end=\"1467\">7000 Puffs<\/strong><\/p>\n<\/li>\n<li class=\"\" data-start=\"1470\" data-end=\"1517\">\n<p class=\"\" data-start=\"1472\" data-end=\"1517\">Bater\u00eda recargable integrada de 850 mAh<\/p>\n<\/li>\n<li class=\"\" data-start=\"1518\" data-end=\"1543\">\n<p class=\"\" data-start=\"1520\" data-end=\"1543\">E-l\u00edquido premium de 14 ml<\/p>\n<\/li>\n<li class=\"\" data-start=\"1544\" data-end=\"1579\">\n<p class=\"\" data-start=\"1546\" data-end=\"1579\">Opciones de nicotina: 0%, 2%, 3%, 5%<\/p>\n<\/li>\n<li class=\"\" data-start=\"1580\" data-end=\"1631\">\n<p class=\"\" data-start=\"1582\" data-end=\"1631\">Control del flujo de aire para una experiencia de vapor personalizada<\/p>\n<\/li>\n<li class=\"\" data-start=\"1632\" data-end=\"1663\">\n<p class=\"\" data-start=\"1634\" data-end=\"1663\">Puerto de carga r\u00e1pida Tipo-C<\/p>\n<\/li>\n<li class=\"\" data-start=\"1664\" data-end=\"1701\">\n<p class=\"\" data-start=\"1666\" data-end=\"1701\">Elegante dise\u00f1o con efecto de luz RGB<\/p>\n<\/li>\n<li class=\"\" data-start=\"1702\" data-end=\"1739\">\n<p class=\"\" data-start=\"1704\" data-end=\"1739\">56 sabores disponibles<\/p>\n<\/li>\n<li class=\"\" data-start=\"1740\" data-end=\"1790\">\n<p class=\"\" data-start=\"1742\" data-end=\"1790\">Embalaje: 10 unidades\/display, 240 unidades\/caja<\/p>\n<\/li>\n<\/ul>\n<h2 data-start=\"1792\" data-end=\"2770\"><strong data-start=\"1792\" data-end=\"1841\">Resumen de sabores de RandM Tornado 7000 Puffs:<\/strong><\/h2>\n<p class=\"\" data-start=\"1792\" data-end=\"2770\">Menta fresca | Hielo exuberante | Hielo de mandarina | Donut de fresa | Osito de goma | Hielo de ar\u00e1ndano | Hielo de mango | Hielo de melocot\u00f3n | Hielo de pl\u00e1tano | Hielo de uva | Limonada rosa | Ron de pi\u00f1a colada | Mezcla de frutas del bosque | Batido de pl\u00e1tano | Sand\u00eda de fresa | Lim\u00f3n con manzana roja, pi\u00f1a helada, algod\u00f3n de az\u00facar, fresa con pl\u00e1tano, fresa helada, energ\u00eda helada, manzana roja helada, limonada con bayas, ar\u00e1ndano azul, frambuesa agria, Mr Blue, manzana, melocot\u00f3n y pera. | Manzana \u00e1cida, grosella negra, mentol, sangre de tigre, melocot\u00f3n, ar\u00e1ndano, mango, fresa, Red Bull, grosella negra, hielo, fresa, sand\u00eda, limonada, cereza, Blue Razz, cereza, melocot\u00f3n, pera, melocot\u00f3n, granada, fruta de la pasi\u00f3n y guayaba. Cereza | Blue Razz Cereza | Skittles | Ar\u00e1ndano Frambuesa | Fresa Uva | Ar\u00e1ndano Cereza Ar\u00e1ndano Rojo | Manzana Berry Blast | Cereza Cola | Lim\u00f3n y Lima | Pink Burst | Pacific Cooler | Ice Pop | Bingo Crush | Vimto Crush | Tabaco<\/p>\n<p class=\"\" data-start=\"2772\" data-end=\"3024\">Con el <strong data-start=\"2793\" data-end=\"2821\">RandM Tornado 7000 Puffs<\/strong> no s\u00f3lo puedes esperar un rendimiento potente, sino tambi\u00e9n una experiencia de vapeo elegante que puedes personalizar: un dispositivo que establece est\u00e1ndares en t\u00e9rminos de dise\u00f1o, sabor e innovaci\u00f3n. Sin embargo, lo m\u00e1s destacado sigue siendo el <strong data-start=\"1219\" data-end=\"1233\">Dise\u00f1o RGB<\/strong>que parpadea con cada calada y confiere al vapeo una dimensi\u00f3n visual totalmente nueva. (Y para ser sinceros: \u00a1a veces llama la atenci\u00f3n m\u00e1s de lo esperado!).<\/p>","protected":false},"excerpt":{"rendered":"<p>Vapeador desechable RandM Tornado 7000 Puffs con 14ml de l\u00edquido, bater\u00eda de 850mAh, luz RGB y 56 sabores. Hasta 7000 caladas.<\/p>","protected":false},"featured_media":11422,"comment_status":"open","ping_status":"closed","template":"","meta":[],"product_brand":[],"product_cat":[18],"product_tag":[],"class_list":{"0":"post-11191","1":"product","2":"type-product","3":"status-publish","4":"has-post-thumbnail","6":"product_cat-randm-fumot-einweg-vape","8":"first","9":"outofstock","10":"shipping-taxable","11":"purchasable","12":"product-type-variable"},"_links":{"self":[{"href":"https:\/\/fumot-vaping.de\/es\/wp-json\/wp\/v2\/product\/11191","targetHints":{"allow":["GET"]}}],"collection":[{"href":"https:\/\/fumot-vaping.de\/es\/wp-json\/wp\/v2\/product"}],"about":[{"href":"https:\/\/fumot-vaping.de\/es\/wp-json\/wp\/v2\/types\/product"}],"replies":[{"embeddable":true,"href":"https:\/\/fumot-vaping.de\/es\/wp-json\/wp\/v2\/comments?post=11191"}],"version-history":[{"count":3,"href":"https:\/\/fumot-vaping.de\/es\/wp-json\/wp\/v2\/product\/11191\/revisions"}],"predecessor-version":[{"id":17123,"href":"https:\/\/fumot-vaping.de\/es\/wp-json\/wp\/v2\/product\/11191\/revisions\/17123"}],"wp:featuredmedia":[{"embeddable":true,"href":"https:\/\/fumot-vaping.de\/es\/wp-json\/wp\/v2\/media\/11422"}],"wp:attachment":[{"href":"https:\/\/fumot-vaping.de\/es\/wp-json\/wp\/v2\/media?parent=11191"}],"wp:term":[{"taxonomy":"product_brand","embeddable":true,"href":"https:\/\/fumot-vaping.de\/es\/wp-json\/wp\/v2\/product_brand?post=11191"},{"taxonomy":"product_cat","embeddable":true,"href":"https:\/\/fumot-vaping.de\/es\/wp-json\/wp\/v2\/product_cat?post=11191"},{"taxonomy":"product_tag","embeddable":true,"href":"https:\/\/fumot-vaping.de\/es\/wp-json\/wp\/v2\/product_tag?post=11191"}],"curies":[{"name":"wp","href":"https:\/\/api.w.org\/{rel}","templated":true}]}}