{"id":10954,"date":"2025-06-10T11:27:54","date_gmt":"2025-06-10T11:27:54","guid":{"rendered":"https:\/\/fumot-vaping.de\/?post_type=product&#038;p=10954"},"modified":"2025-08-12T01:33:42","modified_gmt":"2025-08-12T01:33:42","slug":"randm-tornado-7000-puffs-e-cigarrillo-desechable","status":"publish","type":"product","link":"https:\/\/fumot-vaping.de\/es\/product\/randm-tornado-7000-puffs-e-cigarrillo-desechable\/","title":{"rendered":"RandM Tornado 7000 Puffs - cigarrillo electr\u00f3nico desechable"},"content":{"rendered":"<h2 data-start=\"0\" data-end=\"101\"><strong data-start=\"0\" data-end=\"101\">RandM Tornado 7000 Puffs - cigarrillo electr\u00f3nico desechable para un disfrute duradero y un sabor intenso<\/strong><\/h2>\n<p data-start=\"103\" data-end=\"519\">Como vaper apasionado, s\u00e9 lo importante que es tener un <strong data-start=\"168\" data-end=\"193\">Dispositivo de sustituci\u00f3n de cigarrillos<\/strong> que es a la vez <strong data-start=\"216\" data-end=\"234\">Potente<\/strong> as\u00ed como <strong data-start=\"244\" data-end=\"261\">de buen gusto<\/strong> es. El <strong data-start=\"271\" data-end=\"299\">RandM Tornado 7000 Puffs<\/strong> me convenci\u00f3 en todos los aspectos, no s\u00f3lo por su <strong data-start=\"361\" data-end=\"378\">Longevidad<\/strong>sino tambi\u00e9n a trav\u00e9s de su <strong data-start=\"405\" data-end=\"438\">Amplia gama de sabores<\/strong> y el <strong data-start=\"447\" data-end=\"470\">tecnolog\u00eda moderna<\/strong>lo que hace que vapear sea toda una experiencia.<\/p>\n<h2 data-start=\"521\" data-end=\"580\"><strong data-start=\"525\" data-end=\"580\">Rendimiento a largo plazo para sesiones de vapor duraderas<\/strong><\/h2>\n<p data-start=\"582\" data-end=\"1169\">Con el <strong data-start=\"590\" data-end=\"627\">Bater\u00eda recargable de 850 mAh<\/strong> y el <strong data-start=\"636\" data-end=\"666\">Funci\u00f3n de carga r\u00e1pida Tipo-C<\/strong> es el <strong data-start=\"675\" data-end=\"697\">RandM Tornado 7000<\/strong> un dispositivo que nunca pierde potencia. A diferencia de muchos otros dispositivos, en los que a menudo hay que esperar mucho tiempo para cargarlos, el <strong data-start=\"843\" data-end=\"867\">Carga r\u00e1pida Tipo-C<\/strong> garantiza que el dispositivo est\u00e9 listo para volver a utilizarse en un abrir y cerrar de ojos, sin necesidad de recargarlo constantemente mientras se vapea. La p\u00e1gina <strong data-start=\"991\" data-end=\"1013\">RandM Tornado 7000<\/strong> ofrece <strong data-start=\"1021\" data-end=\"1041\">hasta 7000 trenes<\/strong>lo que para m\u00ed significa que puedo disfrutar de varios d\u00edas de vapor sin tener que pensar constantemente en recargar.<\/p>\n<p data-start=\"1171\" data-end=\"1601\">En <strong data-start=\"1175\" data-end=\"1214\">E-l\u00edquido premium precargado de 14 ml<\/strong> proporcionan suficiente l\u00edquido para un disfrute duradero. No importa la frecuencia con la que desenfunde, el <strong data-start=\"1302\" data-end=\"1315\">Sabor<\/strong> siempre permanece intensa y sin cambios. En <strong data-start=\"1359\" data-end=\"1377\">Bobina de doble malla<\/strong> asegura que el vapor se libera de manera uniforme y que el <strong data-start=\"1441\" data-end=\"1472\">Nubes densas y con cuerpo<\/strong> son. Sinceramente, a veces casi se me olvida que esto es un <strong data-start=\"1541\" data-end=\"1556\">Dispositivo desechable<\/strong> el rendimiento se mantiene constantemente alto.<\/p>\n<h2 data-start=\"1603\" data-end=\"1663\"><strong data-start=\"1607\" data-end=\"1663\">Sabores vers\u00e1tiles para todos los gustos<\/strong><\/h2>\n<p data-start=\"1665\" data-end=\"1989\">Para m\u00ed, como <strong data-start=\"1685\" data-end=\"1708\">Fan\u00e1ticos del sabor<\/strong> es el <strong data-start=\"1717\" data-end=\"1739\">Variedad de sabores<\/strong> un factor decisivo. En <strong data-start=\"1771\" data-end=\"1793\">RandM Tornado 7000<\/strong> ofrece una impresionante selecci\u00f3n de <strong data-start=\"1832\" data-end=\"1873\">56 sabores diferentes<\/strong>desde las cl\u00e1sicas mezclas de frutas hasta los refrescantes sabores mentolados. Algunos de mis favoritos:<\/p>\n<ul data-start=\"1991\" data-end=\"2459\">\n<li data-start=\"1991\" data-end=\"2065\">\n<p data-start=\"1993\" data-end=\"2065\"><strong data-start=\"1993\" data-end=\"2006\">Menta fresca<\/strong>Fresco y refrescante, perfecto para disfrutar a diario.<\/p>\n<\/li>\n<li data-start=\"2066\" data-end=\"2171\">\n<p data-start=\"2068\" data-end=\"2171\"><strong data-start=\"2068\" data-end=\"2093\">Sand\u00eda con fresa<\/strong>La combinaci\u00f3n perfecta de fresas dulces y sand\u00eda refrescante.<\/p>\n<\/li>\n<li data-start=\"2172\" data-end=\"2271\">\n<p data-start=\"2174\" data-end=\"2271\"><strong data-start=\"2174\" data-end=\"2194\">Ar\u00e1ndanos sobre hielo<\/strong>Un cl\u00e1sico que combina la dulzura de los ar\u00e1ndanos con un toque fresco.<\/p>\n<\/li>\n<li data-start=\"2272\" data-end=\"2366\">\n<p data-start=\"2274\" data-end=\"2366\"><strong data-start=\"2274\" data-end=\"2290\">Mango sobre hielo<\/strong>Mango tropical combinado con un acabado helado, perfecto para los d\u00edas calurosos.<\/p>\n<\/li>\n<li data-start=\"2367\" data-end=\"2459\">\n<p data-start=\"2369\" data-end=\"2459\"><strong data-start=\"2369\" data-end=\"2386\">Mandarina Helada<\/strong>La dulzura afrutada de la mandarina con un refrescante componente de helado.<\/p>\n<\/li>\n<\/ul>\n<p data-start=\"2461\" data-end=\"2640\">Lo que m\u00e1s me gusta es la constante <strong data-start=\"2507\" data-end=\"2530\">Calidad de los sabores<\/strong>. Incluso despu\u00e9s de muchas caladas, el sabor sigue siendo claro e intenso: no decae ni cambia el aroma.<\/p>\n<h2 data-start=\"2642\" data-end=\"2709\"><strong data-start=\"2646\" data-end=\"2709\">Ergonom\u00eda y dise\u00f1o: la RandM Tornado 7000 atrae todas las miradas<\/strong><\/h2>\n<p data-start=\"2711\" data-end=\"3168\">Otro aspecto destacado de la <strong data-start=\"2738\" data-end=\"2760\">RandM Tornado 7000<\/strong> es que <strong data-start=\"2769\" data-end=\"2787\">dise\u00f1o moderno<\/strong>. En <strong data-start=\"2793\" data-end=\"2812\">formato compacto<\/strong> garantiza que el dispositivo se adapte c\u00f3modamente a la mano y sea agradable de vapear. Especialmente fresco es el <strong data-start=\"2919\" data-end=\"2938\">Efecto de luz RGB<\/strong>que cambia de color con cada calada: este efecto visual convierte el vapeo en toda una experiencia. Es casi como un peque\u00f1o espect\u00e1culo de luces que convierte el dispositivo en un verdadero <strong data-start=\"3115\" data-end=\"3128\">Llamativo<\/strong> tanto en casa como de viaje.<\/p>\n<p data-start=\"3170\" data-end=\"3450\">Gracias a la <strong data-start=\"3179\" data-end=\"3199\">Control del caudal de aire<\/strong> la resistencia de tracci\u00f3n puede ajustarse como se desee. Puedo decidir si quiero una <strong data-start=\"3293\" data-end=\"3305\">apriete<\/strong> Entrena para un sabor intenso o un <strong data-start=\"3346\" data-end=\"3360\">m\u00e1s suelto<\/strong> tren para nubes de vapor m\u00e1s grandes, una funci\u00f3n que me proporciona una enorme flexibilidad.<\/p>\n<h2 data-start=\"3452\" data-end=\"3549\"><strong data-start=\"3456\" data-end=\"3549\">Conclusi\u00f3n: El RandM Tornado 7000 Puffs - El vaporizador desechable perfecto para un disfrute duradero<\/strong><\/h2>\n<p data-start=\"3551\" data-end=\"3957\">En <strong data-start=\"3555\" data-end=\"3583\">RandM Tornado 7000 Puffs<\/strong> no es una m\u00e1s <strong data-start=\"3611\" data-end=\"3626\">Dispositivo desechable<\/strong>sino un verdadero <strong data-start=\"3647\" data-end=\"3667\">Monstruo del rendimiento<\/strong>que convence en todos los aspectos. Con <strong data-start=\"3706\" data-end=\"3727\">hasta 7000 trenes<\/strong>un generoso <strong data-start=\"3747\" data-end=\"3776\">Capacidad de l\u00edquido de 14 ml<\/strong> y una amplia <strong data-start=\"3795\" data-end=\"3812\">Variedad de sabores<\/strong> es este <strong data-start=\"3824\" data-end=\"3832\">Vape<\/strong> ideal para vapers que <strong data-start=\"3856\" data-end=\"3874\">sesiones largas<\/strong> quiere disfrutar sin comprometer <strong data-start=\"3914\" data-end=\"3926\">Rendimiento<\/strong> o <strong data-start=\"3932\" data-end=\"3945\">Sabor<\/strong> para entrar.<\/p>\n<p data-start=\"3959\" data-end=\"4297\">Para m\u00ed, el <strong data-start=\"3976\" data-end=\"3998\">RandM Tornado 7000<\/strong> el perfecto <strong data-start=\"4012\" data-end=\"4032\">Compa\u00f1ero de todos los d\u00edas<\/strong>que siempre est\u00e1 listo para funcionar cuando busco una experiencia de vapeo r\u00e1pida e intensa. Si usted est\u00e1 buscando un fiable, potente y elegante <strong data-start=\"4198\" data-end=\"4213\">Vape desechable<\/strong> entonces puedo recomendar el <strong data-start=\"4244\" data-end=\"4272\">RandM Tornado 7000 Puffs<\/strong> No puedo sino recomendarlo encarecidamente.<\/p>","protected":false},"excerpt":{"rendered":"<p>Experiencia con el <strong>RandM Tornado 7000 Puffs<\/strong> una experiencia de vapeo potente y elegante: 7000 caladas, bater\u00eda de 850mAh, luz RGB, control del flujo de aire y 56 deliciosos sabores para un disfrute sin igual.<\/p>","protected":false},"featured_media":11179,"comment_status":"open","ping_status":"closed","template":"","meta":[],"product_brand":[],"product_cat":[18],"product_tag":[91,99,83,90,96],"class_list":{"0":"post-10954","1":"product","2":"type-product","3":"status-publish","4":"has-post-thumbnail","6":"product_cat-randm-fumot-einweg-vape","7":"product_tag-box-stil-fumot-vape","8":"product_tag-crystal-vape","9":"product_tag-fumot-7000-puffs","10":"product_tag-fumot-vape-im-pole-stil","11":"product_tag-nicotine-free-vape","13":"first","14":"outofstock","15":"shipping-taxable","16":"purchasable","17":"product-type-variable"},"_links":{"self":[{"href":"https:\/\/fumot-vaping.de\/es\/wp-json\/wp\/v2\/product\/10954","targetHints":{"allow":["GET"]}}],"collection":[{"href":"https:\/\/fumot-vaping.de\/es\/wp-json\/wp\/v2\/product"}],"about":[{"href":"https:\/\/fumot-vaping.de\/es\/wp-json\/wp\/v2\/types\/product"}],"replies":[{"embeddable":true,"href":"https:\/\/fumot-vaping.de\/es\/wp-json\/wp\/v2\/comments?post=10954"}],"version-history":[{"count":6,"href":"https:\/\/fumot-vaping.de\/es\/wp-json\/wp\/v2\/product\/10954\/revisions"}],"predecessor-version":[{"id":15202,"href":"https:\/\/fumot-vaping.de\/es\/wp-json\/wp\/v2\/product\/10954\/revisions\/15202"}],"wp:featuredmedia":[{"embeddable":true,"href":"https:\/\/fumot-vaping.de\/es\/wp-json\/wp\/v2\/media\/11179"}],"wp:attachment":[{"href":"https:\/\/fumot-vaping.de\/es\/wp-json\/wp\/v2\/media?parent=10954"}],"wp:term":[{"taxonomy":"product_brand","embeddable":true,"href":"https:\/\/fumot-vaping.de\/es\/wp-json\/wp\/v2\/product_brand?post=10954"},{"taxonomy":"product_cat","embeddable":true,"href":"https:\/\/fumot-vaping.de\/es\/wp-json\/wp\/v2\/product_cat?post=10954"},{"taxonomy":"product_tag","embeddable":true,"href":"https:\/\/fumot-vaping.de\/es\/wp-json\/wp\/v2\/product_tag?post=10954"}],"curies":[{"name":"wp","href":"https:\/\/api.w.org\/{rel}","templated":true}]}}