{"id":10844,"date":"2025-06-03T08:17:50","date_gmt":"2025-06-03T08:17:50","guid":{"rendered":"https:\/\/fumot-vaping.de\/?post_type=product&#038;p=10844"},"modified":"2025-10-11T07:40:50","modified_gmt":"2025-10-11T07:40:50","slug":"fumot-tornado-25000-caladas-vape-unidireccional","status":"publish","type":"product","link":"https:\/\/fumot-vaping.de\/es\/product\/fumot-tornado-25000-caladas-vape-unidireccional\/","title":{"rendered":"Vapeador desechable Fumot Tornado 25000 Puffs - innovaci\u00f3n para momentos de placer sin fin"},"content":{"rendered":"<h2 data-start=\"197\" data-end=\"281\"><strong>Fumot Tornado 25000 Puffs, Fumot Tornado Vape, 25000 Puffs vape desechable<\/strong><\/h2>\n<p data-start=\"1641\" data-end=\"1695\">El Tornado 25000 funciona con un <strong data-start=\"620\" data-end=\"662\">Bater\u00eda recargable de 700 mAh<\/strong>gracias a <strong data-start=\"673\" data-end=\"697\">Carga r\u00e1pida Tipo-C<\/strong> vuelve a estar listo para su uso en un abrir y cerrar de ojos. (De repente me he dado cuenta de lo frustrante que sol\u00eda ser la carga lenta, esos d\u00edas han pasado a la historia).<\/p>\n<p data-start=\"1641\" data-end=\"1695\">Tambi\u00e9n hay un verdadero hito t\u00e9cnico: un <strong data-start=\"1225\" data-end=\"1260\">Pantalla TFT HD de 1,77 pulgadas<\/strong> te muestra en todo momento el estado actual de la bater\u00eda y la cantidad de l\u00edquido restante. Sencillamente genial: \u00a1nunca m\u00e1s tendr\u00e1s que adivinar cu\u00e1ndo se te va a acabar el vaporizador!<\/p>\n<h2 data-start=\"1641\" data-end=\"1695\"><strong data-start=\"1641\" data-end=\"1695\">Fumot Tornado 25000 Puffs - Aspectos t\u00e9cnicos destacados:<\/strong><\/h2>\n<ul data-start=\"1697\" data-end=\"2041\">\n<li class=\"\" data-start=\"1697\" data-end=\"1717\">\n<p class=\"\" data-start=\"1699\" data-end=\"1717\">Hasta 25.000 trenes<\/p>\n<\/li>\n<li class=\"\" data-start=\"1718\" data-end=\"1749\">\n<p class=\"\" data-start=\"1720\" data-end=\"1749\">Bater\u00eda recargable de 700 mAh<\/p>\n<\/li>\n<li class=\"\" data-start=\"1750\" data-end=\"1773\">\n<p class=\"\" data-start=\"1752\" data-end=\"1773\">20 ml de e-l\u00edquido premium<\/p>\n<\/li>\n<li class=\"\" data-start=\"1774\" data-end=\"1807\">\n<p class=\"\" data-start=\"1776\" data-end=\"1807\">Opciones de nicotina: 0%, 2%, 3%, 5%<\/p>\n<\/li>\n<li class=\"\" data-start=\"1808\" data-end=\"1861\">\n<p class=\"\" data-start=\"1810\" data-end=\"1861\">Bobina de doble n\u00facleo y doble malla para un sabor intenso<\/p>\n<\/li>\n<li class=\"\" data-start=\"1862\" data-end=\"1891\">\n<p class=\"\" data-start=\"1864\" data-end=\"1891\">Puerto de carga r\u00e1pida Tipo-C<\/p>\n<\/li>\n<li class=\"\" data-start=\"1892\" data-end=\"1943\">\n<p class=\"\" data-start=\"1894\" data-end=\"1943\">Pantalla TFT HD de 1,77\u2033 para bater\u00eda y pantalla l\u00edquida<\/p>\n<\/li>\n<li class=\"\" data-start=\"1944\" data-end=\"1992\">\n<p class=\"\" data-start=\"1946\" data-end=\"1992\">Innovador interruptor t\u00e1ctil para regular el vataje<\/p>\n<\/li>\n<li class=\"\" data-start=\"1993\" data-end=\"2041\">\n<p class=\"\" data-start=\"1995\" data-end=\"2041\">24 sabores \u00fanicos disponibles<\/p>\n<\/li>\n<\/ul>\n<h2 data-start=\"2043\" data-end=\"2233\"><strong data-start=\"2043\" data-end=\"2089\">Sabores disponibles (selecci\u00f3n):<\/strong><\/h2>\n<p class=\"\" data-start=\"2043\" data-end=\"2233\">Banana Ice | Black Ice | Blueberry On Ice | Blueberry Raspberry | Cherry Bomb | Cherry Cola | Double Apple | Dr Blue | Grape Ice | Grape Lemon | Juicy Peach Ice | Kiwi Passion Fruit Guava | Lush Ice | Miami Mint | Peach Mango Watermelon | Pineapple Ice | Pink Lemonade | Strawberry Ice | Strawberry Mango | Strawberry Mint Candy | Strawberry Ice | Strawberry Mango Candy | Strawberry Mint Candy | Strawberry Mint Candy | Strawberry Mint Candy | Strawberry Mint Candy | Strawberry Mint Candy | Strawberry Mint Candy | Strawberry Mint Candy | Strawberry Mint Candy | Strawberry Mint Candy | Strawberry Mint Candy | Strawberry Mint Candy | Strawberry Mint Candy | Strawberry Mint Candy | Strawberry Mint Candy | Strawberry Mint<\/p>\n<p class=\"\" data-start=\"288\" data-end=\"573\">En <strong data-start=\"292\" data-end=\"333\">Vapeador desechable Fumot Tornado 25000 Puffs<\/strong> ha sido desarrollado especialmente para los vapeadores que buscan no s\u00f3lo resistencia, sino tambi\u00e9n la \u00faltima tecnolog\u00eda en un solo dispositivo. Con hasta <strong data-start=\"466\" data-end=\"482\">25.000 Puffs<\/strong> este modelo ofrece una experiencia de vapor que, para ser sinceros, casi nunca se acaba<\/p>\n<p class=\"\" data-start=\"1421\" data-end=\"1639\">Y luego est\u00e1 el <strong data-start=\"1446\" data-end=\"1475\">Innovador interruptor t\u00e1ctil<\/strong>Con un triple grifo, puede cambiar f\u00e1cilmente entre diferentes niveles de potencia, personalizables individualmente, seg\u00fan prefiera un vapor suave o potente.<\/p>","protected":false},"excerpt":{"rendered":"<p>Fumot Tornado 25000 Puffs: Bater\u00eda de 700mAh, doble bobina de malla, 20ml de l\u00edquido, pantalla HD de 1,77\u2033, interruptor t\u00e1ctil, hasta 25000 puffs para una experiencia vaping intensa.<\/p>","protected":false},"featured_media":10950,"comment_status":"open","ping_status":"closed","template":"","meta":[],"product_brand":[],"product_cat":[18],"product_tag":[],"class_list":{"0":"post-10844","1":"product","2":"type-product","3":"status-publish","4":"has-post-thumbnail","6":"product_cat-randm-fumot-einweg-vape","8":"first","9":"outofstock","10":"shipping-taxable","11":"purchasable","12":"product-type-variable"},"_links":{"self":[{"href":"https:\/\/fumot-vaping.de\/es\/wp-json\/wp\/v2\/product\/10844","targetHints":{"allow":["GET"]}}],"collection":[{"href":"https:\/\/fumot-vaping.de\/es\/wp-json\/wp\/v2\/product"}],"about":[{"href":"https:\/\/fumot-vaping.de\/es\/wp-json\/wp\/v2\/types\/product"}],"replies":[{"embeddable":true,"href":"https:\/\/fumot-vaping.de\/es\/wp-json\/wp\/v2\/comments?post=10844"}],"version-history":[{"count":3,"href":"https:\/\/fumot-vaping.de\/es\/wp-json\/wp\/v2\/product\/10844\/revisions"}],"predecessor-version":[{"id":15194,"href":"https:\/\/fumot-vaping.de\/es\/wp-json\/wp\/v2\/product\/10844\/revisions\/15194"}],"wp:featuredmedia":[{"embeddable":true,"href":"https:\/\/fumot-vaping.de\/es\/wp-json\/wp\/v2\/media\/10950"}],"wp:attachment":[{"href":"https:\/\/fumot-vaping.de\/es\/wp-json\/wp\/v2\/media?parent=10844"}],"wp:term":[{"taxonomy":"product_brand","embeddable":true,"href":"https:\/\/fumot-vaping.de\/es\/wp-json\/wp\/v2\/product_brand?post=10844"},{"taxonomy":"product_cat","embeddable":true,"href":"https:\/\/fumot-vaping.de\/es\/wp-json\/wp\/v2\/product_cat?post=10844"},{"taxonomy":"product_tag","embeddable":true,"href":"https:\/\/fumot-vaping.de\/es\/wp-json\/wp\/v2\/product_tag?post=10844"}],"curies":[{"name":"wp","href":"https:\/\/api.w.org\/{rel}","templated":true}]}}