{"id":10045,"date":"2025-05-23T09:23:44","date_gmt":"2025-05-23T09:23:44","guid":{"rendered":"https:\/\/fumot-vaping.de\/?post_type=product&#038;p=10045"},"modified":"2025-10-11T07:56:59","modified_gmt":"2025-10-11T07:56:59","slug":"fumot-tornado-20000-bocanadas","status":"publish","type":"product","link":"https:\/\/fumot-vaping.de\/es\/product\/fumot-tornado-20000-bocanadas\/","title":{"rendered":"Fumot Tornado 20000 Puffs M\u00e1ximo placer del vapor en una nueva dimensi\u00f3n"},"content":{"rendered":"<h2 data-start=\"161\" data-end=\"245\"><strong>Fumot Tornado 20000 Puffs, Fumot Tornado vape desechable, 20000 Puffs Vape<\/strong><\/h2>\n<p class=\"\" data-start=\"258\" data-end=\"601\">En <strong data-start=\"262\" data-end=\"307\">Fumot Tornado 20000 Puffs Vape Desechable<\/strong> ha sido especialmente dise\u00f1ado para los vapeadores que buscan una combinaci\u00f3n excepcional de rendimiento y resistencia. Con hasta <strong data-start=\"436\" data-end=\"452\">20.000 trenes<\/strong> este modelo ofrece una experiencia de vapeo casi interminable o, para ser m\u00e1s exactos, una aventura que le acompa\u00f1ar\u00e1 durante mucho m\u00e1s tiempo que los vapeadores convencionales.<\/p>\n<p class=\"\" data-start=\"603\" data-end=\"863\">Impulsado por un <strong data-start=\"625\" data-end=\"640\">Bater\u00eda de 850 mAh<\/strong>la Tornado 20000 ofrece un rendimiento constante y potente. Gracias a <strong data-start=\"713\" data-end=\"743\">Funci\u00f3n de carga r\u00e1pida Tipo-C<\/strong> Los largos tiempos de recarga por fin son cosa del pasado: me acordaba de lo a menudo que ten\u00eda que esperar impacientemente para recargar.<\/p>\n<p class=\"\" data-start=\"865\" data-end=\"1116\">Especialmente impresionante es el <strong data-start=\"897\" data-end=\"922\">Tecnolog\u00eda de bobina de malla<\/strong> (1,0\u03a9), que proporciona un sabor intenso y un vapor suave. En combinaci\u00f3n con <strong data-start=\"1004\" data-end=\"1029\">30 ml de e-l\u00edquido premium<\/strong> disfrutar\u00e1 de cada inhalaci\u00f3n, independientemente de si prefiere un flujo de aire estrecho o abierto.<\/p>\n<p class=\"\" data-start=\"1118\" data-end=\"1326\">Y de repente te das cuenta: no se trata s\u00f3lo de vapear, se trata de una experiencia real. El dise\u00f1o moderno y elegante redondea el Fumot Tornado a la perfecci\u00f3n: una atracci\u00f3n que cumple lo que promete.<\/p>\n<h2 data-start=\"1328\" data-end=\"1371\"><strong data-start=\"1328\" data-end=\"1371\">Fumot Tornado 20000 Puffs - Destacados:<\/strong><\/h2>\n<ul data-start=\"1373\" data-end=\"1729\">\n<li class=\"\" data-start=\"1373\" data-end=\"1396\">\n<p class=\"\" data-start=\"1375\" data-end=\"1396\">Hasta 20.000 caladas<\/p>\n<\/li>\n<li class=\"\" data-start=\"1397\" data-end=\"1430\">\n<p class=\"\" data-start=\"1399\" data-end=\"1430\">Bater\u00eda recargable de 850 mAh<\/p>\n<\/li>\n<li class=\"\" data-start=\"1431\" data-end=\"1457\">\n<p class=\"\" data-start=\"1433\" data-end=\"1457\">Carga r\u00e1pida Type-C<\/p>\n<\/li>\n<li class=\"\" data-start=\"1458\" data-end=\"1502\">\n<p class=\"\" data-start=\"1460\" data-end=\"1502\">30 ml de e-l\u00edquido precargado de alta calidad<\/p>\n<\/li>\n<li class=\"\" data-start=\"1503\" data-end=\"1548\">\n<p class=\"\" data-start=\"1505\" data-end=\"1548\">Bobina de malla de 1.0\u03a9 para un sabor m\u00e1s intenso<\/p>\n<\/li>\n<li class=\"\" data-start=\"1549\" data-end=\"1594\">\n<p class=\"\" data-start=\"1551\" data-end=\"1594\">Intensidades de nicotina disponibles: 0%, 2%, 3%, 5%<\/p>\n<\/li>\n<li class=\"\" data-start=\"1595\" data-end=\"1635\">\n<p class=\"\" data-start=\"1597\" data-end=\"1635\">30 sabores diferentes<\/p>\n<\/li>\n<li class=\"\" data-start=\"1636\" data-end=\"1692\">\n<p class=\"\" data-start=\"1638\" data-end=\"1692\">Embalaje: 160 piezas por caja, peso total 21 kg<\/p>\n<\/li>\n<li class=\"\" data-start=\"1693\" data-end=\"1729\">\n<p class=\"\" data-start=\"1695\" data-end=\"1729\">Tama\u00f1o del cart\u00f3n: 47,1 \u00d7 30,7 \u00d7 28,5 cm<\/p>\n<\/li>\n<\/ul>\n<h2 data-start=\"1731\" data-end=\"1766\"><strong data-start=\"1731\" data-end=\"1766\">Sabores (selecci\u00f3n):<\/strong><\/h2>\n<p class=\"\" data-start=\"1768\" data-end=\"2216\">Fresa Sand\u00eda | Ar\u00e1ndano Frambuesa | Mango Hielo | Kiwi Maracuy\u00e1 Guayaba | Uva Hielo | Pl\u00e1tano Hielo | Cola Hielo | Melocot\u00f3n Hielo | Pi\u00f1a Hielo | Bebida Energ\u00e9tica | Ar\u00e1ndano Hielo | Sand\u00eda Hielo | Fresa Pl\u00e1tano | Cereza Hielo de manzana y melocot\u00f3n | Mezcla de frutas del bosque | Hielo de lichi | Hielo de lim\u00f3n y menta | Doble manzana | Algod\u00f3n de az\u00facar | Menta fresca | Lush Ice | Grosella negra | Naranja y mango | Skittles | Manzana \u00e1cida | Red Bull Ice | Mezcla de frutas del bosque | Hielo de mel\u00f3n | Mango y fresa<\/p>\n<p class=\"\" data-start=\"2218\" data-end=\"2421\">Con el <strong data-start=\"2239\" data-end=\"2280\">Vapeador desechable Fumot Tornado 20000 Puffs<\/strong> experimentar\u00e1 el placer del vapor al m\u00e1s alto nivel: desde matices \u00e1cido-afrutados a cremosos-dulces, la elecci\u00f3n perfecta para todos los gustos.<\/p>","protected":false},"excerpt":{"rendered":"<p class=\"\" data-start=\"110\" data-end=\"258\">Vapeador desechable Fumot Tornado 20000 Puffs con bater\u00eda de 850mAh, carga Type-C, bobina de malla y 30 deliciosos sabores.<\/p>","protected":false},"featured_media":10173,"comment_status":"open","ping_status":"closed","template":"","meta":[],"product_brand":[],"product_cat":[18],"product_tag":[94,96,97],"class_list":{"0":"post-10045","1":"product","2":"type-product","3":"status-publish","4":"has-post-thumbnail","6":"product_cat-randm-fumot-einweg-vape","7":"product_tag-big-puffs-vape","8":"product_tag-nicotine-free-vape","9":"product_tag-rechargeable-vape","11":"first","12":"outofstock","13":"shipping-taxable","14":"purchasable","15":"product-type-variable"},"_links":{"self":[{"href":"https:\/\/fumot-vaping.de\/es\/wp-json\/wp\/v2\/product\/10045","targetHints":{"allow":["GET"]}}],"collection":[{"href":"https:\/\/fumot-vaping.de\/es\/wp-json\/wp\/v2\/product"}],"about":[{"href":"https:\/\/fumot-vaping.de\/es\/wp-json\/wp\/v2\/types\/product"}],"replies":[{"embeddable":true,"href":"https:\/\/fumot-vaping.de\/es\/wp-json\/wp\/v2\/comments?post=10045"}],"version-history":[{"count":1,"href":"https:\/\/fumot-vaping.de\/es\/wp-json\/wp\/v2\/product\/10045\/revisions"}],"predecessor-version":[{"id":10180,"href":"https:\/\/fumot-vaping.de\/es\/wp-json\/wp\/v2\/product\/10045\/revisions\/10180"}],"wp:featuredmedia":[{"embeddable":true,"href":"https:\/\/fumot-vaping.de\/es\/wp-json\/wp\/v2\/media\/10173"}],"wp:attachment":[{"href":"https:\/\/fumot-vaping.de\/es\/wp-json\/wp\/v2\/media?parent=10045"}],"wp:term":[{"taxonomy":"product_brand","embeddable":true,"href":"https:\/\/fumot-vaping.de\/es\/wp-json\/wp\/v2\/product_brand?post=10045"},{"taxonomy":"product_cat","embeddable":true,"href":"https:\/\/fumot-vaping.de\/es\/wp-json\/wp\/v2\/product_cat?post=10045"},{"taxonomy":"product_tag","embeddable":true,"href":"https:\/\/fumot-vaping.de\/es\/wp-json\/wp\/v2\/product_tag?post=10045"}],"curies":[{"name":"wp","href":"https:\/\/api.w.org\/{rel}","templated":true}]}}