{"id":9880,"date":"2025-04-28T10:00:05","date_gmt":"2025-04-28T10:00:05","guid":{"rendered":"https:\/\/fumot-vaping.de\/?page_id=9880"},"modified":"2025-04-30T11:43:18","modified_gmt":"2025-04-30T11:43:18","slug":"verificacion-de-la-edad-proteccion-de-la-juventud","status":"publish","type":"page","link":"https:\/\/fumot-vaping.de\/es\/verificacion-de-la-edad-proteccion-de-la-juventud\/","title":{"rendered":"Verificaci\u00f3n de la edad | Protecci\u00f3n de la juventud | FUMOT Vaping"},"content":{"rendered":"<h2 class=\"\" data-start=\"234\" data-end=\"279\">Protecci\u00f3n de los j\u00f3venes - Nuestro compromiso<\/h2>\n<p class=\"\" data-start=\"281\" data-end=\"503\">La protecci\u00f3n de los menores es importante para nosotros <strong data-start=\"325\" data-end=\"341\">FUMOT Vaping<\/strong> especialmente cercanas a nuestros corazones.<br data-start=\"362\" data-end=\"365\" \/>Por este motivo, s\u00f3lo vendemos nuestros productos a personas que hayan alcanzado la edad m\u00ednima legalmente requerida.<\/p>\n<p class=\"\" data-start=\"505\" data-end=\"679\">Seg\u00fan el Gobierno alem\u00e1n <strong data-start=\"525\" data-end=\"556\">Ley de Protecci\u00f3n de la Juventud (JuSchG)<\/strong> Los productos que contienen nicotina, as\u00ed como los cigarrillos electr\u00f3nicos y sus accesorios, s\u00f3lo pueden venderse a mayores de 18 a\u00f1os.<\/p>\n<h2 class=\"\" data-start=\"681\" data-end=\"703\">Verificaci\u00f3n de la edad<\/h2>\n<p class=\"\" data-start=\"705\" data-end=\"842\">Para garantizar que nuestros productos s\u00f3lo se suministran a clientes mayores de edad, llevamos a cabo una verificaci\u00f3n de la edad:<\/p>\n<ul data-start=\"844\" data-end=\"1022\">\n<li class=\"\" data-start=\"844\" data-end=\"910\">\n<p class=\"\" data-start=\"846\" data-end=\"910\">Su edad se comprobar\u00e1 durante el proceso de pedido.<\/p>\n<\/li>\n<li class=\"\" data-start=\"911\" data-end=\"1022\">\n<p class=\"\" data-start=\"913\" data-end=\"1022\">En el momento de la entrega, el transportista realiza una comprobaci\u00f3n adicional de la edad (por ejemplo, DHL).<\/p>\n<\/li>\n<\/ul>\n<p class=\"\" data-start=\"1024\" data-end=\"1094\">La mercanc\u00eda no puede entregarse a menores de 18 a\u00f1os.<\/p>\n<h2 class=\"\" data-start=\"1096\" data-end=\"1128\">Prohibida la venta a menores<\/h2>\n<p class=\"\" data-start=\"1130\" data-end=\"1144\"><strong data-start=\"1130\" data-end=\"1142\">Importante:<\/strong><\/p>\n<ul data-start=\"1145\" data-end=\"1455\">\n<li class=\"\" data-start=\"1145\" data-end=\"1237\">\n<p class=\"\" data-start=\"1147\" data-end=\"1237\">La compra y consumo de nuestros productos no est\u00e1 permitida a menores de 18 a\u00f1os.<\/p>\n<\/li>\n<li class=\"\" data-start=\"1238\" data-end=\"1328\">\n<p class=\"\" data-start=\"1240\" data-end=\"1328\">No se admiten pedidos en nombre o por cuenta de menores.<\/p>\n<\/li>\n<li class=\"\" data-start=\"1329\" data-end=\"1455\">\n<p class=\"\" data-start=\"1331\" data-end=\"1455\">En caso de infracci\u00f3n, nos reservamos el derecho de anular los pedidos y emprender acciones legales si fuera necesario.<\/p>\n<\/li>\n<\/ul>\n<h2 class=\"\" data-start=\"1457\" data-end=\"1488\">Responsabilidad y educaci\u00f3n<\/h2>\n<p class=\"\" data-start=\"1490\" data-end=\"1783\">Como proveedor responsable, estamos comprometidos con el uso seguro y conforme a la ley de los cigarrillos electr\u00f3nicos.<br data-start=\"1620\" data-end=\"1623\" \/>Apoyamos activamente la protecci\u00f3n de menores y tambi\u00e9n pedimos a nuestros clientes que manejen nuestros productos de forma consciente y eviten el acceso de menores.<\/p>\n<hr class=\"\" data-start=\"1785\" data-end=\"1788\" \/>\n<p class=\"\" data-start=\"1790\" data-end=\"1848\"><strong data-start=\"1790\" data-end=\"1848\">FUMOT Vaping - Responsabilidad para un futuro seguro.<\/strong><\/p>\n<p><script src=\"chrome-extension:\/\/fpelahbljekknahkcaegamhcndkfpfnc\/iFrame.js\" type=\"text\/javascript\"><\/script><\/p>\n<p><script src=\"chrome-extension:\/\/fpelahbljekknahkcaegamhcndkfpfnc\/iFrame.js\" type=\"text\/javascript\"><\/script><\/p>\n<p><script src=\"chrome-extension:\/\/fpelahbljekknahkcaegamhcndkfpfnc\/iFrame.js\" type=\"text\/javascript\"><\/script><\/p>","protected":false},"excerpt":{"rendered":"<p>Schutz von Jugendlichen \u2013 Unser Engagement Der Schutz von Minderj\u00e4hrigen liegt uns bei FUMOT Vaping besonders am Herzen.Aus diesem Grund verkaufen wir unsere Produkte ausschlie\u00dflich an Personen, die das gesetzlich vorgeschriebene Mindestalter erreicht haben. Gem\u00e4\u00df dem deutschen Jugendschutzgesetz (JuSchG) d\u00fcrfen nikotinhaltige Produkte sowie elektronische Zigaretten und Zubeh\u00f6r nur an Erwachsene ab 18 Jahren abgegeben werden. Altersverifizierung Um sicherzustellen, dass unsere&hellip;<\/p>","protected":false},"author":1,"featured_media":0,"parent":0,"menu_order":0,"comment_status":"closed","ping_status":"closed","template":"","meta":{"footnotes":""},"class_list":["post-9880","page","type-page","status-publish","hentry"],"_links":{"self":[{"href":"https:\/\/fumot-vaping.de\/es\/wp-json\/wp\/v2\/pages\/9880","targetHints":{"allow":["GET"]}}],"collection":[{"href":"https:\/\/fumot-vaping.de\/es\/wp-json\/wp\/v2\/pages"}],"about":[{"href":"https:\/\/fumot-vaping.de\/es\/wp-json\/wp\/v2\/types\/page"}],"author":[{"embeddable":true,"href":"https:\/\/fumot-vaping.de\/es\/wp-json\/wp\/v2\/users\/1"}],"replies":[{"embeddable":true,"href":"https:\/\/fumot-vaping.de\/es\/wp-json\/wp\/v2\/comments?post=9880"}],"version-history":[{"count":4,"href":"https:\/\/fumot-vaping.de\/es\/wp-json\/wp\/v2\/pages\/9880\/revisions"}],"predecessor-version":[{"id":9890,"href":"https:\/\/fumot-vaping.de\/es\/wp-json\/wp\/v2\/pages\/9880\/revisions\/9890"}],"wp:attachment":[{"href":"https:\/\/fumot-vaping.de\/es\/wp-json\/wp\/v2\/media?parent=9880"}],"curies":[{"name":"wp","href":"https:\/\/api.w.org\/{rel}","templated":true}]}}