{"id":78,"date":"2018-07-23T13:00:15","date_gmt":"2018-07-23T13:00:15","guid":{"rendered":"https:\/\/fumot-vaping.de\/?page_id=78"},"modified":"2025-04-30T11:40:32","modified_gmt":"2025-04-30T11:40:32","slug":"acerca-de-nosotros","status":"publish","type":"page","link":"https:\/\/fumot-vaping.de\/es\/acerca-de-nosotros\/","title":{"rendered":"Qui\u00e9nes somos"},"content":{"rendered":"<div data-elementor-type=\"wp-post\" data-elementor-id=\"78\" class=\"elementor elementor-78\" data-elementor-post-type=\"page\">\n\t\t\t\t\t\t<section class=\"elementor-section elementor-top-section elementor-element elementor-element-d190058 elementor-section-boxed elementor-section-height-default elementor-section-height-default\" data-id=\"d190058\" data-element_type=\"section\">\n\t\t\t\t\t\t<div class=\"elementor-container elementor-column-gap-extended\">\n\t\t\t\t\t<div class=\"elementor-column elementor-col-100 elementor-top-column elementor-element elementor-element-405c412 sc_layouts_column_icons_position_left\" data-id=\"405c412\" data-element_type=\"column\">\n\t\t\t<div class=\"elementor-widget-wrap elementor-element-populated\">\n\t\t\t\t\t\t<div class=\"elementor-element elementor-element-5094157 elementor-widget elementor-widget-wp-widget-text\" data-id=\"5094157\" data-element_type=\"widget\" data-widget_type=\"wp-widget-text.default\">\n\t\t\t\t<div class=\"elementor-widget-container\">\n\t\t\t\t\t<aside id=\"wp-widget-text\" class=\"widget wp-widget-text\">\t\t\t<div class=\"textwidget\"><section id=\"about-us\" style=\"padding: 40px\">\n<div class=\"container\">\n<h1>Qui\u00e9nes somos<\/h1>\n<p>Bienvenido a <strong>FUMOT Vaping<\/strong> - Su primera direcci\u00f3n para cigarrillos electr\u00f3nicos de alta calidad en Alemania.<\/p>\n<p>Desde nuestra fundaci\u00f3n hace seis a\u00f1os, nos hemos dedicado con pasi\u00f3n al desarrollo y la distribuci\u00f3n de productos de cigarrillos electr\u00f3nicos innovadores, seguros y de alta calidad. Nuestra atenci\u00f3n se centra claramente en el mercado alem\u00e1n y europeo, donde nos hemos hecho un nombre gracias a la calidad, la fiabilidad y la innovaci\u00f3n constante.<\/p>\n<h2>Nuestras marcas<\/h2>\n<ul>\n<li><strong>Bang Vapes<\/strong><\/li>\n<li><strong>Bang Box Vapes<\/strong><\/li>\n<li><strong>ATVS Vapes<\/strong><\/li>\n<li><strong>JNR Vapes<\/strong><\/li>\n<li><strong>Fumot Vapes<\/strong><\/li>\n<\/ul>\n<p>Cada marca es sin\u00f3nimo de calidad excepcional, sabor inconfundible y tecnolog\u00eda punta. Tanto si es un principiante como un vapeador experimentado, en FUMOT encontrar\u00e1 el producto perfecto para su experiencia de vapeo individual.<\/p>\n<h2>\u00bfPor qu\u00e9 FUMOT?<\/h2>\n<ul>\n<li>\u2714\ufe0f M\u00e1s de 6 a\u00f1os de experiencia en el sector<\/li>\n<li>\u2714\ufe0f Calidad y seguridad probadas<\/li>\n<li>\u2714\ufe0f Diversa cartera de marcas<\/li>\n<li>\u2714\ufe0f Investigaci\u00f3n e innovaci\u00f3n permanentes<\/li>\n<li>\u2714\ufe0f Servicio local y asistencia r\u00e1pida en Alemania<\/li>\n<\/ul>\n<h2>Nuestra misi\u00f3n<\/h2>\n<p>Como empresa local con aspiraciones internacionales, estamos haciendo todo lo posible para contribuir a configurar el mercado de los cigarrillos electr\u00f3nicos en Alemania y Europa de forma sostenible, responsable e innovadora.<\/p>\n<p><strong>Gracias por elegir FUMOT Vaping.<\/strong> Juntos estamos dando forma al futuro del vapeo: innovador, seguro y emocionante.<\/p>\n<p><em>FUMOT Vaping - Cada calada abre nuevas posibilidades.<\/em><\/p>\n<\/p><\/div>\n<\/section>\n<\/div>\n\t\t<\/aside>\t\t\t\t<\/div>\n\t\t\t\t<\/div>\n\t\t\t\t<div class=\"elementor-element elementor-element-ff46d62 elementor-widget elementor-widget-trx_sc_socials\" data-id=\"ff46d62\" data-element_type=\"widget\" data-widget_type=\"trx_sc_socials.default\">\n\t\t\t\t<div class=\"elementor-widget-container\">\n\t\t\t\t\t<div  id=\"trx_sc_socials_1706274280\" \n\t\tclass=\"sc_socials sc_socials_default sc_align_center\"><div class=\"socials_wrap\"><a target=\"_blank\" href=\"https:\/\/api.whatsapp.com\/send?phone=85259346722&#038;text=Sales%20Specialist\" class=\"social_item social_item_style_icons sc_icon_type_icons social_item_type_icons\" rel=\"noopener\"><span class=\"social_icon social_icon_phone\"><span class=\"icon-phone\"><\/span><\/span><\/a><a target=\"_blank\" href=\"mailto:info@fumot-vaping.de\" class=\"social_item social_item_style_icons sc_icon_type_icons social_item_type_icons\"><span class=\"social_icon social_icon_mail\"><span class=\"icon-mail\"><\/span><\/span><\/a><\/div><!-- \/.socials_wrap --><\/div><!-- \/.sc_socials -->\t\t\t\t<\/div>\n\t\t\t\t<\/div>\n\t\t\t\t<div class=\"elementor-element elementor-element-227764d elementor-widget elementor-widget-spacer\" data-id=\"227764d\" data-element_type=\"widget\" data-widget_type=\"spacer.default\">\n\t\t\t\t<div class=\"elementor-widget-container\">\n\t\t\t\t\t\t\t<div class=\"elementor-spacer\">\n\t\t\t<div class=\"elementor-spacer-inner\"><\/div>\n\t\t<\/div>\n\t\t\t\t\t\t<\/div>\n\t\t\t\t<\/div>\n\t\t\t\t\t<\/div>\n\t\t<\/div>\n\t\t\t\t\t<\/div>\n\t\t<\/section>\n\t\t\t\t<section class=\"elementor-section elementor-top-section elementor-element elementor-element-22a3bb5 elementor-section-boxed elementor-section-height-default elementor-section-height-default\" data-id=\"22a3bb5\" data-element_type=\"section\">\n\t\t\t\t\t\t<div class=\"elementor-container elementor-column-gap-extended\">\n\t\t\t\t\t<div class=\"elementor-column elementor-col-33 elementor-top-column elementor-element elementor-element-e8ef249 sc_layouts_column_icons_position_left\" data-id=\"e8ef249\" data-element_type=\"column\">\n\t\t\t<div class=\"elementor-widget-wrap elementor-element-populated\">\n\t\t\t\t\t\t<section class=\"elementor-section elementor-inner-section elementor-element elementor-element-05919d6 elementor-section-boxed elementor-section-height-default elementor-section-height-default\" data-id=\"05919d6\" data-element_type=\"section\">\n\t\t\t\t\t\t<div class=\"elementor-container elementor-column-gap-extended\">\n\t\t\t\t\t<div class=\"elementor-column elementor-col-100 elementor-inner-column elementor-element elementor-element-16d5589 sc_layouts_column_icons_position_left\" data-id=\"16d5589\" data-element_type=\"column\" data-settings=\"{&quot;background_background&quot;:&quot;classic&quot;}\">\n\t\t\t<div class=\"elementor-widget-wrap elementor-element-populated\">\n\t\t\t\t\t\t<div class=\"elementor-element elementor-element-90a6fb0 elementor-widget elementor-widget-spacer\" data-id=\"90a6fb0\" data-element_type=\"widget\" data-widget_type=\"spacer.default\">\n\t\t\t\t<div class=\"elementor-widget-container\">\n\t\t\t\t\t\t\t<div class=\"elementor-spacer\">\n\t\t\t<div class=\"elementor-spacer-inner\"><\/div>\n\t\t<\/div>\n\t\t\t\t\t\t<\/div>\n\t\t\t\t<\/div>\n\t\t\t\t<div class=\"elementor-element elementor-element-5eb95db elementor-widget elementor-widget-trx_sc_title\" data-id=\"5eb95db\" data-element_type=\"widget\" data-widget_type=\"trx_sc_title.default\">\n\t\t\t\t<div class=\"elementor-widget-container\">\n\t\t\t\t\t<div id=\"trx_sc_title_445453326\"\n\t\tclass=\"sc_title sc_title_accent\"><h4 class=\"sc_item_title sc_title_title sc_align_none sc_item_title_style_accent sc_item_title_tag trx_addons_inline_1064726184\">calidad\t\t<span class=\"mask\" style=\"background-color: #FF0000\"><\/span>\n\t\t<\/h4><\/div><!-- \/.sc_title -->\t\t\t\t<\/div>\n\t\t\t\t<\/div>\n\t\t\t\t<div class=\"elementor-element elementor-element-31eccbf elementor-widget elementor-widget-spacer\" data-id=\"31eccbf\" data-element_type=\"widget\" data-widget_type=\"spacer.default\">\n\t\t\t\t<div class=\"elementor-widget-container\">\n\t\t\t\t\t\t\t<div class=\"elementor-spacer\">\n\t\t\t<div class=\"elementor-spacer-inner\"><\/div>\n\t\t<\/div>\n\t\t\t\t\t\t<\/div>\n\t\t\t\t<\/div>\n\t\t\t\t<div class=\"elementor-element elementor-element-d275425 scheme_dark elementor-widget elementor-widget-text-editor\" data-id=\"d275425\" data-element_type=\"widget\" data-widget_type=\"text-editor.default\">\n\t\t\t\t<div class=\"elementor-widget-container\">\n\t\t\t\t\t\t\t\t\t<p><strong>En FUMOT Vaping, s\u00f3lo ofrecemos 100 % productos aut\u00e9nticos y de alta calidad. Estamos orgullosos de estar detr\u00e1s de cada marca que llevamos - sin falsificaciones, sin compromisos. Nuestro objetivo es ofrecerle la mejor experiencia vaping a precios justos y ofrecer a nuestros clientes en Alemania y en toda Europa una experiencia de compra segura y confiable.<\/strong><\/p>\t\t\t\t\t\t\t\t<\/div>\n\t\t\t\t<\/div>\n\t\t\t\t<div class=\"elementor-element elementor-element-79e7aef elementor-widget elementor-widget-spacer\" data-id=\"79e7aef\" data-element_type=\"widget\" data-widget_type=\"spacer.default\">\n\t\t\t\t<div class=\"elementor-widget-container\">\n\t\t\t\t\t\t\t<div class=\"elementor-spacer\">\n\t\t\t<div class=\"elementor-spacer-inner\"><\/div>\n\t\t<\/div>\n\t\t\t\t\t\t<\/div>\n\t\t\t\t<\/div>\n\t\t\t\t\t<\/div>\n\t\t<\/div>\n\t\t\t\t\t<\/div>\n\t\t<\/section>\n\t\t\t\t\t<\/div>\n\t\t<\/div>\n\t\t\t\t<div class=\"elementor-column elementor-col-33 elementor-top-column elementor-element elementor-element-5428053 sc_layouts_column_icons_position_left\" data-id=\"5428053\" data-element_type=\"column\">\n\t\t\t<div class=\"elementor-widget-wrap elementor-element-populated\">\n\t\t\t\t\t\t<section class=\"elementor-section elementor-inner-section elementor-element elementor-element-b6ae573 elementor-section-boxed elementor-section-height-default elementor-section-height-default\" data-id=\"b6ae573\" data-element_type=\"section\">\n\t\t\t\t\t\t<div class=\"elementor-container elementor-column-gap-extended\">\n\t\t\t\t\t<div class=\"elementor-column elementor-col-100 elementor-inner-column elementor-element elementor-element-4ed2130 sc_layouts_column_icons_position_left\" data-id=\"4ed2130\" data-element_type=\"column\" data-settings=\"{&quot;background_background&quot;:&quot;classic&quot;}\">\n\t\t\t<div class=\"elementor-widget-wrap elementor-element-populated\">\n\t\t\t\t\t\t<div class=\"elementor-element elementor-element-69cbdb2 elementor-widget elementor-widget-spacer\" data-id=\"69cbdb2\" data-element_type=\"widget\" data-widget_type=\"spacer.default\">\n\t\t\t\t<div class=\"elementor-widget-container\">\n\t\t\t\t\t\t\t<div class=\"elementor-spacer\">\n\t\t\t<div class=\"elementor-spacer-inner\"><\/div>\n\t\t<\/div>\n\t\t\t\t\t\t<\/div>\n\t\t\t\t<\/div>\n\t\t\t\t<div class=\"elementor-element elementor-element-b732572 elementor-widget elementor-widget-trx_sc_title\" data-id=\"b732572\" data-element_type=\"widget\" data-widget_type=\"trx_sc_title.default\">\n\t\t\t\t<div class=\"elementor-widget-container\">\n\t\t\t\t\t<div id=\"trx_sc_title_1465591751\"\n\t\tclass=\"sc_title sc_title_accent\"><h4 class=\"sc_item_title sc_title_title sc_align_none sc_item_title_style_accent sc_item_title_tag trx_addons_inline_1742549689\">Precio\t\t<span class=\"mask\" style=\"background-color: #A100FF\"><\/span>\n\t\t<\/h4><\/div><!-- \/.sc_title -->\t\t\t\t<\/div>\n\t\t\t\t<\/div>\n\t\t\t\t<div class=\"elementor-element elementor-element-9351d29 elementor-widget elementor-widget-spacer\" data-id=\"9351d29\" data-element_type=\"widget\" data-widget_type=\"spacer.default\">\n\t\t\t\t<div class=\"elementor-widget-container\">\n\t\t\t\t\t\t\t<div class=\"elementor-spacer\">\n\t\t\t<div class=\"elementor-spacer-inner\"><\/div>\n\t\t<\/div>\n\t\t\t\t\t\t<\/div>\n\t\t\t\t<\/div>\n\t\t\t\t<div class=\"elementor-element elementor-element-b6e13b2 scheme_dark elementor-widget elementor-widget-text-editor\" data-id=\"b6e13b2\" data-element_type=\"widget\" data-widget_type=\"text-editor.default\">\n\t\t\t\t<div class=\"elementor-widget-container\">\n\t\t\t\t\t\t\t\t\t<p class=\"\" data-start=\"945\" data-end=\"1280\"><strong>En FUMOT Vaping, nos enorgullecemos de ofrecer la mejor calidad a precios competitivos. Su satisfacci\u00f3n es nuestra m\u00e1xima prioridad - si por alguna raz\u00f3n usted no est\u00e1 completamente satisfecho con su compra, usted puede f\u00e1cilmente devolver el producto a nosotros para un reembolso completo.<\/strong><\/p><p class=\"\" data-start=\"1287\" data-end=\"1522\"><strong>Garantizamos la calidad y autenticidad de todos y cada uno de los productos que ofrecemos. Por eso ofrecemos a nuestros clientes en Alemania y en toda Europa una garant\u00eda de devoluci\u00f3n del dinero sin riesgos, para que pueda comprar sin preocupaciones.<\/strong><\/p>\t\t\t\t\t\t\t\t<\/div>\n\t\t\t\t<\/div>\n\t\t\t\t<div class=\"elementor-element elementor-element-01d446a elementor-widget elementor-widget-spacer\" data-id=\"01d446a\" data-element_type=\"widget\" data-widget_type=\"spacer.default\">\n\t\t\t\t<div class=\"elementor-widget-container\">\n\t\t\t\t\t\t\t<div class=\"elementor-spacer\">\n\t\t\t<div class=\"elementor-spacer-inner\"><\/div>\n\t\t<\/div>\n\t\t\t\t\t\t<\/div>\n\t\t\t\t<\/div>\n\t\t\t\t\t<\/div>\n\t\t<\/div>\n\t\t\t\t\t<\/div>\n\t\t<\/section>\n\t\t\t\t\t<\/div>\n\t\t<\/div>\n\t\t\t\t<div class=\"elementor-column elementor-col-33 elementor-top-column elementor-element elementor-element-13074bc sc_layouts_column_icons_position_left\" data-id=\"13074bc\" data-element_type=\"column\" data-settings=\"{&quot;background_background&quot;:&quot;classic&quot;}\">\n\t\t\t<div class=\"elementor-widget-wrap elementor-element-populated\">\n\t\t\t\t\t\t<section class=\"elementor-section elementor-inner-section elementor-element elementor-element-b0ca2b1 elementor-section-boxed elementor-section-height-default elementor-section-height-default\" data-id=\"b0ca2b1\" data-element_type=\"section\">\n\t\t\t\t\t\t<div class=\"elementor-container elementor-column-gap-extended\">\n\t\t\t\t\t<div class=\"elementor-column elementor-col-100 elementor-inner-column elementor-element elementor-element-d2efc8e sc_layouts_column_icons_position_left\" data-id=\"d2efc8e\" data-element_type=\"column\" data-settings=\"{&quot;background_background&quot;:&quot;classic&quot;}\">\n\t\t\t<div class=\"elementor-widget-wrap elementor-element-populated\">\n\t\t\t\t\t\t<div class=\"elementor-element elementor-element-f44430e elementor-widget elementor-widget-spacer\" data-id=\"f44430e\" data-element_type=\"widget\" data-widget_type=\"spacer.default\">\n\t\t\t\t<div class=\"elementor-widget-container\">\n\t\t\t\t\t\t\t<div class=\"elementor-spacer\">\n\t\t\t<div class=\"elementor-spacer-inner\"><\/div>\n\t\t<\/div>\n\t\t\t\t\t\t<\/div>\n\t\t\t\t<\/div>\n\t\t\t\t<div class=\"elementor-element elementor-element-42d196a elementor-widget elementor-widget-trx_sc_title\" data-id=\"42d196a\" data-element_type=\"widget\" data-widget_type=\"trx_sc_title.default\">\n\t\t\t\t<div class=\"elementor-widget-container\">\n\t\t\t\t\t<div id=\"trx_sc_title_901066082\"\n\t\tclass=\"sc_title sc_title_accent\"><h4 class=\"sc_item_title sc_title_title sc_align_none sc_item_title_style_accent sc_item_title_tag trx_addons_inline_522110451\">Entregar\t\t<span class=\"mask\" style=\"background-color: #00A5FF\"><\/span>\n\t\t<\/h4><\/div><!-- \/.sc_title -->\t\t\t\t<\/div>\n\t\t\t\t<\/div>\n\t\t\t\t<div class=\"elementor-element elementor-element-c133114 elementor-widget elementor-widget-spacer\" data-id=\"c133114\" data-element_type=\"widget\" data-widget_type=\"spacer.default\">\n\t\t\t\t<div class=\"elementor-widget-container\">\n\t\t\t\t\t\t\t<div class=\"elementor-spacer\">\n\t\t\t<div class=\"elementor-spacer-inner\"><\/div>\n\t\t<\/div>\n\t\t\t\t\t\t<\/div>\n\t\t\t\t<\/div>\n\t\t\t\t<div class=\"elementor-element elementor-element-6b5e85b scheme_dark elementor-widget elementor-widget-text-editor\" data-id=\"6b5e85b\" data-element_type=\"widget\" data-widget_type=\"text-editor.default\">\n\t\t\t\t<div class=\"elementor-widget-container\">\n\t\t\t\t\t\t\t\t\t<p class=\"\" data-start=\"862\" data-end=\"1003\"><strong>En FUMOT Vaping, hacemos que el env\u00edo sea f\u00e1cil y asequible. \u00a1Ahorra 5 % en gastos de env\u00edo internacional en cada pedido!<\/strong><\/p><p class=\"\" data-start=\"1010\" data-end=\"1146\"><strong>Elija entre proveedores de servicios de env\u00edo fiables y benef\u00edciese del env\u00edo est\u00e1ndar gratuito, sin valor m\u00ednimo de pedido.<\/strong><\/p><p class=\"\" data-start=\"1153\" data-end=\"1332\"><strong>Estamos orgullosos de realizar env\u00edos internacionales a numerosos pa\u00edses de Europa y de todo el mundo para que los clientes de todo el mundo puedan disfrutar de los aut\u00e9nticos productos de vapeo de alta calidad de FUMOT.<\/strong><\/p>\t\t\t\t\t\t\t\t<\/div>\n\t\t\t\t<\/div>\n\t\t\t\t<div class=\"elementor-element elementor-element-53da498 elementor-widget elementor-widget-spacer\" data-id=\"53da498\" data-element_type=\"widget\" data-widget_type=\"spacer.default\">\n\t\t\t\t<div class=\"elementor-widget-container\">\n\t\t\t\t\t\t\t<div class=\"elementor-spacer\">\n\t\t\t<div class=\"elementor-spacer-inner\"><\/div>\n\t\t<\/div>\n\t\t\t\t\t\t<\/div>\n\t\t\t\t<\/div>\n\t\t\t\t\t<\/div>\n\t\t<\/div>\n\t\t\t\t\t<\/div>\n\t\t<\/section>\n\t\t\t\t\t<\/div>\n\t\t<\/div>\n\t\t\t\t\t<\/div>\n\t\t<\/section>\n\t\t\t\t<\/div>","protected":false},"excerpt":{"rendered":"<p>Qualit\u00e4t Bei FUMOT Vaping bieten wir ausschlie\u00dflich 100 % authentische und hochwertige Produkte an. Wir stehen stolz hinter jeder Marke, die wir f\u00fchren \u2013 keine F\u00e4lschungen, keine Kompromisse. Unser Ziel ist es, Ihnen das beste Dampferlebnis zu fairen Preisen zu erm\u00f6glichen und unseren Kunden in Deutschland und ganz Europa ein sicheres und vertrauensvolles Einkaufserlebnis zu bieten. Preis Bei FUMOT Vaping&hellip;<\/p>","protected":false},"author":1,"featured_media":0,"parent":0,"menu_order":0,"comment_status":"closed","ping_status":"closed","template":"","meta":{"footnotes":""},"class_list":["post-78","page","type-page","status-publish","hentry"],"_links":{"self":[{"href":"https:\/\/fumot-vaping.de\/es\/wp-json\/wp\/v2\/pages\/78","targetHints":{"allow":["GET"]}}],"collection":[{"href":"https:\/\/fumot-vaping.de\/es\/wp-json\/wp\/v2\/pages"}],"about":[{"href":"https:\/\/fumot-vaping.de\/es\/wp-json\/wp\/v2\/types\/page"}],"author":[{"embeddable":true,"href":"https:\/\/fumot-vaping.de\/es\/wp-json\/wp\/v2\/users\/1"}],"replies":[{"embeddable":true,"href":"https:\/\/fumot-vaping.de\/es\/wp-json\/wp\/v2\/comments?post=78"}],"version-history":[{"count":19,"href":"https:\/\/fumot-vaping.de\/es\/wp-json\/wp\/v2\/pages\/78\/revisions"}],"predecessor-version":[{"id":14848,"href":"https:\/\/fumot-vaping.de\/es\/wp-json\/wp\/v2\/pages\/78\/revisions\/14848"}],"wp:attachment":[{"href":"https:\/\/fumot-vaping.de\/es\/wp-json\/wp\/v2\/media?parent=78"}],"curies":[{"name":"wp","href":"https:\/\/api.w.org\/{rel}","templated":true}]}}