{"id":18268,"date":"2025-09-15T07:14:26","date_gmt":"2025-09-15T07:14:26","guid":{"rendered":"https:\/\/fumot-vaping.de\/?post_type=product&#038;p=18268"},"modified":"2025-09-15T07:14:26","modified_gmt":"2025-09-15T07:14:26","slug":"lavie-cute-3000-puffs-einweg-e-zigarette","status":"publish","type":"product","link":"https:\/\/fumot-vaping.de\/en\/product\/lavie-cute-3000-puffs-einweg-e-zigarette\/","title":{"rendered":"Lavie Cute 3000 Puffs Einweg E-Zigarette"},"content":{"rendered":"<h2 data-start=\"119\" data-end=\"172\"><strong>Lavie Cute 3000 Puffs \u2013 Kompakte Einweg E-Zigarette<\/strong><\/h2>\n<p data-start=\"174\" data-end=\"733\">The <strong data-start=\"178\" data-end=\"203\">Lavie Cute 3000 Puffs<\/strong> ist die perfekte Wahl f\u00fcr Vaping-Enthusiasten, die auf der Suche nach einer kompakten, leistungsstarken und geschmackvollen Einweg E-Zigarette sind. Mit <strong data-start=\"357\" data-end=\"371\">3000 Puffs<\/strong>, <strong data-start=\"373\" data-end=\"402\">10,2ml E-Liquid Kapazit\u00e4t<\/strong> and one <strong data-start=\"413\" data-end=\"432\">650mAh battery<\/strong> bietet sie ein langanhaltendes Dampferlebnis. Dank der <strong data-start=\"488\" data-end=\"535\">verschiedenen Nic-Salz-St\u00e4rken (0%, 2%, 5%)<\/strong> und dem <strong data-start=\"544\" data-end=\"582\">leistungsstarken Ausgang von 9\u201312W<\/strong> k\u00f6nnen Sie Ihr Dampferlebnis individuell anpassen. Das <strong data-start=\"638\" data-end=\"678\">schmale, elegante Design (D25*111mm)<\/strong> macht die Lavie Cute 3000 Puffs ideal f\u00fcr unterwegs.<\/p>\n<p data-start=\"735\" data-end=\"942\">Die E-Zigarette \u00fcberzeugt durch einfache Bedienung, <strong data-start=\"787\" data-end=\"825\">verl\u00e4ssliche Mesh Coil Technologie<\/strong> f\u00fcr gleichm\u00e4\u00dfige Dampfentwicklung und eine Vielfalt an <strong data-start=\"881\" data-end=\"912\">fruchtigen und s\u00fc\u00dfen Aromen<\/strong>, die jeden Geschmack treffen.<\/p>\n<h2 data-start=\"949\" data-end=\"968\"><strong>Produktparameter<\/strong><\/h2>\n<ul data-start=\"970\" data-end=\"1232\">\n<li data-start=\"970\" data-end=\"995\">\n<p data-start=\"972\" data-end=\"995\"><strong data-start=\"972\" data-end=\"982\">Puffs:<\/strong> 3000 Puffs<\/p>\n<\/li>\n<li data-start=\"996\" data-end=\"1030\">\n<p data-start=\"998\" data-end=\"1030\"><strong data-start=\"998\" data-end=\"1021\">E-liquid capacity:<\/strong> 10,2ml<\/p>\n<\/li>\n<li data-start=\"1031\" data-end=\"1055\">\n<p data-start=\"1033\" data-end=\"1055\"><strong data-start=\"1033\" data-end=\"1046\">Battery:<\/strong> 650mAh<\/p>\n<\/li>\n<li data-start=\"1056\" data-end=\"1093\">\n<p data-start=\"1058\" data-end=\"1093\"><strong data-start=\"1058\" data-end=\"1080\">Nic Salt Optionen:<\/strong> 0%, 2%, 5%<\/p>\n<\/li>\n<li data-start=\"1094\" data-end=\"1125\">\n<p data-start=\"1096\" data-end=\"1125\"><strong data-start=\"1096\" data-end=\"1113\">Produktgr\u00f6\u00dfe:<\/strong> D25*111mm<\/p>\n<\/li>\n<li data-start=\"1126\" data-end=\"1151\">\n<p data-start=\"1128\" data-end=\"1151\"><strong data-start=\"1128\" data-end=\"1143\">Widerstand:<\/strong> 1,2 \u03a9<\/p>\n<\/li>\n<li data-start=\"1152\" data-end=\"1183\">\n<p data-start=\"1154\" data-end=\"1183\"><strong data-start=\"1154\" data-end=\"1175\">Ausgangsleistung:<\/strong> 9\u201312W<\/p>\n<\/li>\n<li data-start=\"1184\" data-end=\"1211\">\n<p data-start=\"1186\" data-end=\"1211\"><strong data-start=\"1186\" data-end=\"1204\">Ausgangsstrom:<\/strong> 2\u20133A<\/p>\n<\/li>\n<li data-start=\"1212\" data-end=\"1232\">\n<p data-start=\"1214\" data-end=\"1232\"><strong data-start=\"1214\" data-end=\"1226\">Gewicht:<\/strong> 65g<\/p>\n<\/li>\n<\/ul>\n<h2 data-start=\"1239\" data-end=\"1273\"><strong>Available flavors<\/strong><\/h2>\n<ol data-start=\"1275\" data-end=\"1423\">\n<li data-start=\"1275\" data-end=\"1288\">\n<p data-start=\"1278\" data-end=\"1288\">Lush Ice<\/p>\n<\/li>\n<li data-start=\"1289\" data-end=\"1312\">\n<p data-start=\"1292\" data-end=\"1312\">Grape Orange Apple<\/p>\n<\/li>\n<li data-start=\"1313\" data-end=\"1331\">\n<p data-start=\"1316\" data-end=\"1331\">Mixed Berries<\/p>\n<\/li>\n<li data-start=\"1332\" data-end=\"1348\">\n<p data-start=\"1335\" data-end=\"1348\">Gummi Bears<\/p>\n<\/li>\n<li data-start=\"1349\" data-end=\"1379\">\n<p data-start=\"1352\" data-end=\"1379\">Strawberry Coco Pineapple<\/p>\n<\/li>\n<li data-start=\"1380\" data-end=\"1394\">\n<p data-start=\"1383\" data-end=\"1394\">Mango Ice<\/p>\n<\/li>\n<li data-start=\"1395\" data-end=\"1405\">\n<p data-start=\"1398\" data-end=\"1405\">Guava<\/p>\n<\/li>\n<li data-start=\"1406\" data-end=\"1423\">\n<p data-start=\"1409\" data-end=\"1423\">Fresh Lychee<\/p>\n<\/li>\n<\/ol>","protected":false},"excerpt":{"rendered":"<p><strong>Lavie Cute 3000 Puffs<\/strong>: Kompakte Einweg E-Zigarette mit 3000 Puffs, 10,2ml Liquid, 650mAh Batterie und 8 fruchtigen Aromen. Jetzt bei fumot-vaping.de entdecken!<\/p>","protected":false},"featured_media":18298,"comment_status":"open","ping_status":"closed","template":"","meta":[],"product_brand":[],"product_cat":[115],"product_tag":[],"class_list":{"0":"post-18268","1":"product","2":"type-product","3":"status-publish","4":"has-post-thumbnail","6":"product_cat-lavie-disposable-vape","8":"first","9":"instock","10":"shipping-taxable","11":"purchasable","12":"product-type-variable"},"_links":{"self":[{"href":"https:\/\/fumot-vaping.de\/en\/wp-json\/wp\/v2\/product\/18268","targetHints":{"allow":["GET"]}}],"collection":[{"href":"https:\/\/fumot-vaping.de\/en\/wp-json\/wp\/v2\/product"}],"about":[{"href":"https:\/\/fumot-vaping.de\/en\/wp-json\/wp\/v2\/types\/product"}],"replies":[{"embeddable":true,"href":"https:\/\/fumot-vaping.de\/en\/wp-json\/wp\/v2\/comments?post=18268"}],"version-history":[{"count":1,"href":"https:\/\/fumot-vaping.de\/en\/wp-json\/wp\/v2\/product\/18268\/revisions"}],"predecessor-version":[{"id":18301,"href":"https:\/\/fumot-vaping.de\/en\/wp-json\/wp\/v2\/product\/18268\/revisions\/18301"}],"wp:featuredmedia":[{"embeddable":true,"href":"https:\/\/fumot-vaping.de\/en\/wp-json\/wp\/v2\/media\/18298"}],"wp:attachment":[{"href":"https:\/\/fumot-vaping.de\/en\/wp-json\/wp\/v2\/media?parent=18268"}],"wp:term":[{"taxonomy":"product_brand","embeddable":true,"href":"https:\/\/fumot-vaping.de\/en\/wp-json\/wp\/v2\/product_brand?post=18268"},{"taxonomy":"product_cat","embeddable":true,"href":"https:\/\/fumot-vaping.de\/en\/wp-json\/wp\/v2\/product_cat?post=18268"},{"taxonomy":"product_tag","embeddable":true,"href":"https:\/\/fumot-vaping.de\/en\/wp-json\/wp\/v2\/product_tag?post=18268"}],"curies":[{"name":"wp","href":"https:\/\/api.w.org\/{rel}","templated":true}]}}