{"id":18089,"date":"2025-09-19T06:04:49","date_gmt":"2025-09-19T06:04:49","guid":{"rendered":"https:\/\/fumot-vaping.de\/?post_type=product&#038;p=18089"},"modified":"2025-09-19T06:04:49","modified_gmt":"2025-09-19T06:04:49","slug":"lavie-cameo-30000-puffs-e-zigarette","status":"publish","type":"product","link":"https:\/\/fumot-vaping.de\/en\/product\/lavie-cameo-30000-puffs-e-zigarette\/","title":{"rendered":"Lavie Cameo 30000 Puffs E-Zigarette"},"content":{"rendered":"<h2 data-start=\"89\" data-end=\"153\"><strong data-start=\"92\" data-end=\"153\">Lavie Cameo 30000 Puffs \u2013 Hochwertige Einweg E-Zigarette<\/strong><\/h2>\n<p data-start=\"155\" data-end=\"635\">Erleben Sie das ultimative Vaping-Erlebnis mit der <strong data-start=\"206\" data-end=\"234\">Lavie Cameo 30.000 Puffs<\/strong>. Diese Einweg E-Zigarette kombiniert <strong data-start=\"272\" data-end=\"307\">leistungsstarke 950mAh Batterie<\/strong>, <strong data-start=\"309\" data-end=\"347\">gro\u00dfz\u00fcgige 25ml E-Liquid-Kapazit\u00e4t<\/strong> and <strong data-start=\"352\" data-end=\"382\">Dual Mesh Coil Technologie<\/strong> f\u00fcr intensiven Geschmack und dichten Dampf. Mit dem <strong data-start=\"435\" data-end=\"454\">MI Head Trigger<\/strong> genie\u00dfen Sie ein intuitives Zuggef\u00fchl, w\u00e4hrend der <strong data-start=\"506\" data-end=\"530\">Type-C charging port<\/strong> schnelle und einfache Aufladung garantiert. Ideal f\u00fcr langanhaltendes Vaping, unterwegs oder zu Hause.<\/p>\n<p data-start=\"637\" data-end=\"664\"><strong data-start=\"637\" data-end=\"662\">Besondere Highlights:<\/strong><\/p>\n<ul data-start=\"665\" data-end=\"979\">\n<li data-start=\"665\" data-end=\"727\">\n<p data-start=\"667\" data-end=\"727\"><strong data-start=\"667\" data-end=\"683\">30.000 Puffs<\/strong> \u2013 langanhaltender Genuss ohne Nachf\u00fcllen.<\/p>\n<\/li>\n<li data-start=\"728\" data-end=\"798\">\n<p data-start=\"730\" data-end=\"798\"><strong data-start=\"730\" data-end=\"748\">Dual Mesh Coil<\/strong> \u2013 intensive Aromenentfaltung und dichte Wolken.<\/p>\n<\/li>\n<li data-start=\"799\" data-end=\"865\">\n<p data-start=\"801\" data-end=\"865\"><strong data-start=\"801\" data-end=\"834\">Vielseitige Geschmacksauswahl<\/strong> \u2013 von fruchtig bis exotisch.<\/p>\n<\/li>\n<li data-start=\"866\" data-end=\"921\">\n<p data-start=\"868\" data-end=\"921\"><strong data-start=\"868\" data-end=\"888\">Kompaktes Design<\/strong> \u2013 leicht, handlich und modern.<\/p>\n<\/li>\n<li data-start=\"922\" data-end=\"979\">\n<p data-start=\"924\" data-end=\"979\"><strong data-start=\"924\" data-end=\"952\">Praktisches Type-C Laden<\/strong> \u2013 schneller Ladekomfort.<\/p>\n<\/li>\n<\/ul>\n<h2 data-start=\"986\" data-end=\"1010\"><strong data-start=\"990\" data-end=\"1010\">Produktparameter<\/strong><\/h2>\n<ul data-start=\"1011\" data-end=\"1291\">\n<li data-start=\"1011\" data-end=\"1044\">\n<p data-start=\"1013\" data-end=\"1044\"><strong data-start=\"1013\" data-end=\"1027\">Mesh Coil:<\/strong> Dual Mesh Coil<\/p>\n<\/li>\n<li data-start=\"1045\" data-end=\"1073\">\n<p data-start=\"1047\" data-end=\"1073\"><strong data-start=\"1047\" data-end=\"1062\">Widerstand:<\/strong> 0.6\u03a9 * 2<\/p>\n<\/li>\n<li data-start=\"1074\" data-end=\"1106\">\n<p data-start=\"1076\" data-end=\"1106\"><strong data-start=\"1076\" data-end=\"1099\">E-liquid capacity:<\/strong> 25ml<\/p>\n<\/li>\n<li data-start=\"1107\" data-end=\"1131\">\n<p data-start=\"1109\" data-end=\"1131\"><strong data-start=\"1109\" data-end=\"1122\">Battery:<\/strong> 950mAh<\/p>\n<\/li>\n<li data-start=\"1132\" data-end=\"1168\">\n<p data-start=\"1134\" data-end=\"1168\"><strong data-start=\"1134\" data-end=\"1144\">Gr\u00f6\u00dfe:<\/strong> 99,9 x 28,3 x 46,4 mm<\/p>\n<\/li>\n<li data-start=\"1169\" data-end=\"1194\">\n<p data-start=\"1171\" data-end=\"1194\"><strong data-start=\"1171\" data-end=\"1188\">Nettogewicht:<\/strong> 87g<\/p>\n<\/li>\n<li data-start=\"1195\" data-end=\"1233\">\n<p data-start=\"1197\" data-end=\"1233\"><strong data-start=\"1197\" data-end=\"1215\">Trigger Modus:<\/strong> MI Head Trigger<\/p>\n<\/li>\n<li data-start=\"1234\" data-end=\"1263\">\n<p data-start=\"1236\" data-end=\"1263\"><strong data-start=\"1236\" data-end=\"1254\">Charging connection:<\/strong> Type-C<\/p>\n<\/li>\n<li data-start=\"1264\" data-end=\"1291\">\n<p data-start=\"1266\" data-end=\"1291\"><strong data-start=\"1266\" data-end=\"1280\">Ladestrom:<\/strong> 1A\/500mA<\/p>\n<\/li>\n<\/ul>\n<h2 data-start=\"1298\" data-end=\"1337\"><strong data-start=\"1302\" data-end=\"1337\">Available flavors<\/strong><\/h2>\n<ol data-start=\"1338\" data-end=\"1555\">\n<li data-start=\"1338\" data-end=\"1357\">\n<p data-start=\"1341\" data-end=\"1357\">Watermelon Ice<\/p>\n<\/li>\n<li data-start=\"1358\" data-end=\"1374\">\n<p data-start=\"1361\" data-end=\"1374\">Pear Citrus<\/p>\n<\/li>\n<li data-start=\"1375\" data-end=\"1389\">\n<p data-start=\"1378\" data-end=\"1389\">Mango Ice<\/p>\n<\/li>\n<li data-start=\"1390\" data-end=\"1409\">\n<p data-start=\"1393\" data-end=\"1409\">Strawberry Ice<\/p>\n<\/li>\n<li data-start=\"1410\" data-end=\"1425\">\n<p data-start=\"1413\" data-end=\"1425\">Coffee Ice<\/p>\n<\/li>\n<li data-start=\"1426\" data-end=\"1437\">\n<p data-start=\"1429\" data-end=\"1437\">Cherry<\/p>\n<\/li>\n<li data-start=\"1438\" data-end=\"1456\">\n<p data-start=\"1441\" data-end=\"1456\">Blueberry Ice<\/p>\n<\/li>\n<li data-start=\"1457\" data-end=\"1476\">\n<p data-start=\"1460\" data-end=\"1476\">Tropical Fruit<\/p>\n<\/li>\n<li data-start=\"1477\" data-end=\"1492\">\n<p data-start=\"1480\" data-end=\"1492\">Lemon Cola<\/p>\n<\/li>\n<li data-start=\"1493\" data-end=\"1508\">\n<p data-start=\"1497\" data-end=\"1508\">Grape Ice<\/p>\n<\/li>\n<li data-start=\"1509\" data-end=\"1527\">\n<p data-start=\"1513\" data-end=\"1527\">Double Apple<\/p>\n<\/li>\n<li data-start=\"1528\" data-end=\"1555\">\n<p data-start=\"1532\" data-end=\"1555\">Strawberry Watermelon<\/p>\n<\/li>\n<\/ol>","protected":false},"excerpt":{"rendered":"<p><strong>Lavie Cameo 30000 Puffs<\/strong> Einweg E-Zigarette \u2013 Dual Mesh Coil, 25ml E-Liquid, 950mAh Batterie, Type-C Laden. Intensive Aromenvielfalt f\u00fcr langanhaltenden Genuss.<\/p>","protected":false},"featured_media":18116,"comment_status":"open","ping_status":"closed","template":"","meta":[],"product_brand":[],"product_cat":[115],"product_tag":[94,91,96,97],"class_list":{"0":"post-18089","1":"product","2":"type-product","3":"status-publish","4":"has-post-thumbnail","6":"product_cat-lavie-disposable-vape","7":"product_tag-big-puffs-vape","8":"product_tag-box-stil-fumot-vape","9":"product_tag-nicotine-free-vape","10":"product_tag-rechargeable-vape","12":"first","13":"instock","14":"shipping-taxable","15":"purchasable","16":"product-type-variable"},"_links":{"self":[{"href":"https:\/\/fumot-vaping.de\/en\/wp-json\/wp\/v2\/product\/18089","targetHints":{"allow":["GET"]}}],"collection":[{"href":"https:\/\/fumot-vaping.de\/en\/wp-json\/wp\/v2\/product"}],"about":[{"href":"https:\/\/fumot-vaping.de\/en\/wp-json\/wp\/v2\/types\/product"}],"replies":[{"embeddable":true,"href":"https:\/\/fumot-vaping.de\/en\/wp-json\/wp\/v2\/comments?post=18089"}],"version-history":[{"count":1,"href":"https:\/\/fumot-vaping.de\/en\/wp-json\/wp\/v2\/product\/18089\/revisions"}],"predecessor-version":[{"id":18121,"href":"https:\/\/fumot-vaping.de\/en\/wp-json\/wp\/v2\/product\/18089\/revisions\/18121"}],"wp:featuredmedia":[{"embeddable":true,"href":"https:\/\/fumot-vaping.de\/en\/wp-json\/wp\/v2\/media\/18116"}],"wp:attachment":[{"href":"https:\/\/fumot-vaping.de\/en\/wp-json\/wp\/v2\/media?parent=18089"}],"wp:term":[{"taxonomy":"product_brand","embeddable":true,"href":"https:\/\/fumot-vaping.de\/en\/wp-json\/wp\/v2\/product_brand?post=18089"},{"taxonomy":"product_cat","embeddable":true,"href":"https:\/\/fumot-vaping.de\/en\/wp-json\/wp\/v2\/product_cat?post=18089"},{"taxonomy":"product_tag","embeddable":true,"href":"https:\/\/fumot-vaping.de\/en\/wp-json\/wp\/v2\/product_tag?post=18089"}],"curies":[{"name":"wp","href":"https:\/\/api.w.org\/{rel}","templated":true}]}}