{"id":15886,"date":"2025-08-18T01:01:48","date_gmt":"2025-08-18T01:01:48","guid":{"rendered":"https:\/\/fumot-vaping.de\/?post_type=product&#038;p=15886"},"modified":"2025-10-13T07:55:19","modified_gmt":"2025-10-13T07:55:19","slug":"jnr-gold380-6000-puff-13ml-premium-dampf","status":"publish","type":"product","link":"https:\/\/fumot-vaping.de\/en\/product\/jnr-gold380-6000-puff-13ml-premium-dampf\/","title":{"rendered":"JNR GOLD380 6000 PUFF &#038; 13ml Premium-Dampf"},"content":{"rendered":"<h2 data-start=\"163\" data-end=\"222\"><strong data-start=\"167\" data-end=\"222\">JNR GOLD380 6000 PUFF Ist der Vape einfach zu bedienen?<br data-start=\"2678\" data-end=\"2681\" \/><\/strong><\/h2>\n<p data-start=\"163\" data-end=\"222\"><strong data-start=\"167\" data-end=\"222\">Ja \u2013 einfach anziehen und losdampfen. Es sind keine Tasten oder Einstellungen erforderlich. <\/strong>Erleben Sie mit dem <strong data-start=\"244\" data-end=\"269\">JNR GOLD380 6000 PUFF<\/strong> ein au\u00dfergew\u00f6hnliches Dampferlebnis f\u00fcr unterwegs \u2013 ganz ohne Aufladen oder komplizierte Einstellungen. Dieses kompakte und elegante Einwegger\u00e4t kombiniert starke Leistung, intensive Aromen und stilvolles Design f\u00fcr alle, die Qualit\u00e4t und Komfort suchen.<\/p>\n<h2 data-start=\"531\" data-end=\"578\"><strong data-start=\"537\" data-end=\"578\">Technische Highlights des JNR GOLD380 6000 PUFF<\/strong><\/h2>\n<ul data-start=\"580\" data-end=\"921\">\n<li data-start=\"580\" data-end=\"614\">\n<p data-start=\"582\" data-end=\"614\"><strong data-start=\"582\" data-end=\"590\">Trains<\/strong>: Up to <strong data-start=\"599\" data-end=\"614\">6.000 Puffs<\/strong><\/p>\n<\/li>\n<li data-start=\"615\" data-end=\"651\">\n<p data-start=\"617\" data-end=\"651\"><strong data-start=\"617\" data-end=\"629\">E-Liquid<\/strong>: <strong data-start=\"631\" data-end=\"640\">13 ml<\/strong> prefilled<\/p>\n<\/li>\n<li data-start=\"652\" data-end=\"705\">\n<p data-start=\"654\" data-end=\"705\"><strong data-start=\"654\" data-end=\"666\">Battery<\/strong>: <strong data-start=\"668\" data-end=\"681\">1.500 mAh<\/strong> (nicht wiederaufladbar)<\/p>\n<\/li>\n<li data-start=\"706\" data-end=\"766\">\n<p data-start=\"708\" data-end=\"766\"><strong data-start=\"708\" data-end=\"716\">Coil<\/strong>: <strong data-start=\"718\" data-end=\"736\">1.0\u03a9 Mesh Coil<\/strong> \u2013 f\u00fcr gleichm\u00e4\u00dfigen Geschmack<\/p>\n<\/li>\n<li data-start=\"767\" data-end=\"809\">\n<p data-start=\"769\" data-end=\"809\"><strong data-start=\"769\" data-end=\"786\">Nicotine content<\/strong>: <strong data-start=\"788\" data-end=\"809\">0\u202f%, 2\u202f% oder 5\u202f%<\/strong><\/p>\n<\/li>\n<li data-start=\"810\" data-end=\"868\">\n<p data-start=\"812\" data-end=\"868\"><strong data-start=\"812\" data-end=\"827\">Activation<\/strong>: <strong data-start=\"829\" data-end=\"845\">Automatic train control<\/strong> - No button necessary<\/p>\n<\/li>\n<li data-start=\"869\" data-end=\"921\">\n<p data-start=\"871\" data-end=\"921\"><strong data-start=\"871\" data-end=\"881\">Design<\/strong>: Kompakt, edel und sofort einsatzbereit<\/p>\n<\/li>\n<\/ul>\n<h2 data-start=\"928\" data-end=\"983\"><strong data-start=\"936\" data-end=\"983\">Verf\u00fcgbare Geschmacksrichtungen (Geschmack)<\/strong><\/h2>\n<ul data-start=\"985\" data-end=\"1671\">\n<li data-start=\"985\" data-end=\"1024\">\n<p data-start=\"987\" data-end=\"1024\"><strong data-start=\"987\" data-end=\"1007\">Blue Razz Cherry<\/strong> \u2013 S\u00fc\u00df &amp; spritzig<\/p>\n<\/li>\n<li data-start=\"1025\" data-end=\"1067\">\n<p data-start=\"1027\" data-end=\"1067\"><strong data-start=\"1027\" data-end=\"1047\">Blueberry Cherry<\/strong> \u2013 Fruchtig-intensiv<\/p>\n<\/li>\n<li data-start=\"1068\" data-end=\"1102\">\n<p data-start=\"1070\" data-end=\"1102\"><strong data-start=\"1070\" data-end=\"1083\">Cranberry<\/strong> \u2013 S\u00e4uerlich-frisch<\/p>\n<\/li>\n<li data-start=\"1103\" data-end=\"1143\">\n<p data-start=\"1105\" data-end=\"1143\"><strong data-start=\"1105\" data-end=\"1125\">Blueberry On Ice<\/strong> \u2013 K\u00fchle Blaubeere<\/p>\n<\/li>\n<li data-start=\"1144\" data-end=\"1203\">\n<p data-start=\"1146\" data-end=\"1203\"><strong data-start=\"1146\" data-end=\"1174\">Blueberry Sour Raspberry<\/strong> \u2013 Fruchtig mit saurem Kick<\/p>\n<\/li>\n<li data-start=\"1204\" data-end=\"1258\">\n<p data-start=\"1206\" data-end=\"1258\"><strong data-start=\"1206\" data-end=\"1234\">Kiwi Passion Fruit Guava<\/strong> \u2013 Tropisch &amp; exotisch<\/p>\n<\/li>\n<li data-start=\"1259\" data-end=\"1299\">\n<p data-start=\"1261\" data-end=\"1299\"><strong data-start=\"1261\" data-end=\"1282\">Strawberry Banana<\/strong> \u2013 Cremig &amp; s\u00fc\u00df<\/p>\n<\/li>\n<li data-start=\"1300\" data-end=\"1350\">\n<p data-start=\"1302\" data-end=\"1350\"><strong data-start=\"1302\" data-end=\"1326\">Strawberry Raspberry<\/strong> \u2013 Sommerlich &amp; frisch<\/p>\n<\/li>\n<li data-start=\"1351\" data-end=\"1388\">\n<p data-start=\"1353\" data-end=\"1388\"><strong data-start=\"1353\" data-end=\"1367\">Cherry Ice<\/strong> \u2013 Eiskalte Kirsche<\/p>\n<\/li>\n<li data-start=\"1389\" data-end=\"1452\">\n<p data-start=\"1391\" data-end=\"1452\"><strong data-start=\"1391\" data-end=\"1425\">Strawberry Watermelon Lemonade<\/strong> \u2013 Fruchtig &amp; erfrischend<\/p>\n<\/li>\n<li data-start=\"1453\" data-end=\"1499\">\n<p data-start=\"1455\" data-end=\"1499\"><strong data-start=\"1455\" data-end=\"1479\">Watermelon Bubblegum<\/strong> \u2013 S\u00fc\u00df &amp; verspielt<\/p>\n<\/li>\n<li data-start=\"1500\" data-end=\"1554\">\n<p data-start=\"1502\" data-end=\"1554\"><strong data-start=\"1502\" data-end=\"1531\">Strawberry Watermelon Ice<\/strong> \u2013 Eiskalt &amp; fruchtig<\/p>\n<\/li>\n<li data-start=\"1555\" data-end=\"1609\">\n<p data-start=\"1557\" data-end=\"1609\"><strong data-start=\"1557\" data-end=\"1573\">Triple Mango<\/strong> \u2013 Dreifach tropischer Mangogenuss<\/p>\n<\/li>\n<li data-start=\"1610\" data-end=\"1671\">\n<p data-start=\"1612\" data-end=\"1671\"><strong data-start=\"1612\" data-end=\"1636\">Watermelon Bubblegum<\/strong> \u2013 Der Klassiker mit Kaugummi-Flair<\/p>\n<\/li>\n<\/ul>\n<h2 data-start=\"1678\" data-end=\"1726\"><strong data-start=\"1685\" data-end=\"1726\">F\u00fcr wen ist der JNR GOLD380 geeignet?<\/strong><\/h2>\n<p data-start=\"1728\" data-end=\"1928\">Ob Anf\u00e4nger oder erfahrener Vaper \u2013 der <strong data-start=\"1768\" data-end=\"1793\">JNR GOLD380 6000 PUFF<\/strong> eignet sich perfekt f\u00fcr alle, die unkompliziert und stilvoll dampfen m\u00f6chten. Ideal auch als Zweitger\u00e4t f\u00fcr unterwegs oder den Urlaub.<\/p>\n<h2 data-start=\"1935\" data-end=\"2009\">Jetzt bestellen auf: <a class=\"\" href=\"https:\/\/fumot-vaping.de\" target=\"_new\" rel=\"noopener\" data-start=\"1963\" data-end=\"2009\"><strong data-start=\"1964\" data-end=\"1983\">fumot-vaping.com<\/strong><\/a><\/h2>\n<p data-start=\"2011\" data-end=\"2190\">Discover the <strong data-start=\"2024\" data-end=\"2049\">JNR GOLD380 6000 PUFF<\/strong> und weitere Premium-Vapes auf unserer Website \u2013 mit schneller Lieferung und einer gro\u00dfen Auswahl an Geschmacksrichtungen und Nikotinst\u00e4rken.<\/p>\n<h2 data-start=\"2197\" data-end=\"2236\"><strong data-start=\"2203\" data-end=\"2236\">FAQ - Frequently asked questions<\/strong><\/h2>\n<p data-start=\"2238\" data-end=\"2340\"><strong data-start=\"2238\" data-end=\"2273\">Wie lange h\u00e4lt der JNR GOLD380 6000 PUFF ?<\/strong><br data-start=\"2273\" data-end=\"2276\" \/>Je nach Zugverhalten reicht das Ger\u00e4t f\u00fcr bis zu <strong data-start=\"2325\" data-end=\"2339\">6.000 Z\u00fcge<\/strong>.<\/p>\n<p data-start=\"2342\" data-end=\"2507\"><strong data-start=\"2342\" data-end=\"2376\">Kann man den JNR GOLD380 6000 PUFF\u00a0 aufladen?<\/strong><br data-start=\"2376\" data-end=\"2379\" \/>Nein, der JNR GOLD380 ist <strong data-start=\"2405\" data-end=\"2430\">nicht wiederaufladbar<\/strong>, daf\u00fcr jedoch mit einer <strong data-start=\"2455\" data-end=\"2493\">leistungsstarken 1500\u202fmAh Batterie<\/strong> ausgestattet.<\/p>\n<p data-start=\"2509\" data-end=\"2639\"><strong data-start=\"2509\" data-end=\"2549\">Gibt es verschiedene Nikotinst\u00e4rken?<\/strong><br data-start=\"2549\" data-end=\"2552\" \/>Ja, Sie k\u00f6nnen zwischen <strong data-start=\"2576\" data-end=\"2605\">0 %, 2 % or 5 % Nicotine<\/strong> w\u00e4hlen \u2013 ideal f\u00fcr jede Vorliebe.<\/p>\n<p data-start=\"2641\" data-end=\"2780\"><strong data-start=\"2641\" data-end=\"2678\">Ist der Vape einfach zu bedienen?<\/strong><br data-start=\"2678\" data-end=\"2681\" \/>Ja \u2013 einfach <strong data-start=\"2694\" data-end=\"2721\">anziehen und losdampfen<\/strong>. Es sind <strong data-start=\"2731\" data-end=\"2766\">keine Tasten oder Einstellungen<\/strong> erforderlich.<\/p>","protected":false},"excerpt":{"rendered":"<p><strong data-start=\"150\" data-end=\"175\">JNR GOLD380 6000 PUFF<\/strong> \u2013 Kompakte Einweg-E-Zigarette mit <strong data-start=\"210\" data-end=\"231\">bis zu 6000 Z\u00fcgen<\/strong>, <strong data-start=\"233\" data-end=\"251\">13\u202fml E-Liquid<\/strong>, intensiven <strong data-start=\"264\" data-end=\"280\">Fruchtaromen<\/strong> wie <strong data-start=\"285\" data-end=\"322\">Strawberry, Blueberry, Watermelon<\/strong> and <strong data-start=\"327\" data-end=\"344\">0\u20135\u202f% Nikotin<\/strong>.<\/p>","protected":false},"featured_media":15890,"comment_status":"open","ping_status":"closed","template":"","meta":[],"product_brand":[],"product_cat":[106],"product_tag":[],"class_list":{"0":"post-15886","1":"product","2":"type-product","3":"status-publish","4":"has-post-thumbnail","6":"product_cat-jnr-disposable-vape","8":"first","9":"outofstock","10":"shipping-taxable","11":"purchasable","12":"product-type-variable"},"_links":{"self":[{"href":"https:\/\/fumot-vaping.de\/en\/wp-json\/wp\/v2\/product\/15886","targetHints":{"allow":["GET"]}}],"collection":[{"href":"https:\/\/fumot-vaping.de\/en\/wp-json\/wp\/v2\/product"}],"about":[{"href":"https:\/\/fumot-vaping.de\/en\/wp-json\/wp\/v2\/types\/product"}],"replies":[{"embeddable":true,"href":"https:\/\/fumot-vaping.de\/en\/wp-json\/wp\/v2\/comments?post=15886"}],"version-history":[{"count":2,"href":"https:\/\/fumot-vaping.de\/en\/wp-json\/wp\/v2\/product\/15886\/revisions"}],"predecessor-version":[{"id":18772,"href":"https:\/\/fumot-vaping.de\/en\/wp-json\/wp\/v2\/product\/15886\/revisions\/18772"}],"wp:featuredmedia":[{"embeddable":true,"href":"https:\/\/fumot-vaping.de\/en\/wp-json\/wp\/v2\/media\/15890"}],"wp:attachment":[{"href":"https:\/\/fumot-vaping.de\/en\/wp-json\/wp\/v2\/media?parent=15886"}],"wp:term":[{"taxonomy":"product_brand","embeddable":true,"href":"https:\/\/fumot-vaping.de\/en\/wp-json\/wp\/v2\/product_brand?post=15886"},{"taxonomy":"product_cat","embeddable":true,"href":"https:\/\/fumot-vaping.de\/en\/wp-json\/wp\/v2\/product_cat?post=15886"},{"taxonomy":"product_tag","embeddable":true,"href":"https:\/\/fumot-vaping.de\/en\/wp-json\/wp\/v2\/product_tag?post=15886"}],"curies":[{"name":"wp","href":"https:\/\/api.w.org\/{rel}","templated":true}]}}